{"id":241882,"date":"2022-01-09T11:26:07","date_gmt":"2022-01-09T10:26:07","guid":{"rendered":"https:\/\/maetpets.com\/product\/kong-hundeleker-klassisk\/"},"modified":"2023-09-14T15:32:03","modified_gmt":"2023-09-14T13:32:03","slug":"konge-hund-leke-aktiv-foring","status":"publish","type":"product","link":"https:\/\/maetpets.com\/no\/produkt\/konge-hund-leke-aktiv-foring\/","title":{"rendered":"KONG Hundeleker (klassisk)"},"content":{"rendered":"<div class=\"wpb-content-wrapper\"><p>[vc_row full_width=&#8221;stretch_row_content_no_spaces&#8221; disable_element=&#8221;yes&#8221; css=&#8221;.vc_custom_1641723686792{padding-top: 60px !important;background-color: #f9f2ef !important;}&#8221;][vc_column offset=&#8221;vc_col-lg-offset-1 vc_col-lg-10&#8243;][vc_custom_heading text=&#8221;N\u00e6ringsrike treningsgodbiter&#8221; font_container=&#8221;tag:h2|text_align:center&#8221; use_theme_fonts=&#8221;yes&#8221; css=&#8221;.vc_custom_1640685522448{padding-bottom: 30px !important;}&#8221;]<div class=\"konte-carousel konte-carousel--gap-40  konte-carousel--dots-center konte-carousel--arrows-center\" data-slick=\"{&quot;dots&quot;:true,&quot;arrows&quot;:true,&quot;infinite&quot;:true,&quot;slidesToShow&quot;:2,&quot;slidesToScroll&quot;:1}\" ><div class=\"konte-testimonial  \">\n\t\t\t\t<div class=\"konte-testimonial__photo\"><img decoding=\"async\" class=\"\" src=\"https:\/\/maetpets.com\/wp-content\/uploads\/alix-1-200x200.jpg\" width=\"200\" height=\"200\" alt=\"treningsgodbiter\" title=\"treningsgodbiter\" loading=\"lazy\" \/><\/div>\n\t\t\t\t<div class=\"konte-testimonial__entry\">\n\t\t\t\t\t<div class=\"konte-testimonial__content\"><a href=\"https:\/\/www.instagram.com\/alixandthepack\/\" target=\"_blank\" rel=\"noopener\">&#8220;Jeg gir disse Chicken Belly-snacksen til hunder for \u00e5 sikre at de f\u00e5r i seg sin vanlige dose av protein, B12, jern og sink. N\u00e6ringsrik snacks er en prioritet for meg, og n\u00e5r jeg forteller kundene mine om fordelene med Chicken Belly, vil de alle pr\u00f8ve disse snacksene til hundene deres!&#8221;<\/a><\/div>\n\t\t\t\t\t<div class=\"konte-testimonial__author\"><span class=\"konte-testimonial__name\">Alexandra Sharp<\/span><span class=\"konte-testimonial__author-separator\">-<\/span><span class=\"konte-testimonial__company\">Hundetrener<\/span><\/div>\n\t\t\t\t<\/div>\n\t\t\t<\/div><\/div>[\/vc_column][\/vc_row][vc_row full_width=&#8221;stretch_row&#8221; css=&#8221;.vc_custom_1640684961874{padding-top: 60px !important;padding-bottom: 30px !important;background-color: #fff9f7 !important;}&#8221;][vc_column width=&#8221;6\/12&#8243;][vc_single_image image=&#8221;236340&#8243; img_size=&#8221;full&#8221;][\/vc_column][vc_column width=&#8221;6\/12&#8243;][vc_column_text]<\/p>\n<h2>Konge Hundeleker<\/h2>\n<p>KONG Classic er gullstandarden for hundeleker og har v\u00e6rt grunnlaget for hunder over hele verden i over 40 \u00e5r. Tilbyr berikelse ved \u00e5 hjelpe med \u00e5 tilfredsstille hundenes instinktive behov, KONG Classics unike naturlige r\u00f8de gummiformel er ultra-holdbar med en uberegnelig sprett som er ideell for hunder som liker \u00e5 tygge mens de m\u00f8ter en hunds behov for \u00e5 leke.[\/vc_column_text][\/vc_column][\/vc_row][vc_row full_width=&#8221;stretch_row&#8221; css=&#8221;.vc_custom_1640684961874{padding-top: 60px !important;padding-bottom: 30px !important;background-color: #fff9f7 !important;}&#8221;][vc_column width=&#8221;6\/12&#8243;][vc_column_text]<\/p>\n<h2>Hundeaktivering med M\u00c6T og KONG<\/h2>\n<p>Du kan gi hunden din M\u00c6T fersk hundemat p\u00e5 mange forskjellige m\u00e5ter. Du kan bruke M\u00c6T som et deilig og sunt mellomm\u00e5ltid som Freja f\u00e5r her. EN KONGE fylt med M\u00c6T<\/p>\n<p>Den r\u00f8de KONG Classic-gummien hjelper til med \u00e5 tilfredsstille hundenes instinktive behov.<\/p>\n<ul>\n<li>Sunn lek er viktig for hundens fysiske og mentale utvikling, f\u00f8lelser og atferd. Ved \u00e5 fremme sunn lek og tilfredsstille instinktive behov, hjelper denne leken med \u00e5 l\u00f8se tygging, separasjonsangst, tenner, kjedsomhet, vektkontroll, bokstrening, graving, bjeffing og mye mer!<\/li>\n<li>Den uforutsigbare bevegelsen til KONG Classic muliggj\u00f8r spennende gjenfinningsspill og andre interaktive spill med kj\u00e6ledyret ditt.<\/li>\n<li>Anbefalt av veterin\u00e6rer: Veterin\u00e6rer og trenere over hele verden anbefaler KONG Classic. Laget i USA<\/li>\n<\/ul>\n<p>[\/vc_column_text][\/vc_column][vc_column width=&#8221;6\/12&#8243;][vc_single_image image=&#8221;236344&#8243; img_size=&#8221;full&#8221;][\/vc_column][\/vc_row][vc_row full_width=&#8221;stretch_row&#8221; css=&#8221;.vc_custom_1640175618733{padding-top: 30px !important;padding-bottom: 30px !important;}&#8221;][vc_column width=&#8221;6\/12&#8243;][vc_column_text]<\/p>\n<h2>KONG hundelekefyll<\/h2>\n<p>EN KONGE er enda mer fristende n\u00e5r den er fylt med M\u00c6T Deli og snacks. T\u00e5ler oppvaskmaskin for enkel rengj\u00f8ring.<\/p>\n<p><span style=\"font-weight: 400;\">Bonus: For en ekstra utfordring kan du fryse den til maten er halvhard, deretter utfordre hunden din p\u00e5 alle sanser og kunnskaper.<\/span>[\/vc_column_text][\/vc_column][vc_column width=&#8221;6\/12&#8243;]<div class=\"konte-product-grid konte-products  \"><div class=\"woocommerce columns-3 \"><ul class=\"products hover-slider columns-3\"><li class=\"product type-product post-244549 status-publish first outofstock product_cat-hundemad product_tag-deli product_tag-hundemad-okse has-post-thumbnail taxable shipping-taxable purchasable product-type-simple\">\n\t<div class=\"product-inner\"><span class=\"woocommerce-badges woocommerce-badges--round\"><span class=\"sold-out woocommerce-badge\"><span>Udsolgt<\/span><\/span><\/span><div class=\"product-thumbnail\"><a href=\"https:\/\/maetpets.com\/produkt\/beef-deli-hundefoder-med-okse\/\" class=\"woocommerce-LoopProduct-link woocommerce-loop-product__link\"><img loading=\"lazy\" decoding=\"async\" width=\"555\" height=\"555\" src=\"https:\/\/maetpets.com\/wp-content\/uploads\/hundefoder-med-okse-beef-deli-maet-pets.jpg\" class=\"attachment-woocommerce_thumbnail size-woocommerce_thumbnail\" alt=\"Beef Deli\" srcset=\"https:\/\/maetpets.com\/wp-content\/uploads\/hundefoder-med-okse-beef-deli-maet-pets.jpg 555w, https:\/\/maetpets.com\/wp-content\/uploads\/hundefoder-med-okse-beef-deli-maet-pets-300x300.jpg 300w, https:\/\/maetpets.com\/wp-content\/uploads\/hundefoder-med-okse-beef-deli-maet-pets-150x150.jpg 150w\" sizes=\"auto, (max-width: 555px) 100vw, 555px\" \/><\/a><\/div><div class=\"product-summary\"><h2 class=\"woocommerce-loop-product__title\"><a href=\"https:\/\/maetpets.com\/produkt\/beef-deli-hundefoder-med-okse\/\" class=\"woocommerce-LoopProduct-link woocommerce-loop-product__link\">Beef Deli<\/a><\/h2>\n\t<span class=\"price\"><span class=\"woocommerce-Price-amount amount\"><bdi>45,00&nbsp;<span class=\"woocommerce-Price-currencySymbol\">kr.<\/span><\/bdi><\/span><\/span>\n<div class=\"buttons clearfix\"><a href=\"https:\/\/maetpets.com\/produkt\/beef-deli-hundefoder-med-okse\/\" aria-describedby=\"woocommerce_loop_add_to_cart_link_describedby_244549\" data-quantity=\"1\" class=\"button product_type_simple woocommerce-loop-product__button\" data-product_id=\"244549\" data-product_sku=\"MAET203\" aria-label=\"Les mer om \u00abBeef Deli\u00bb\" rel=\"nofollow\" data-success_message=\"\">Les mer<\/a>\t<span id=\"woocommerce_loop_add_to_cart_link_describedby_244549\" class=\"screen-reader-text\">\n\t\t\t<\/span>\n<\/div><\/div><\/div><\/li>\n<li class=\"product type-product post-229539 status-publish outofstock product_cat-hundemad product_tag-deli product_tag-hundemad-gris has-post-thumbnail taxable shipping-taxable purchasable product-type-simple\">\n\t<div class=\"product-inner\"><span class=\"woocommerce-badges woocommerce-badges--round\"><span class=\"sold-out woocommerce-badge\"><span>Udsolgt<\/span><\/span><\/span><div class=\"product-thumbnail product-thumbnails--slider\"><a href=\"https:\/\/maetpets.com\/produkt\/pork-deli-hundefoder-uden-korn\/\" class=\"woocommerce-LoopProduct-link woocommerce-loop-product__link\"><img loading=\"lazy\" decoding=\"async\" width=\"680\" height=\"680\" src=\"https:\/\/maetpets.com\/wp-content\/uploads\/pork_deli_tall_maet-680x680.jpg\" class=\"attachment-woocommerce_thumbnail size-woocommerce_thumbnail\" alt=\"Pork Deli\" srcset=\"https:\/\/maetpets.com\/wp-content\/uploads\/pork_deli_tall_maet-680x680.jpg 680w, https:\/\/maetpets.com\/wp-content\/uploads\/pork_deli_tall_maet-150x150.jpg 150w\" sizes=\"auto, (max-width: 680px) 100vw, 680px\" \/><\/a><a href=\"https:\/\/maetpets.com\/produkt\/pork-deli-hundefoder-uden-korn\/\" class=\"woocommerce-LoopProduct-link woocommerce-loop-product__link\"><img data-lazy=\"https:\/\/maetpets.com\/wp-content\/uploads\/pork-deli-maet-pets.jpg\" width=\"680\" height=\"544\" alt=\"Pork Deli\" class=\"slick-loading\"><\/a><\/div><div class=\"product-summary\"><h2 class=\"woocommerce-loop-product__title\"><a href=\"https:\/\/maetpets.com\/produkt\/pork-deli-hundefoder-uden-korn\/\" class=\"woocommerce-LoopProduct-link woocommerce-loop-product__link\">Pork Deli<\/a><\/h2>\n\t<span class=\"price\"><span class=\"woocommerce-Price-amount amount\"><bdi>45,00&nbsp;<span class=\"woocommerce-Price-currencySymbol\">kr.<\/span><\/bdi><\/span><\/span>\n<div class=\"buttons clearfix\"><a href=\"https:\/\/maetpets.com\/produkt\/pork-deli-hundefoder-uden-korn\/\" aria-describedby=\"woocommerce_loop_add_to_cart_link_describedby_229539\" data-quantity=\"1\" class=\"button product_type_simple woocommerce-loop-product__button\" data-product_id=\"229539\" data-product_sku=\"MAET202\" aria-label=\"Les mer om \u00abPork Deli\u00bb\" rel=\"nofollow\" data-success_message=\"\">Les mer<\/a>\t<span id=\"woocommerce_loop_add_to_cart_link_describedby_229539\" class=\"screen-reader-text\">\n\t\t\t<\/span>\n<\/div><\/div><\/div><\/li>\n<li class=\"product type-product post-229536 status-publish last outofstock product_cat-hundemad product_tag-deli product_tag-hundemad-kylling has-post-thumbnail taxable shipping-taxable purchasable product-type-simple\">\n\t<div class=\"product-inner\"><span class=\"woocommerce-badges woocommerce-badges--round\"><span class=\"sold-out woocommerce-badge\"><span>Udsolgt<\/span><\/span><\/span><div class=\"product-thumbnail\"><a href=\"https:\/\/maetpets.com\/produkt\/chicken-deli-kornfrit-hundefoder-med-kylling\/\" class=\"woocommerce-LoopProduct-link woocommerce-loop-product__link\"><img loading=\"lazy\" decoding=\"async\" width=\"680\" height=\"680\" src=\"https:\/\/maetpets.com\/wp-content\/uploads\/chicken_deli_tall_maet-680x680.jpg\" class=\"attachment-woocommerce_thumbnail size-woocommerce_thumbnail\" alt=\"Chicken Deli\" srcset=\"https:\/\/maetpets.com\/wp-content\/uploads\/chicken_deli_tall_maet-680x680.jpg 680w, https:\/\/maetpets.com\/wp-content\/uploads\/chicken_deli_tall_maet-150x150.jpg 150w\" sizes=\"auto, (max-width: 680px) 100vw, 680px\" \/><\/a><\/div><div class=\"product-summary\"><h2 class=\"woocommerce-loop-product__title\"><a href=\"https:\/\/maetpets.com\/produkt\/chicken-deli-kornfrit-hundefoder-med-kylling\/\" class=\"woocommerce-LoopProduct-link woocommerce-loop-product__link\">Chicken Deli<\/a><\/h2>\n\t<span class=\"price\"><span class=\"woocommerce-Price-amount amount\"><bdi>45,00&nbsp;<span class=\"woocommerce-Price-currencySymbol\">kr.<\/span><\/bdi><\/span><\/span>\n<div class=\"buttons clearfix\"><a href=\"https:\/\/maetpets.com\/produkt\/chicken-deli-kornfrit-hundefoder-med-kylling\/\" aria-describedby=\"woocommerce_loop_add_to_cart_link_describedby_229536\" data-quantity=\"1\" class=\"button product_type_simple woocommerce-loop-product__button\" data-product_id=\"229536\" data-product_sku=\"MAET201\" aria-label=\"Les mer om \u00abChicken Deli\u00bb\" rel=\"nofollow\" data-success_message=\"\">Les mer<\/a>\t<span id=\"woocommerce_loop_add_to_cart_link_describedby_229536\" class=\"screen-reader-text\">\n\t\t\t<\/span>\n<\/div><\/div><\/div><\/li>\n<\/ul><\/div><\/div>[\/vc_column][\/vc_row]<\/p>\n<\/div>","protected":false},"excerpt":{"rendered":"<p>Med en KONG hundeleke kan du mate hunden din p\u00e5 en morsom og mer aktiv m\u00e5te. KONG har en morsom form og et hull, slik at hundelekene kan fylles med for eksempel M\u00c6T fresh Deli hundemat eller naturlige godsaker. KONG-leket\u00f8yet hopper og hopper uforutsigbart, noe som gj\u00f8r spillet morsommere og gj\u00f8r det perfekt for jakt.<\/p>\n","protected":false},"featured_media":239228,"comment_status":"open","ping_status":"closed","template":"","meta":{"inline_featured_image":false},"product_brand":[],"product_cat":[1072,659,651],"product_tag":[660,1118],"class_list":{"0":"post-241882","1":"product","2":"type-product","3":"status-publish","4":"has-post-thumbnail","6":"product_cat-aktiv-foring","7":"product_cat-aktivitetslek-no","8":"product_cat-hundeleker","9":"product_tag-kong-no","10":"product_tag-utvalgte","11":"product_shipping_class-post-no","13":"first","14":"instock","15":"taxable","16":"shipping-taxable","17":"purchasable","18":"product-type-variable"},"composite_virtual":false,"composite_layout":"","composite_add_to_cart_form_location":"","composite_editable_in_cart":false,"composite_sold_individually_context":"","composite_shop_price_calc":"","composite_components":[],"composite_scenarios":[],"bundled_by":[],"bundle_stock_status":"instock","bundle_stock_quantity":null,"bundle_virtual":false,"bundle_layout":"","bundle_add_to_cart_form_location":"","bundle_editable_in_cart":false,"bundle_sold_individually_context":"","bundle_item_grouping":"","bundle_min_size":"","bundle_max_size":"","bundle_price":[],"bundled_items":[],"bundle_sell_ids":[],"_links":{"self":[{"href":"https:\/\/maetpets.com\/no\/wp-json\/wp\/v2\/product\/241882","targetHints":{"allow":["GET"]}}],"collection":[{"href":"https:\/\/maetpets.com\/no\/wp-json\/wp\/v2\/product"}],"about":[{"href":"https:\/\/maetpets.com\/no\/wp-json\/wp\/v2\/types\/product"}],"replies":[{"embeddable":true,"href":"https:\/\/maetpets.com\/no\/wp-json\/wp\/v2\/comments?post=241882"}],"wp:featuredmedia":[{"embeddable":true,"href":"https:\/\/maetpets.com\/no\/wp-json\/wp\/v2\/media\/239228"}],"wp:attachment":[{"href":"https:\/\/maetpets.com\/no\/wp-json\/wp\/v2\/media?parent=241882"}],"wp:term":[{"taxonomy":"product_brand","embeddable":true,"href":"https:\/\/maetpets.com\/no\/wp-json\/wp\/v2\/product_brand?post=241882"},{"taxonomy":"product_cat","embeddable":true,"href":"https:\/\/maetpets.com\/no\/wp-json\/wp\/v2\/product_cat?post=241882"},{"taxonomy":"product_tag","embeddable":true,"href":"https:\/\/maetpets.com\/no\/wp-json\/wp\/v2\/product_tag?post=241882"}],"curies":[{"name":"wp","href":"https:\/\/api.w.org\/{rel}","templated":true}]}}