{"id":241879,"date":"2020-11-10T16:30:04","date_gmt":"2020-11-10T15:30:04","guid":{"rendered":"https:\/\/maetpets.com\/product\/deli-av-svin\/"},"modified":"2024-09-09T07:41:50","modified_gmt":"2024-09-09T05:41:50","slug":"svinekjoett-deli-hundemat-uten-korn","status":"publish","type":"product","link":"https:\/\/maetpets.com\/no\/produkt\/svinekjoett-deli-hundemat-uten-korn\/","title":{"rendered":"Deli av svin"},"content":{"rendered":"<div class=\"wpb-content-wrapper\"><p>[vc_row full_width=&#8221;stretch_row&#8221; full_height=&#8221;yes&#8221; equal_height=&#8221;yes&#8221; content_placement=&#8221;middle&#8221; css=&#8221;.vc_custom_1606473802017{padding-top: 30px !important;padding-bottom: 30px !important;background-color: #41121b !important;background-position: center !important;background-repeat: no-repeat !important;background-size: cover !important;}&#8221;][vc_column][vc_custom_heading text=&#8221;FRISKE NORDISKE INGREDIENSER&#8221; font_container=&#8221;tag:h3|text_align:center|color:%23fff9f7&#8243; use_theme_fonts=&#8221;yes&#8221; css=&#8221;.vc_custom_1606318653647{padding-top: 50px !important;}&#8221;][vc_custom_heading text=&#8221;GRIS, ORGANER, SPINAAT, TANG&#8221; font_container=&#8221;tag:h3|font_size:64|text_align:center|color:%232063a5&#8243; use_theme_fonts=&#8221;yes&#8221;][vc_single_image image=&#8221;230733&#8243; img_size=&#8221;full&#8221; alignment=&#8221;center&#8221;][\/vc_column][\/vc_row][vc_row full_width=&#8221;stretch_row&#8221; css=&#8221;.vc_custom_1606474482573{padding-top: 60px !important;padding-bottom: 60px !important;background-color: #fff9f7 !important;}&#8221;][vc_column width=&#8221;5\/12&#8243;][vc_single_image image=&#8221;237616&#8243; img_size=&#8221;360X360&#8243;][\/vc_column][vc_column width=&#8221;7\/12&#8243;][vc_custom_heading text=&#8221;Daglig dosering&#8221; use_theme_fonts=&#8221;yes&#8221; css=&#8221;.vc_custom_1605879989446{padding-bottom: 30px !important;}&#8221;][vc_column_text]<b>Anbefalt daglig dosering:<\/b> 3 % av hundens vekt.<\/p>\n<p><b>Vekt \/ anbefalt daglig rasjon (ca.)<\/b><br \/>\n5 kg: 150-170g<br \/>\n10 kg: 300-350g<br \/>\n15 kg: 450-500 (tilsvarer ca 1 p\u00f8lse)<br \/>\n20 kg: 600g<br \/>\n30 kg: 900g<br \/>\n35 kg: 1000g (tilsvarer ca. 2 p\u00f8lser)<br \/>\n40 kg: 1200g<\/p>\n<p>Ved dosering, ta hensyn til hundens aktivitet, trening, annen ern\u00e6ring og snacks.[\/vc_column_text][\/vc_column][\/vc_row][vc_row full_width=&#8221;stretch_row_content_no_spaces&#8221; css=&#8221;.vc_custom_1606474400052{padding-top: 100px !important;padding-right: 20px !important;padding-bottom: 100px !important;padding-left: 20px !important;background-color: #0b2945 !important;background-position: center !important;background-repeat: no-repeat !important;background-size: cover !important;}&#8221;][vc_column width=&#8221;1\/3&#8243; css=&#8221;.vc_custom_1605610677798{padding-right: 30px !important;padding-left: 30px !important;}&#8221;][\/vc_column][vc_column width=&#8221;1\/3&#8243;][vc_custom_heading text=&#8221;&quot;Forn\u00f8yd er noe alle burde pr\u00f8ve, jeg har en VELDIG kresen hund og noen ganger kan han slutte \u00e5 spise i opptil 3 dager, etter at jeg har pr\u00f8vd M\u00c6T har han spist hver dag \ud83d\ude42 og p\u00e5 toppen av det er den supersunn og n\u00e6rende for hunden.&#8221; font_container=&#8221;tag:p|font_size:30|text_align:center|color:%23fff9f7&#8243; use_theme_fonts=&#8221;yes&#8221; css=&#8221;.vc_custom_1607535751003{padding-bottom: 20px !important;}&#8221;][vc_custom_heading text=&#8221;Jeg vil gi de varmeste anbefalingene til alle vennene mine\/familien mine. \u201d&#8221; font_container=&#8221;tag:p|font_size:30|text_align:center|color:%23fff9f7&#8243; use_theme_fonts=&#8221;yes&#8221; css=&#8221;.vc_custom_1606474445930{padding-bottom: 20px !important;}&#8221;][vc_custom_heading text=&#8221;Regitze, og Saxo p\u00e5 2 \u00e5r&#8221; font_container=&#8221;tag:h4|text_align:center|color:%23d54966&#8243; use_theme_fonts=&#8221;yes&#8221; css=&#8221;.vc_custom_1606474059924{padding-bottom: 50px !important;}&#8221;][vc_single_image image=&#8221;230911&#8243; alignment=&#8221;center&#8221;][\/vc_column][vc_column width=&#8221;1\/3&#8243;][\/vc_column][\/vc_row][vc_row full_width=&#8221;stretch_row&#8221; css=&#8221;.vc_custom_1663786700684{padding-top: 60px !important;padding-bottom: 30px !important;background-color: #fff9f7 !important;}&#8221;][vc_column width=&#8221;6\/12&#8243;][vc_single_image image=&#8221;239728&#8243; img_size=&#8221;full&#8221;][\/vc_column][vc_column width=&#8221;6\/12&#8243;][vc_column_text]<\/p>\n<h2>En naturlig slankemat med svinekj\u00f8tt og sunne gr\u00f8nnsaker<\/h2>\n<p><span style=\"font-weight: 400;\">Svinekj\u00f8tt er spekket med sunne proteiner og essensielle fettsyrer, og spinat inneholder b\u00e5de vitaminer som K og E og mineralet magnesium. Tang er en naturlig kilde til jod, som st\u00f8tter skjoldbruskkjertelen og fremmer pels- og tarmhelse. <\/span><\/p>\n<p><span style=\"font-weight: 400;\">Pork Deli er ferskt hundemat, som er spesielt godt for hunder som trenger \u00e5 passe p\u00e5 vekten, da m\u00e5ltidet er fylt med sunne proteiner og n\u00f8ye utvalgte karbohydrater i kontrollert mengde. <\/span>[\/vc_column_text][\/vc_column][\/vc_row][vc_row full_width=&#8221;stretch_row&#8221; css=&#8221;.vc_custom_1653896601552{padding-top: 40px !important;padding-bottom: 40px !important;background-position: center !important;background-repeat: no-repeat !important;background-size: contain !important;}&#8221; el_id=&#8221;ern\u00e6ring&#8221;][vc_column][vc_custom_heading text=&#8221;N\u00e6ringsinnhold&#8221; use_theme_fonts=&#8221;yes&#8221; css=&#8221;.vc_custom_1606297081281{padding-bottom: 15px !important;}&#8221;][vc_column_text css=&#8221;.vc_custom_1615461224761{padding-bottom: 30px !important;}&#8221;]Pork Deli er hundemat uten korn, men med ferskt kj\u00f8tt og gr\u00f8nnsaker.<br \/>\nInneholder alle n\u00e6ringsstoffer, vitaminer og mineraler<br \/>\nsom hunden din trenger.[\/vc_column_text][\/vc_column][vc_column width=&#8221;1\/2&#8243;][vc_column_text]<\/p>\n<p class=\"p2\"><strong>N\u00c6RINGSINNHOLD <\/strong><\/p>\n<p class=\"p2\">Energi 4,8 MJ\/kg 1146 kcal\/kg<br \/>\nProtein &#8230;&#8230;&#8230;&#8230;&#8230;&#8230;&#8230;&#8230;&#8230;&#8230;.. 14,0 %<br \/>\nFett\/fett &#8230;&#8230;&#8230;&#8230;&#8230;&#8230;&#8230;&#8230;&#8230;&#8230;..7,3 %<br \/>\nFiber &#8230;&#8230;&#8230;&#8230;&#8230;&#8230;&#8230;&#8230;&#8230;&#8230;&#8230;.. 0,8 %<br \/>\nAske &#8230;&#8230;&#8230;&#8230;&#8230;&#8230;&#8230;&#8230; 1,6 %<br \/>\nKalsium &#8230;&#8230;&#8230;&#8230;&#8230;&#8230;&#8230;&#8230;&#8230; 0,2 %<br \/>\nFosfor\/fosfor &#8230;&#8230;&#8230;.0,2 %<\/p>\n<p class=\"p2\">V\u00e6skeinnhold: 77,4 %<br \/>\nKj\u00f8ttinnhold: 80%<\/p>\n<p>[\/vc_column_text][\/vc_column][vc_column width=&#8221;1\/2&#8243;][vc_column_text]<b>Naturlig inneholdte n\u00e6ringsstoffer:<\/b><\/p>\n<p>Vitamin A 330 IU\/kg, Vitamin D 358 IU\/kg, Vitamin E 42 IU\/kg, Vitamin C 69 mg\/kg, Vitamin B1 0,6 mg\/kg, Vitamin B2 3,4 mg\/kg, vitamin B6 0,9 mg\/kg, vitamin B12 19 \u03bcg\/kg, biotin 801 \u03bcg\/kg, niacin 12 mg\/kg, pantotensyre 6 mg\/kg, folsyre 0,08 mg\/kg, sink 68 mg\/kg, magnesium 0 ,1 mg\/kg, natrium 1200 mg \/ kg, jern 70 mg \/ kg, kobber 50 mg \/ kg, mangan 2 mg \/ kg, kalium 1,8 g \/ kg, jod 430 \u03bcg \/ kg.[\/vc_column_text][vc_column_text]<b>Herav tilsatte ern\u00e6ringsmessige tilsetningsstoffer:<\/b><\/p>\n<p>Vitamin D 450 IE \/ kg, Vitamin E 40 IE \/ kg, sink 60 mg \/ kg, magnesium 320 mg \/ kg, kobber 5 mg \/ kg, mangan 1,8 mg \/ kg, jod 430 \u03bcg \/ kg.[\/vc_column_text][\/vc_column][\/vc_row][vc_row full_width=&#8221;stretch_row&#8221; content_placement=&#8221;middle&#8221; css=&#8221;.vc_custom_1663786694020{padding-top: 80px !important;padding-bottom: 80px !important;background-color: #0b2945 !important;background-position: center !important;background-repeat: no-repeat !important;background-size: cover !important;}&#8221;][vc_column][vc_custom_heading text=&#8221;FRISK ER BEST&#8221; font_container=&#8221;tag:h2|font_size:70|text_align:center|color:%23d54966&#8243; use_theme_fonts=&#8221;yes&#8221; css=&#8221;.vc_custom_1606473919224{padding-bottom: 20px !important;}&#8221;][\/vc_column][vc_column width=&#8221;1\/4&#8243;][vc_custom_heading text=&#8221;nordiske r\u00e5varer&#8221; font_container=&#8221;tag:h3|text_align:center|color:%23fff9f7&#8243; use_theme_fonts=&#8221;yes&#8221; css=&#8221;.vc_custom_1606318546594{padding-bottom: 15px !important;}&#8221;][vc_custom_heading text=&#8221;Ferskt kj\u00f8tt og gr\u00f8nnsaker&#8221; font_container=&#8221;tag:h3|text_align:center|color:%23fff9f7&#8243; use_theme_fonts=&#8221;yes&#8221; css=&#8221;.vc_custom_1615975915568{padding-bottom: 15px !important;}&#8221;][vc_custom_heading text=&#8221;Fylt med vitaminer&#8221; font_container=&#8221;tag:h3|text_align:center|color:%23fff9f7&#8243; use_theme_fonts=&#8221;yes&#8221; css=&#8221;.vc_custom_1606318560001{padding-bottom: 15px !important;}&#8221;][\/vc_column][vc_column width=&#8221;2\/4&#8243;][vc_single_image image=&#8221;230731&#8243; img_size=&#8221;full&#8221; alignment=&#8221;center&#8221;][\/vc_column][vc_column width=&#8221;1\/4&#8243;][vc_custom_heading text=&#8221;Enkelt protein&#8221; font_container=&#8221;tag:h3|text_align:center|color:%23fff9f7&#8243; use_theme_fonts=&#8221;yes&#8221; css=&#8221;.vc_custom_1606473729928{padding-bottom: 15px !important;}&#8221;][vc_custom_heading text=&#8221;H\u00f8y ford\u00f8yelighet&#8221; font_container=&#8221;tag:h3|text_align:center|color:%23fff9f7&#8243; use_theme_fonts=&#8221;yes&#8221; css=&#8221;.vc_custom_1606473737418{padding-bottom: 15px !important;}&#8221;][vc_custom_heading text=&#8221;Ingen konserveringsmidler&#8221; font_container=&#8221;tag:h3|text_align:center|color:%23fff9f7&#8243; use_theme_fonts=&#8221;yes&#8221; css=&#8221;.vc_custom_1614338316606{padding-bottom: 15px !important;}&#8221;][\/vc_column][\/vc_row][vc_row full_width=&#8221;stretch_row&#8221; css=&#8221;.vc_custom_1606295919975{padding-top: 30px !important;background-color: #fff9f7 !important;}&#8221;][vc_column width=&#8221;1\/12&#8243; css=&#8221;.vc_custom_1605784949857{background-color: #fff9f7 !important;}&#8221;][\/vc_column][vc_column width=&#8221;10\/12&#8243;][vc_custom_heading text=&#8221;Sp\u00f8rsm\u00e5l og svar&#8221; font_container=&#8221;tag:h2|text_align:center&#8221; use_theme_fonts=&#8221;yes&#8221;][vc_toggle title=&#8221;Hva inneholder M\u00c6T Pork Deli?&#8221;]<span style=\"font-weight: 400;\">M\u00c6T s Pork Deli best\u00e5r av ferske nordiske r\u00e5varer. Det er s\u00e5 mye som 80 % svinekj\u00f8tt i Pork Deli. I tillegg er det vitaminrik spinat og tang i. I Pork Deli er det tilsatt ekstra vitaminer og mineraler, men det er ikke tilsatt konserveringsmidler, farger eller smaksstoffer. <\/span>[\/vc_toggle][vc_toggle title=&#8221;Hvorfor b\u00f8r jeg velge fersk hundemat?&#8221;]<span style=\"font-weight: 400;\">M\u00c6T ferske hundemat er laget av de beste nordiske r\u00e5varene. Det er ingen konserveringsmidler eller tilsatt fargestoffer og smaker. Fersk hundemat tilberedes enkelt med sous vide, som \u00f8ker hundens opptak av matens n\u00e6ringsstoffer. <\/span><\/p>\n<p><span style=\"font-weight: 400;\">Fersk hundemat har et mye h\u00f8yere opptak enn andre typer hundemat. Hvis du synes hunden din fortjener fersk, sunn og velsmakende mat, pr\u00f8v fersk hundemat.<\/span>[\/vc_toggle][vc_toggle title=&#8221;Hva er forskjellen mellom Deli og Risotto hundemat?&#8221;]<span style=\"font-weight: 400;\">I M\u00c6T Deli-oppskrifter er det verken korn eller gluten i. De har lav fettprosent, og er spesielt egnet for hunder som trenger \u00e5 passe p\u00e5 vekten. <\/span><\/p>\n<p><span style=\"font-weight: 400;\">I M\u00c6T Risotto-oppskrifter er det ris i, men de er fortsatt glutenfrie. Ris er bra for \u00e5 skape en god og sunn balanse i hundenes mage-tarmsystem. <\/span><\/p>\n<p><span style=\"font-weight: 400;\">B\u00e5de Deli og Risotto er laget av ferske nordiske r\u00e5varer. De er fri for konserveringsmidler, fargestoffer og smaker. Kun ekstra vitaminer og mineraler er tilsatt.<\/span>[\/vc_toggle][\/vc_column][vc_column width=&#8221;1\/12&#8243;][\/vc_column][\/vc_row]<\/p>\n<\/div>","protected":false},"excerpt":{"rendered":"<p>Pork Deli med 80 % svinekj\u00f8tt, supplert med n\u00e6ringsrik spinat og sunn tang. Et festm\u00e5ltid med ferskt kj\u00f8tt, som ogs\u00e5 passer for hunder som trenger \u00e5 passe p\u00e5 vekten sin, da m\u00e5ltidet er fullt av sunne proteiner, men inneholder en moderat mengde fett.<\/p>\n<p>Gluten- og kornfri.<\/p>\n<p><strong>NETTOVEKT: 500 g<\/strong><\/p>\n<p><strong>INNHOLD<\/strong> : Svinekj\u00f8tt (80%) (kj\u00f8tt og organer), vann, spinat (5%), svinegelatin, tang (1%), vitaminer og mineraler.<\/p>\n<p><strong><span style=\"text-decoration: underline;\"><a href=\"#nutrition\">Se n\u00e6ringsinnhold<\/a><\/span><\/strong><\/p>\n","protected":false},"featured_media":237993,"comment_status":"open","ping_status":"closed","template":"","meta":{"inline_featured_image":false},"product_brand":[],"product_cat":[638],"product_tag":[673,640],"class_list":{"0":"post-241879","1":"product","2":"type-product","3":"status-publish","4":"has-post-thumbnail","6":"product_cat-hundemat","7":"product_tag-deli-no","8":"product_tag-hundemat-med-gris","9":"product_shipping_class-fersk-mat","11":"first","12":"outofstock","13":"taxable","14":"shipping-taxable","15":"purchasable","16":"product-type-simple"},"composite_virtual":false,"composite_layout":"","composite_add_to_cart_form_location":"","composite_editable_in_cart":false,"composite_sold_individually_context":"","composite_shop_price_calc":"","composite_components":[],"composite_scenarios":[],"bundled_by":["254843","263765"],"bundle_stock_status":"outofstock","bundle_stock_quantity":null,"bundle_virtual":false,"bundle_layout":"","bundle_add_to_cart_form_location":"","bundle_editable_in_cart":false,"bundle_sold_individually_context":"","bundle_item_grouping":"","bundle_min_size":"","bundle_max_size":"","bundle_price":[],"bundled_items":[],"bundle_sell_ids":[],"_links":{"self":[{"href":"https:\/\/maetpets.com\/no\/wp-json\/wp\/v2\/product\/241879","targetHints":{"allow":["GET"]}}],"collection":[{"href":"https:\/\/maetpets.com\/no\/wp-json\/wp\/v2\/product"}],"about":[{"href":"https:\/\/maetpets.com\/no\/wp-json\/wp\/v2\/types\/product"}],"replies":[{"embeddable":true,"href":"https:\/\/maetpets.com\/no\/wp-json\/wp\/v2\/comments?post=241879"}],"wp:featuredmedia":[{"embeddable":true,"href":"https:\/\/maetpets.com\/no\/wp-json\/wp\/v2\/media\/237993"}],"wp:attachment":[{"href":"https:\/\/maetpets.com\/no\/wp-json\/wp\/v2\/media?parent=241879"}],"wp:term":[{"taxonomy":"product_brand","embeddable":true,"href":"https:\/\/maetpets.com\/no\/wp-json\/wp\/v2\/product_brand?post=241879"},{"taxonomy":"product_cat","embeddable":true,"href":"https:\/\/maetpets.com\/no\/wp-json\/wp\/v2\/product_cat?post=241879"},{"taxonomy":"product_tag","embeddable":true,"href":"https:\/\/maetpets.com\/no\/wp-json\/wp\/v2\/product_tag?post=241879"}],"curies":[{"name":"wp","href":"https:\/\/api.w.org\/{rel}","templated":true}]}}