{"id":241852,"date":"2022-01-09T13:47:24","date_gmt":"2022-01-09T12:47:24","guid":{"rendered":"https:\/\/maetpets.com\/product\/lickimat-tuff-buddy-lollipop\/"},"modified":"2023-10-08T21:05:32","modified_gmt":"2023-10-08T19:05:32","slug":"lickimat-tuff-kompis-lollipop-hund","status":"publish","type":"product","link":"https:\/\/maetpets.com\/no\/produkt\/lickimat-tuff-kompis-lollipop-hund\/","title":{"rendered":"LickiMat Tuff Buddy Lollipop"},"content":{"rendered":"<div class=\"wpb-content-wrapper\"><p>[vc_row full_width=&#8221;stretch_row&#8221; css=&#8221;.vc_custom_1648041732067{padding-top: 0px !important;padding-bottom: 0px !important;background-color: #fff9f7 !important;}&#8221;][vc_column width=&#8221;6\/12&#8243;][vc_single_image image=&#8221;238431&#8243; img_size=&#8221;full&#8221;][\/vc_column][vc_column width=&#8221;6\/12&#8243;][vc_column_text]<\/p>\n<h2>LickiMat &#8211; en morsom og annerledes matsk\u00e5l<\/h2>\n<p>Med en LickiMat kan du mate hunden din (eller katten) p\u00e5 en sunn og morsom m\u00e5te. Maten spres p\u00e5 slikkematten og fordeles i de rutete hullene, slik at hunden virkelig m\u00e5 bruke tungen, noe som gj\u00f8r at spisetiden varer lenger. LickiMats er derfor spesielt bra for hunder som spiser for fort. Samtidig forsterker slikkingen hundens smakssans, s\u00e5 maten smaker enda bedre.<\/p>\n<p>Sm\u00f8r M\u00c6T Fersk hundemat p\u00e5 slikkematten og server. Hunden din vil elske det. Du kan ogs\u00e5 fordele maten p\u00e5 matten, legge den i fryseren i 15-20 minutter og servere som en kald forfriskning &#8211; f.eks. p\u00e5 en varm sommerdag.[\/vc_column_text][\/vc_column][\/vc_row][vc_row full_width=&#8221;stretch_row&#8221; css=&#8221;.vc_custom_1681469836061{padding-top: 40px !important;padding-bottom: 30px !important;background-color: #f9f2ef !important;}&#8221;][vc_column][vc_column_text]<\/p>\n<p style=\"text-align: center;\"><strong>Legg til en M\u00c6T pr\u00f8vepakke i bestillingen din slik at du kan pr\u00f8ve LickiMat sammen med M\u00c6T Fresh hundemat.<\/strong><\/p>\n<p>[\/vc_column_text]<p class=\"konte-button-wrapper text-center\"><a href=\"https:\/\/maetpets.com\/en\/produkt\/starter-pack-dog-food-online\/\" class=\"konte-button button-normal text-default align-center large   button square\">Bestill pr\u00f8vepakke<\/a><\/p>[\/vc_column][\/vc_row][vc_row full_width=&#8221;stretch_row&#8221; css=&#8221;.vc_custom_1681469865512{padding-top: 40px !important;padding-bottom: 30px !important;background-color: #fff9f7 !important;}&#8221;][vc_column width=&#8221;6\/12&#8243;][vc_single_image image=&#8221;238432&#8243; img_size=&#8221;full&#8221;][\/vc_column][vc_column width=&#8221;6\/12&#8243;][vc_column_text]<\/p>\n<h2>Lollipopmatten som reduserer kjedsomhet, uro og angst<\/h2>\n<p>LickiMat er designet for \u00e5 redusere kjedsomhet, angst og rastl\u00f8shet hos hunder. Slikking har en dempende effekt p\u00e5 hunden fordi tungen stimuleres, noe som frigj\u00f8r beroligende hormoner (endorfiner) i kroppen. Det er derfor et effektivt middel for \u00e5 fremme rolig oppf\u00f8rsel n\u00e5r hunden din trenger \u00e5 v\u00e6re alene hjemme, eller i stressende situasjoner som tordenv\u00e6r, fyrverkeri, negleklipping eller veterin\u00e6rbes\u00f8k.<\/p>\n<p>Det er lurt \u00e5 holde \u00f8ye med hunden n\u00e5r du pr\u00f8ver LickiMat for f\u00f8rste gang, s\u00e5 du er sikker p\u00e5 at den ikke biter matten i stykker.[\/vc_column_text][\/vc_column][\/vc_row][vc_row full_width=&#8221;stretch_row&#8221; css=&#8221;.vc_custom_1648046352800{padding-top: 0px !important;padding-bottom: 30px !important;background-color: #fff9f7 !important;}&#8221;][vc_column width=&#8221;6\/12&#8243;][vc_single_image image=&#8221;238434&#8243; img_size=&#8221;full&#8221;][\/vc_column][vc_column width=&#8221;6\/12&#8243;][vc_column_text]<\/p>\n<h2>LickiMats er bra for ford\u00f8yelsen og munnhygienen<\/h2>\n<p>N\u00e5r hunden slikker p\u00e5 slikkematten \u00f8kes spyttproduksjonen, noe som bidrar til \u00e5 rense hundens tunge, tenner og tannkj\u00f8tt. Den \u00f8kte spyttproduksjonen gir ogs\u00e5 en bedre ford\u00f8yelse da spytt inneholder enzymer som amylase. Samtidig er slikkingen med p\u00e5 \u00e5 skrape bakterier og mat av tungen, noe som gir hunden en bedre pust.[\/vc_column_text][\/vc_column][\/vc_row][vc_row css=&#8221;.vc_custom_1648053680298{padding-bottom: 30px !important;}&#8221;][vc_column][vc_column_text]<\/p>\n<h2>En aktivitetsmatte utviklet av veterin\u00e6rer<\/h2>\n<p><a href=\"https:\/\/lickimat.com\/\" target=\"_blank\" rel=\"noopener\">LickiMat<\/a> er et australsk produkt laget av veterin\u00e6rer. Produktet er laget for hunder og katter, og form\u00e5let er \u00e5 forbedre dyrenes mentale helse, ford\u00f8yelse og munnhelse. Over 8 millioner LickiMats er solgt over hele verden, og den popul\u00e6re aktivitetsmatten brukes av hundeeiere, hundetrenere, hundefris\u00f8rer og veterin\u00e6rer. LickiMats er tilgjengelig i en rekke st\u00f8rrelser, former og farger. Matten er slitesterk og slitesterk, s\u00e5 hunden din kan ha glede av den i mange \u00e5r.[\/vc_column_text][\/vc_column][\/vc_row][vc_row full_width=&#8221;stretch_row&#8221; css=&#8221;.vc_custom_1648046352800{padding-top: 0px !important;padding-bottom: 30px !important;background-color: #fff9f7 !important;}&#8221;][vc_column width=&#8221;6\/12&#8243;][vc_single_image image=&#8221;238439&#8243; img_size=&#8221;full&#8221;][\/vc_column][vc_column width=&#8221;6\/12&#8243;][vc_column_text]<\/p>\n<h2>Pr\u00f8v LickiMat og fersk hundemat<\/h2>\n<p>M\u00c6T Fersk hundemat har en deilig, myk konsistens, som er perfekt \u00e5 sm\u00f8re p\u00e5 en slikkematte. Spesielt v\u00e5re Deli-varianter ( <span style=\"text-decoration: underline;\"><a href=\"https:\/\/maetpets.com\/no\/produkt\/kylling-deli-korn-fri-hundemat-med-kylling\/\">Chicken Deli<\/a><\/span> , <a href=\"https:\/\/maetpets.com\/no\/produkt\/svinekjoett-deli-hundemat-uten-korn\/\"><span style=\"text-decoration: underline;\">Pork Deli<\/span><\/a> og <span style=\"text-decoration: underline;\"><a href=\"https:\/\/maetpets.com\/produkt\/beef-deli\/\">Beef Deli<\/a><\/span> ) er gode til dette form\u00e5let.<\/p>\n<p>Hvis du bestiller b\u00e5de en LickiMat og en pr\u00f8vepakke med fersk hundemat, kan hunden din pr\u00f8ve begge delene.[\/vc_column_text]<p class=\"konte-button-wrapper text-center\"><a href=\"https:\/\/maetpets.com\/en\/produkt\/starter-pack-dog-food-online\/\" class=\"konte-button button-normal text-default align-center large   button square\">Bestill pr\u00f8vepakke<\/a><\/p>[\/vc_column][\/vc_row]<\/p>\n<\/div>","protected":false},"excerpt":{"rendered":"<p>LickiMat Tuff Buddy er en smart silikon slikkematte som du kan bruke til \u00e5 mate hunden din med M\u00c6T Fersk hundemat. Fordel maten p\u00e5 matten og server med en gang \u2013 eller legg i fryseren og server som en kald forfriskning, der maten sitter ekstra godt fast.<\/p>\n<p>I stedet for \u00e5 svelge m\u00e5ltidet i \u00e9n munnfull, kan hunden din n\u00e5 nyte fersk hundemat lenger. Slikkingen gir en bedre smaksopplevelse og er samtidig med p\u00e5 \u00e5 redusere kjedsomhet, uro og angst.<\/p>\n<p>LickiMat hjelper til med \u00e5 rense tenner, tannkj\u00f8tt og tunge fordi spyttproduksjonen \u00f8ker n\u00e5r hunden slikker p\u00e5 matten. Dette bidrar ogs\u00e5 til en god ford\u00f8yelse.<\/p>\n<p>Lollipopen kan vaskes i oppvaskmaskin eller for h\u00e5nd. Den t\u00e5ler b\u00e5de fryser og kj\u00f8leskap.<\/p>\n<p><strong>M\u00c5L:<\/strong> 20&#215;20 cm<br \/>\n<strong>FARGE:<\/strong> Gr\u00e5 og gr\u00f8nn<\/p>\n","protected":false},"featured_media":238366,"comment_status":"open","ping_status":"closed","template":"","meta":{"inline_featured_image":false},"product_brand":[],"product_cat":[1072,1034,693,651,691],"product_tag":[694,1118],"class_list":{"0":"post-241852","1":"product","2":"type-product","3":"status-publish","4":"has-post-thumbnail","6":"product_cat-aktiv-foring","7":"product_cat-hundeskaaler","8":"product_cat-katteleker","9":"product_cat-hundeleker","10":"product_cat-slikkematte","11":"product_tag-lickimat-no","12":"product_tag-utvalgte","13":"product_shipping_class-post-no","15":"first","16":"instock","17":"sale","18":"taxable","19":"shipping-taxable","20":"purchasable","21":"product-type-simple"},"composite_virtual":false,"composite_layout":"","composite_add_to_cart_form_location":"","composite_editable_in_cart":false,"composite_sold_individually_context":"","composite_shop_price_calc":"","composite_components":[],"composite_scenarios":[],"bundled_by":["254863","263765"],"bundle_stock_status":"instock","bundle_stock_quantity":32,"bundle_virtual":false,"bundle_layout":"","bundle_add_to_cart_form_location":"","bundle_editable_in_cart":false,"bundle_sold_individually_context":"","bundle_item_grouping":"","bundle_min_size":"","bundle_max_size":"","bundle_price":[],"bundled_items":[],"bundle_sell_ids":[],"_links":{"self":[{"href":"https:\/\/maetpets.com\/no\/wp-json\/wp\/v2\/product\/241852","targetHints":{"allow":["GET"]}}],"collection":[{"href":"https:\/\/maetpets.com\/no\/wp-json\/wp\/v2\/product"}],"about":[{"href":"https:\/\/maetpets.com\/no\/wp-json\/wp\/v2\/types\/product"}],"replies":[{"embeddable":true,"href":"https:\/\/maetpets.com\/no\/wp-json\/wp\/v2\/comments?post=241852"}],"wp:featuredmedia":[{"embeddable":true,"href":"https:\/\/maetpets.com\/no\/wp-json\/wp\/v2\/media\/238366"}],"wp:attachment":[{"href":"https:\/\/maetpets.com\/no\/wp-json\/wp\/v2\/media?parent=241852"}],"wp:term":[{"taxonomy":"product_brand","embeddable":true,"href":"https:\/\/maetpets.com\/no\/wp-json\/wp\/v2\/product_brand?post=241852"},{"taxonomy":"product_cat","embeddable":true,"href":"https:\/\/maetpets.com\/no\/wp-json\/wp\/v2\/product_cat?post=241852"},{"taxonomy":"product_tag","embeddable":true,"href":"https:\/\/maetpets.com\/no\/wp-json\/wp\/v2\/product_tag?post=241852"}],"curies":[{"name":"wp","href":"https:\/\/api.w.org\/{rel}","templated":true}]}}