{"id":241848,"date":"2021-11-29T17:12:18","date_gmt":"2022-05-20T18:41:59","guid":{"rendered":"https:\/\/maetpets.com\/product\/maet-gavekort\/"},"modified":"2022-05-20T20:42:43","modified_gmt":"2022-05-20T18:42:43","slug":"maet-gavekort","status":"publish","type":"product","link":"https:\/\/maetpets.com\/no\/produkt\/maet-gavekort\/","title":{"rendered":"M\u00c6T Gavekort"},"content":{"rendered":"<div class=\"wpb-content-wrapper\"><p>[vc_row][vc_column][vc_column_text]<\/p>\n<h2><span style=\"font-weight: 400;\">Slik fungerer hundegaven v\u00e5r <\/span><\/h2>\n<p><span style=\"font-weight: 400;\">Med et M\u00c6T -gavekort kunne det ikke v\u00e6rt enklere. Du velger bel\u00f8p, og vi sender gavekortet til mottakerens e-post umiddelbart. Du kan ogs\u00e5 legge inn din egen e-postadresse i stedet for mottakerens, slik at e-posten med gavekortet blir sendt til deg i stedet for mottakeren. P\u00e5 den m\u00e5ten kan du f.eks. skriv ut e-posten og gi den som en fysisk gave.<\/span><\/p>\n<p><span style=\"font-weight: 400;\">Den heldige mottakeren av gavekortet m\u00e5 ganske enkelt bestille p\u00e5 maetpets.com og taste inn koden fra gavekortet, s\u00e5 f\u00e5r de sin deilige hundegave levert rett p\u00e5 d\u00f8ren. <\/span><\/p>\n<p><span style=\"font-weight: 400;\">Gi en s\u00f8t hund gaven over dem alle: Et sunt og lykkelig hundeliv. <\/span>[\/vc_column_text][\/vc_column][\/vc_row]<\/p>\n<\/div>","protected":false},"excerpt":{"rendered":"<p><span style=\"font-weight: 400;\">Mangler du en hundegave? Gi et M\u00c6T -gavekort til en firbent (eller tobent) venn slik at de kan pr\u00f8ve det sunne hundelivet. <\/span><span style=\"font-weight: 400;\">For den beste gaven vi kan gi hundene v\u00e5re er et sunt og lykkelig liv. Og her betyr maten mye. <\/span><span style=\"font-weight: 400;\"><br \/>\n<\/span><span style=\"font-weight: 400;\"><br \/>\n<\/span><span style=\"font-weight: 400;\">Et digitalt M\u00c6T -gavekort passer perfekt til en heldig julehund p\u00e5 julaften. Med v\u00e5rt ferske hundemat og naturlige snacks kan du gi en god, sunn og deilig gave til de du er glad i \u2764\ufe0f<\/span><\/p>\n<ul>\n<li style=\"font-weight: 400;\"><span style=\"font-weight: 400;\">Naturlig og kornfritt hundemat laget av nordiske r\u00e5varer<\/span><\/li>\n<li style=\"font-weight: 400;\"><span style=\"font-weight: 400;\">En frisk og deilig smaksopplevelse <\/span><\/li>\n<li style=\"font-weight: 400;\"><span style=\"font-weight: 400;\">F\u00e5 en sunnere og gladere hund med bedre ford\u00f8yelse<\/span><\/li>\n<\/ul>\n","protected":false},"featured_media":238342,"comment_status":"open","ping_status":"closed","template":"","meta":{"inline_featured_image":false},"product_brand":[],"product_cat":[599],"product_tag":[],"class_list":{"0":"post-241848","1":"product","2":"type-product","3":"status-publish","4":"has-post-thumbnail","6":"product_cat-hundematboks","8":"first","9":"instock","10":"virtual","11":"taxable","12":"purchasable","13":"product-type-simple"},"composite_virtual":false,"composite_layout":"","composite_add_to_cart_form_location":"","composite_editable_in_cart":false,"composite_sold_individually_context":"","composite_shop_price_calc":"","composite_components":[],"composite_scenarios":[],"bundled_by":[],"bundle_stock_status":"instock","bundle_stock_quantity":null,"bundle_virtual":false,"bundle_layout":"","bundle_add_to_cart_form_location":"","bundle_editable_in_cart":false,"bundle_sold_individually_context":"","bundle_item_grouping":"","bundle_min_size":"","bundle_max_size":"","bundle_price":[],"bundled_items":[],"bundle_sell_ids":[],"_links":{"self":[{"href":"https:\/\/maetpets.com\/no\/wp-json\/wp\/v2\/product\/241848","targetHints":{"allow":["GET"]}}],"collection":[{"href":"https:\/\/maetpets.com\/no\/wp-json\/wp\/v2\/product"}],"about":[{"href":"https:\/\/maetpets.com\/no\/wp-json\/wp\/v2\/types\/product"}],"replies":[{"embeddable":true,"href":"https:\/\/maetpets.com\/no\/wp-json\/wp\/v2\/comments?post=241848"}],"wp:featuredmedia":[{"embeddable":true,"href":"https:\/\/maetpets.com\/no\/wp-json\/wp\/v2\/media\/238342"}],"wp:attachment":[{"href":"https:\/\/maetpets.com\/no\/wp-json\/wp\/v2\/media?parent=241848"}],"wp:term":[{"taxonomy":"product_brand","embeddable":true,"href":"https:\/\/maetpets.com\/no\/wp-json\/wp\/v2\/product_brand?post=241848"},{"taxonomy":"product_cat","embeddable":true,"href":"https:\/\/maetpets.com\/no\/wp-json\/wp\/v2\/product_cat?post=241848"},{"taxonomy":"product_tag","embeddable":true,"href":"https:\/\/maetpets.com\/no\/wp-json\/wp\/v2\/product_tag?post=241848"}],"curies":[{"name":"wp","href":"https:\/\/api.w.org\/{rel}","templated":true}]}}