{"id":241843,"date":"2020-11-13T15:05:17","date_gmt":"2020-11-13T14:05:17","guid":{"rendered":"https:\/\/maetpets.com\/product\/kyllingfest-risotto\/"},"modified":"2023-11-09T12:50:15","modified_gmt":"2023-11-09T11:50:15","slug":"kylling-fest-risotto-fersk-hundemat","status":"publish","type":"product","link":"https:\/\/maetpets.com\/no\/produkt\/kylling-fest-risotto-fersk-hundemat\/","title":{"rendered":"Kyllingrisotto"},"content":{"rendered":"<div class=\"wpb-content-wrapper\"><p>[vc_row full_width=&#8221;stretch_row&#8221; equal_height=&#8221;yes&#8221; content_placement=&#8221;middle&#8221; css=&#8221;.vc_custom_1658507998377{padding-top: 60px !important;padding-bottom: 60px !important;background-color: #2a2412 !important;background-position: center !important;background-repeat: no-repeat !important;background-size: cover !important;}&#8221;][vc_column][vc_custom_heading text=&#8221;FRISKE NORDISKE INGREDIENSER&#8221; font_container=&#8221;tag:h3|text_align:center|color:%23fff9f7&#8243; use_theme_fonts=&#8221;yes&#8221; css=&#8221;.vc_custom_1606317911272{padding-top: 50px !important;}&#8221;][vc_custom_heading text=&#8221;KYLLING, ORGANER, EGG, ERTER, GULR\u00d8TTER, RIS&#8221; font_container=&#8221;tag:h3|font_size:56|text_align:center|color:%2342a98a&#8221; use_theme_fonts=&#8221;yes&#8221;][vc_single_image image=&#8221;237983&#8243; img_size=&#8221;full&#8221;][\/vc_column][\/vc_row][vc_row full_width=&#8221;stretch_row&#8221; css=&#8221;.vc_custom_1658508007583{padding-top: 60px !important;padding-bottom: 60px !important;background-color: #fff9f7 !important;}&#8221;][vc_column width=&#8221;5\/12&#8243;][vc_single_image image=&#8221;243074&#8243; img_size=&#8221;360&#215;360&#8243; alignment=&#8221;center&#8221;][\/vc_column][vc_column width=&#8221;7\/12&#8243;][vc_custom_heading text=&#8221;Daglig dosering&#8221; use_theme_fonts=&#8221;yes&#8221; css=&#8221;.vc_custom_1605879989446{padding-bottom: 30px !important;}&#8221;][vc_column_text]Ved dosering, ta hensyn til hundens aktivitet, trening, annen ern\u00e6ring og snacks.<\/p>\n<p><b>Anbefalt daglig dosering:<\/b> 2,5 % av hundens kroppsvekt.<\/p>\n<p><b>Vekt \/ anbefalt daglig rasjon (ca.)<\/b><br \/>\n5 kg: 125-150g<br \/>\n10 kg: 250-300g<br \/>\n20 kg: 500 (tilsvarer ca. 1 p\u00f8lse)<br \/>\n30 kg: 750g<br \/>\n35 kg: 875g<br \/>\n40 kg: 1000g (tilsvarer ca. 2 p\u00f8lser)[\/vc_column_text][\/vc_column][\/vc_row][vc_row full_width=&#8221;stretch_row_content_no_spaces&#8221; css=&#8221;.vc_custom_1658508014362{padding-top: 100px !important;padding-right: 20px !important;padding-bottom: 100px !important;padding-left: 20px !important;background-color: #2a2412 !important;background-position: center !important;background-repeat: no-repeat !important;background-size: cover !important;}&#8221;][vc_column width=&#8221;1\/3&#8243; css=&#8221;.vc_custom_1605610677798{padding-right: 30px !important;padding-left: 30px !important;}&#8221;][\/vc_column][vc_column width=&#8221;1\/3&#8243;][vc_custom_heading text=&#8221;\u00abMin lille shih tzu har en ganske delikat mage og t\u00e5ler ikke all hundemat. Men med M\u00c6T Pets sitt hundef\u00f4r er magen til hunden min helt fin.&#8221; font_container=&#8221;tag:p|font_size:30|text_align:center|color:%23fff9f7&#8243; use_theme_fonts=&#8221;yes&#8221; css=&#8221;.vc_custom_1607504642445{padding-bottom: 20px !important;}&#8221;][vc_custom_heading text=&#8221;Det er dagens h\u00f8ydepunkt for Kenzo n\u00e5r vi finner M\u00c6T ferske hundemat med Chicken Deli. \u201d&#8221; font_container=&#8221;tag:p|font_size:30|text_align:center|color:%23fff9f7&#8243; use_theme_fonts=&#8221;yes&#8221; css=&#8221;.vc_custom_1684529099019{padding-bottom: 20px !important;}&#8221;][vc_single_image image=&#8221;238016&#8243; alignment=&#8221;center&#8221;][vc_custom_heading text=&#8221;Heidi, og hennes 3 \u00e5r gamle shih tzu Kenzo&#8221; font_container=&#8221;tag:h4|text_align:center|color:%23fdda39&#8243; use_theme_fonts=&#8221;yes&#8221; css=&#8221;.vc_custom_1607534625912{padding-bottom: 50px !important;}&#8221; link=&#8221;url:https%3A%2F%2Fwww.instagram.com%2Fkenzo_shih_tzu%2F|target:_blank|&#8221;][\/vc_column][vc_column width=&#8221;1\/3&#8243;][\/vc_column][\/vc_row][vc_row full_width=&#8221;stretch_row&#8221; css=&#8221;.vc_custom_1640684961874{padding-top: 60px !important;padding-bottom: 30px !important;background-color: #fff9f7 !important;}&#8221;][vc_column width=&#8221;6\/12&#8243;][vc_single_image image=&#8221;238396&#8243; img_size=&#8221;full&#8221;][\/vc_column][vc_column width=&#8221;6\/12&#8243;][vc_column_text]<\/p>\n<h2>Hundemat med kylling og ris &#8211; En sk\u00e5nsom diettklassiker for alle hunder<\/h2>\n<p><span style=\"font-weight: 400;\">Fersk hundemat med kylling, ris, gulr\u00f8tter, erter og egg.  <\/span><\/p>\n<p><span style=\"font-weight: 400;\">Kyllingrisotto er et komplett, balansert og glutenfritt hundem\u00e5ltid som hunden din vil elske. Risotto er spesielt bra for hunder med sensitiv mage og\/eller allergi, da hundemat med kylling og ris skaper en naturlig balanse i hundens mage.<\/span><\/p>\n<p><span style=\"font-weight: 400;\">Kylling er en mager kilde til sunne proteiner, gulr\u00f8tter og inneholder vitamin A og fiber som kan bidra til \u00e5 senke kolesterolniv\u00e5et. Erter er en utmerket kilde til protein og fiber, og inneholder vitamin A, B, C og K samt er rike p\u00e5 n\u00e6ringsstoffer.<\/span>[\/vc_column_text][\/vc_column][\/vc_row][vc_row full_width=&#8221;stretch_row&#8221; css=&#8221;.vc_custom_1658508024740{padding-top: 60px !important;padding-bottom: 60px !important;background-position: center !important;background-repeat: no-repeat !important;background-size: contain !important;}&#8221; el_id=&#8221;ern\u00e6ring&#8221;][vc_column][vc_custom_heading text=&#8221;N\u00e6ringsinnhold&#8221; use_theme_fonts=&#8221;yes&#8221; css=&#8221;.vc_custom_1663860011762{padding-bottom: 15px !important;}&#8221;][\/vc_column][vc_column width=&#8221;1\/2&#8243;][vc_column_text]<\/p>\n<p class=\"p2\"><strong>N\u00c6RINGSINNHOLD <\/strong><\/p>\n<p class=\"p2\">Energi 6,4 MJ\/kg 1528 kcal\/kg<br \/>\nProtein &#8230;&#8230;&#8230;&#8230;&#8230;&#8230;&#8230;&#8230;&#8230;&#8230;.. 10,2 %<br \/>\nFett\/fett &#8230;&#8230;&#8230;&#8230;&#8230;&#8230;&#8230;&#8230;&#8230;&#8230;..7,7 %<br \/>\nFiber &#8230;&#8230;&#8230;&#8230;&#8230;&#8230;&#8230;&#8230;&#8230;&#8230;.. 0,3 %<br \/>\nAsk \/ Ask &#8230;&#8230;&#8230;&#8230;&#8230;&#8230;&#8230;&#8230;&#8230; 0,9 %<br \/>\nKalsium &#8230;&#8230;&#8230;&#8230;&#8230;&#8230;&#8230;&#8230;&#8230; 0,25 %<br \/>\nFosfor &#8230;&#8230;&#8230;. 0,17 %<\/p>\n<p class=\"p2\">V\u00e6skeinnhold: 68,5 %<br \/>\nKj\u00f8ttinnhold: 59 %<\/p>\n<p>[\/vc_column_text][\/vc_column][vc_column width=&#8221;1\/2&#8243;][vc_column_text]<b>Naturlig inneholdte n\u00e6ringsstoffer:<\/b><\/p>\n<p>Vitamin A 3360 IE \/ kg, Vitamin D 605 IE \/ kg, Vitamin E 45 IE \/ kg, Vitamin C 3,4 mg \/ kg, Vitamin B1 0,5 mg \/ kg, Vitamin B2 1 mg \/ kg, vitamin B6 2,8 mg \/ kg, vitamin B12 0,9 \u03bcg \/ kg, biotin 8,7 \u03bcg \/ kg, niacin 39 mg \/ kg, pantotensyre 2,3 mg \/ kg, folsyre 0,081 mg \/ kg, sink 70 mg \/ kg, magnesium 520 mg \/ kg, natrium 1200 mg \/ kg, jern 12 mg \/ kg, kobber 5 mg \/ kg, mangan 4 mg \/ kg, kalium 1,6 g \/ kg, jod 430 \u03bcg \/ kg, jod 430 \u03bcg \/ kg.[\/vc_column_text][vc_column_text]<b>Herav tilsatte ern\u00e6ringsmessige tilsetningsstoffer:<\/b><\/p>\n<p>Vitamin D 450 IE \/ kg, Vitamin E 40 IE \/ kg, sink 60 mg \/ kg, magnesium 320 mg \/ kg, kobber 5 mg \/ kg, mangan 1,8 mg \/ kg, jod 430 \u03bcg \/ kg.[\/vc_column_text][\/vc_column][\/vc_row][vc_row full_width=&#8221;stretch_row&#8221; equal_height=&#8221;yes&#8221; content_placement=&#8221;middle&#8221; css=&#8221;.vc_custom_1658508035016{padding-top: 60px !important;padding-bottom: 30px !important;background: #173b30 url(https:\/\/shop.maetpets.com\/wp-content\/uploads\/test-3-scaled.jpg?id=230640) !important;background-position: center !important;background-repeat: no-repeat !important;background-size: cover !important;}&#8221;][vc_column][vc_custom_heading text=&#8221;FRISK ER BEST&#8221; font_container=&#8221;tag:h2|font_size:70|text_align:center|color:%23fdda39&#8243; use_theme_fonts=&#8221;yes&#8221; css=&#8221;.vc_custom_1608807627321{padding-bottom: 80px !important;}&#8221;][\/vc_column][vc_column width=&#8221;1\/4&#8243;][vc_custom_heading text=&#8221;nordiske r\u00e5varer&#8221; font_container=&#8221;tag:h3|text_align:center|color:%23fff9f7&#8243; use_theme_fonts=&#8221;yes&#8221; css=&#8221;.vc_custom_1606317789090{padding-bottom: 15px !important;}&#8221;][vc_custom_heading text=&#8221;Ferskt kj\u00f8tt og gr\u00f8nnsaker&#8221; font_container=&#8221;tag:h3|text_align:center|color:%23fff9f7&#8243; use_theme_fonts=&#8221;yes&#8221; css=&#8221;.vc_custom_1615975309524{padding-bottom: 15px !important;}&#8221;][vc_custom_heading text=&#8221;Fylt med vitaminer&#8221; font_container=&#8221;tag:h3|text_align:center|color:%23fff9f7&#8243; use_theme_fonts=&#8221;yes&#8221; css=&#8221;.vc_custom_1606317813265{padding-bottom: 15px !important;}&#8221;][\/vc_column][vc_column width=&#8221;2\/4&#8243;][vc_single_image image=&#8221;237975&#8243; img_size=&#8221;full&#8221; alignment=&#8221;center&#8221;][\/vc_column][vc_column width=&#8221;1\/4&#8243;][vc_custom_heading text=&#8221;Enkelt protein&#8221; font_container=&#8221;tag:h3|text_align:center|color:%23fff9f7&#8243; use_theme_fonts=&#8221;yes&#8221; css=&#8221;.vc_custom_1606317825946{padding-bottom: 15px !important;}&#8221;][vc_custom_heading text=&#8221;H\u00f8y ford\u00f8yelighet&#8221; font_container=&#8221;tag:h3|text_align:center|color:%23fff9f7&#8243; use_theme_fonts=&#8221;yes&#8221; css=&#8221;.vc_custom_1606317833751{padding-bottom: 15px !important;}&#8221;][vc_custom_heading text=&#8221;Ingen konserveringsmidler&#8221; font_container=&#8221;tag:h3|text_align:center|color:%23fff9f7&#8243; use_theme_fonts=&#8221;yes&#8221; css=&#8221;.vc_custom_1614337846851{padding-bottom: 15px !important;}&#8221;][\/vc_column][\/vc_row][vc_row full_width=&#8221;stretch_row&#8221; css=&#8221;.vc_custom_1658508042015{padding-top: 30px !important;background-color: #fff9f7 !important;}&#8221;][vc_column width=&#8221;1\/12&#8243; css=&#8221;.vc_custom_1605784949857{background-color: #fff9f7 !important;}&#8221;][\/vc_column][vc_column width=&#8221;10\/12&#8243;][vc_custom_heading text=&#8221;Sp\u00f8rsm\u00e5l og svar&#8221; font_container=&#8221;tag:h2|text_align:center&#8221; use_theme_fonts=&#8221;yes&#8221;][vc_toggle title=&#8221;Hva best\u00e5r Kyllingfest Risotto fra M\u00c6T av?&#8221;]<span style=\"font-weight: 400;\">M\u00c6T Chicken Risotto er hundemat med kylling (59%), ris, egg og gr\u00f8nnsaker. I tillegg er det supplert med ekstra vitaminer og mineraler. Det er ingen tilsatt konserveringsmidler, fargestoffer eller smaker i. <\/span>[\/vc_toggle][vc_toggle title=&#8221;Hvorfor b\u00f8r jeg velge fersk hundemat?&#8221;]<span style=\"font-weight: 400;\">M\u00c6T ferske hundemat er laget av de beste nordiske r\u00e5varene. Det er ingen konserveringsmidler eller tilsatt fargestoffer og smaker. Fersk hundemat tilberedes enkelt med sous vide, som \u00f8ker hundens opptak av matens n\u00e6ringsstoffer.  <\/span><\/p>\n<p><span style=\"font-weight: 400;\">Fersk hundemat har et mye h\u00f8yere opptak enn andre typer hundemat. Hvis du synes hunden din fortjener fersk, sunn og velsmakende mat, pr\u00f8v fersk hundemat.<\/span>[\/vc_toggle][vc_toggle title=&#8221;Hva er forskjellen mellom Deli og Risotto hundemat?&#8221;]<span style=\"font-weight: 400;\">I M\u00c6T Deli-oppskrifter er det verken korn eller gluten i. De har lav fettprosent, og er spesielt egnet for hunder som trenger \u00e5 passe p\u00e5 vekten. <\/span><\/p>\n<p><span style=\"font-weight: 400;\">I M\u00c6T Risotto-oppskrifter er det ris i, men de er fortsatt glutenfrie. Ris er bra for \u00e5 skape en god og sunn balanse i hundenes mage-tarmsystem. <\/span><\/p>\n<p><span style=\"font-weight: 400;\">B\u00e5de Deli og Risotto er laget av ferske nordiske r\u00e5varer. De er fri for konserveringsmidler, fargestoffer og smaker. Kun ekstra vitaminer og mineraler er tilsatt.<\/span>[\/vc_toggle][\/vc_column][vc_column width=&#8221;1\/12&#8243;][\/vc_column][\/vc_row]<\/p>\n<\/div>","protected":false},"excerpt":{"rendered":"<p><span style=\"font-weight: 400;\">Kyllingrisotto er deilig fersk hundemat med kylling, spr\u00f8 gulr\u00f8tter, s\u00f8te erter, egg og ris. Ris og kylling er en klassisk oppskrift og er spesielt god for hunder med tendens til sensitiv mage og\/eller allergi, da de skaper en naturlig balanse i hundens mage.<\/span><\/p>\n<p><span style=\"font-weight: 400;\">Maten er glutenfri.  <\/span><\/p>\n<p><strong>NETTOVEKT: 500 g<\/strong><\/p>\n<p><strong>INNHOLD<\/strong> : Kylling (59%) (kj\u00f8tt, skinn, organer), ris, vann, gulrot, egg, erter, vitaminer og mineraler.<\/p>\n<p><strong><span style=\"text-decoration: underline;\"><a href=\"#nutrition\">Se n\u00e6ringsinnhold<\/a><\/span><\/strong><\/p>\n","protected":false},"featured_media":237961,"comment_status":"open","ping_status":"closed","template":"","meta":{"inline_featured_image":false},"product_brand":[],"product_cat":[638],"product_tag":[689,676,641],"class_list":{"0":"post-241843","1":"product","2":"type-product","3":"status-publish","4":"has-post-thumbnail","6":"product_cat-hundemat","7":"product_tag-egg-no","8":"product_tag-hundemat-med-kylling","9":"product_tag-risotto-no","10":"product_shipping_class-fersk-mat","12":"first","13":"outofstock","14":"taxable","15":"shipping-taxable","16":"purchasable","17":"product-type-simple"},"composite_virtual":false,"composite_layout":"","composite_add_to_cart_form_location":"","composite_editable_in_cart":false,"composite_sold_individually_context":"","composite_shop_price_calc":"","composite_components":[],"composite_scenarios":[],"bundled_by":["254843","263765"],"bundle_stock_status":"outofstock","bundle_stock_quantity":null,"bundle_virtual":false,"bundle_layout":"","bundle_add_to_cart_form_location":"","bundle_editable_in_cart":false,"bundle_sold_individually_context":"","bundle_item_grouping":"","bundle_min_size":"","bundle_max_size":"","bundle_price":[],"bundled_items":[],"bundle_sell_ids":[],"_links":{"self":[{"href":"https:\/\/maetpets.com\/no\/wp-json\/wp\/v2\/product\/241843","targetHints":{"allow":["GET"]}}],"collection":[{"href":"https:\/\/maetpets.com\/no\/wp-json\/wp\/v2\/product"}],"about":[{"href":"https:\/\/maetpets.com\/no\/wp-json\/wp\/v2\/types\/product"}],"replies":[{"embeddable":true,"href":"https:\/\/maetpets.com\/no\/wp-json\/wp\/v2\/comments?post=241843"}],"wp:featuredmedia":[{"embeddable":true,"href":"https:\/\/maetpets.com\/no\/wp-json\/wp\/v2\/media\/237961"}],"wp:attachment":[{"href":"https:\/\/maetpets.com\/no\/wp-json\/wp\/v2\/media?parent=241843"}],"wp:term":[{"taxonomy":"product_brand","embeddable":true,"href":"https:\/\/maetpets.com\/no\/wp-json\/wp\/v2\/product_brand?post=241843"},{"taxonomy":"product_cat","embeddable":true,"href":"https:\/\/maetpets.com\/no\/wp-json\/wp\/v2\/product_cat?post=241843"},{"taxonomy":"product_tag","embeddable":true,"href":"https:\/\/maetpets.com\/no\/wp-json\/wp\/v2\/product_tag?post=241843"}],"curies":[{"name":"wp","href":"https:\/\/api.w.org\/{rel}","templated":true}]}}