{"id":241830,"date":"2020-11-10T16:23:53","date_gmt":"2020-11-10T15:23:53","guid":{"rendered":"https:\/\/maetpets.com\/product\/kylling-deli\/"},"modified":"2024-03-25T08:26:03","modified_gmt":"2024-03-25T07:26:03","slug":"kylling-deli-korn-fri-hundemat-med-kylling","status":"publish","type":"product","link":"https:\/\/maetpets.com\/no\/produkt\/kylling-deli-korn-fri-hundemat-med-kylling\/","title":{"rendered":"Kylling Deli"},"content":{"rendered":"<div class=\"wpb-content-wrapper\"><p>[vc_row full_width=&#8221;stretch_row&#8221; full_height=&#8221;yes&#8221; equal_height=&#8221;yes&#8221; content_placement=&#8221;middle&#8221; css=&#8221;.vc_custom_1606473855858{padding-top: 30px !important;padding-bottom: 30px !important;background-color: #2b1910 !important;background-position: center !important;background-repeat: no-repeat !important;background-size: cover !important;}&#8221;][vc_column][vc_custom_heading text=&#8221;FRISKE NORDISKE INGREDIENSER&#8221; font_container=&#8221;tag:h3|text_align:center|color:%23fff9f7&#8243; use_theme_fonts=&#8221;yes&#8221; css=&#8221;.vc_custom_1606475029737{padding-top: 50px !important;}&#8221;][vc_custom_heading text=&#8221;KYLLING, SPINAAT, TENG&#8221; font_container=&#8221;tag:h3|font_size:64|text_align:center|color:%235bba47&#8243; use_theme_fonts=&#8221;yes&#8221;][vc_single_image image=&#8221;230737&#8243; img_size=&#8221;full&#8221; alignment=&#8221;center&#8221;][\/vc_column][\/vc_row][vc_row full_width=&#8221;stretch_row&#8221; css=&#8221;.vc_custom_1606474488520{padding-top: 60px !important;padding-bottom: 60px !important;background-color: #fff9f7 !important;}&#8221;][vc_column width=&#8221;5\/12&#8243;][vc_single_image image=&#8221;243185&#8243; img_size=&#8221;350&#215;350&#8243;][\/vc_column][vc_column width=&#8221;7\/12&#8243;][vc_custom_heading text=&#8221;Daglig dosering&#8221; use_theme_fonts=&#8221;yes&#8221; css=&#8221;.vc_custom_1605879989446{padding-bottom: 30px !important;}&#8221;][vc_column_text]<b>Anbefalt daglig dosering:<\/b> 3 % av hundens vekt.<\/p>\n<p><b>Vekt \/ anbefalt daglig rasjon (ca.)<\/b><br \/>\n5 kg: 150-170g<br \/>\n10 kg: 300-350g<br \/>\n15 kg: 450-500 (tilsvarer ca 1 p\u00f8lse)<br \/>\n20 kg: 600g<br \/>\n30 kg: 900g<br \/>\n35 kg: 1000g (tilsvarer ca. 2 p\u00f8lser)<br \/>\n40 kg: 1200g<\/p>\n<p>Ved dosering, ta hensyn til hundens aktivitet, trening, annen ern\u00e6ring og snacks.[\/vc_column_text][\/vc_column][\/vc_row][vc_row full_width=&#8221;stretch_row_content_no_spaces&#8221; css=&#8221;.vc_custom_1606474433047{padding-top: 100px !important;padding-right: 20px !important;padding-bottom: 100px !important;padding-left: 20px !important;background-color: #193119 !important;background-position: center !important;background-repeat: no-repeat !important;background-size: cover !important;}&#8221;][vc_column width=&#8221;1\/4&#8243; css=&#8221;.vc_custom_1605610677798{padding-right: 30px !important;padding-left: 30px !important;}&#8221;][\/vc_column][vc_column width=&#8221;2\/4&#8243;][vc_custom_heading text=&#8221;&#8220; Da vi fikk sjansen til \u00e5 pr\u00f8ve et nytt alternativt hundef\u00f4r, ble vi glade! Vi setter pris p\u00e5 valg av r\u00e5varer, da f\u00f4ret ikke er bearbeidet og derfor nesten ikke blir ferskere.<br \/>\nDet er deilig \u00e5 gj\u00f8re ham glad med deilig, n\u00e6ringsrik hundemat n\u00e5r vi kommer hjem. Vi kan ikke anbefale M\u00c6T nok.&#8221; font_container=&#8221;tag:p|font_size:30|text_align:center|color:%23fff9f7&#8243; use_theme_fonts=&#8221;yes&#8221; css=&#8221;.vc_custom_1607505026429{padding-bottom: 20px !important;}&#8221;][vc_custom_heading text=&#8221;N\u00e5 har vi supplert med M\u00c6T i 2 uker og vi synes vi kan kjenne hum\u00f8ret hans er i balanse. Han sover gjennom, og tror det er fordi han er mett p\u00e5 en god m\u00e5te.&#8220;&#8221; font_container=&#8221;tag:p|font_size:30|text_align:center|color:%23fff9f7&#8243; use_theme_fonts=&#8221;yes&#8221; css=&#8221;.vc_custom_1646404104857{padding-bottom: 20px !important;}&#8221;][vc_custom_heading text=&#8221;Gavin, og hans cotontzu \/ shiton Pelle p\u00e5 nesten \u00bd \u00e5r&#8221; font_container=&#8221;tag:h4|text_align:center|color:%23ec5f43&#8243; use_theme_fonts=&#8221;yes&#8221; css=&#8221;.vc_custom_1607505907174{padding-bottom: 50px !important;}&#8221; link=&#8221;url:https%3A%2F%2Fwww.instagram.com%2Fpellenugget%2F|target:_blank|&#8221;][vc_single_image image=&#8221;230914&#8243; alignment=&#8221;center&#8221;][\/vc_column][vc_column width=&#8221;1\/4&#8243;][\/vc_column][\/vc_row][vc_row full_width=&#8221;stretch_row&#8221; css=&#8221;.vc_custom_1663786118638{padding-top: 30px !important;padding-bottom: 30px !important;background-color: #fff9f7 !important;}&#8221;][vc_column width=&#8221;6\/12&#8243;][vc_single_image image=&#8221;246763&#8243; img_size=&#8221;full&#8221;][\/vc_column][vc_column width=&#8221;6\/12&#8243;][vc_custom_heading text=&#8221;Naturlig slankef\u00f4r for hunder med 80 % kj\u00f8tt og gr\u00f8nnsaker&#8221; use_theme_fonts=&#8221;yes&#8221; css=&#8221;.vc_custom_1663785863683{padding-bottom: 20px !important;}&#8221;][vc_column_text]<span style=\"font-weight: 400;\">Hundemat med kylling er en mager kilde til sunne proteiner. Spinat inneholder vitaminer og mineraler, som vitamin K og E og magnesium, og tang er en naturlig kilde til jod, som st\u00f8tter skjoldbruskkjertelen og fremmer pels og tarmhelse.<\/span>[\/vc_column_text][\/vc_column][\/vc_row][vc_row full_width=&#8221;stretch_row&#8221; css=&#8221;.vc_custom_1653897548563{padding-top: 40px !important;padding-bottom: 40px !important;background-position: center !important;background-repeat: no-repeat !important;background-size: contain !important;}&#8221; el_id=&#8221;ern\u00e6ring&#8221;][vc_column][vc_custom_heading text=&#8221;N\u00e6ringsinnhold&#8221; use_theme_fonts=&#8221;yes&#8221; css=&#8221;.vc_custom_1606297081281{padding-bottom: 15px !important;}&#8221;][vc_column_text css=&#8221;.vc_custom_1646404152325{padding-bottom: 30px !important;}&#8221;]Chicken Deli er deilig kornfritt hundemat best\u00e5ende av 80 % kj\u00f8tt og sunne gr\u00f8nnsaker.<br \/>\nInneholder alle n\u00e6ringsstoffene, vitaminene og mineralene hunden din trenger.[\/vc_column_text][\/vc_column][vc_column width=&#8221;1\/2&#8243;][vc_column_text]<\/p>\n<p class=\"p2\"><strong>N\u00c6RINGSINNHOLD <\/strong><\/p>\n<p class=\"p2\">Energi 4,2 MJ\/kg 1003 kcal\/kg<br \/>\nProtein &#8230;&#8230;&#8230;&#8230;&#8230;&#8230;&#8230;&#8230;&#8230;&#8230;.. 15,5 %<br \/>\nFett\/fett &#8230;&#8230;&#8230;&#8230;&#8230;&#8230;&#8230;&#8230;&#8230;.4,8 %<br \/>\nFiber &#8230;&#8230;&#8230;&#8230;&#8230;&#8230;&#8230;&#8230;&#8230;&#8230;&#8230;.. 0,8 %<br \/>\nAske &#8230;&#8230;&#8230;&#8230;&#8230;&#8230;&#8230;&#8230; 1,5 %<br \/>\nKalsium &#8230;&#8230;&#8230;&#8230;&#8230;&#8230;&#8230;&#8230;&#8230; 0,21 %<br \/>\nFosfor &#8230;&#8230;&#8230;. 0,11 %<\/p>\n<p class=\"p2\">V\u00e6skeinnhold: 78,4 %<br \/>\nKj\u00f8ttinnhold: 80%<\/p>\n<p>[\/vc_column_text][\/vc_column][vc_column width=&#8221;1\/2&#8243;][vc_column_text]<b>Naturlig inneholdte n\u00e6ringsstoffer:<\/b><\/p>\n<p>Vitamin A 3360 IE \/ kg, Vitamin D 605 IE \/ kg, Vitamin E 45 IE \/ kg, Vitamin C 3,4 mg \/ kg, Vitamin B1 0,5 mg \/ kg, Vitamin B2 1 mg \/ kg, vitamin B6 2,8 mg \/ kg, vitamin B12 0,9 \u03bcg \/ kg, biotin 8,7 \u03bcg \/ kg, niacin 39 mg \/ kg, pantotensyre 2,3 mg \/ kg, folsyre 0,081 mg \/ kg, sink 70 mg \/ kg, magnesium 520 mg \/ kg, natrium 1200 mg \/ kg, jern 12 mg \/ kg, kobber 5 mg \/ kg, mangan 4 mg \/ kg, kalium 1,6 g \/ kg, jod 430 \u03bcg \/ kg, jod 430 \u03bcg \/ kg.[\/vc_column_text][vc_column_text]<b>Herav tilsatte ern\u00e6ringsmessige tilsetningsstoffer:<\/b><\/p>\n<p>Vitamin D 450 IE \/ kg, Vitamin E 40 IE \/ kg, sink 60 mg \/ kg, magnesium 320 mg \/ kg, kobber 5 mg \/ kg, mangan 1,8 mg \/ kg, jod 430 \u03bcg \/ kg.[\/vc_column_text][\/vc_column][\/vc_row][vc_row full_width=&#8221;stretch_row&#8221; full_height=&#8221;yes&#8221; equal_height=&#8221;yes&#8221; content_placement=&#8221;middle&#8221; css=&#8221;.vc_custom_1606474481423{padding-top: 60px !important;padding-bottom: 60px !important;background-color: #193119 !important;background-position: center !important;background-repeat: no-repeat !important;background-size: cover !important;}&#8221;][vc_column][vc_custom_heading text=&#8221;FRISK ER BEST&#8221; font_container=&#8221;tag:h2|font_size:70|text_align:center|color:%23ec5f43&#8243; use_theme_fonts=&#8221;yes&#8221; css=&#8221;.vc_custom_1606319018069{padding-bottom: 20px !important;}&#8221;][\/vc_column][vc_column width=&#8221;1\/4&#8243;][vc_custom_heading text=&#8221;nordiske r\u00e5varer&#8221; font_container=&#8221;tag:h3|text_align:center|color:%23fff9f7&#8243; use_theme_fonts=&#8221;yes&#8221; css=&#8221;.vc_custom_1606473785044{padding-bottom: 15px !important;}&#8221;][vc_custom_heading text=&#8221;Ferskt kj\u00f8tt og gr\u00f8nnsaker&#8221; font_container=&#8221;tag:h3|text_align:center|color:%23fff9f7&#8243; use_theme_fonts=&#8221;yes&#8221; css=&#8221;.vc_custom_1615976110413{padding-bottom: 15px !important;}&#8221;][vc_custom_heading text=&#8221;Fylt med vitaminer&#8221; font_container=&#8221;tag:h3|text_align:center|color:%23fff9f7&#8243; use_theme_fonts=&#8221;yes&#8221; css=&#8221;.vc_custom_1606473801253{padding-bottom: 15px !important;}&#8221;][\/vc_column][vc_column width=&#8221;2\/4&#8243;][vc_single_image image=&#8221;230735&#8243; img_size=&#8221;full&#8221; alignment=&#8221;center&#8221;][\/vc_column][vc_column width=&#8221;1\/4&#8243;][vc_custom_heading text=&#8221;Enkelt protein&#8221; font_container=&#8221;tag:h3|text_align:center|color:%23fff9f7&#8243; use_theme_fonts=&#8221;yes&#8221; css=&#8221;.vc_custom_1606473808097{padding-bottom: 15px !important;}&#8221;][vc_custom_heading text=&#8221;H\u00f8y ford\u00f8yelighet&#8221; font_container=&#8221;tag:h3|text_align:center|color:%23fff9f7&#8243; use_theme_fonts=&#8221;yes&#8221; css=&#8221;.vc_custom_1606473815845{padding-bottom: 15px !important;}&#8221;][vc_custom_heading text=&#8221;Ingen konserveringsmidler&#8221; font_container=&#8221;tag:h3|text_align:center|color:%23fff9f7&#8243; use_theme_fonts=&#8221;yes&#8221; css=&#8221;.vc_custom_1614338366512{padding-bottom: 15px !important;}&#8221;][\/vc_column][\/vc_row][vc_row full_width=&#8221;stretch_row&#8221; css=&#8221;.vc_custom_1606295919975{padding-top: 30px !important;background-color: #fff9f7 !important;}&#8221;][vc_column width=&#8221;1\/12&#8243; css=&#8221;.vc_custom_1605784949857{background-color: #fff9f7 !important;}&#8221;][\/vc_column][vc_column width=&#8221;10\/12&#8243;][vc_custom_heading text=&#8221;Sp\u00f8rsm\u00e5l og svar&#8221; font_container=&#8221;tag:h2|text_align:center&#8221; use_theme_fonts=&#8221;yes&#8221;][vc_toggle title=&#8221;Hva er i Chicken Deli?&#8221;]<span style=\"font-weight: 400;\">Kylling Deli fra M\u00c6T er hundemat med kylling (80%), samt spinat og tang. Det er ingen konserveringsmidler, fargestoffer eller smaker i. De eneste tilsetningsstoffene i Chicken Deli er ekstra vitaminer og mineraler. <\/span>[\/vc_toggle][vc_toggle title=&#8221;Hvorfor b\u00f8r jeg velge fersk hundemat?&#8221;]<span style=\"font-weight: 400;\">M\u00c6T ferske hundemat er laget av de beste nordiske r\u00e5varene. Det er ingen konserveringsmidler eller tilsatt fargestoffer og smaker. Fersk hundemat er enkelt tilberedt med sous vide, som \u00f8ker din hunds opptak av n\u00e6ringsstoffene i maten.  <\/span><\/p>\n<p><span style=\"font-weight: 400;\">Fersk hundemat har et mye h\u00f8yere opptak enn andre typer hundemat. Hvis du synes hunden din fortjener fersk, sunn og velsmakende mat, pr\u00f8v fersk hundemat.<\/span>[\/vc_toggle][vc_toggle title=&#8221;Hva er forskjellen mellom Deli og Risotto hundemat?&#8221;]<span style=\"font-weight: 400;\">I M\u00c6T Deli-oppskrifter er det verken korn eller gluten i. De har lav fettprosent, og er spesielt egnet for hunder som trenger \u00e5 passe p\u00e5 vekten. <\/span><\/p>\n<p><span style=\"font-weight: 400;\">I M\u00c6T Risotto-oppskrifter er det ris i, men de er fortsatt glutenfrie. Ris er bra for \u00e5 skape en god og sunn balanse i hundenes mage-tarmsystem. <\/span><\/p>\n<p><span style=\"font-weight: 400;\">B\u00e5de Deli og Risotto er laget av ferske nordiske r\u00e5varer. De er fri for konserveringsmidler, fargestoffer og smaker. Kun ekstra vitaminer og mineraler er tilsatt.<\/span>[\/vc_toggle][\/vc_column][vc_column width=&#8221;1\/12&#8243;][\/vc_column][\/vc_row]<\/p>\n<\/div>","protected":false},"excerpt":{"rendered":"<p>Med 80 % ferskt kyllingkj\u00f8tt samt spinat og tang er Chicken Deli en naturlig og kornfri slankemat p\u00e5 grunn av det lave fettinnholdet. Et deilig m\u00e5ltid spesielt egnet for hunder som trenger \u00e5 passe p\u00e5 vekten. Gluten- og kornfri.<\/p>\n<p><strong>NETTOVEKT: 500 g <\/strong><\/p>\n<p><strong>INNHOLD<\/strong> : Kylling (80%) (kj\u00f8tt, skinn, organer), vann, spinat (5%), svinegelatin, ertemel, potetfibre, tang (1%), vitaminer og mineraler.<\/p>\n<p><strong><span style=\"text-decoration: underline;\"><a href=\"#nutrition\">Se n\u00e6ringsinnhold<\/a><\/span><\/strong><\/p>\n","protected":false},"featured_media":237994,"comment_status":"open","ping_status":"closed","template":"","meta":{"inline_featured_image":false},"product_brand":[],"product_cat":[638],"product_tag":[673,676],"class_list":{"0":"post-241830","1":"product","2":"type-product","3":"status-publish","4":"has-post-thumbnail","6":"product_cat-hundemat","7":"product_tag-deli-no","8":"product_tag-hundemat-med-kylling","9":"product_shipping_class-fersk-mat","11":"first","12":"outofstock","13":"taxable","14":"shipping-taxable","15":"purchasable","16":"product-type-simple"},"composite_virtual":false,"composite_layout":"","composite_add_to_cart_form_location":"","composite_editable_in_cart":false,"composite_sold_individually_context":"","composite_shop_price_calc":"","composite_components":[],"composite_scenarios":[],"bundled_by":["254843","263765"],"bundle_stock_status":"outofstock","bundle_stock_quantity":null,"bundle_virtual":false,"bundle_layout":"","bundle_add_to_cart_form_location":"","bundle_editable_in_cart":false,"bundle_sold_individually_context":"","bundle_item_grouping":"","bundle_min_size":"","bundle_max_size":"","bundle_price":[],"bundled_items":[],"bundle_sell_ids":[],"_links":{"self":[{"href":"https:\/\/maetpets.com\/no\/wp-json\/wp\/v2\/product\/241830","targetHints":{"allow":["GET"]}}],"collection":[{"href":"https:\/\/maetpets.com\/no\/wp-json\/wp\/v2\/product"}],"about":[{"href":"https:\/\/maetpets.com\/no\/wp-json\/wp\/v2\/types\/product"}],"replies":[{"embeddable":true,"href":"https:\/\/maetpets.com\/no\/wp-json\/wp\/v2\/comments?post=241830"}],"wp:featuredmedia":[{"embeddable":true,"href":"https:\/\/maetpets.com\/no\/wp-json\/wp\/v2\/media\/237994"}],"wp:attachment":[{"href":"https:\/\/maetpets.com\/no\/wp-json\/wp\/v2\/media?parent=241830"}],"wp:term":[{"taxonomy":"product_brand","embeddable":true,"href":"https:\/\/maetpets.com\/no\/wp-json\/wp\/v2\/product_brand?post=241830"},{"taxonomy":"product_cat","embeddable":true,"href":"https:\/\/maetpets.com\/no\/wp-json\/wp\/v2\/product_cat?post=241830"},{"taxonomy":"product_tag","embeddable":true,"href":"https:\/\/maetpets.com\/no\/wp-json\/wp\/v2\/product_tag?post=241830"}],"curies":[{"name":"wp","href":"https:\/\/api.w.org\/{rel}","templated":true}]}}