{"id":241828,"date":"2022-02-13T13:29:53","date_gmt":"2022-05-20T18:41:35","guid":{"rendered":"https:\/\/maetpets.com\/product\/pate-pate-sunn-kattemat\/"},"modified":"2023-08-30T20:33:18","modified_gmt":"2023-08-30T18:33:18","slug":"pate-pate-katt-mat-for","status":"publish","type":"product","link":"https:\/\/maetpets.com\/no\/produkt\/pate-pate-katt-mat-for\/","title":{"rendered":"Pate Pate &#8211; Sunn kattemat"},"content":{"rendered":"<div class=\"wpb-content-wrapper\"><p>[vc_row][vc_column][vc_column_text]<\/p>\n<h2>V\u00e5r filosofi er enkel: Fersk er best<\/h2>\n<p>Hos M\u00c6T mener vi at katter og hunder fortjener ekte, fersk mat som utgj\u00f8r en forskjell for kattenes liv. Derfor lager vi kattemat med kun ferske, rene ingredienser av h\u00f8yeste kvalitet.<\/p>\n<p><strong>Ingrediensene av h\u00f8y kvalitet betyr at vi kan lage sunn, deilig, fersk mat som katten din ikke kan motst\u00e5!<\/strong>[\/vc_column_text][\/vc_column][\/vc_row][vc_row full_width=&#8221;stretch_row&#8221; equal_height=&#8221;yes&#8221; content_placement=&#8221;middle&#8221; css=&#8221;.vc_custom_1661444228438{padding-top: 100px !important;padding-bottom: 140px !important;background-color: #0b2945 !important;background-position: center !important;background-repeat: no-repeat !important;background-size: cover !important;}&#8221;][vc_column][vc_custom_heading text=&#8221;FRISKE NORDISKE INGREDIENSER&#8221; font_container=&#8221;tag:h3|text_align:center|color:%23fff9f7&#8243; use_theme_fonts=&#8221;yes&#8221; css=&#8221;.vc_custom_1606475029737{padding-top: 50px !important;}&#8221;][vc_custom_heading text=&#8221;SVINEKJ\u00d8TT, SOYAKREME, GRAHAMMEEL, SILD, LIME, SALT&#8221; font_container=&#8221;tag:h3|font_size:64|text_align:center|color:%23d54966&#8243; use_theme_fonts=&#8221;yes&#8221;][\/vc_column][\/vc_row][vc_row full_width=&#8221;stretch_row&#8221; css=&#8221;.vc_custom_1644854123365{padding-top: 60px !important;padding-bottom: 0px !important;}&#8221;][vc_column width=&#8221;6\/12&#8243;][vc_column_text]<\/p>\n<h2>V\u00e5re katter fortjener ekte, fersk kattemat<\/h2>\n<p>Til gjengjeld for all gleden de gir oss, \u00f8nsker vi \u00e5 sikre at kattene v\u00e5re er glade og sunne. Derfor har vi laget ferske m\u00e5ltider som er enkle \u00e5 servere..<\/p>\n<p>V\u00e5r kattemat inneholder ekte kj\u00f8tt og h\u00f8ykvalitets fisk som hovedingrediens. Dette betyr bedre ern\u00e6ring og naturlig v\u00e6skebalanse. Vi bruker r\u00e5varer fra nord, og damper forsiktig all kattematen v\u00e5r slik at den er klar til servering.<\/p>\n<p>\u2705 God smak og lukt &#8211; kattene elsker det!<br \/>\n\u2705 Med alle n\u00f8dvendige vitaminer og mineraler<br \/>\n\u2705 Ingen konserveringsmidler, smaker eller farger[\/vc_column_text]<a href=\"#topp\" class=\"konte-button button-normal text-default align-inline medium   button square\">Rekkef\u00f8lge<\/a><div class=\"konte-empty-space \" style=\"height: 60px\"><\/div>[\/vc_column][vc_column width=&#8221;6\/12&#8243;][vc_single_image image=&#8221;246113&#8243; img_size=&#8221;full&#8221; add_caption=&#8221;yes&#8221;][\/vc_column][\/vc_row][vc_row full_width=&#8221;stretch_row&#8221; css=&#8221;.vc_custom_1644854123365{padding-top: 60px !important;padding-bottom: 0px !important;}&#8221;][vc_column width=&#8221;6\/12&#8243;][vc_single_image image=&#8221;246118&#8243; img_size=&#8221;full&#8221; add_caption=&#8221;yes&#8221;][\/vc_column][vc_column width=&#8221;6\/12&#8243;][vc_column_text]<\/p>\n<h2>Det er p\u00e5 tide med en ny type kattemat v\u00e5tf\u00f4r og t\u00f8rrf\u00f4r \u2013 v\u00e5re katter fortjener bedre!<\/h2>\n<p>Utvalget av t\u00f8rrpellets og hermetikkf\u00f4r med v\u00e5t kattemat er stort, men vi synes det var p\u00e5 tide \u00e5 tilby kattene v\u00e5re bedre mat! Derfor har vi laget kattemat som er s\u00e5 ferskt at du bare finner det i kj\u00f8leskapet!<\/p>\n<p>Fullpakket med n\u00e6ring gir M\u00c6T fersk kattemat katten din alt den \u00f8nsker og trenger &#8211; og ingenting den ikke gj\u00f8r. Vi har ingen fyllstoffer, ingen tilsetningsstoffer, ingen &#8220;kj\u00f8ttpulver&#8221; eller konserveringsmidler. Bare det aller beste for din lille venn.[\/vc_column_text]<a href=\"#topp\" class=\"konte-button button-normal text-default align-inline medium   button square\">Rekkef\u00f8lge<\/a>[\/vc_column][\/vc_row][vc_row full_width=&#8221;stretch_row&#8221; css=&#8221;.vc_custom_1646078561649{padding-top: 60px !important;padding-bottom: 0px !important;}&#8221;][vc_column width=&#8221;6\/12&#8243;][vc_column_text]<\/p>\n<h2>En sunnere og enklere hverdag<\/h2>\n<p>Livet som katteeier er travelt \u2013 vi \u00f8nsker \u00e5 gj\u00f8re det enklere for deg. La oss levere fersk og sunn kattemat rett p\u00e5 d\u00f8ren. Mens du har det g\u00f8y, ordner vi alt det praktiske.<\/p>\n<p>N\u00e5r du gir katten fersk kattemat fra M\u00c6T , kan du f\u00f8le deg trygg p\u00e5 at den f\u00e5r i seg de n\u00f8dvendige vitaminer, mineraler, fibre og proteiner. Legg vekk bekymringene og ha mer tid til mange fantastiske opplevelser med din lille firbeinte venn\u2764\ufe0f[\/vc_column_text]<a href=\"#topp\" class=\"konte-button button-normal text-default align-inline medium   button square\">Rekkef\u00f8lge<\/a><div class=\"konte-empty-space \" style=\"height: 30px\"><\/div>[\/vc_column][vc_column width=&#8221;6\/12&#8243;][vc_single_image image=&#8221;246123&#8243; img_size=&#8221;full&#8221; add_caption=&#8221;yes&#8221;][\/vc_column][\/vc_row][vc_row full_width=&#8221;stretch_row&#8221; css=&#8221;.vc_custom_1606474520510{padding-top: 40px !important;padding-bottom: 40px !important;background-position: center !important;background-repeat: no-repeat !important;background-size: contain !important;}&#8221;][vc_column][vc_custom_heading text=&#8221;N\u00e6ringsinnhold&#8221; use_theme_fonts=&#8221;yes&#8221; css=&#8221;.vc_custom_1606297081281{padding-bottom: 15px !important;}&#8221;][\/vc_column][vc_column width=&#8221;1\/2&#8243;][vc_column_text]<\/p>\n<p class=\"p2\"><strong>N\u00c6RINGSINNHOLD <\/strong><\/p>\n<p class=\"p2\">Energi\/Energi 5,2 MJ\/kg<br \/>\nProtein &#8230;&#8230;&#8230;&#8230;&#8230;&#8230;&#8230;&#8230;&#8230;. 11,0%<br \/>\nFet\/Fet &#8230;&#8230;&#8230;&#8230;&#8230;&#8230;&#8230;&#8230;&#8230; 6,5 %<br \/>\nGl\u00f8dingsrester &#8230;&#8230;&#8230; 2,0 %<br \/>\nLime &#8230;&#8230;&#8230;&#8230;&#8230;&#8230;&#8230;&#8230;&#8230;&#8230;.. 0,4 %<br \/>\nFosfor &#8230;&#8230;&#8230;&#8230;&#8230;&#8230;&#8230;&#8230;&#8230;&#8230;&#8230;.. 0,3 %<\/p>\n<p class=\"p2\">Vanninnhold: 71,0 %<br \/>\nKj\u00f8ttinnhold: 32%<\/p>\n<p>[\/vc_column_text][\/vc_column][vc_column width=&#8221;1\/2&#8243;][\/vc_column][\/vc_row][vc_row][vc_column width=&#8221;2\/12&#8243;][\/vc_column][vc_column width=&#8221;8\/12&#8243;][vc_custom_heading text=&#8221;N\u00e6ringsinnhold&#8221; use_theme_fonts=&#8221;yes&#8221; css=&#8221;.vc_custom_1606297081281{padding-bottom: 15px !important;}&#8221;][vc_toggle title=&#8221;Fordeler med sild i kattemat&#8221;]Sild inneholder de ber\u00f8mte omega-3- og 6-fettsyrene, essensielle for et bredt spekter av biologiske funksjoner: hudkvalitet, leddfleksibilitet, nevronfunksjon og kardiovaskul\u00e6r beskyttelse. Disse omega 3-ene vil ogs\u00e5 ha anti-inflammatoriske effekter, nyttige i behandlingen av patologier som astma, leddgikt, psoriasis og inflammatoriske tarmsykdommer.<\/p>\n<p>Sild inneholder ogs\u00e5 vitamin A og D. Vitamin A er spesielt involvert i syn og fruktbarhet. N\u00e5r det gjelder vitamin D, er det ekstremt viktig; det tilskrives til og med hormonelle egenskaper. Det er involvert i mange fysiologiske funksjoner (immunitet, fertilitet, ossifikasjon, etc.).<\/p>\n<p>Sild har en h\u00f8y konsentrasjon av selen, et sporelement hvis antioksidantegenskaper har blitt mye demonstrert. Dermed vil det bidra til \u00e5 forhindre for tidlig aldring av celler for\u00e5rsaket av frie radikaler.[\/vc_toggle][vc_toggle title=&#8221;Hva er fordelene med ferskt svinekj\u00f8tt?&#8221;]Svinekj\u00f8tt gir katten din animalsk protein og vitaminer. Det er en kilde til taurin, som er avgj\u00f8rende for utviklingen av musklene, hjernen og netthinnen til kj\u00e6ledyret ditt. I tillegg inneholder svinekj\u00f8tt vitamin B, som bidrar til \u00e5 styrke kattens immunsystem. Faktisk spiller vitamin B1 eller tiamin en viktig funksjon i mekanismen til dyrets nervesystem. Svinekj\u00f8tt gir ogs\u00e5 en h\u00f8y konsentrasjon av mineraler som jern, kobber, magnesium, fosfor og sink.<\/p>\n<p>Organer er ogs\u00e5 inkludert i denne dietten, som har f\u00f8lgende fordeler:<br \/>\n<strong>Lever:<\/strong> En god kilde til protein, kobber, folsyre og jern: Lever forbedrer utholdenheten og styrken til v\u00e5re hunder og katter.<\/p>\n<p><strong>Nyrer<\/strong> : En ekte vitamin B12-kur som er avgj\u00f8rende for at nervesystemet og hjernen til v\u00e5re sm\u00e5 venner skal fungere ordentlig. Rik p\u00e5 riboflavin og jern inneholder de ogs\u00e5 B6, som er superviktig for \u00e5 \u00f8ke immuniteten!<\/p>\n<p><strong>Hjerte:<\/strong> Den er rik p\u00e5 aminosyrer og mineraler som selen, fosfor og sink. Nok til \u00e5 styrke musklene og forbedre stoffskiftet til v\u00e5re mestere![\/vc_toggle][vc_toggle title=&#8221;Fordeler med soyasaus i kattemat&#8221;]Soyasaus har en h\u00f8y verdi av mineralsalter og tilstedev\u00e6relsen av avhengighet med denne sausen, s\u00e5 en diett som inneholder soyasaus vil v\u00e6re lettere \u00e5 gi kattene dine. Tilstede i kattemat med m\u00e5te, ja, soyasaus er bra for kattehelsen! Det har flere gunstige effekter:<\/p>\n<ul>\n<li>Det letter ford\u00f8yelsen ved \u00e5 stimulere utskillelsen av magesaft;<\/li>\n<li>Melkesyrekonsentrasjonen i den styrker tarmfloraen s\u00e5 vel som assimileringen av n\u00e6ringsstoffer;<\/li>\n<li>Innholdet av havsalt gir essensielle mineraler og sporstoffer.<\/li>\n<\/ul>\n<p>[\/vc_toggle][vc_toggle title=&#8221;Fordeler med lime&#8221;]Lime gir katten vitamin C, som ogs\u00e5 bidrar til \u00e5 redusere stress. Den beskytter oss mot virus- og bakterieinfeksjoner, hjelper oss med \u00e5 absorbere jern, og dens antioksidantvirkning bidrar til \u00e5 bekjempe frie radikaler.<\/p>\n<p>Kalk karakteriseres som en leverand\u00f8r av mineraler, spesielt magnesium, kalsium og kalium, men ogs\u00e5 flavonoider og karotenoider. I tillegg til \u00e5 n\u00f8ytralisere frie radikaler, spiller disse antioksidantene en forebyggende rolle mot betennelsessykdommer, visse former for kreft og hjerte- og karsykdommer. Det gir ogs\u00e5 viktig fiber for god ford\u00f8yelsespassasje. Lime hjelper med \u00e5 avgifte leveren. Faktisk, ved \u00e5 stimulere magesaft, letter det ford\u00f8yelsen og fremmer eliminering av giftstoffer samtidig som den gjenoppretter kroppens syre-base-balanse.[\/vc_toggle][vc_toggle title=&#8221;Fordelene med et h\u00f8yt v\u00e6skeniv\u00e5&#8221;]Det er viktig \u00e5 holde katten hydrert for \u00e5 forhindre dannelse av nyrestein. Vann hjelper med utskillelse av giftstoffer og akselererer celledeling og fornyelse, noe som \u00f8ker blodsirkulasjonen og gode utvekslinger i kroppen.[\/vc_toggle][\/vc_column][vc_column width=&#8221;2\/12&#8243;][\/vc_column][\/vc_row]<\/p>\n<\/div>","protected":false},"excerpt":{"rendered":"<p><span style=\"font-weight: 400;\">Et unikt ferskt kattef\u00f4r, som er et godt valg for \u00e5 st\u00f8tte velv\u00e6re i pelsen og leddene takket v\u00e6re de gode omega-3 fettsyrene. En forbedring av vanlig kattemat v\u00e5tf\u00f4r. Egnet for daglig f\u00f4ring av katter av alle raser.<\/span><\/p>\n<p><span style=\"font-weight: 400;\">Pate Pate er en kattematoppskrift i gourmet-stil med svin og sild som gir katten din gode proteiner og essensielle aminosyrer. Sild er en utmerket kilde til protein og vitamin D og Omega-3 fettsyrer. <\/span><\/p>\n<p><span style=\"font-weight: 400;\">Fersk mat av h\u00f8y kvalitet oppbevares i kj\u00f8leskapet. Fersk mat er sk\u00e5nsomt tilberedt av sous vide \u2013 en tilberedningsmetode som forbedrer utnyttelsen av r\u00e5varen i kattens ford\u00f8yelsessystem. Alle M\u00c6Ts produkter er fri for konserveringsmidler og inneholder ikke skadelige tilsetningsstoffer.  <\/span><\/p>\n<p><strong>NETTOVEKT: 500 g<\/strong><br \/>\n <strong>KJ\u00d8TTINNHOLD: 32 %<\/strong><br \/>\n <strong>FETTINNHOLD: 6,5 %<\/strong><\/p>\n<p><span style=\"font-weight: 400;\"><strong>INGREDIENSER<\/strong> : Finsk svinekj\u00f8tt og organer, vann, soyab\u00f8nnemel, grahamsmel, sild, lime, salt.<\/span><\/p>\n<div class=\"klaviyo-form-YwZvnx\"><\/div>\n","protected":false},"featured_media":237850,"comment_status":"open","ping_status":"closed","template":"","meta":{"inline_featured_image":false},"product_brand":[],"product_cat":[674],"product_tag":[],"class_list":{"0":"post-241828","1":"product","2":"type-product","3":"status-publish","4":"has-post-thumbnail","6":"product_cat-kattemat","7":"product_shipping_class-fersk-mat","9":"first","10":"outofstock","11":"taxable","12":"shipping-taxable","13":"purchasable","14":"product-type-simple"},"composite_virtual":false,"composite_layout":"","composite_add_to_cart_form_location":"","composite_editable_in_cart":false,"composite_sold_individually_context":"","composite_shop_price_calc":"","composite_components":[],"composite_scenarios":[],"bundled_by":[],"bundle_stock_status":"outofstock","bundle_stock_quantity":null,"bundle_virtual":false,"bundle_layout":"","bundle_add_to_cart_form_location":"","bundle_editable_in_cart":false,"bundle_sold_individually_context":"","bundle_item_grouping":"","bundle_min_size":"","bundle_max_size":"","bundle_price":[],"bundled_items":[],"bundle_sell_ids":[],"_links":{"self":[{"href":"https:\/\/maetpets.com\/no\/wp-json\/wp\/v2\/product\/241828","targetHints":{"allow":["GET"]}}],"collection":[{"href":"https:\/\/maetpets.com\/no\/wp-json\/wp\/v2\/product"}],"about":[{"href":"https:\/\/maetpets.com\/no\/wp-json\/wp\/v2\/types\/product"}],"replies":[{"embeddable":true,"href":"https:\/\/maetpets.com\/no\/wp-json\/wp\/v2\/comments?post=241828"}],"wp:featuredmedia":[{"embeddable":true,"href":"https:\/\/maetpets.com\/no\/wp-json\/wp\/v2\/media\/237850"}],"wp:attachment":[{"href":"https:\/\/maetpets.com\/no\/wp-json\/wp\/v2\/media?parent=241828"}],"wp:term":[{"taxonomy":"product_brand","embeddable":true,"href":"https:\/\/maetpets.com\/no\/wp-json\/wp\/v2\/product_brand?post=241828"},{"taxonomy":"product_cat","embeddable":true,"href":"https:\/\/maetpets.com\/no\/wp-json\/wp\/v2\/product_cat?post=241828"},{"taxonomy":"product_tag","embeddable":true,"href":"https:\/\/maetpets.com\/no\/wp-json\/wp\/v2\/product_tag?post=241828"}],"curies":[{"name":"wp","href":"https:\/\/api.w.org\/{rel}","templated":true}]}}