{"id":241822,"date":"2022-03-26T13:14:50","date_gmt":"2022-03-26T12:14:50","guid":{"rendered":"https:\/\/maetpets.com\/product\/toppl\/"},"modified":"2023-08-30T20:33:36","modified_gmt":"2023-08-30T18:33:36","slug":"toppl-hundeleker","status":"publish","type":"product","link":"https:\/\/maetpets.com\/no\/produkt\/toppl-hundeleker\/","title":{"rendered":"Toppl"},"content":{"rendered":"<div class=\"wpb-content-wrapper\"><p>[vc_row full_width=&#8221;stretch_row&#8221; css=&#8221;.vc_custom_1640684961874{padding-top: 60px !important;padding-bottom: 30px !important;background-color: #fff9f7 !important;}&#8221;][vc_column width=&#8221;6\/12&#8243;][vc_single_image image=&#8221;237788&#8243; img_size=&#8221;full&#8221; add_caption=&#8221;yes&#8221;][\/vc_column][vc_column width=&#8221;6\/12&#8243;][vc_column_text]<\/p>\n<h2>Toppl Hundeleker for aktivering<\/h2>\n<p>Toppl West Paw er laget av ekstra sterk gummi, og egner seg spesielt godt til tunge tyggende hunder.<\/p>\n<ul>\n<li>Det er et 100 % resirkulerbart produkt laget i USA.<\/li>\n<li>Emballasjen som Toppl er pakket i er ogs\u00e5 resirkulert materiale.<\/li>\n<li>Topper er laget av Zogoflex, som er et ekstremt slitesterkt materiale som er spesiallaget for \u00e5 t\u00e5le kraftige bitt. Zogoflex inneholder ingen giftige stoffer.<\/li>\n<\/ul>\n<p>[\/vc_column_text][\/vc_column][\/vc_row][vc_row full_width=&#8221;stretch_row&#8221; css=&#8221;.vc_custom_1640175618733{padding-top: 30px !important;padding-bottom: 30px !important;}&#8221;][vc_column width=&#8221;6\/12&#8243;][vc_column_text]<\/p>\n<h2>Toppl hundelekefyll<\/h2>\n<p>En Toppl er enda mer fristende n\u00e5r den er fylt med M\u00c6T Deli og snacks. T\u00e5ler oppvaskmaskin for enkel rengj\u00f8ring.<\/p>\n<p>Du kan ogs\u00e5 kj\u00f8pe en av hver st\u00f8rrelse og sette dem sammen, for en helt ny aktivitetsleke.<\/p>\n<p><span style=\"font-weight: 400;\">Bonus: For en ekstra utfordring kan du fryse den til maten er halvhard, deretter utfordre hunden din p\u00e5 alle sanser og kunnskaper.<\/span>[\/vc_column_text][\/vc_column][vc_column width=&#8221;6\/12&#8243;]<div class=\"konte-product-grid konte-products  \"><div class=\"woocommerce columns-3 \"><ul class=\"products hover-slider columns-3\"><li class=\"product type-product post-244549 status-publish first outofstock product_cat-hundemad product_tag-deli product_tag-hundemad-okse has-post-thumbnail taxable shipping-taxable purchasable product-type-simple\">\n\t<div class=\"product-inner\"><span class=\"woocommerce-badges woocommerce-badges--round\"><span class=\"sold-out woocommerce-badge\"><span>Udsolgt<\/span><\/span><\/span><div class=\"product-thumbnail\"><a href=\"https:\/\/maetpets.com\/produkt\/beef-deli-hundefoder-med-okse\/\" class=\"woocommerce-LoopProduct-link woocommerce-loop-product__link\"><img loading=\"lazy\" decoding=\"async\" width=\"555\" height=\"555\" src=\"https:\/\/maetpets.com\/wp-content\/uploads\/hundefoder-med-okse-beef-deli-maet-pets.jpg\" class=\"attachment-woocommerce_thumbnail size-woocommerce_thumbnail\" alt=\"Beef Deli\" srcset=\"https:\/\/maetpets.com\/wp-content\/uploads\/hundefoder-med-okse-beef-deli-maet-pets.jpg 555w, https:\/\/maetpets.com\/wp-content\/uploads\/hundefoder-med-okse-beef-deli-maet-pets-300x300.jpg 300w, https:\/\/maetpets.com\/wp-content\/uploads\/hundefoder-med-okse-beef-deli-maet-pets-150x150.jpg 150w\" sizes=\"auto, (max-width: 555px) 100vw, 555px\" \/><\/a><\/div><div class=\"product-summary\"><h2 class=\"woocommerce-loop-product__title\"><a href=\"https:\/\/maetpets.com\/produkt\/beef-deli-hundefoder-med-okse\/\" class=\"woocommerce-LoopProduct-link woocommerce-loop-product__link\">Beef Deli<\/a><\/h2>\n\t<span class=\"price\"><span class=\"woocommerce-Price-amount amount\"><bdi>45,00&nbsp;<span class=\"woocommerce-Price-currencySymbol\">kr.<\/span><\/bdi><\/span><\/span>\n<div class=\"buttons clearfix\"><a href=\"https:\/\/maetpets.com\/produkt\/beef-deli-hundefoder-med-okse\/\" aria-describedby=\"woocommerce_loop_add_to_cart_link_describedby_244549\" data-quantity=\"1\" class=\"button product_type_simple woocommerce-loop-product__button\" data-product_id=\"244549\" data-product_sku=\"MAET203\" aria-label=\"Les mer om \u00abBeef Deli\u00bb\" rel=\"nofollow\" data-success_message=\"\">Les mer<\/a>\t<span id=\"woocommerce_loop_add_to_cart_link_describedby_244549\" class=\"screen-reader-text\">\n\t\t\t<\/span>\n<\/div><\/div><\/div><\/li>\n<li class=\"product type-product post-241855 status-publish outofstock product_cat-hundefutter product_tag-feinkost product_tag-hundefutter-mit-schwein has-post-thumbnail taxable shipping-taxable purchasable product-type-simple\">\n\t<div class=\"product-inner\"><span class=\"woocommerce-badges woocommerce-badges--round\"><span class=\"sold-out woocommerce-badge\"><span>Udsolgt<\/span><\/span><\/span><div class=\"product-thumbnail product-thumbnails--slider\"><a href=\"https:\/\/maetpets.com\/de\/produkt\/schweinefleisch-feinkost-hundefutter-ohne-getreide\/\" class=\"woocommerce-LoopProduct-link woocommerce-loop-product__link\"><img loading=\"lazy\" decoding=\"async\" width=\"680\" height=\"680\" src=\"https:\/\/maetpets.com\/wp-content\/uploads\/pork_deli_tall_maet-680x680.jpg\" class=\"attachment-woocommerce_thumbnail size-woocommerce_thumbnail\" alt=\"Schweinefleisch Deli\" srcset=\"https:\/\/maetpets.com\/wp-content\/uploads\/pork_deli_tall_maet-680x680.jpg 680w, https:\/\/maetpets.com\/wp-content\/uploads\/pork_deli_tall_maet-150x150.jpg 150w\" sizes=\"auto, (max-width: 680px) 100vw, 680px\" \/><\/a><a href=\"https:\/\/maetpets.com\/de\/produkt\/schweinefleisch-feinkost-hundefutter-ohne-getreide\/\" class=\"woocommerce-LoopProduct-link woocommerce-loop-product__link\"><img data-lazy=\"https:\/\/maetpets.com\/wp-content\/uploads\/pork-deli-maet-pets.jpg\" width=\"680\" height=\"544\" alt=\"Schweinefleisch Deli\" class=\"slick-loading\"><\/a><\/div><div class=\"product-summary\"><h2 class=\"woocommerce-loop-product__title\"><a href=\"https:\/\/maetpets.com\/de\/produkt\/schweinefleisch-feinkost-hundefutter-ohne-getreide\/\" class=\"woocommerce-LoopProduct-link woocommerce-loop-product__link\">Schweinefleisch Deli<\/a><\/h2>\n\t<span class=\"price\"><span class=\"woocommerce-Price-amount amount\"><bdi>45,00&nbsp;<span class=\"woocommerce-Price-currencySymbol\">kr.<\/span><\/bdi><\/span><\/span>\n<div class=\"buttons clearfix\"><a href=\"https:\/\/maetpets.com\/de\/produkt\/schweinefleisch-feinkost-hundefutter-ohne-getreide\/\" aria-describedby=\"woocommerce_loop_add_to_cart_link_describedby_241855\" data-quantity=\"1\" class=\"button product_type_simple woocommerce-loop-product__button\" data-product_id=\"241855\" data-product_sku=\"MAET202\" aria-label=\"Les mer om \u00abSchweinefleisch Deli\u00bb\" rel=\"nofollow\" data-success_message=\"\">Les mer<\/a>\t<span id=\"woocommerce_loop_add_to_cart_link_describedby_241855\" class=\"screen-reader-text\">\n\t\t\t<\/span>\n<\/div><\/div><\/div><\/li>\n<\/ul><\/div><\/div>[\/vc_column][\/vc_row][vc_row full_width=&#8221;stretch_row&#8221; css=&#8221;.vc_custom_1640684961874{padding-top: 60px !important;padding-bottom: 30px !important;background-color: #fff9f7 !important;}&#8221;][vc_column width=&#8221;6\/12&#8243;][vc_single_image image=&#8221;237792&#8243; img_size=&#8221;full&#8221;][\/vc_column][vc_column width=&#8221;6\/12&#8243;][vc_column_text]<\/p>\n<h2>Aktiveringsinspirasjon<\/h2>\n<p><strong>1 Kombiner en liten og stor Toppl<\/strong><br \/>\nStable liten Toppl opp\u00e5 en fylt stor Toppl.<\/p>\n<p><strong>2 Trykk sammen<\/strong><br \/>\nTrykk \u00e9n gang og kombiner de to Toppl til et supermorsomt godbit-puslespill.<\/p>\n<p><strong>3 Snu<\/strong><br \/>\nFor mer av en utfordring, snu Toppl og l\u00e5s den.<\/p>\n<p><strong>4 V\u00e6r kreativ<\/strong><br \/>\nF\u00f8lg oss p\u00e5 instagram og se hvordan v\u00e5re kunder aktiverer hunden sin.[\/vc_column_text][\/vc_column][\/vc_row][vc_row][vc_column][vc_video link=&#8221;https:\/\/youtu.be\/xERazADC6H0&#8243;][\/vc_column][\/vc_row]<\/p>\n<\/div>","protected":false},"excerpt":{"rendered":"<p>Toppl er en fantastisk aktiverende hundeleke. Toppl egner seg godt til tungttyggende hunder og kan fylles med bl.a. M\u00c6T fersk hundemat eller v\u00e5re naturlige godbiter.<\/p>\n<p><strong>Aktiverer servering<\/strong><\/p>\n<p>Toppl tipper og velter n\u00e5r hunden din pr\u00f8ver \u00e5 f\u00e5 ut maten. Det kan holde hunden din underholdt og mentalt stimulert. Toppl er designet for hunder i alle stadier av livet.<\/p>\n<p>&nbsp;<\/p>\n<ul>\n<li>Aktivitetshundeleker for M\u00c6T fersk hundemat og snacks<\/li>\n<li>Laget av resirkulerbart materiale uten lateks og ftalater<\/li>\n<li>Designet for interaktiv overv\u00e5ket lek og hunder i alle st\u00f8rrelser<\/li>\n<li>T\u00e5ler vask i oppvaskmaskin<\/li>\n<\/ul>\n<p><b>West Paw Toppl Treat Toy er tilgjengelig i bl\u00e5 og gr\u00f8nn i f\u00f8lgende to st\u00f8rrelser<\/b><\/p>\n<ul>\n<li>Toppl Small m\u00e5ler 7,5 cm &#8211; for valper, sm\u00e5 og mellomstore hunder<\/li>\n<li>Toppl Large m\u00e5ler 10 cm &#8211; for store hunder over ca. 20 kg<\/li>\n<li>Small og Large kan kombineres for ekstra utfordrende lek.<\/li>\n<\/ul>\n","protected":false},"featured_media":238457,"comment_status":"open","ping_status":"closed","template":"","meta":{"inline_featured_image":false},"product_brand":[],"product_cat":[1072,659,651],"product_tag":[1023,669,1118],"class_list":{"0":"post-241822","1":"product","2":"type-product","3":"status-publish","4":"has-post-thumbnail","6":"product_cat-aktiv-foring","7":"product_cat-aktivitetslek-no","8":"product_cat-hundeleker","9":"product_tag-leker-for-valper","10":"product_tag-toppl-no","11":"product_tag-utvalgte","12":"product_shipping_class-post-no","14":"first","15":"instock","16":"taxable","17":"shipping-taxable","18":"purchasable","19":"product-type-variable"},"composite_virtual":false,"composite_layout":"","composite_add_to_cart_form_location":"","composite_editable_in_cart":false,"composite_sold_individually_context":"","composite_shop_price_calc":"","composite_components":[],"composite_scenarios":[],"bundled_by":[],"bundle_stock_status":"instock","bundle_stock_quantity":null,"bundle_virtual":false,"bundle_layout":"","bundle_add_to_cart_form_location":"","bundle_editable_in_cart":false,"bundle_sold_individually_context":"","bundle_item_grouping":"","bundle_min_size":"","bundle_max_size":"","bundle_price":[],"bundled_items":[],"bundle_sell_ids":[],"_links":{"self":[{"href":"https:\/\/maetpets.com\/no\/wp-json\/wp\/v2\/product\/241822","targetHints":{"allow":["GET"]}}],"collection":[{"href":"https:\/\/maetpets.com\/no\/wp-json\/wp\/v2\/product"}],"about":[{"href":"https:\/\/maetpets.com\/no\/wp-json\/wp\/v2\/types\/product"}],"replies":[{"embeddable":true,"href":"https:\/\/maetpets.com\/no\/wp-json\/wp\/v2\/comments?post=241822"}],"wp:featuredmedia":[{"embeddable":true,"href":"https:\/\/maetpets.com\/no\/wp-json\/wp\/v2\/media\/238457"}],"wp:attachment":[{"href":"https:\/\/maetpets.com\/no\/wp-json\/wp\/v2\/media?parent=241822"}],"wp:term":[{"taxonomy":"product_brand","embeddable":true,"href":"https:\/\/maetpets.com\/no\/wp-json\/wp\/v2\/product_brand?post=241822"},{"taxonomy":"product_cat","embeddable":true,"href":"https:\/\/maetpets.com\/no\/wp-json\/wp\/v2\/product_cat?post=241822"},{"taxonomy":"product_tag","embeddable":true,"href":"https:\/\/maetpets.com\/no\/wp-json\/wp\/v2\/product_tag?post=241822"}],"curies":[{"name":"wp","href":"https:\/\/api.w.org\/{rel}","templated":true}]}}