{"id":241816,"date":"2022-04-05T18:08:04","date_gmt":"2022-04-05T16:08:04","guid":{"rendered":"https:\/\/maetpets.com\/product\/kong-extreme-hundeleker\/"},"modified":"2022-05-20T20:40:55","modified_gmt":"2022-05-20T18:40:55","slug":"kong-extreme-hundeleker","status":"publish","type":"product","link":"https:\/\/maetpets.com\/no\/produkt\/kong-extreme-hundeleker\/","title":{"rendered":"KONG Extreme Hundeleker"},"content":{"rendered":"<div class=\"wpb-content-wrapper\"><p>[vc_row full_width=&#8221;stretch_row&#8221; css=&#8221;.vc_custom_1640175618733{padding-top: 30px !important;padding-bottom: 30px !important;}&#8221;][vc_column width=&#8221;6\/12&#8243;][vc_column_text]<\/p>\n<h2>KONG hundelekefyll<\/h2>\n<p>EN KONGE er enda mer fristende n\u00e5r den er fylt med M\u00c6T Deli og snacks. T\u00e5ler oppvaskmaskin for enkel rengj\u00f8ring.<\/p>\n<p><span style=\"font-weight: 400;\">Bonus: For en ekstra utfordring kan du fryse den til maten er halvhard, deretter utfordre hunden din p\u00e5 alle sanser og kunnskaper.<\/span>[\/vc_column_text][\/vc_column][vc_column width=&#8221;6\/12&#8243;]<div class=\"konte-product-grid konte-products  \"><div class=\"woocommerce columns-3 \"><ul class=\"products hover-slider columns-3\"><li class=\"product type-product post-244549 status-publish first outofstock product_cat-hundemad product_tag-deli product_tag-hundemad-okse has-post-thumbnail taxable shipping-taxable purchasable product-type-simple\">\n\t<div class=\"product-inner\"><span class=\"woocommerce-badges woocommerce-badges--round\"><span class=\"sold-out woocommerce-badge\"><span>Udsolgt<\/span><\/span><\/span><div class=\"product-thumbnail\"><a href=\"https:\/\/maetpets.com\/produkt\/beef-deli-hundefoder-med-okse\/\" class=\"woocommerce-LoopProduct-link woocommerce-loop-product__link\"><img loading=\"lazy\" decoding=\"async\" width=\"555\" height=\"555\" src=\"https:\/\/maetpets.com\/wp-content\/uploads\/hundefoder-med-okse-beef-deli-maet-pets.jpg\" class=\"attachment-woocommerce_thumbnail size-woocommerce_thumbnail\" alt=\"Beef Deli\" srcset=\"https:\/\/maetpets.com\/wp-content\/uploads\/hundefoder-med-okse-beef-deli-maet-pets.jpg 555w, https:\/\/maetpets.com\/wp-content\/uploads\/hundefoder-med-okse-beef-deli-maet-pets-300x300.jpg 300w, https:\/\/maetpets.com\/wp-content\/uploads\/hundefoder-med-okse-beef-deli-maet-pets-150x150.jpg 150w\" sizes=\"auto, (max-width: 555px) 100vw, 555px\" \/><\/a><\/div><div class=\"product-summary\"><h2 class=\"woocommerce-loop-product__title\"><a href=\"https:\/\/maetpets.com\/produkt\/beef-deli-hundefoder-med-okse\/\" class=\"woocommerce-LoopProduct-link woocommerce-loop-product__link\">Beef Deli<\/a><\/h2>\n\t<span class=\"price\"><span class=\"woocommerce-Price-amount amount\"><bdi>45,00&nbsp;<span class=\"woocommerce-Price-currencySymbol\">kr.<\/span><\/bdi><\/span><\/span>\n<div class=\"buttons clearfix\"><a href=\"https:\/\/maetpets.com\/produkt\/beef-deli-hundefoder-med-okse\/\" aria-describedby=\"woocommerce_loop_add_to_cart_link_describedby_244549\" data-quantity=\"1\" class=\"button product_type_simple woocommerce-loop-product__button\" data-product_id=\"244549\" data-product_sku=\"MAET203\" aria-label=\"Les mer om \u00abBeef Deli\u00bb\" rel=\"nofollow\" data-success_message=\"\">Les mer<\/a>\t<span id=\"woocommerce_loop_add_to_cart_link_describedby_244549\" class=\"screen-reader-text\">\n\t\t\t<\/span>\n<\/div><\/div><\/div><\/li>\n<li class=\"product type-product post-241879 status-publish outofstock product_cat-hundemat product_tag-deli-no product_tag-hundemat-med-gris has-post-thumbnail taxable shipping-taxable purchasable product-type-simple\">\n\t<div class=\"product-inner\"><span class=\"woocommerce-badges woocommerce-badges--round\"><span class=\"sold-out woocommerce-badge\"><span>Udsolgt<\/span><\/span><\/span><div class=\"product-thumbnail product-thumbnails--slider\"><a href=\"https:\/\/maetpets.com\/no\/produkt\/svinekjoett-deli-hundemat-uten-korn\/\" class=\"woocommerce-LoopProduct-link woocommerce-loop-product__link\"><img loading=\"lazy\" decoding=\"async\" width=\"680\" height=\"680\" src=\"https:\/\/maetpets.com\/wp-content\/uploads\/pork_deli_tall_maet-680x680.jpg\" class=\"attachment-woocommerce_thumbnail size-woocommerce_thumbnail\" alt=\"Deli av svin\" srcset=\"https:\/\/maetpets.com\/wp-content\/uploads\/pork_deli_tall_maet-680x680.jpg 680w, https:\/\/maetpets.com\/wp-content\/uploads\/pork_deli_tall_maet-150x150.jpg 150w\" sizes=\"auto, (max-width: 680px) 100vw, 680px\" \/><\/a><a href=\"https:\/\/maetpets.com\/no\/produkt\/svinekjoett-deli-hundemat-uten-korn\/\" class=\"woocommerce-LoopProduct-link woocommerce-loop-product__link\"><img data-lazy=\"https:\/\/maetpets.com\/wp-content\/uploads\/pork-deli-maet-pets.jpg\" width=\"680\" height=\"544\" alt=\"Deli av svin\" class=\"slick-loading\"><\/a><\/div><div class=\"product-summary\"><h2 class=\"woocommerce-loop-product__title\"><a href=\"https:\/\/maetpets.com\/no\/produkt\/svinekjoett-deli-hundemat-uten-korn\/\" class=\"woocommerce-LoopProduct-link woocommerce-loop-product__link\">Deli av svin<\/a><\/h2>\n\t<span class=\"price\"><span class=\"woocommerce-Price-amount amount\"><bdi>45,00&nbsp;<span class=\"woocommerce-Price-currencySymbol\">kr.<\/span><\/bdi><\/span><\/span>\n<div class=\"buttons clearfix\"><a href=\"https:\/\/maetpets.com\/no\/produkt\/svinekjoett-deli-hundemat-uten-korn\/\" aria-describedby=\"woocommerce_loop_add_to_cart_link_describedby_241879\" data-quantity=\"1\" class=\"button product_type_simple woocommerce-loop-product__button\" data-product_id=\"241879\" data-product_sku=\"MAET202\" aria-label=\"Les mer om \u00abDeli av svin\u00bb\" rel=\"nofollow\" data-success_message=\"\">Les mer<\/a>\t<span id=\"woocommerce_loop_add_to_cart_link_describedby_241879\" class=\"screen-reader-text\">\n\t\t\t<\/span>\n<\/div><\/div><\/div><\/li>\n<\/ul><\/div><\/div>[\/vc_column][\/vc_row]<\/p>\n<\/div>","protected":false},"excerpt":{"rendered":"<p>KONG Extreme hundeleker representerer den mest holdbare styrken til KONG-gummi. Designet for de t\u00f8ffeste tyggere, KONG Extreme tilbyr berikelse og hjelper med \u00e5 tilfredsstille hundenes instinktive behov.<\/p>\n<p>KONGs unike, ultraholdbare naturgummiformel er designet for m\u00e5lbevisste tyggere, mens det uberegnelige hoppet m\u00f8ter en hunds behov for \u00e5 leke. Vil du forlenge spilletid? Pass p\u00e5 \u00e5 fylle med fristende biter av piller og lokk med en d\u00e6sj pean\u00f8ttsm\u00f8r.<\/p>\n<p>Legg til moroa ved \u00e5 legge til KONG Snacks og topp med KONG Easy Treat. Stuff and Freeze for en langsiktig utfordring.<\/p>\n","protected":false},"featured_media":239297,"comment_status":"open","ping_status":"closed","template":"","meta":{"inline_featured_image":false},"product_brand":[],"product_cat":[1072,659],"product_tag":[660],"class_list":{"0":"post-241816","1":"product","2":"type-product","3":"status-publish","4":"has-post-thumbnail","6":"product_cat-aktiv-foring","7":"product_cat-aktivitetslek-no","8":"product_tag-kong-no","9":"product_shipping_class-post-no","11":"first","12":"instock","13":"taxable","14":"shipping-taxable","15":"purchasable","16":"product-type-variable"},"composite_virtual":false,"composite_layout":"","composite_add_to_cart_form_location":"","composite_editable_in_cart":false,"composite_sold_individually_context":"","composite_shop_price_calc":"","composite_components":[],"composite_scenarios":[],"bundled_by":[],"bundle_stock_status":"instock","bundle_stock_quantity":null,"bundle_virtual":false,"bundle_layout":"","bundle_add_to_cart_form_location":"","bundle_editable_in_cart":false,"bundle_sold_individually_context":"","bundle_item_grouping":"","bundle_min_size":"","bundle_max_size":"","bundle_price":[],"bundled_items":[],"bundle_sell_ids":[],"_links":{"self":[{"href":"https:\/\/maetpets.com\/no\/wp-json\/wp\/v2\/product\/241816","targetHints":{"allow":["GET"]}}],"collection":[{"href":"https:\/\/maetpets.com\/no\/wp-json\/wp\/v2\/product"}],"about":[{"href":"https:\/\/maetpets.com\/no\/wp-json\/wp\/v2\/types\/product"}],"replies":[{"embeddable":true,"href":"https:\/\/maetpets.com\/no\/wp-json\/wp\/v2\/comments?post=241816"}],"wp:featuredmedia":[{"embeddable":true,"href":"https:\/\/maetpets.com\/no\/wp-json\/wp\/v2\/media\/239297"}],"wp:attachment":[{"href":"https:\/\/maetpets.com\/no\/wp-json\/wp\/v2\/media?parent=241816"}],"wp:term":[{"taxonomy":"product_brand","embeddable":true,"href":"https:\/\/maetpets.com\/no\/wp-json\/wp\/v2\/product_brand?post=241816"},{"taxonomy":"product_cat","embeddable":true,"href":"https:\/\/maetpets.com\/no\/wp-json\/wp\/v2\/product_cat?post=241816"},{"taxonomy":"product_tag","embeddable":true,"href":"https:\/\/maetpets.com\/no\/wp-json\/wp\/v2\/product_tag?post=241816"}],"curies":[{"name":"wp","href":"https:\/\/api.w.org\/{rel}","templated":true}]}}