{"id":241805,"date":"2022-04-05T18:25:50","date_gmt":"2022-04-05T16:25:50","guid":{"rendered":"https:\/\/maetpets.com\/product\/kong-valp-valpleker\/"},"modified":"2025-02-04T18:33:12","modified_gmt":"2025-02-04T17:33:12","slug":"valpekonge-valpleker","status":"publish","type":"product","link":"https:\/\/maetpets.com\/no\/produkt\/valpekonge-valpleker\/","title":{"rendered":"KONG Valp Valpleker"},"content":{"rendered":"<div class=\"wpb-content-wrapper\"><p>[vc_row][vc_column][vc_column_text]<\/p>\n<h2>KONG Puppy &#8211; Morsomt hundeleke for valper<\/h2>\n<p>Designet for \u00e5 m\u00f8te behovene til en valps 28 melketenner, hjelper den den \u00e5 l\u00e6re passende tyggeatferd samtidig som den tilbyr berikelse og tilfredsstiller en yngre valps instinktive behov, mens den uberegnelige sprett gj\u00f8r den ideell for de valpene som bare vil leke.<\/p>\n<p><strong>KONG Puppy er tilgjengelig i st\u00f8rrelser<\/strong><br \/>\nMiddels: ca. 8,5 cm.<br \/>\nStor: ca. 10,5 cm.<\/p>\n<p><strong>KONG Puppy er tilgjengelig i forskjellige farger<\/strong><br \/>\nRosa og lysebl\u00e5<\/p>\n<p>Laget i USA.<\/p>\n<h2>Hva kan KONG Puppy gj\u00f8re?<\/h2>\n<ul>\n<li><strong>Myk naturgummi:<\/strong> KONG Puppy er laget av myk og trygg naturgummi som er sk\u00e5nsom mot valpens \u00f8mme tenner og tannkj\u00f8tt.<\/li>\n<li><strong>Morsomt design:<\/strong> Det unike KONG-designet spretter uforutsigbart, fanger valpens oppmerksomhet og skaper timer med moro.<\/li>\n<li><strong>Lindrer tannkj\u00f8ttproblemer:<\/strong> Tygge KONG Puppy hjelper til med \u00e5 massere og lindre valpens s\u00e5re tannkj\u00f8tt under tanndannelse.<\/li>\n<li><strong>Ideell for \u00e5 fylle med fersk hundemat og snacks:<\/strong> Du kan fylle KONG Puppy med M\u00c6T fersk hundemat eller sm\u00e5 godbiter, som gir ekstra underholdning og mentale utfordringer.<\/li>\n<li><strong>Flere st\u00f8rrelser:<\/strong> KONG Puppy er tilgjengelig i forskjellige st\u00f8rrelser for \u00e5 passe forskjellige raser og aldre.<\/li>\n<\/ul>\n<h2>Hvorfor velge KONG Puppy Hundeleker<\/h2>\n<ul>\n<li><strong>Trygg og holdbar:<\/strong> KONG har en lang historie med \u00e5 produsere kvalitetsleker, og KONG Puppy er intet unntak. Den er laget for \u00e5 motst\u00e5 valpens \u00f8nske om \u00e5 tygge og er laget av materialer av h\u00f8y kvalitet.<\/li>\n<li><strong>Tannpleie:<\/strong> Valpens tannkj\u00f8tt trenger spesiell pleie, og KONG Puppy hjelper til med \u00e5 lindre ubehaget ved tenner.<\/li>\n<li><strong>Mental stimulering:<\/strong> I tillegg til \u00e5 v\u00e6re morsomt \u00e5 tygge p\u00e5, kan du bruke KONG Puppy til \u00e5 utfordre valpens intellekt ved \u00e5 fylle den med godbiter eller pasta.<\/li>\n<li><strong>Langvarig lek:<\/strong> KONG Puppy er kjent for sin holdbarhet og vil gi valpen timevis med underholdning.<\/li>\n<\/ul>\n<h2>Hvordan bruke KONG Puppy Hundeleker<\/h2>\n<ol>\n<li><strong>Fyll med godbiter:<\/strong> Fyll KONG Puppy med valpens favorittgodbiter eller hundepasta for \u00e5 gj\u00f8re leketiden enda mer spennende.<\/li>\n<li><strong>Overv\u00e5ket lek:<\/strong> La valpen leke med KONG Puppy under tilsyn for \u00e5 sikre at den brukes p\u00e5 en sikker m\u00e5te.<\/li>\n<\/ol>\n<p>[\/vc_column_text][\/vc_column][\/vc_row]<\/p>\n<\/div>","protected":false},"excerpt":{"rendered":"<p>KONG Puppy, det perfekte hundeleket\u00f8yet for valper. Laget av myk og trygg naturgummi, gir den timevis med lek og hjelper med \u00e5 berolige valpens tannkj\u00f8tt. L\u00e6r valpen \u00e5 leke og lete!<\/p>\n<p>KONG Puppy er en KONG hundeleke skreddersydd for en voksende valps melketenner, den unike, naturlige gummiformelen er den mest sk\u00e5nsomme innen KONGs gummilekeserie.<\/p>\n<ul>\n<li>Valpen er hul innvendig og klar til \u00e5 stoppe med M\u00c6T Fersk hundemat.<\/li>\n<li>Hopper uberegnelig, noe som alltid er g\u00f8y.<\/li>\n<li>Du kan trekke en snor igjennom hvis KONG Puppy skal brukes til \u00e5 kaste eller trekke leker.<\/li>\n<\/ul>\n","protected":false},"featured_media":239338,"comment_status":"open","ping_status":"closed","template":"","meta":{"inline_featured_image":false},"product_brand":[],"product_cat":[1072,659,651],"product_tag":[1023],"class_list":{"0":"post-241805","1":"product","2":"type-product","3":"status-publish","4":"has-post-thumbnail","6":"product_cat-aktiv-foring","7":"product_cat-aktivitetslek-no","8":"product_cat-hundeleker","9":"product_tag-leker-for-valper","10":"product_shipping_class-post-no","12":"first","13":"instock","14":"taxable","15":"shipping-taxable","16":"purchasable","17":"product-type-variable","18":"has-default-attributes"},"composite_virtual":false,"composite_layout":"","composite_add_to_cart_form_location":"","composite_editable_in_cart":false,"composite_sold_individually_context":"","composite_shop_price_calc":"","composite_components":[],"composite_scenarios":[],"bundled_by":[],"bundle_stock_status":"instock","bundle_stock_quantity":null,"bundle_virtual":false,"bundle_layout":"","bundle_add_to_cart_form_location":"","bundle_editable_in_cart":false,"bundle_sold_individually_context":"","bundle_item_grouping":"","bundle_min_size":"","bundle_max_size":"","bundle_price":[],"bundled_items":[],"bundle_sell_ids":[],"_links":{"self":[{"href":"https:\/\/maetpets.com\/no\/wp-json\/wp\/v2\/product\/241805","targetHints":{"allow":["GET"]}}],"collection":[{"href":"https:\/\/maetpets.com\/no\/wp-json\/wp\/v2\/product"}],"about":[{"href":"https:\/\/maetpets.com\/no\/wp-json\/wp\/v2\/types\/product"}],"replies":[{"embeddable":true,"href":"https:\/\/maetpets.com\/no\/wp-json\/wp\/v2\/comments?post=241805"}],"wp:featuredmedia":[{"embeddable":true,"href":"https:\/\/maetpets.com\/no\/wp-json\/wp\/v2\/media\/239338"}],"wp:attachment":[{"href":"https:\/\/maetpets.com\/no\/wp-json\/wp\/v2\/media?parent=241805"}],"wp:term":[{"taxonomy":"product_brand","embeddable":true,"href":"https:\/\/maetpets.com\/no\/wp-json\/wp\/v2\/product_brand?post=241805"},{"taxonomy":"product_cat","embeddable":true,"href":"https:\/\/maetpets.com\/no\/wp-json\/wp\/v2\/product_cat?post=241805"},{"taxonomy":"product_tag","embeddable":true,"href":"https:\/\/maetpets.com\/no\/wp-json\/wp\/v2\/product_tag?post=241805"}],"curies":[{"name":"wp","href":"https:\/\/api.w.org\/{rel}","templated":true}]}}