{"id":241731,"date":"2020-11-10T14:44:33","date_gmt":"2020-11-10T13:44:33","guid":{"rendered":"https:\/\/maetpets.com\/product\/risotto-med-svinekjoett\/"},"modified":"2023-11-09T16:28:05","modified_gmt":"2023-11-09T15:28:05","slug":"svinekjoett-fest-risotto-fersk-hundemat","status":"publish","type":"product","link":"https:\/\/maetpets.com\/no\/produkt\/svinekjoett-fest-risotto-fersk-hundemat\/","title":{"rendered":"Risotto av svin"},"content":{"rendered":"<div class=\"wpb-content-wrapper\"><p>[vc_row full_width=&#8221;stretch_row&#8221; full_height=&#8221;yes&#8221; equal_height=&#8221;yes&#8221; content_placement=&#8221;middle&#8221; css=&#8221;.vc_custom_1606319309148{background-color: #2e1212 !important;background-position: center !important;background-repeat: no-repeat !important;background-size: cover !important;}&#8221;][vc_column][vc_custom_heading text=&#8221;FRISKE NORDISKE INGREDIENSER&#8221; font_container=&#8221;tag:h3|text_align:center|color:%23fff9f7&#8243; use_theme_fonts=&#8221;yes&#8221; css=&#8221;.vc_custom_1606319320202{padding-top: 50px !important;}&#8221;][vc_custom_heading text=&#8221;SVIN OG ORGEL, RIS, GULR\u00d8TTER, CAULIBURI, SPINAAT&#8221; font_container=&#8221;tag:h3|font_size:58|text_align:center|color:%237c5ba6&#8243; use_theme_fonts=&#8221;yes&#8221;][vc_single_image image=&#8221;237982&#8243; img_size=&#8221;full&#8221; alignment=&#8221;center&#8221;][\/vc_column][\/vc_row][vc_row full_width=&#8221;stretch_row&#8221; css=&#8221;.vc_custom_1606472585752{padding-top: 60px !important;padding-bottom: 60px !important;background-color: #fff9f7 !important;}&#8221;][vc_column width=&#8221;5\/12&#8243;][vc_single_image image=&#8221;237981&#8243; img_size=&#8221;360X360&#8243; alignment=&#8221;center&#8221;][\/vc_column][vc_column width=&#8221;7\/12&#8243;][vc_custom_heading text=&#8221;Daglig dosering&#8221; use_theme_fonts=&#8221;yes&#8221; css=&#8221;.vc_custom_1605879989446{padding-bottom: 30px !important;}&#8221;][vc_column_text]<b>Anbefalt daglig dosering:<\/b> 2,5 % av hundens kroppsvekt.<\/p>\n<p><b>Vekt \/ Anbefalt daglig rasjon<\/b><br \/>\n5 kg: 125-150g<br \/>\n10 kg: 250-300g<br \/>\n20 kg: 500 (tilsvarer ca. 1 p\u00f8lse)<br \/>\n30 kg: 750g<br \/>\n35 kg: 875g<br \/>\n40 kg: 1000g (tilsvarer ca. 2 p\u00f8lser)<\/p>\n<p>Ved dosering, ta hensyn til hundens aktivitet, trening, annen ern\u00e6ring og snacks.[\/vc_column_text][\/vc_column][\/vc_row][vc_row full_width=&#8221;stretch_row_content&#8221; css=&#8221;.vc_custom_1606473333052{padding-top: 100px !important;padding-bottom: 100px !important;background-color: #1d0f32 !important;background-position: center !important;background-repeat: no-repeat !important;background-size: cover !important;}&#8221;][vc_column width=&#8221;1\/3&#8243;][\/vc_column][vc_column width=&#8221;1\/3&#8243;][vc_custom_heading text=&#8221;\u00abEigil er en veldig kresen pinne, men han sm\u00f8rer den ferske kvalitetsmaten fra M\u00c6T Pets.&#8221; font_container=&#8221;tag:p|font_size:30|text_align:center|color:%23fff9f7&#8243; use_theme_fonts=&#8221;yes&#8221; css=&#8221;.vc_custom_1607534859664{padding-bottom: 50px !important;}&#8221;][vc_custom_heading text=&#8221;For mye popul\u00e6r hundemat inneholder avfallsrester og sagflis. Vi velger i stedet \u00e5 prioritere kvalitet, da den absorberes lettere, gir bedre ford\u00f8yelse og finere pels \u2013 og viktigst av alt en gladere hund.&#8221; font_container=&#8221;tag:p|font_size:30|text_align:center|color:%23fff9f7&#8243; use_theme_fonts=&#8221;yes&#8221; css=&#8221;.vc_custom_1607534867933{padding-bottom: 50px !important;}&#8221;][vc_custom_heading text=&#8221;Hvem vil ikke ha det for sin beste venn, og da til og med uten \u00e5 bli \u00f8delagt.&quot;&#8221; font_container=&#8221;tag:p|font_size:30|text_align:center|color:%23fff9f7&#8243; use_theme_fonts=&#8221;yes&#8221; css=&#8221;.vc_custom_1606473298341{padding-bottom: 50px !important;}&#8221;][vc_custom_heading text=&#8221;Emma, og hennes 1,5 \u00e5r gamle Eigil&#8221; font_container=&#8221;tag:h4|text_align:center|color:%23d54966&#8243; use_theme_fonts=&#8221;yes&#8221; css=&#8221;.vc_custom_1607505994849{padding-bottom: 50px !important;}&#8221; link=&#8221;url:https%3A%2F%2Fwww.instagram.com%2Fbluefrenchie_eigil%2F|target:_blank|&#8221;][vc_single_image image=&#8221;238020&#8243; alignment=&#8221;center&#8221;][\/vc_column][vc_column width=&#8221;1\/3&#8243;][\/vc_column][\/vc_row][vc_row full_width=&#8221;stretch_row&#8221; css=&#8221;.vc_custom_1663785070004{padding-top: 30px !important;padding-bottom: 30px !important;background-color: #fff9f7 !important;}&#8221;][vc_column width=&#8221;6\/12&#8243;][vc_single_image image=&#8221;246760&#8243; img_size=&#8221;full&#8221;][\/vc_column][vc_column width=&#8221;6\/12&#8243;][vc_custom_heading text=&#8221;Hundemat med gris og sunne gr\u00f8nnsaker&#8221; use_theme_fonts=&#8221;yes&#8221; css=&#8221;.vc_custom_1663785515781{padding-bottom: 20px !important;}&#8221;][vc_column_text]<span style=\"font-weight: 400;\">Gulr\u00f8tter og spinat inneholder vitamin A, som bidrar til \u00e5 senke kolesterolniv\u00e5et. <\/span><\/p>\n<p><span style=\"font-weight: 400;\">Spinat inneholder ogs\u00e5 magnesium og sink, som er bra for muskler, bein, nerver og hjertefunksjon. Blomk\u00e5l er rik p\u00e5 vitamin C og K, samt mineraler som kalsium og kalium, som st\u00f8tter syn, muskler, immunforsvar og tykktarmshelse.<\/span><\/p>\n<p><span style=\"font-weight: 400;\">Svinerisotto er spesielt bra for hunder med sensitiv mage, da ris bidrar til \u00e5 skape en naturlig balanse i hundens mage. I tillegg egner risottom\u00e5ltidene seg som allergivennlig hundemat. <\/span>[\/vc_column_text][\/vc_column][\/vc_row][vc_row full_width=&#8221;stretch_row&#8221; css=&#8221;.vc_custom_1653897702983{padding-top: 40px !important;padding-bottom: 30px !important;background-position: center !important;background-repeat: no-repeat !important;background-size: contain !important;}&#8221; el_id=&#8221;ern\u00e6ring&#8221;][vc_column][vc_custom_heading text=&#8221;N\u00e6ringsinnhold&#8221; use_theme_fonts=&#8221;yes&#8221; css=&#8221;.vc_custom_1606297081281{padding-bottom: 15px !important;}&#8221;][vc_column_text css=&#8221;.vc_custom_1607534847476{padding-bottom: 50px !important;}&#8221;]Et komplett m\u00e5ltid med kj\u00f8tt, gr\u00f8nnsaker og fiberrik ris.<br \/>\nInneholder alle n\u00e6ringsstoffer, vitaminer og mineraler<br \/>\nsom hunden din trenger.[\/vc_column_text][\/vc_column][vc_column width=&#8221;1\/2&#8243;][vc_column_text]<\/p>\n<p class=\"p2\"><strong>N\u00c6RINGSINNHOLD <\/strong><\/p>\n<p class=\"p2\">Energi 6,5 MJ\/kg 1063 kcal\/kg<br \/>\nProtein &#8230;&#8230;&#8230;&#8230;&#8230;&#8230;&#8230;&#8230;&#8230;&#8230;.. 9,0 %<br \/>\nFett\/fett &#8230;&#8230;&#8230;&#8230;&#8230;&#8230;&#8230;&#8230;&#8230;&#8230;..9,3 %<br \/>\nFiber &#8230;&#8230;&#8230;&#8230;&#8230;&#8230;&#8230;&#8230;&#8230;&#8230;.. 0,7 %<br \/>\nAske &#8230;&#8230;&#8230;&#8230;&#8230;&#8230;&#8230;&#8230; 1,6 %<br \/>\nKalsium &#8230;&#8230;&#8230;&#8230;&#8230;&#8230;&#8230;&#8230;&#8230; 0,2 %<br \/>\nFosfor\/fosfor &#8230;&#8230;&#8230;.0,1 %<\/p>\n<p class=\"p2\">V\u00e6skeinnhold: 68,9 %<br \/>\nKj\u00f8ttinnhold: 53 %<\/p>\n<p>[\/vc_column_text][\/vc_column][vc_column width=&#8221;1\/2&#8243;][vc_column_text]<b>Naturlig inneholdte n\u00e6ringsstoffer:<\/b><\/p>\n<p>Vitamin A 330 IE \/ kg, Vitamin D 358 IE \/ kg, Vitamin E 42 IE \/ kg, Vitamin C 69 mg \/ kg, Vitamin B1 0,6 mg \/ kg, Vitamin B2 3,4 mg \/ kg, vitamin B6 0,9 mg\/kg, vitamin B12 19 \u03bcg\/kg, biotin 801 \u03bcg\/kg, niacin 12 mg\/kg, pantotensyre 6 mg\/kg, folsyre 0,08 mg\/kg, sink 68 mg\/kg, natrium 1200 mg\/kg, jern 70 mg\/kg, kobber 50 mg\/kg, kalium 1,8 g\/kg, jod 430 \u03bcg\/kg.[\/vc_column_text][vc_column_text]<b>Herav tilsatte ern\u00e6ringsmessige tilsetningsstoffer:<\/b><\/p>\n<p>Vitamin D 450 IE \/ kg, Vitamin E 40 IE \/ kg, sink 60 mg \/ kg, magnesium 320 mg \/ kg, kobber 5 mg \/ kg, mangan 1,8 mg \/ kg, jod 430 \u03bcg \/ kg.[\/vc_column_text][\/vc_column][\/vc_row][vc_row full_width=&#8221;stretch_row&#8221; full_height=&#8221;yes&#8221; content_placement=&#8221;middle&#8221; css=&#8221;.vc_custom_1616918858935{padding-top: 60px !important;background-color: #1d0f32 !important;background-position: center !important;background-repeat: no-repeat !important;background-size: cover !important;}&#8221;][vc_column][vc_custom_heading text=&#8221;FRISK ER BEST&#8221; font_container=&#8221;tag:h2|font_size:70|text_align:center|color:%23ca3a3a&#8221; use_theme_fonts=&#8221;yes&#8221; css=&#8221;.vc_custom_1606407227094{padding-bottom: 100px !important;}&#8221;][\/vc_column][vc_column width=&#8221;1\/4&#8243;][vc_custom_heading text=&#8221;nordiske r\u00e5varer&#8221; font_container=&#8221;tag:h3|text_align:center|color:%23fff9f7&#8243; use_theme_fonts=&#8221;yes&#8221; css=&#8221;.vc_custom_1606319290786{padding-bottom: 15px !important;}&#8221;][vc_custom_heading text=&#8221;Ferskt kj\u00f8tt og gr\u00f8nnsaker&#8221; font_container=&#8221;tag:h3|text_align:center|color:%23fff9f7&#8243; use_theme_fonts=&#8221;yes&#8221; css=&#8221;.vc_custom_1615976452854{padding-bottom: 15px !important;}&#8221;][vc_custom_heading text=&#8221;Fylt med vitaminer&#8221; font_container=&#8221;tag:h3|text_align:center|color:%23fff9f7&#8243; use_theme_fonts=&#8221;yes&#8221; css=&#8221;.vc_custom_1606471751570{padding-bottom: 15px !important;}&#8221;][\/vc_column][vc_column width=&#8221;2\/4&#8243;][vc_single_image image=&#8221;237980&#8243; img_size=&#8221;full&#8221; alignment=&#8221;center&#8221;][\/vc_column][vc_column width=&#8221;1\/4&#8243;][vc_custom_heading text=&#8221;Enkelt protein&#8221; font_container=&#8221;tag:h3|text_align:center|color:%23fff9f7&#8243; use_theme_fonts=&#8221;yes&#8221; css=&#8221;.vc_custom_1606471758195{padding-bottom: 15px !important;}&#8221;][vc_custom_heading text=&#8221;H\u00f8y ford\u00f8yelighet&#8221; font_container=&#8221;tag:h3|text_align:center|color:%23fff9f7&#8243; use_theme_fonts=&#8221;yes&#8221; css=&#8221;.vc_custom_1606471765389{padding-bottom: 15px !important;}&#8221;][vc_custom_heading text=&#8221;Ingen konserveringsmidler&#8221; font_container=&#8221;tag:h3|text_align:center|color:%23fff9f7&#8243; use_theme_fonts=&#8221;yes&#8221; css=&#8221;.vc_custom_1614338374312{padding-bottom: 15px !important;}&#8221;][\/vc_column][\/vc_row][vc_row full_width=&#8221;stretch_row&#8221; css=&#8221;.vc_custom_1606295919975{padding-top: 30px !important;background-color: #fff9f7 !important;}&#8221;][vc_column width=&#8221;1\/12&#8243; css=&#8221;.vc_custom_1605784949857{background-color: #fff9f7 !important;}&#8221;][\/vc_column][vc_column width=&#8221;10\/12&#8243;][vc_custom_heading text=&#8221;Sp\u00f8rsm\u00e5l og svar&#8221; font_container=&#8221;tag:h2|text_align:center&#8221; use_theme_fonts=&#8221;yes&#8221;][vc_toggle title=&#8221;Hva inneholder M\u00c6T Pork Party Risotto?&#8221;]<span style=\"font-weight: 400;\">M\u00c6T Pork Party Risotto best\u00e5r av ferske og nordiske r\u00e5varer. Pork Party Risotto best\u00e5r av 53 % svinekj\u00f8tt og organer, samt ris og gr\u00f8nnsaker. Det er ingen konserveringsmidler, fargestoffer eller smaker i. De eneste tilsetningsstoffene i Pork Party Risotto er ekstra vitaminer og mineraler, som vitamin D og E, sink og magnesium.<\/span>[\/vc_toggle][vc_toggle title=&#8221;Hvorfor b\u00f8r jeg velge fersk hundemat?&#8221;]<span style=\"font-weight: 400;\">M\u00c6T ferske hundemat er laget av de beste nordiske r\u00e5varene. Det er ingen konserveringsmidler eller tilsatt fargestoffer og smaker. Fersk hundemat tilberedes enkelt med sous vide, som \u00f8ker hundens opptak av matens n\u00e6ringsstoffer. <\/span><\/p>\n<p><span style=\"font-weight: 400;\">Fersk hundemat har et mye h\u00f8yere opptak enn andre typer hundemat. Hvis du synes hunden din fortjener fersk, sunn og deilig mat, pr\u00f8v fersk hundemat.<\/span>[\/vc_toggle][vc_toggle title=&#8221;Hva er forskjellen mellom Deli og Risotto hundemat?&#8221;]<span style=\"font-weight: 400;\">I M\u00c6T Deli-oppskrifter er det verken korn eller gluten i. De har lav fettprosent, og er spesielt egnet for hunder som trenger \u00e5 passe p\u00e5 vekten. <\/span><\/p>\n<p><span style=\"font-weight: 400;\">I M\u00c6T Risotto-oppskrifter er det ris i, men de er fortsatt glutenfrie. Ris er bra for \u00e5 skape en god og sunn balanse i hundenes mage-tarmsystem. <\/span><\/p>\n<p><span style=\"font-weight: 400;\">B\u00e5de Deli og Risotto er laget av ferske nordiske r\u00e5varer. De er fri for konserveringsmidler, fargestoffer og smaker. Kun ekstra vitaminer og mineraler er tilsatt.<\/span>[\/vc_toggle][\/vc_column][vc_column width=&#8221;1\/12&#8243;][\/vc_column][\/vc_row]<\/p>\n<\/div>","protected":false},"excerpt":{"rendered":"<p><span style=\"font-weight: 400;\">M\u00c6T Pork Risotto hundemat med deilig svinekj\u00f8tt, gulr\u00f8tter, spinat, blomk\u00e5l og ris. Et komplett f\u00f4r for hunder fylt med sunne proteiner, vitaminer, mineraler og fiber.  <\/span><\/p>\n<p><span style=\"font-weight: 400;\">Egnet for hunder med sensitiv mage. Maten er glutenfri.  <\/span><\/p>\n<p><strong>NETTOVEKT: 500 g<\/strong><\/p>\n<p><strong>INNHOLD:<\/strong> Svinekj\u00f8tt (53%) (kj\u00f8tt og organer), vann, ris, gulrot, blomk\u00e5l, spinat, potetfibre, vitaminer og mineraler.<\/p>\n<p><strong><span style=\"text-decoration: underline;\"><a href=\"#nutrition\">Se n\u00e6ringsinnhold<\/a><\/span><\/strong><\/p>\n","protected":false},"featured_media":237992,"comment_status":"open","ping_status":"closed","template":"","meta":{"inline_featured_image":false},"product_brand":[],"product_cat":[638],"product_tag":[640,641],"class_list":{"0":"post-241731","1":"product","2":"type-product","3":"status-publish","4":"has-post-thumbnail","6":"product_cat-hundemat","7":"product_tag-hundemat-med-gris","8":"product_tag-risotto-no","9":"product_shipping_class-fersk-mat","11":"first","12":"outofstock","13":"taxable","14":"shipping-taxable","15":"purchasable","16":"product-type-simple"},"composite_virtual":false,"composite_layout":"","composite_add_to_cart_form_location":"","composite_editable_in_cart":false,"composite_sold_individually_context":"","composite_shop_price_calc":"","composite_components":[],"composite_scenarios":[],"bundled_by":["254843","263765"],"bundle_stock_status":"outofstock","bundle_stock_quantity":null,"bundle_virtual":false,"bundle_layout":"","bundle_add_to_cart_form_location":"","bundle_editable_in_cart":false,"bundle_sold_individually_context":"","bundle_item_grouping":"","bundle_min_size":"","bundle_max_size":"","bundle_price":[],"bundled_items":[],"bundle_sell_ids":[],"_links":{"self":[{"href":"https:\/\/maetpets.com\/no\/wp-json\/wp\/v2\/product\/241731","targetHints":{"allow":["GET"]}}],"collection":[{"href":"https:\/\/maetpets.com\/no\/wp-json\/wp\/v2\/product"}],"about":[{"href":"https:\/\/maetpets.com\/no\/wp-json\/wp\/v2\/types\/product"}],"replies":[{"embeddable":true,"href":"https:\/\/maetpets.com\/no\/wp-json\/wp\/v2\/comments?post=241731"}],"wp:featuredmedia":[{"embeddable":true,"href":"https:\/\/maetpets.com\/no\/wp-json\/wp\/v2\/media\/237992"}],"wp:attachment":[{"href":"https:\/\/maetpets.com\/no\/wp-json\/wp\/v2\/media?parent=241731"}],"wp:term":[{"taxonomy":"product_brand","embeddable":true,"href":"https:\/\/maetpets.com\/no\/wp-json\/wp\/v2\/product_brand?post=241731"},{"taxonomy":"product_cat","embeddable":true,"href":"https:\/\/maetpets.com\/no\/wp-json\/wp\/v2\/product_cat?post=241731"},{"taxonomy":"product_tag","embeddable":true,"href":"https:\/\/maetpets.com\/no\/wp-json\/wp\/v2\/product_tag?post=241731"}],"curies":[{"name":"wp","href":"https:\/\/api.w.org\/{rel}","templated":true}]}}