{"id":239367,"date":"2022-04-05T19:33:25","date_gmt":"2022-04-05T17:33:25","guid":{"rendered":"https:\/\/maetpets.com\/?post_type=product&#038;p=239367"},"modified":"2024-11-17T20:38:16","modified_gmt":"2024-11-17T19:38:16","slug":"kong-liver-easy-treat","status":"publish","type":"product","link":"https:\/\/maetpets.com\/no\/produkt\/kong-liver-easy-treat\/","title":{"rendered":"KONG Easy Treat Liver"},"content":{"rendered":"","protected":false},"excerpt":{"rendered":"<p>KONG Liver Easy Treat er en l\u00e6kker godbid, der gl\u00e6der alle typer hunde, samtidig med at den giver en nem l\u00f8sning uden rod til k\u00e6ledyrsfor\u00e6ldre.<\/p>\n<p>Fremstillet i USA, denne letford\u00f8jelige og transfedtfri godbid er en lokkende l\u00e6kker tilf\u00f8jelse, n\u00e5r den tils\u00e6ttes til en fyldt KONG. En unikt designet dyse styrer nemt m\u00e6ngden af KONG Easy Treat, samtidig med at den har den ekstra fordel af en praktisk fyldningsl\u00f8sning uden rod.<\/p>\n<p>Vil du f\u00e5 din fyldte KONG til at holde l\u00e6ngere? Frys en fyldt KONG, toppet med KONG Liver Easy Treat for en l\u00e6ngerevarende, sindbesat udfordring. Ingen k\u00f8ling n\u00f8dvendig.<\/p>\n","protected":false},"featured_media":239368,"comment_status":"open","ping_status":"closed","template":"","meta":{"inline_featured_image":false},"product_brand":[],"product_cat":[250,498],"product_tag":[1108,504],"class_list":{"0":"post-239367","1":"product","2":"type-product","3":"status-publish","4":"has-post-thumbnail","6":"product_cat-hundelegetoej","7":"product_cat-aktivitetslegetoej","8":"product_tag-aktivering","9":"product_tag-kong","10":"product_shipping_class-dry-goods","12":"first","13":"outofstock","14":"taxable","15":"shipping-taxable","16":"purchasable","17":"product-type-simple"},"composite_virtual":false,"composite_layout":"","composite_add_to_cart_form_location":"","composite_editable_in_cart":false,"composite_sold_individually_context":"","composite_shop_price_calc":"","composite_components":[],"composite_scenarios":[],"bundled_by":[],"bundle_stock_status":"outofstock","bundle_stock_quantity":null,"bundle_virtual":false,"bundle_layout":"","bundle_add_to_cart_form_location":"","bundle_editable_in_cart":false,"bundle_sold_individually_context":"","bundle_item_grouping":"","bundle_min_size":"","bundle_max_size":"","bundle_price":[],"bundled_items":[],"bundle_sell_ids":[],"_links":{"self":[{"href":"https:\/\/maetpets.com\/no\/wp-json\/wp\/v2\/product\/239367","targetHints":{"allow":["GET"]}}],"collection":[{"href":"https:\/\/maetpets.com\/no\/wp-json\/wp\/v2\/product"}],"about":[{"href":"https:\/\/maetpets.com\/no\/wp-json\/wp\/v2\/types\/product"}],"replies":[{"embeddable":true,"href":"https:\/\/maetpets.com\/no\/wp-json\/wp\/v2\/comments?post=239367"}],"wp:featuredmedia":[{"embeddable":true,"href":"https:\/\/maetpets.com\/no\/wp-json\/wp\/v2\/media\/239368"}],"wp:attachment":[{"href":"https:\/\/maetpets.com\/no\/wp-json\/wp\/v2\/media?parent=239367"}],"wp:term":[{"taxonomy":"product_brand","embeddable":true,"href":"https:\/\/maetpets.com\/no\/wp-json\/wp\/v2\/product_brand?post=239367"},{"taxonomy":"product_cat","embeddable":true,"href":"https:\/\/maetpets.com\/no\/wp-json\/wp\/v2\/product_cat?post=239367"},{"taxonomy":"product_tag","embeddable":true,"href":"https:\/\/maetpets.com\/no\/wp-json\/wp\/v2\/product_tag?post=239367"}],"curies":[{"name":"wp","href":"https:\/\/api.w.org\/{rel}","templated":true}]}}