{"id":250905,"date":"2023-01-27T16:45:27","date_gmt":"2023-01-27T15:45:27","guid":{"rendered":"https:\/\/maetpets.com\/maaltidsbokser\/"},"modified":"2023-03-13T09:13:34","modified_gmt":"2023-03-13T08:13:34","slug":"maaltidsbokser","status":"publish","type":"page","link":"https:\/\/maetpets.com\/no\/maaltidsbokser\/","title":{"rendered":"M\u00e5ltidsbokser"},"content":{"rendered":"<div class=\"wpb-content-wrapper\"><p>[vc_row full_width=&#8221;stretch_row&#8221; css=&#8221;.vc_custom_1673551402321{padding-top: 30px !important;}&#8221;][vc_column width=&#8221;1\/6&#8243;][\/vc_column][vc_column width=&#8221;4\/6&#8243;][vc_column_text]F\u00e5 M\u00c6T fersk hundemat og naturlig snacks levert rett p\u00e5 d\u00f8ren.<\/p>\n<p>Velg en vanlig hundematboks eller start med pr\u00f8vepakken hvis hunden din ikke har pr\u00f8vd M\u00c6T f\u00f8r.[\/vc_column_text][vc_custom_heading text=&#8221;Velg din m\u00e5ltidsboks&#8221; font_container=&#8221;tag:h2|text_align:center&#8221; use_theme_fonts=&#8221;yes&#8221; css=&#8221;.vc_custom_1673551179067{padding-bottom: 10px !important;}&#8221;][\/vc_column][vc_column width=&#8221;1\/6&#8243;][\/vc_column][\/vc_row][vc_row full_width=&#8221;stretch_row_content_no_spaces&#8221; gap=&#8221;10&#8243; css=&#8221;.vc_custom_1675015940210{padding-right: 30px !important;padding-bottom: 40px !important;padding-left: 30px !important;}&#8221;][vc_column width=&#8221;1\/12&#8243;][\/vc_column][vc_column width=&#8221;5\/12&#8243; css=&#8221;.vc_custom_1673543228856{padding-right: 0px !important;padding-left: 0px !important;}&#8221;][konte_banner text_position=&#8221;top-left&#8221; font_container=&#8221;line_height:1&#8243; content_weight=&#8221;bold&#8221; scheme=&#8221;light&#8221; button_type=&#8221;normal&#8221; button_size=&#8221;medium&#8221; button_text=&#8221;velge&#8221; image=&#8221;232392&#8243; desc=&#8221;\u2022 Pr\u00f8v M\u00c6T<br \/>\n\u2022 Engangslevering uten abonnement&#8221; link=&#8221;url:https%3A%2F%2Fmaetpets.com%2Fen%2Fprodukt%2Fstarter-pack-dog-food-online%2F|title:Eksempelpakke|&#8221; tagline=&#8221;Fra 550 kr&#8221;]M\u00c6T<br \/>\nEKSEMPEL PAKKE[\/konte_banner]<div class=\"konte-empty-space \" style=\"height: 1px\"><\/div>[\/vc_column][vc_column width=&#8221;5\/12&#8243;][konte_banner text_position=&#8221;top-left&#8221; font_container=&#8221;line_height:1&#8243; content_weight=&#8221;bold&#8221; scheme=&#8221;light&#8221; button_type=&#8221;normal&#8221; button_size=&#8221;medium&#8221; button_text=&#8221;velge&#8221; image=&#8221;232391&#8243; desc=&#8221;\u2022 Abonnement<br \/>\n\u2022 Fleksibel<br \/>\n\u2022 Ingen binding&#8221; tagline=&#8221;Fra 550 kr&#8221; link=&#8221;url:https%3A%2F%2Fmaetpets.com%2Fprodukt%2Fhundemaaltidskasse-frisk-hundefoder-abonnement%2F|title:Hundematboks|&#8221;]M\u00c6T<br \/>\nHUNDEMATEKASSE [\/konte_banner][\/vc_column][vc_column width=&#8221;1\/12&#8243;][\/vc_column][\/vc_row][vc_row full_width=&#8221;stretch_row_content_no_spaces&#8221; gap=&#8221;10&#8243; disable_element=&#8221;yes&#8221; css=&#8221;.vc_custom_1673549464014{padding-right: 30px !important;padding-bottom: 30px !important;padding-left: 30px !important;}&#8221;][vc_column width=&#8221;4\/12&#8243; css=&#8221;.vc_custom_1616836957774{padding-top: 20px !important;padding-right: 20px !important;}&#8221;][vc_column_text]<strong>Bestill v\u00e5r pr\u00f8vepakke eller f\u00e5 faste leveranser p\u00e5 abonnement<\/strong><\/p>\n<p>F\u00e5 M\u00c6Ts hundemat av de beste r\u00e5varene &#8211; levert rett p\u00e5 d\u00f8ren. Unng\u00e5 bryet med \u00e5 kj\u00f8pe og hente hundemat.<br \/>\nVi gj\u00f8r det enkelt \u00e5 v\u00e6re hundeeier og hunden din vil elske deg for det.[\/vc_column_text][\/vc_column][vc_column width=&#8221;4\/12&#8243;][konte_banner text_position=&#8221;top-left&#8221; font_container=&#8221;line_height:1&#8243; content_weight=&#8221;bold&#8221; scheme=&#8221;light&#8221; button_type=&#8221;normal&#8221; button_size=&#8221;medium&#8221; button_text=&#8221;velge&#8221; image=&#8221;232392&#8243; desc=&#8221;Finn hundens favorittvariant ved \u00e5 pr\u00f8ve 8 p\u00f8lser + 1 eller 4 snacks.<br \/>\nFra 329 kr&#8221; link=&#8221;url:https%3A%2F%2Fmaetpets.com%2Fstartpakke-hundefoder-online%2F|title:Eksempelpakke|&#8221; tagline=&#8221;Engangslevering&#8221;]M\u00c6T<br \/>\nSTARTPAKKE[\/konte_banner]<div class=\"konte-empty-space \" style=\"height: 20px\"><\/div>[\/vc_column][vc_column width=&#8221;4\/12&#8243;][konte_banner text_position=&#8221;top-left&#8221; font_container=&#8221;line_height:1&#8243; content_weight=&#8221;bold&#8221; scheme=&#8221;light&#8221; button_type=&#8221;normal&#8221; button_size=&#8221;medium&#8221; button_text=&#8221;velge&#8221; image=&#8221;232391&#8243; desc=&#8221;Abonner p\u00e5 hundens favorittretter og f\u00e5 dem levert direkte p\u00e5 d\u00f8ren.<br \/>\nFra 329 kr&#8221; tagline=&#8221;P\u00e5 abonnement&#8221; link=&#8221;url:https%3A%2F%2Fmaetpets.com%2Fno%2Fhundemaaltidskasse-frisk-hundefoder-abonnement-2%2F|title:Hundematboks|&#8221;]M\u00c6T<br \/>\nHUNDEMATEKASSE [\/konte_banner][\/vc_column][\/vc_row][vc_row full_width=&#8221;stretch_row&#8221; css=&#8221;.vc_custom_1675015930222{padding-top: 50px !important;padding-bottom: 20px !important;background-color: #f7eeeb !important;}&#8221;][vc_column width=&#8221;6\/12&#8243;][vc_column_text]<\/p>\n<h2>F\u00e5 en sunn hund og en enklere hverdag<\/h2>\n<p>Livet som hundeforelder er travelt \u2013 la oss gj\u00f8re det enklere for deg. Vi leverer fersk og sunn hundemat rett p\u00e5 d\u00f8ren, slik at du har mer tid til hunden din.<\/p>\n<p>Mens du og hunden din koser deg, tar vi oss av alt det praktiske. Alt du trenger \u00e5 gj\u00f8re er \u00e5 ta den deilige maten ut av kj\u00f8leskapet n\u00e5r det er matetid.<\/p>\n<p>N\u00e5r hunden din spiser ferskt hundemat fra M\u00c6T , kan du f\u00f8le deg trygg ved \u00e5 vite at den f\u00e5r i seg alle de n\u00f8dvendige n\u00e6ringsstoffene for et sunt hundeliv.[\/vc_column_text][\/vc_column][vc_column width=&#8221;6\/12&#8243;][vc_single_image image=&#8221;248745&#8243; img_size=&#8221;full&#8221;][\/vc_column][\/vc_row][vc_row full_width=&#8221;stretch_row_content_no_spaces&#8221; css=&#8221;.vc_custom_1675015614122{padding-top: 40px !important;background-color: #2e1212 !important;}&#8221;][vc_column offset=&#8221;vc_col-lg-offset-1 vc_col-lg-10&#8243;][vc_custom_heading text=&#8221;&#8220;Det er fint og enkelt.&#8221;&#8221; font_container=&#8221;tag:h2|text_align:center|color:%23ca3a3a&#8221; use_theme_fonts=&#8221;yes&#8221; css=&#8221;.vc_custom_1675015227124{padding-bottom: 20px !important;}&#8221;]<div class=\"konte-carousel konte-carousel--gap-40  konte-carousel--dots-center konte-carousel--arrows-center\" data-slick=\"{&quot;dots&quot;:true,&quot;arrows&quot;:true,&quot;infinite&quot;:true,&quot;slidesToShow&quot;:2,&quot;slidesToScroll&quot;:1}\" ><div class=\"konte-testimonial  \">\n\t\t\t\t<div class=\"konte-testimonial__photo\"><img decoding=\"async\" class=\"\" src=\"https:\/\/maetpets.com\/wp-content\/uploads\/cecilie-melek-200x200.jpg\" width=\"200\" height=\"200\" alt=\"cecilie-melek\" title=\"cecilie-melek\" loading=\"lazy\" \/><\/div>\n\t\t\t\t<div class=\"konte-testimonial__entry\">\n\t\t\t\t\t<div class=\"konte-testimonial__content\">\u2b50\ufe0f\u2b50\ufe0f\u2b50\ufe0f\u2b50\ufe0f\u2b50\ufe0f<\/p>\n<p><span style=\"color: #fff9f7;\">&#8220;Vi fikk en pr\u00f8vepakke fra M\u00c6T , og Melek syntes det var superlekkert med fersk hundemat. S\u00e5 jeg begynte \u00e5 gi han den p\u00e5 en Lickimat eller i en Kong. Og n\u00e5 f\u00e5r vi den levert rett p\u00e5 inngangsd\u00f8ren en gang i m\u00e5neden , og det er fint og enkelt.&#8221;<\/span><\/div>\n\t\t\t\t\t<div class=\"konte-testimonial__author\"><span class=\"konte-testimonial__name\">Cecilie<\/span><span class=\"konte-testimonial__author-separator\">-<\/span><span class=\"konte-testimonial__company\">eier av Melek<\/span><\/div>\n\t\t\t\t<\/div>\n\t\t\t<\/div><\/div>[\/vc_column][\/vc_row][vc_row css=&#8221;.vc_custom_1675015536456{padding-top: 40px !important;}&#8221;][vc_column width=&#8221;2\/12&#8243;][\/vc_column][vc_column width=&#8221;8\/12&#8243;][vc_custom_heading text=&#8221;Kj\u00f8p M\u00c6T p\u00e5 andre m\u00e5ter&#8221; font_container=&#8221;tag:h2|text_align:center&#8221; use_theme_fonts=&#8221;yes&#8221; css=&#8221;.vc_custom_1675015425868{padding-bottom: 20px !important;}&#8221;][vc_column_text]Du kan ogs\u00e5 bestille produktene enkeltvis eller kj\u00f8pe i en butikk n\u00e6r deg. Vi gj\u00f8r det enkelt \u00e5 v\u00e6re hundeeier og hunden din vil elske deg for det.[\/vc_column_text][\/vc_column][vc_column width=&#8221;2\/12&#8243;][\/vc_column][\/vc_row][vc_row full_width=&#8221;stretch_row_content_no_spaces&#8221; gap=&#8221;5&#8243;][vc_column width=&#8221;1\/3&#8243;][konte_banner image_size=&#8221;large&#8221; text_position=&#8221;bottom-left&#8221; font_container=&#8221;line_height:1&#8243; content_weight=&#8221;bold&#8221; scheme=&#8221;light&#8221; button_type=&#8221;normal&#8221; button_size=&#8221;medium&#8221; button_text=&#8221;Kj\u00f8p enkeltvis&#8221; image=&#8221;247124&#8243; link=&#8221;url:https%3A%2F%2Fmaetpets.com%2Fno%2Ffersk-hundemat%2F|title:Hundematboks|&#8221;]M\u00c6T<br \/>\nFERSK HUNDEFOR[\/konte_banner][\/vc_column][vc_column width=&#8221;1\/3&#8243;][konte_banner image_size=&#8221;large&#8221; text_position=&#8221;bottom-left&#8221; font_container=&#8221;line_height:1&#8243; content_weight=&#8221;bold&#8221; scheme=&#8221;light&#8221; button_type=&#8221;normal&#8221; button_size=&#8221;medium&#8221; button_text=&#8221;Kj\u00f8p enkeltvis&#8221; image=&#8221;243502&#8243; link=&#8221;url:https%3A%2F%2Fmaetpets.com%2Fno%2Fnaturlig-hundesnacks%2F|title:Testpakke|&#8221;]M\u00c6T<br \/>\nSNACKS[\/konte_banner][\/vc_column][vc_column width=&#8221;1\/3&#8243;][konte_banner image_size=&#8221;large&#8221; text_position=&#8221;bottom-left&#8221; font_container=&#8221;line_height:1&#8243; content_weight=&#8221;bold&#8221; scheme=&#8221;light&#8221; button_type=&#8221;normal&#8221; button_size=&#8221;medium&#8221; button_text=&#8221;Se forhandlere&#8221; image=&#8221;239835&#8243; link=&#8221;url:https%3A%2F%2Fmaetpets.com%2Fforhandlere%2F|title:M%C3%86T%20FORHANDLER|&#8221;]M\u00c6T<br \/>\nFORHANDLER[\/konte_banner][\/vc_column][\/vc_row]<\/p>\n<\/div>","protected":false},"excerpt":{"rendered":"<p>[vc_row full_width=&#8221;stretch_row&#8221; css=&#8221;.vc_custom_1673551402321{padding-top: 30px !important;}&#8221;][vc_column width=&#8221;1\/6&#8243;][\/vc_column][vc_column width=&#8221;4\/6&#8243;][vc_column_text]F\u00e5 M\u00c6T fersk hundemat og naturlig snacks levert rett p\u00e5 d\u00f8ren. Velg en vanlig hundematboks eller start med pr\u00f8vepakken hvis hunden din ikke har&hellip;<\/p>\n","protected":false},"author":0,"featured_media":252222,"parent":0,"menu_order":0,"comment_status":"closed","ping_status":"closed","template":"","meta":{"inline_featured_image":false,"footnotes":""},"class_list":["post-250905","page","type-page","status-publish","has-post-thumbnail","hentry"],"_links":{"self":[{"href":"https:\/\/maetpets.com\/no\/wp-json\/wp\/v2\/pages\/250905","targetHints":{"allow":["GET"]}}],"collection":[{"href":"https:\/\/maetpets.com\/no\/wp-json\/wp\/v2\/pages"}],"about":[{"href":"https:\/\/maetpets.com\/no\/wp-json\/wp\/v2\/types\/page"}],"replies":[{"embeddable":true,"href":"https:\/\/maetpets.com\/no\/wp-json\/wp\/v2\/comments?post=250905"}],"version-history":[{"count":0,"href":"https:\/\/maetpets.com\/no\/wp-json\/wp\/v2\/pages\/250905\/revisions"}],"wp:featuredmedia":[{"embeddable":true,"href":"https:\/\/maetpets.com\/no\/wp-json\/wp\/v2\/media\/252222"}],"wp:attachment":[{"href":"https:\/\/maetpets.com\/no\/wp-json\/wp\/v2\/media?parent=250905"}],"curies":[{"name":"wp","href":"https:\/\/api.w.org\/{rel}","templated":true}]}}