{"id":242482,"date":"2022-05-22T12:16:55","date_gmt":"2022-05-22T10:16:55","guid":{"rendered":"https:\/\/maetpets.com\/hundestell\/"},"modified":"2022-05-22T12:16:58","modified_gmt":"2022-05-22T10:16:58","slug":"hundestell","status":"publish","type":"page","link":"https:\/\/maetpets.com\/no\/hundestell\/","title":{"rendered":"Hundestell"},"content":{"rendered":"\n<p>Hundestell med deilige og naturlige produkter er avgj\u00f8rende for deg og hunden din.<\/p>\n\n<p>Se v\u00e5rt utvalg av pleieprodukter for blant annet pelspleie, potepleie, \u00f8repleie med mer. I utvalget av pleieprodukter finner du blant annet b\u00f8rster, kammer, potevoks, hundetrimmere, \u00f8kologisk sjampo og balsam, pelsverkt\u00f8y med riktige b\u00f8rster og klippere, tannpleie og hygiene, stellutstyr, potepleie, og valpeutstyr.<\/p>\n\n<p>Kvalitetsstell av hunden din med riktige pleieprodukter er viktig \u2013 b\u00e5de i forhold til hundens helse,<br\/>trivsel, hum\u00f8r og livsglede.<\/p>\n\n<h2 class=\"wp-block-heading\">Hundesjampo<\/h2>\n\n<p><\/p>\n","protected":false},"excerpt":{"rendered":"<p>Hundestell med deilige og naturlige produkter er avgj\u00f8rende for deg og hunden din. Se v\u00e5rt utvalg av pleieprodukter for blant annet pelspleie, potepleie, \u00f8repleie med mer. I utvalget av pleieprodukter&hellip;<\/p>\n","protected":false},"author":1,"featured_media":0,"parent":0,"menu_order":0,"comment_status":"closed","ping_status":"closed","template":"","meta":{"inline_featured_image":false,"footnotes":""},"class_list":["post-242482","page","type-page","status-publish","hentry"],"_links":{"self":[{"href":"https:\/\/maetpets.com\/no\/wp-json\/wp\/v2\/pages\/242482","targetHints":{"allow":["GET"]}}],"collection":[{"href":"https:\/\/maetpets.com\/no\/wp-json\/wp\/v2\/pages"}],"about":[{"href":"https:\/\/maetpets.com\/no\/wp-json\/wp\/v2\/types\/page"}],"author":[{"embeddable":true,"href":"https:\/\/maetpets.com\/no\/wp-json\/wp\/v2\/users\/1"}],"replies":[{"embeddable":true,"href":"https:\/\/maetpets.com\/no\/wp-json\/wp\/v2\/comments?post=242482"}],"version-history":[{"count":0,"href":"https:\/\/maetpets.com\/no\/wp-json\/wp\/v2\/pages\/242482\/revisions"}],"wp:attachment":[{"href":"https:\/\/maetpets.com\/no\/wp-json\/wp\/v2\/media?parent=242482"}],"curies":[{"name":"wp","href":"https:\/\/api.w.org\/{rel}","templated":true}]}}