{"id":242087,"date":"2022-05-20T20:53:25","date_gmt":"2022-05-20T18:53:25","guid":{"rendered":"https:\/\/maetpets.com\/vegetarisk-hundemat-det-er-bra-for-klimaet\/"},"modified":"2022-05-20T20:53:31","modified_gmt":"2022-05-20T18:53:31","slug":"vegetarisk-hundemat-det-er-bra-for-klimaet","status":"publish","type":"page","link":"https:\/\/maetpets.com\/no\/vegetarisk-hundemat-det-er-bra-for-klimaet\/","title":{"rendered":"Vegetarisk hundemat. Det er bra for klimaet!"},"content":{"rendered":"<div class=\"wpb-content-wrapper\"><p>[vc_row full_width=&#8221;stretch_row&#8221; css=&#8221;.vc_custom_1611487500242{padding-top: 60px !important;background-color: #fff9f7 !important;}&#8221;][vc_column width=&#8221;1\/6&#8243;][\/vc_column][vc_column width=&#8221;4\/6&#8243;][vc_column_text]<strong>Hunden er menneskets beste venn, men i likhet med oss mennesker har ogs\u00e5 hundene v\u00e5re et stort klimaavtrykk. S\u00e5 er vegetarisk hundemat veien videre? Kan hunder leve av planteprotein?<\/strong><\/p>\n<p><span style=\"font-weight: 400;\">Hunder er like glade i kj\u00f8tt som eierne, og derfor st\u00e5r de ogs\u00e5 for en god del av CO2-utslippene som husholdningene v\u00e5re er ansvarlige for. Faktisk viser et dansk regnestykke at en hund p\u00e5 10 kilo \u2013 f.eks en dansk-svensk g\u00e5rdshund \u2013 slipper ut 1,1 tonn CO2 \u00e5rlig.<\/span><\/p>\n<p><span style=\"font-weight: 400;\">Og<\/span> <span style=\"text-decoration: underline; color: #d54966;\"><a style=\"color: #d54966; text-decoration: underline;\" href=\"https:\/\/journals.plos.org\/plosone\/article?id=10.1371\/journal.pone.0181301\" target=\"_blank\" rel=\"noopener\">amerikansk forskning<\/a><\/span> <span style=\"font-weight: 400;\"><span style=\"text-decoration: underline; color: #d54966;\">p\u00e5 hunders CO2-utslipp<\/span> gjort ved University of California viser at amerikanske hunder og katter st\u00e5r for like mye CO2-utslipp som mer enn 13 millioner biler slipper ut \u00e5rlig.<\/span>[\/vc_column_text][\/vc_column][vc_column width=&#8221;1\/6&#8243;][\/vc_column][\/vc_row][vc_row full_width=&#8221;stretch_row&#8221; css=&#8221;.vc_custom_1611487530572{padding-top: 60px !important;padding-bottom: 60px !important;background-color: #fff9f7 !important;}&#8221;][vc_column width=&#8221;1\/2&#8243;][konte_banner button_type=&#8221;normal&#8221; button_size=&#8221;normal&#8221; button_text=&#8221;melde deg p\u00e5&#8221; image=&#8221;231375&#8243; tagline=&#8221;Hjelp til \u00e5 utvikle&#8221; link=&#8221;url:%23%20melde%20deg%20p%C3%A5|&#8221;]klimavennlig vegetarisk hundemat[\/konte_banner][\/vc_column][vc_column width=&#8221;1\/2&#8243;][konte_banner scheme=&#8221;dark&#8221; button_type=&#8221;normal&#8221; button_size=&#8221;normal&#8221; button_text=&#8221;Se produkter&#8221; image=&#8221;230902&#8243; tagline=&#8221;Bytt til v\u00e5r i dag&#8221; link=&#8221;url:%23Produkter|&#8221;]mer klimavennlig hundemat[\/konte_banner][\/vc_column][\/vc_row][vc_row full_width=&#8221;stretch_row&#8221; css=&#8221;.vc_custom_1611516409993{padding-top: 60px !important;padding-bottom: 10px !important;background-color: #0b2945 !important;}&#8221;][vc_column width=&#8221;1\/6&#8243;][\/vc_column][vc_column width=&#8221;4\/6&#8243;][vc_custom_heading text=&#8221;S\u00e5 mye CO2 din hund slipper ut&#8221; font_container=&#8221;tag:h2|text_align:center|color:%23d54966&#8243; use_theme_fonts=&#8221;yes&#8221;][vc_column_text]<\/p>\n<p style=\"text-align: center;\"><span style=\"color: #fff9f7;\">Kilde: Jannick Schmidt fra Senter for milj\u00f8vurdering.<\/span><\/p>\n<p>[\/vc_column_text][vc_single_image image=&#8221;238092&#8243; img_size=&#8221;large&#8221; alignment=&#8221;center&#8221; style=&#8221;vc_box_circle_2&#8243;][\/vc_column][vc_column width=&#8221;1\/6&#8243;][\/vc_column][\/vc_row][vc_row full_width=&#8221;stretch_row&#8221; css=&#8221;.vc_custom_1611516333915{padding-bottom: 60px !important;background-color: #0b2945 !important;}&#8221;][vc_column width=&#8221;1\/3&#8243;][vc_custom_heading text=&#8221;2 kg hund CO2&#8243; font_container=&#8221;tag:h3|text_align:left|color:%23d54966&#8243; use_theme_fonts=&#8221;yes&#8221; css=&#8221;.vc_custom_1611488345823{padding-bottom: 30px !important;}&#8221;][vc_column_text]<span style=\"color: #fff9f7;\"> <strong>F\u00f4r med kj\u00f8tt<\/strong> : Avgir 326 kg CO2 per \u00e5r. Den slipper ut hele 1000 kilometers kj\u00f8ring i en gjennomsnittlig personbil.<\/span><br \/>\n<span style=\"color: #fff9f7;\"><strong>Vegetarisk hundemat<\/strong> : Avgir 4 kg CO2 per \u00e5r eller det samme som 12 kilometers kj\u00f8ring i en gjennomsnittsbil.<\/span>[\/vc_column_text][\/vc_column][vc_column width=&#8221;1\/3&#8243;][vc_custom_heading text=&#8221;10 kg hund CO2&#8243; font_container=&#8221;tag:h3|text_align:left|color:%23d54966&#8243; use_theme_fonts=&#8221;yes&#8221; css=&#8221;.vc_custom_1611488354240{padding-bottom: 30px !important;}&#8221;][vc_column_text]<span style=\"color: #fff9f7;\"><strong>F\u00f4r med kj\u00f8tt<\/strong> : Avgir 1108 kg CO2 per \u00e5r. F\u00e5r s\u00e5 mye som 3500 kilometer med kj\u00f8ring i en gjennomsnittsbil.<\/span><br \/>\n<span style=\"color: #fff9f7;\"><strong>Vegetarisk hundemat<\/strong> : Avgir 13 kg CO2 per \u00e5r eller det samme som 41 kilometers kj\u00f8ring i en gjennomsnittsbil.<\/span>[\/vc_column_text][\/vc_column][vc_column width=&#8221;1\/3&#8243;][vc_custom_heading text=&#8221;20 kg hund CO2&#8243; font_container=&#8221;tag:h3|text_align:left|color:%23d54966&#8243; use_theme_fonts=&#8221;yes&#8221; css=&#8221;.vc_custom_1611488360827{padding-bottom: 30px !important;}&#8221;][vc_column_text]<span style=\"color: #fff9f7;\"><strong>F\u00f4r med kj\u00f8tt<\/strong> : Avgir 1630 kg CO2 per \u00e5r. Utleder s\u00e5 mye som 5200 kilometer med kj\u00f8ring i en gjennomsnittsbil.<\/span><br \/>\n<span style=\"color: #fff9f7;\"><strong>Vegetarisk hundemat<\/strong> : slipper ut 19 kg CO2 per \u00e5r, eller det samme som 61 kilometers kj\u00f8ring i en gjennomsnittsbil. <\/span>[\/vc_column_text][\/vc_column][\/vc_row][vc_row full_width=&#8221;stretch_row&#8221; css=&#8221;.vc_custom_1611516435098{padding-top: 60px !important;background-color: #fff9f7 !important;}&#8221; el_id=&#8221;hvor mye&#8221;][vc_column width=&#8221;1\/6&#8243;][\/vc_column][vc_column width=&#8221;4\/6&#8243;][vc_custom_heading text=&#8221;Den klimavennlige hunden er vegetarianer&#8221; font_container=&#8221;tag:h2|text_align:left|color:%232b1910&#8243; use_theme_fonts=&#8221;yes&#8221;][vc_column_text]Hunder kan leve av <span data-sheets-value=\"{\"1\":2,\"2\":\"vegetarisk hundemad\"}\" data-sheets-userformat=\"{\"2\":513,\"3\":{\"1\":0},\"12\":0}\">vegetarisk hundemat<\/span> . Kombinerer du noen av disse vegetabilske produktene med h\u00f8yt innhold av protein, som b\u00f8nner, med egg, s\u00e5 kan du sette sammen et vegetarisk kosthold for dyr, sier Charlotte Bj\u00f8rnvad, som er professor i indremedisin for hund og katt. universitetet i K\u00f8benhavn. <span style=\"color: #d54966;\"><a style=\"color: #d54966;\" href=\"https:\/\/maetpets.com\/no\/hvordan-komme-i-gang-med-fersk-hundemat\/\"><strong><span style=\"text-decoration: underline;\">Les mer om hvilke ingredienser hundemat b\u00f8r inneholde<\/span><\/strong><\/a> .<\/span>[\/vc_column_text][vc_custom_heading text=&#8221;Lettkokt hundemat er best&#8221; font_container=&#8221;tag:h3|text_align:left|color:%232b1910&#8243; use_theme_fonts=&#8221;yes&#8221;][vc_column_text]<strong>Hundens ford\u00f8yelsessystem kan h\u00e5ndtere karbohydrater og fiber fra gr\u00f8nnsaker godt. Det krever imidlertid at karbohydratene er varmebehandlet, sier Charlotte Bj\u00f8rnvad.<\/strong><\/p>\n<p>Hunder er som mennesker. Vi er ikke s\u00e5 flinke til \u00e5 ford\u00f8ye fiber eller ubehandlet karbohydrat. S\u00e5 r\u00e5 poteter eller r\u00e5ris f\u00e5r vi egentlig ikke noe ut av, og det gj\u00f8r heller ikke hundene. S\u00e5 lenge du varmebehandler det, er poteter, pasta og ris virkelig fine energikilder for hundene.[\/vc_column_text][vc_custom_heading text=&#8221;Hundemat med mye kj\u00f8tt?&#8221; font_container=&#8221;tag:h3|text_align:left|color:%232b1910&#8243; use_theme_fonts=&#8221;yes&#8221;][vc_column_text]Noen mener at hunder b\u00f8r spise mye kj\u00f8tt fordi de stammer fra ulv og det er derfor de er laget for \u00e5 spise kj\u00f8tt.<\/p>\n<p>Og det stemmer nok at hunden stammer fra ulven, som stoffskiftemessig er laget for \u00e5 spise kj\u00f8tt, for det var det den levde av. Ulven kunne ikke spise varmebehandlede karbohydrater. Men det har skjedd noe genetisk i avlen av hunden. Tross alt ser en chihuahua ikke veldig ut som en ulv. Og innvendig har det ogs\u00e5 v\u00e6rt noen ting der den har blitt mer tilpasset \u00e5 spise menneskemat fordi den har gjort det i mange \u00e5rtusener.[\/vc_column_text][\/vc_column][vc_column width=&#8221;1\/6&#8243;][\/vc_column][\/vc_row][vc_row full_width=&#8221;stretch_row&#8221; css=&#8221;.vc_custom_1611485958140{padding-top: 60px !important;padding-bottom: 80px !important;background-color: #0b2945 !important;}&#8221; el_id=&#8221;melde deg p\u00e5&#8221;][vc_column width=&#8221;1\/6&#8243;][\/vc_column][vc_column width=&#8221;4\/6&#8243;][vc_custom_heading text=&#8221;Hjelp klimaet \ud83c\udf0d&#8221; font_container=&#8221;tag:h2|text_align:left|color:%23d54966&#8243; use_theme_fonts=&#8221;yes&#8221;][vc_column_text]<span style=\"color: #fff9f7;\">Hjelp til \u00e5 utvikle eller bli den f\u00f8rste til \u00e5 pr\u00f8ve klimavennlig og vegetarisk hundemat. Meld deg p\u00e5 her og f\u00e5 mer informasjon<\/span>[\/vc_column_text]<div class=\"konte-subscribe-box konte-subscribe-box--style2   \">\n\t\t\t\t\n\t\t\t\t\n\t\t\t\t[mc4wp_form id=\"229756\"]\n\t\t\t<\/div>[\/vc_column][vc_column width=&#8221;1\/6&#8243;][\/vc_column][\/vc_row][vc_row css=&#8221;.vc_custom_1611485972566{padding-top: 60px !important;}&#8221; el_id=&#8221;Produkter&#8221;][vc_column width=&#8221;1\/6&#8243;][\/vc_column][vc_column width=&#8221;4\/6&#8243;][vc_custom_heading text=&#8221;Bytt til mer klimavennlig og vegetarisk hundemat i dag&#8221; font_container=&#8221;tag:h2|text_align:left|color:%23d54966&#8243; use_theme_fonts=&#8221;yes&#8221; css=&#8221;.vc_custom_1611320018227{padding-bottom: 30px !important;}&#8221;][vc_column_text]<strong><span style=\"color: #2b1910;\">Mens vi utvikler mer vegetarisk hundemat, kan du pr\u00f8ve risottooppskriftene v\u00e5re. Ved \u00e5 supplere det deilige kj\u00f8ttet med ris og gr\u00f8nnsaker kan vi sikre sunn mat med et mindre klimaavtrykk.<\/span><\/strong><\/p>\n<p><span style=\"color: #2b1910;\">Vi har oppskrifter med enten kylling og svin samt sunne gr\u00f8nnsaker fylt med vitaminer og mineraler. Alle ingrediensene kommer fra nordiske g\u00e5rder, s\u00e5 det holder seg lokalt og vi st\u00f8tter dermed klimaet. Med M\u00c6T sine hundemat kan du v\u00e6re sikker p\u00e5 at hundens mat ikke har v\u00e6rt p\u00e5 lengre interkontinentale flyreiser eller sj\u00f8ruter til\/fra Kina, som produserer enorme mengder CO2.<\/span>[\/vc_column_text][vc_custom_heading text=&#8221;Vitaminer, fiber og planteprotein fra sunne nordiske gr\u00f8nnsaker&#8221; font_container=&#8221;tag:h3|text_align:left|color:%23d54966&#8243; use_theme_fonts=&#8221;yes&#8221; css=&#8221;.vc_custom_1611489152267{padding-bottom: 30px !important;}&#8221;][\/vc_column][vc_column width=&#8221;1\/6&#8243;][\/vc_column][vc_column]<div class=\"konte-product-grid konte-products  \"><div class=\"woocommerce columns-3 \"><ul class=\"products hover-slider columns-3\"><li class=\"product type-product post-231332 status-publish first outofstock product_cat-hundemad product_tag-hundemad-laks product_tag-risotto has-post-thumbnail taxable shipping-taxable purchasable product-type-simple\">\n\t<div class=\"product-inner\"><span class=\"woocommerce-badges woocommerce-badges--round\"><span class=\"sold-out woocommerce-badge\"><span>Udsolgt<\/span><\/span><\/span><div class=\"product-thumbnail\"><a href=\"https:\/\/maetpets.com\/produkt\/hundefoder-med-laks-salmon-risotto\/\" class=\"woocommerce-LoopProduct-link woocommerce-loop-product__link\"><img loading=\"lazy\" decoding=\"async\" width=\"555\" height=\"555\" src=\"https:\/\/maetpets.com\/wp-content\/uploads\/hundefoder-med-laks-sassy-salmon-risotto-maet-pets.jpg\" class=\"attachment-woocommerce_thumbnail size-woocommerce_thumbnail\" alt=\"M\u00c6T Hundefoder med laks\" srcset=\"https:\/\/maetpets.com\/wp-content\/uploads\/hundefoder-med-laks-sassy-salmon-risotto-maet-pets.jpg 555w, https:\/\/maetpets.com\/wp-content\/uploads\/hundefoder-med-laks-sassy-salmon-risotto-maet-pets-300x300.jpg 300w, https:\/\/maetpets.com\/wp-content\/uploads\/hundefoder-med-laks-sassy-salmon-risotto-maet-pets-150x150.jpg 150w\" sizes=\"auto, (max-width: 555px) 100vw, 555px\" \/><\/a><\/div><div class=\"product-summary\"><h2 class=\"woocommerce-loop-product__title\"><a href=\"https:\/\/maetpets.com\/produkt\/hundefoder-med-laks-salmon-risotto\/\" class=\"woocommerce-LoopProduct-link woocommerce-loop-product__link\">Salmon Risotto &#8211; Hundefoder med laks<\/a><\/h2>\n\t<span class=\"price\"><span class=\"woocommerce-Price-amount amount\"><bdi>45,00&nbsp;<span class=\"woocommerce-Price-currencySymbol\">kr.<\/span><\/bdi><\/span><\/span>\n<div class=\"buttons clearfix\"><a href=\"https:\/\/maetpets.com\/produkt\/hundefoder-med-laks-salmon-risotto\/\" aria-describedby=\"woocommerce_loop_add_to_cart_link_describedby_231332\" data-quantity=\"1\" class=\"button product_type_simple woocommerce-loop-product__button\" data-product_id=\"231332\" data-product_sku=\"MAET103\" aria-label=\"Les mer om \u00abSalmon Risotto - Hundefoder med laks\u00bb\" rel=\"nofollow\" data-success_message=\"\">Les mer<\/a>\t<span id=\"woocommerce_loop_add_to_cart_link_describedby_231332\" class=\"screen-reader-text\">\n\t\t\t<\/span>\n<\/div><\/div><\/div><\/li>\n<li class=\"product type-product post-61 status-publish outofstock product_cat-hundemad product_tag-hundefoder-med-aeg product_tag-hundemad-kylling product_tag-risotto has-post-thumbnail taxable shipping-taxable purchasable product-type-simple\">\n\t<div class=\"product-inner\"><span class=\"woocommerce-badges woocommerce-badges--round\"><span class=\"sold-out woocommerce-badge\"><span>Udsolgt<\/span><\/span><\/span><div class=\"product-thumbnail product-thumbnails--slider\"><a href=\"https:\/\/maetpets.com\/produkt\/chicken-feast-risotto-frisk-hundemad\/\" class=\"woocommerce-LoopProduct-link woocommerce-loop-product__link\"><img loading=\"lazy\" decoding=\"async\" width=\"680\" height=\"680\" src=\"https:\/\/maetpets.com\/wp-content\/uploads\/chicken_feast_ingredients_maet_tall-680x680.jpg\" class=\"attachment-woocommerce_thumbnail size-woocommerce_thumbnail\" alt=\"Chicken Risotto\" srcset=\"https:\/\/maetpets.com\/wp-content\/uploads\/chicken_feast_ingredients_maet_tall-680x680.jpg 680w, https:\/\/maetpets.com\/wp-content\/uploads\/chicken_feast_ingredients_maet_tall-150x150.jpg 150w\" sizes=\"auto, (max-width: 680px) 100vw, 680px\" \/><\/a><a href=\"https:\/\/maetpets.com\/produkt\/chicken-feast-risotto-frisk-hundemad\/\" class=\"woocommerce-LoopProduct-link woocommerce-loop-product__link\"><img data-lazy=\"https:\/\/maetpets.com\/wp-content\/uploads\/chicken-risotto.jpg\" width=\"680\" height=\"539\" alt=\"Chicken Risotto\" class=\"slick-loading\"><\/a><\/div><div class=\"product-summary\"><h2 class=\"woocommerce-loop-product__title\"><a href=\"https:\/\/maetpets.com\/produkt\/chicken-feast-risotto-frisk-hundemad\/\" class=\"woocommerce-LoopProduct-link woocommerce-loop-product__link\">Chicken Risotto<\/a><\/h2>\n\t<span class=\"price\"><span class=\"woocommerce-Price-amount amount\"><bdi>45,00&nbsp;<span class=\"woocommerce-Price-currencySymbol\">kr.<\/span><\/bdi><\/span><\/span>\n<div class=\"buttons clearfix\"><a href=\"https:\/\/maetpets.com\/produkt\/chicken-feast-risotto-frisk-hundemad\/\" aria-describedby=\"woocommerce_loop_add_to_cart_link_describedby_61\" data-quantity=\"1\" class=\"button product_type_simple woocommerce-loop-product__button\" data-product_id=\"61\" data-product_sku=\"MAET101\" aria-label=\"Les mer om \u00abChicken Risotto\u00bb\" rel=\"nofollow\" data-success_message=\"\">Les mer<\/a>\t<span id=\"woocommerce_loop_add_to_cart_link_describedby_61\" class=\"screen-reader-text\">\n\t\t\t<\/span>\n<\/div><\/div><\/div><\/li>\n<li class=\"product type-product post-229534 status-publish last outofstock product_cat-hundemad product_tag-hundemad-gris product_tag-risotto has-post-thumbnail taxable shipping-taxable purchasable product-type-simple\">\n\t<div class=\"product-inner\"><span class=\"woocommerce-badges woocommerce-badges--round\"><span class=\"sold-out woocommerce-badge\"><span>Udsolgt<\/span><\/span><\/span><div class=\"product-thumbnail product-thumbnails--slider\"><a href=\"https:\/\/maetpets.com\/produkt\/pork-party-risotto-frisk-hundemad\/\" class=\"woocommerce-LoopProduct-link woocommerce-loop-product__link\"><img loading=\"lazy\" decoding=\"async\" width=\"680\" height=\"680\" src=\"https:\/\/maetpets.com\/wp-content\/uploads\/pork_party_tall_maet-1-680x680.jpg\" class=\"attachment-woocommerce_thumbnail size-woocommerce_thumbnail\" alt=\"Pork Risotto\" srcset=\"https:\/\/maetpets.com\/wp-content\/uploads\/pork_party_tall_maet-1-680x680.jpg 680w, https:\/\/maetpets.com\/wp-content\/uploads\/pork_party_tall_maet-1-150x150.jpg 150w\" sizes=\"auto, (max-width: 680px) 100vw, 680px\" \/><\/a><a href=\"https:\/\/maetpets.com\/produkt\/pork-party-risotto-frisk-hundemad\/\" class=\"woocommerce-LoopProduct-link woocommerce-loop-product__link\"><img data-lazy=\"https:\/\/maetpets.com\/wp-content\/uploads\/pork-risotto-maet-pets.jpg\" width=\"680\" height=\"544\" alt=\"Pork Risotto\" class=\"slick-loading\"><\/a><\/div><div class=\"product-summary\"><h2 class=\"woocommerce-loop-product__title\"><a href=\"https:\/\/maetpets.com\/produkt\/pork-party-risotto-frisk-hundemad\/\" class=\"woocommerce-LoopProduct-link woocommerce-loop-product__link\">Pork Risotto<\/a><\/h2>\n\t<span class=\"price\"><span class=\"woocommerce-Price-amount amount\"><bdi>45,00&nbsp;<span class=\"woocommerce-Price-currencySymbol\">kr.<\/span><\/bdi><\/span><\/span>\n<div class=\"buttons clearfix\"><a href=\"https:\/\/maetpets.com\/produkt\/pork-party-risotto-frisk-hundemad\/\" aria-describedby=\"woocommerce_loop_add_to_cart_link_describedby_229534\" data-quantity=\"1\" class=\"button product_type_simple woocommerce-loop-product__button\" data-product_id=\"229534\" data-product_sku=\"MAET102\" aria-label=\"Les mer om \u00abPork Risotto\u00bb\" rel=\"nofollow\" data-success_message=\"\">Les mer<\/a>\t<span id=\"woocommerce_loop_add_to_cart_link_describedby_229534\" class=\"screen-reader-text\">\n\t\t\t<\/span>\n<\/div><\/div><\/div><\/li>\n<\/ul><\/div><\/div>[\/vc_column][\/vc_row]<\/p>\n<\/div>","protected":false},"excerpt":{"rendered":"<p>[vc_row full_width=&#8221;stretch_row&#8221; css=&#8221;.vc_custom_1611487500242{padding-top: 60px !important;background-color: #fff9f7 !important;}&#8221;][vc_column width=&#8221;1\/6&#8243;][\/vc_column][vc_column width=&#8221;4\/6&#8243;][vc_column_text]Hunden er menneskets beste venn, men i likhet med oss mennesker har ogs\u00e5 hundene v\u00e5re et stort klimaavtrykk. S\u00e5 er vegetarisk hundemat&hellip;<\/p>\n","protected":false},"author":1,"featured_media":238091,"parent":0,"menu_order":0,"comment_status":"closed","ping_status":"closed","template":"","meta":{"inline_featured_image":false,"footnotes":""},"class_list":["post-242087","page","type-page","status-publish","has-post-thumbnail","hentry"],"_links":{"self":[{"href":"https:\/\/maetpets.com\/no\/wp-json\/wp\/v2\/pages\/242087","targetHints":{"allow":["GET"]}}],"collection":[{"href":"https:\/\/maetpets.com\/no\/wp-json\/wp\/v2\/pages"}],"about":[{"href":"https:\/\/maetpets.com\/no\/wp-json\/wp\/v2\/types\/page"}],"author":[{"embeddable":true,"href":"https:\/\/maetpets.com\/no\/wp-json\/wp\/v2\/users\/1"}],"replies":[{"embeddable":true,"href":"https:\/\/maetpets.com\/no\/wp-json\/wp\/v2\/comments?post=242087"}],"version-history":[{"count":0,"href":"https:\/\/maetpets.com\/no\/wp-json\/wp\/v2\/pages\/242087\/revisions"}],"wp:featuredmedia":[{"embeddable":true,"href":"https:\/\/maetpets.com\/no\/wp-json\/wp\/v2\/media\/238091"}],"wp:attachment":[{"href":"https:\/\/maetpets.com\/no\/wp-json\/wp\/v2\/media?parent=242087"}],"curies":[{"name":"wp","href":"https:\/\/api.w.org\/{rel}","templated":true}]}}