{"id":242079,"date":"2022-05-20T20:53:20","date_gmt":"2022-05-20T18:53:20","guid":{"rendered":"https:\/\/maetpets.com\/partnerskap\/"},"modified":"2022-05-20T20:53:30","modified_gmt":"2022-05-20T18:53:30","slug":"partnerskap","status":"publish","type":"page","link":"https:\/\/maetpets.com\/no\/partnerskap\/","title":{"rendered":"Partnerskap"},"content":{"rendered":"\n<p>Vi samarbeider med <a class=\"rank-math-link\" href=\"#ambassador\"><span style=\"text-decoration: underline\">ambassad\u00f8rer<\/span><\/a> , <a class=\"rank-math-link\" href=\"#shops\"><span style=\"text-decoration: underline\">butikker<\/span><\/a> , <a class=\"rank-math-link\" href=\"#kennels\"><span style=\"text-decoration: underline\">oppdrettere<\/span><\/a> og <a class=\"rank-math-link\" href=\"#vets\"><span style=\"text-decoration: underline\">veterin\u00e6rer<\/span><\/a> . Felles for v\u00e5re partnere er at deres viktigste verdier er kj\u00e6rlighet, kvalitet og profesjonalitet. Se hvem vi jobber med nedenfor, og skriv til slutt om du \u00f8nsker \u00e5 samarbeide.<\/p>\n\n<h2 class=\"wp-block-heading\" id=\"ambassador\">Ambassad\u00f8rer<\/h2>\n\n<p>I M\u00c6T er vi s\u00e5 heldige \u00e5 ha noen fantastiske ambassad\u00f8rer som tester produktene v\u00e5re og hjelper til med \u00e5 spre det gode budskapet. Du kan m\u00f8te dem her:<\/p>\n\n<ul class=\"wp-block-list\"><li>Albus &#8211; <a href=\"https:\/\/www.instagram.com\/albus_danskspids\/\" target=\"_blank\" rel=\"noreferrer noopener\"><span style=\"text-decoration: underline;\">@albus_danskspids<\/span><\/a><\/li><li>Alix &amp; the Pack &#8211; <a href=\"https:\/\/www.instagram.com\/alixandthepack\/\" target=\"_blank\" rel=\"noreferrer noopener\"><span style=\"text-decoration: underline;\">@alixandthepack<\/span><\/a><\/li><li>Fem og en halv hundeflokk &#8211; <a href=\"https:\/\/www.instagram.com\/fiveandahalfdogpack\/\" target=\"_blank\" rel=\"noreferrer noopener\"><span style=\"text-decoration: underline;\">@fiveandahalfdogpack<\/span><\/a><\/li><li>Freja &#8211; <a href=\"https:\/\/www.instagram.com\/littlebigfreja\/\" target=\"_blank\" rel=\"noreferrer noopener\"><span style=\"text-decoration: underline;\">@littlebigfreja<\/span><\/a><\/li><li>Lilo &#8211; <a href=\"https:\/\/www.instagram.com\/lilotheaustralianshepherd\/\" target=\"_blank\" rel=\"noreferrer noopener\"><span style=\"text-decoration: underline;\">@lilotheaustralianshepherd<\/span><\/a><\/li><li>Melek &#8211; <a href=\"https:\/\/www.instagram.com\/melekthedoodle\/\" data-type=\"URL\" data-id=\"https:\/\/www.instagram.com\/melekthedoodle\/\" target=\"_blank\" rel=\"noreferrer noopener\"><span style=\"text-decoration: underline;\">@melekthedoodle<\/span><\/a><\/li><li>Melis, Milo og Sandy &#8211; <a href=\"https:\/\/www.instagram.com\/melismortensen\/\" data-type=\"URL\" data-id=\"https:\/\/www.instagram.com\/melismortensen\/\" target=\"_blank\" rel=\"noreferrer noopener\"><span style=\"text-decoration: underline;\">@melismortensen<\/span><\/a><\/li><li>Spirit og Diesel &#8211; <a href=\"https:\/\/www.instagram.com\/zumas_spirit\/\" target=\"_blank\" rel=\"noreferrer noopener\"><span style=\"text-decoration: underline;\">@zumas_spirit<\/span><\/a><\/li><\/ul>\n\n<h3 class=\"wp-block-heading\" id=\"krav-for-at-vaere-ambassador-hos-os\">Krav for \u00e5 v\u00e6re ambassad\u00f8r hos oss:<\/h3>\n\n<ul class=\"wp-block-list\"><li>Du er hundeforelder, ikke hundeeier. Du tilbringer all fritid med hunden din og tar s\u00e5 mange bilder av hunden din at den har sin egen Instagram. Du liker \u00e5 st\u00f8tte sm\u00e5 bedrifter med nordisk produksjon. Og du elsker M\u00c6T ferske hundemat.<\/li><li>Som M\u00c6T ambassad\u00f8r er du ingen \u00abreklamehund\u00bb hos andre hundematbedrifter.<\/li><li>Du tar kanon gode bilder og video som vi kan bruke i v\u00e5r markedsf\u00f8ring.<\/li><li>Du har et h\u00f8yt antall f\u00f8lgere som du kan spre ordet om M\u00c6T til.<\/li><\/ul>\n\n<h3 class=\"wp-block-heading\" id=\"hvad-far-du-fra-os\">Hva f\u00e5r du fra oss: <\/h3>\n\n<ul class=\"wp-block-list\"><li>Du f\u00e5r en eksklusiv rabattordning p\u00e5 v\u00e5rt deilige ferske hundemat<\/li><li>Du f\u00e5r jevnlig tilsendt oppgaver og hjelper oss \u00e5 spre budskapet om sunn hundemat<\/li><li>Du vil bli omtalt p\u00e5 alle v\u00e5re sosiale medier og bli en litt st\u00f8rre kjendis.<\/li><\/ul>\n\n<p>Vi har ingen binding, og du\/vi kan n\u00e5r som helst avslutte samarbeidet dersom det ikke fungerer optimalt.<\/p>\n\n<h2 class=\"wp-block-heading\" id=\"shops\">Butikker<\/h2>\n\n<p>Finn alle <a href=\"https:\/\/maetpets.com\/forhandlere\/\" data-type=\"page\" data-id=\"233411\"><span style=\"text-decoration: underline\">M\u00c6T forhandlere her<\/span><\/a> . Vi ser etter flere butikker som \u00f8nsker \u00e5 selge v\u00e5r ferske hundemat \u2013 skriv til oss p\u00e5 <a class=\"rank-math-link\" href=\"mailto:wuf@maetpets.com\" target=\"_blank\" rel=\"noreferrer noopener\"><span style=\"text-decoration: underline\">wuf@maetpets.com<\/span><\/a> for \u00e5 h\u00f8re mer.<\/p>\n\n<h2 class=\"wp-block-heading\" id=\"kennels\">Oppdretter<\/h2>\n\n<p>M\u00c6T er for den kvalitetsbevisste oppdretteren som \u00f8nsker \u00e5 skape den beste starten for sine hunder. Med M\u00c6T er du sikker p\u00e5 at hundene dine f\u00e5r det optimale kostholdet.<\/p>\n\n<p>Du vil oppleve resultater allerede i l\u00f8pet av de f\u00f8rste 3 &#8211; 4 ukene. Spesielt i forhold til velv\u00e6re og generell helse til valpene dine. Spesialprisene gj\u00f8r det mulig for alle oppdrettere \u00e5 velge M\u00c6T .<\/p>\n\n<p>Velg v\u00e5re deilige valpepakker som er opplagte hvis du vil sikre at valpene dine f\u00e5r en best mulig start p\u00e5 livet. Starten som gj\u00f8r dem i stand til \u00e5 utvikle seg til sunne, spreke og aktive hunder. Og vi er alltid tilgjengelig dersom du har sp\u00f8rsm\u00e5l eller trenger veiledning.<\/p>\n\n<p>Send en e-post til <a class=\"rank-math-link\" href=\"mailto:wuf@maetpets.com\">wuf@maetpets.com<\/a> eller ring <a class=\"rank-math-link\" href=\"tel:+4589805155\">8980 5155<\/a> . Da lover vi at vi hjelper deg med \u00e5 svare p\u00e5 sp\u00f8rsm\u00e5lene dine samt ta den riktige avgj\u00f8relsen. En M\u00c6T er en glad hund.<\/p>\n\n<p>Vi jobber for tiden. sammen med:<\/p>\n\n<ul class=\"wp-block-list\"><li><a aria-label=\"Kennel Equilibrate (opens in a new tab)\" class=\"rank-math-link\" href=\"https:\/\/www.instagram.com\/kennel_equilibrate\/\" target=\"_blank\" rel=\"noreferrer noopener\"><span style=\"text-decoration: underline;\">Kennel Equilibre<\/span><\/a><\/li><li><a href=\"https:\/\/www.instagram.com\/enchanting_lumi\/\" target=\"_blank\" rel=\"noreferrer noopener\"><span style=\"text-decoration: underline;\">Primal Hound&#8217;s Kennel<\/span><\/a><\/li><li><a href=\"https:\/\/www.aymilu.com\/\" target=\"_blank\" rel=\"noreferrer noopener\"><span style=\"text-decoration: underline;\">Kennel Aymilu<\/span><\/a> &#8211; <a href=\"https:\/\/www.instagram.com\/kennel_aymilu\/\" target=\"_blank\" rel=\"noreferrer noopener\"><span style=\"text-decoration: underline;\">@kennel_aymilu<\/span><\/a><\/li><\/ul>\n\n<p>Vi ser frem til \u00e5 h\u00f8re fra deg!<\/p>\n\n<p><\/p>\n\n<h2 class=\"wp-block-heading\" id=\"vets\">Veterin\u00e6rer<\/h2>\n\n<ul class=\"wp-block-list\"><li><a href=\"https:\/\/osterbrodyreklinik.dk\/\" class=\"rank-math-link\" target=\"_blank\" rel=\"noopener\"><span style=\"text-decoration: underline\">\u00d8sterbro Dyreklinikk<\/span><\/a><\/li><\/ul>\n\n<p>V\u00e5rt ferske hundef\u00f4r er utviklet av en hundern\u00e6ringsfysiolog. Vi \u00f8nsker \u00e5 samarbeide med progressive veterin\u00e6rer med interesse for hundern\u00e6ring. Skriv til oss p\u00e5 <a rel=\"noreferrer noopener\" href=\"mailto:wuf@maetpets.com\" target=\"_blank\">wuf@maetpets.com<\/a> for \u00e5 h\u00f8re mer.<\/p>\n","protected":false},"excerpt":{"rendered":"<p>Vi samarbeider med ambassad\u00f8rer , butikker , oppdrettere og veterin\u00e6rer . Felles for v\u00e5re partnere er at deres viktigste verdier er kj\u00e6rlighet, kvalitet og profesjonalitet. Se hvem vi jobber med&hellip;<\/p>\n","protected":false},"author":1,"featured_media":0,"parent":0,"menu_order":0,"comment_status":"closed","ping_status":"closed","template":"","meta":{"inline_featured_image":false,"footnotes":""},"class_list":["post-242079","page","type-page","status-publish","hentry"],"_links":{"self":[{"href":"https:\/\/maetpets.com\/no\/wp-json\/wp\/v2\/pages\/242079","targetHints":{"allow":["GET"]}}],"collection":[{"href":"https:\/\/maetpets.com\/no\/wp-json\/wp\/v2\/pages"}],"about":[{"href":"https:\/\/maetpets.com\/no\/wp-json\/wp\/v2\/types\/page"}],"author":[{"embeddable":true,"href":"https:\/\/maetpets.com\/no\/wp-json\/wp\/v2\/users\/1"}],"replies":[{"embeddable":true,"href":"https:\/\/maetpets.com\/no\/wp-json\/wp\/v2\/comments?post=242079"}],"version-history":[{"count":0,"href":"https:\/\/maetpets.com\/no\/wp-json\/wp\/v2\/pages\/242079\/revisions"}],"wp:attachment":[{"href":"https:\/\/maetpets.com\/no\/wp-json\/wp\/v2\/media?parent=242079"}],"curies":[{"name":"wp","href":"https:\/\/api.w.org\/{rel}","templated":true}]}}