{"id":242033,"date":"2022-05-20T20:52:59","date_gmt":"2022-05-20T18:52:59","guid":{"rendered":"https:\/\/maetpets.com\/handels-og-leveringsbetingelser\/"},"modified":"2022-08-17T12:14:53","modified_gmt":"2022-08-17T10:14:53","slug":"handels-og-leveringsbetingelser","status":"publish","type":"page","link":"https:\/\/maetpets.com\/no\/handels-og-leveringsbetingelser\/","title":{"rendered":"Handels- og leveringsbetingelser"},"content":{"rendered":"\n<h2 class=\"wp-block-heading\">innbetaling<\/h2>\n\n<p>M\u00c6T Pets ApS mottar betaling med Dankort \/ VISA-Dankort, VISA, VISA Electron, Mastercard og JCB. Betaling vil bli trukket umiddelbart, men kan refunderes ved feilbestilling.<\/p>\n\n<p>Alle bel\u00f8p er i danske kroner og er inkl. mva.<\/p>\n\n<p>M\u00c6T Pets bruker en godkjent betalingsserver som krypterer all kortinformasjonen din med SSL (Secure Socket Layer) protokoll. Dette betyr at du ikke kan lese informasjonen din.<\/p>\n\n<h3 class=\"wp-block-heading\">Generell informasjon<\/h3>\n\n<p><strong>M\u00c6T Pets ApS<\/strong><br\/> Jiffy Digital ApS<br\/>CVR-NR. 41314575<br\/><br\/>Bogensegade 11, 5.th,<br\/>2100 K\u00f8benhavn<br\/><a href=\"tel:+4589805155\">+45 8980 5155<\/a><br\/><a href=\"mailto:wuf@maetpets.com\">wuf@maetpets.com<\/a><br\/><\/p>\n\n<h3 class=\"wp-block-heading\">Priser<\/h3>\n\n<p>Alle priser oppgitt p\u00e5 M\u00c6T Pets inkluderer mva og avgifter. Alle priser er dagspriser. <\/p>\n\n<h2 class=\"wp-block-heading\">Frakt<\/h2>\n\n<p>Det er gratis levering p\u00e5 pr\u00f8vepakken og m\u00e5ltidskassen (abonnement). <\/p>\n\n<p>Bestiller du snacks eller produkter enkeltvis, er frakten 39 kr og 89 kr for kj\u00f8levarer.<\/p>\n\n<p>Prisen inkluderer boks med kj\u00f8leposer og kj\u00f8leelementer. Trygg mattransport med spor og spor.<\/p>\n\n<h2 class=\"wp-block-heading\">Leveranse<\/h2>\n\n<p>Vi leverer i hele Danmark, bortset fra ikke-brofaste \u00f8er.<\/p>\n\n<p>Vi leverer p\u00e5 onsdagar mellom kl 10:00 &#8211; 22:00. <\/p>\n\n<p>Alle indkomne bestillinger inden s\u00f8ndag kl. 18:00, vil blive leveret om onsdagen. Bestillinger efter s\u00f8ndag kl. 18:00 vil blive leveret den efterf\u00f8lgende onsdag.<\/p>\n\n<p>Har du spesielle \u00f8nsker ang\u00e5ende bestillingen din, er det bare \u00e5 notere det i kommentarfeltet.<\/p>\n\n<p>Varelevering fra M\u00c6T Pets anses som gjennomf\u00f8rt n\u00e5r du som kunde har mottatt varene. Vi plasserer varene dine p\u00e5 \u00f8nsket sted s\u00e5 langt det lar seg gj\u00f8re.<\/p>\n\n<p><\/p>\n\n<h2 class=\"wp-block-heading\">Kvittering<\/h2>\n\n<p>Pakker sendes som flexlevering, dvs. du trenger ikke v\u00e6re hjemme, men bare skriv ned hvor du vil ha pakken plassert i boksen &#8220;lapper&#8221;, f.eks. carport, terrasse, sykkelbod el lign. <\/p>\n\n<p>Husk at pakkeposten m\u00e5 ha tilgang til valgt plassering! <br\/>Ved l\u00e5ste trapperom og budgiver ikke har mulighet til \u00e5 komme inn, skal det alltid v\u00e6re alternativ leveringsadresse, f.eks. din nabo eller arbeidsplass. <br\/>Sj\u00e5f\u00f8ren tar ikke leveranser med retur! <\/p>\n\n<p>Ansvaret for esken og innholdet g\u00e5r over til deg n\u00e5r pakkeposten har levert esken til din adresse. <\/p>\n\n<p>Levert rett p\u00e5 d\u00f8ra eller din arbeidsplass. <\/p>\n\n<h2 class=\"wp-block-heading\">Klagerett<\/h2>\n\n<p>Vi vil alltid gjerne h\u00f8re fra deg hvis det er noe du er misforn\u00f8yd med eller som du tror vi kan gj\u00f8re bedre. Hvis du har klager p\u00e5 leveransen din, m\u00e5 vi kontaktes p\u00e5 +45 8980 5155. Reklamasjon skal skje snarest mulig etter mottak\/\u00e5pning av pakken med bildedokumentasjon av innholdet. Dette gjelder b\u00e5de i forhold til levering av pakken og til innholdet i pakken. P\u00e5 den m\u00e5ten kan vi svare umiddelbart og gi deg en bedre service.<\/p>\n\n<p>Reklamasjonen gjelder ikke feil eller skade beg\u00e5tt ved feil bruk av produktet\/tjenesten.<\/p>\n\n<p>M\u00c6T Pets vil dekke returkostnader i rimelig grad.<\/p>\n\n<p>Ved retur<br\/>Henvendelser rettes til og klager sendes til:<\/p>\n\n<p>M\u00c6T Pets ApS<br\/>\u00d8lsg\u00e5rdsvei 1<br\/>4180 Sor\u00f8<\/p>\n\n<p>Pakker sendt p\u00e5 etterkrav aksepteres ikke.<\/p>\n\n<p><strong>Refusjon<\/strong><br\/>Hvis refusjon er avtalt, vennligst send bankopplysningene dine slik at vi kan overf\u00f8re det avtalte bel\u00f8pet.<\/p>\n\n<p><strong>Angrerett<\/strong><br\/>Ettersom M\u00c6T Pets leverer mat er det ingen angrerett i henhold til forbrukeravtaleloven \u00a7 17 ledd. 2, nr. 1.<\/p>\n\n<p><\/p>\n\n<p><strong>Klager \u2013 oversikt og lenker:<\/strong><br\/>Hvis du har en klage p\u00e5 et produkt kj\u00f8pt i v\u00e5r nettbutikk, kan en klage sendes til:<\/p>\n\n<p>Senter for klagel\u00f8sning<br\/>Styrenes hus, Toldboden 2<br\/>8800 Viborg<\/p>\n\n<p>Du kan klage til Senter for klagel\u00f8sning via Klageportalen for Styrehuset: <a href=\"https:\/\/kpo.naevneneshus.dk\/\" target=\"_blank\" rel=\"noreferrer noopener\">https:\/\/kpo.naevneneshus.dk\/<\/a><\/p>\n\n<p>Hvis du er en forbruker som bor i et annet EU-land, kan du angi klagen din i EU-kommisjonens elektroniske klageplattform.<\/p>\n\n<p>Plattformen finner du her: <a class=\"rank-math-link\" rel=\"noreferrer noopener\" href=\"http:\/\/ec.europa.eu\/odr\" target=\"_blank\">http:\/\/ec.europa.eu\/odr<\/a><br\/>Hvis du sender inn en klage her, vennligst oppgi v\u00e5r e-postadresse: <a class=\"rank-math-link\" href=\"mailto:wuf@maetpets.com\">wuf@maetpets.com<\/a><\/p>\n\n<h2 class=\"wp-block-heading\">Abonnementsavtale<\/h2>\n\n<p>Ved inng\u00e5else av abonnementsavtale \u2013 f.eks. medlemskap og andre l\u00f8pende tjenester &#8211; kunden godkjenner at M\u00c6T Pets er berettiget til l\u00f8pende \u00e5 utf\u00f8re transaksjoner p\u00e5 kundens betalingskort i henhold til de produkter kunden har bestilt.<\/p>\n\n<p>Kunden gir tillatelse til at M\u00c6T Pets kan gjennomf\u00f8re en betalingstransaksjon for hver betalingsperiode (hver uke, hver 2. eller hver 4. uke) s\u00e5 lenge abonnementet l\u00f8per. Bel\u00f8pet vil bli trukket p\u00e5 utsendelsesdagen enten hver uke, hver 2. eller hver 4. uke, avhengig av om kunden \u00f8nsker levering hver uke, hver 2. eller hver 4. uke. Ved abonnementsavtaler har M\u00c6T Pets kun rett til \u00e5 gjennomf\u00f8re betalingstransaksjoner p\u00e5 abonnementsbel\u00f8pet for kommende abonnementsperiode. <\/p>\n\n<p>Det er mulig for kunden \u00e5 endre abonnementssammensetningen, og bel\u00f8pet vil dermed endre seg i forhold til det som \u00f8nskes. M\u00c6T Pets har rett til \u00e5 gjennomf\u00f8re betalingstransaksjoner i forhold til evt endring av abonnement. Etter hver gjennomf\u00f8rte betalingstransaksjon sendes en kvittering til e-postadressen oppgitt ved oppstart\/kj\u00f8p av abonnement. <\/p>\n\n<p>Inng\u00e5tte abonnementsavtaler er gyldige til de sies opp av M\u00c6T Pets eller kunden. Oppsigelse kan skje n\u00e5r som helst.<\/p>\n\n<p>Heving av abonnementsavtaler, fornyelse og sletting av kortinformasjon skjer ved \u00e5 sende epost til M\u00c6T Pets. Ved kortutl\u00f8p sendes det automatisk en e-post med p\u00e5minnelse om at kortinformasjon m\u00e5 fornyes. <\/p>\n\n<p>Forskuddsbetaling refunderes ikke av M\u00c6T Pets.<\/p>\n","protected":false},"excerpt":{"rendered":"<p>innbetaling M\u00c6T Pets ApS mottar betaling med Dankort \/ VISA-Dankort, VISA, VISA Electron, Mastercard og JCB. Betaling vil bli trukket umiddelbart, men kan refunderes ved feilbestilling. Alle bel\u00f8p er i&hellip;<\/p>\n","protected":false},"author":1,"featured_media":0,"parent":0,"menu_order":0,"comment_status":"closed","ping_status":"closed","template":"","meta":{"inline_featured_image":false,"footnotes":""},"class_list":["post-242033","page","type-page","status-publish","hentry"],"_links":{"self":[{"href":"https:\/\/maetpets.com\/no\/wp-json\/wp\/v2\/pages\/242033","targetHints":{"allow":["GET"]}}],"collection":[{"href":"https:\/\/maetpets.com\/no\/wp-json\/wp\/v2\/pages"}],"about":[{"href":"https:\/\/maetpets.com\/no\/wp-json\/wp\/v2\/types\/page"}],"author":[{"embeddable":true,"href":"https:\/\/maetpets.com\/no\/wp-json\/wp\/v2\/users\/1"}],"replies":[{"embeddable":true,"href":"https:\/\/maetpets.com\/no\/wp-json\/wp\/v2\/comments?post=242033"}],"version-history":[{"count":0,"href":"https:\/\/maetpets.com\/no\/wp-json\/wp\/v2\/pages\/242033\/revisions"}],"wp:attachment":[{"href":"https:\/\/maetpets.com\/no\/wp-json\/wp\/v2\/media?parent=242033"}],"curies":[{"name":"wp","href":"https:\/\/api.w.org\/{rel}","templated":true}]}}