{"id":241636,"date":"2022-05-20T20:32:33","date_gmt":"2022-05-20T18:32:33","guid":{"rendered":"https:\/\/maetpets.com\/informasjonskapsler-og-personvernregler\/"},"modified":"2022-05-20T20:32:33","modified_gmt":"2022-05-20T18:32:33","slug":"informasjonskapsler-og-personvernregler","status":"publish","type":"page","link":"https:\/\/maetpets.com\/no\/informasjonskapsler-og-personvernregler\/","title":{"rendered":"Informasjonskapsler og personvernregler"},"content":{"rendered":"<h2>Introduksjon<\/h2>\n<p class=\"lead\">N\u00e5r du bes\u00f8ker nettsiden v\u00e5r samles det inn informasjon om deg, som brukes til \u00e5 tilpasse og forbedre innholdet v\u00e5rt og for \u00e5 \u00f8ke verdien av annonsene som vises p\u00e5 siden. Hvis du ikke \u00f8nsker at informasjon skal samles inn, b\u00f8r du slette informasjonskapslene dine ( <a href=\"http:\/\/minecookies.org\/cookiehandtering\" target=\"_blank\" rel=\"noopener\">se instruksjoner<\/a> ) og avst\u00e5 fra videre bruk av nettsiden. Nedenfor har vi utdypet hvilken informasjon som samles inn, deres form\u00e5l og hvilke tredjeparter som har tilgang til den.<\/p>\n<h2>Informasjonskapsler<\/h2>\n<p class=\"lead\">Nettstedet bruker \u00abcookies\u00bb, som er en tekstfil som lagres p\u00e5 din datamaskin, mobil eller lignende. p\u00e5 samme m\u00e5te med det form\u00e5l \u00e5 gjenkjenne det, huske innstillinger, utf\u00f8re statistikk og m\u00e5lrette annonser. Informasjonskapsler kan ikke inneholde skadelig kode som f.eks virus.<\/p>\n<p>Det er mulig \u00e5 slette eller blokkere informasjonskapsler. Se instruksjoner: <a href=\"http:\/\/minecookies.org\/cookiehandtering\" target=\"_blank\" rel=\"noopener\">se instruksjoner<\/a> .<\/p>\n<p>Hvis du sletter eller blokkerer informasjonskapsler, kan annonser bli mindre relevante for deg og vises oftere. Du kan ogs\u00e5 risikere at nettsiden ikke fungerer optimalt og at det er innhold du ikke f\u00e5r tilgang til.<\/p>\n<p>Nettstedet inneholder informasjonskapsler fra tredjeparter, som i varierende grad kan omfatte:<\/p>\n<table id=\"CookieTable\" class=\"table table-striped table-bordered mb-5\">\n<thead>\n<tr>\n<th scope=\"col\">Kjeks<\/th>\n<th scope=\"col\">Beskrivelse<\/th>\n<th scope=\"col\">Varighet<\/th>\n<th scope=\"col\">Type<\/th>\n<\/tr>\n<\/thead>\n<tbody>\n<tr>\n<td>__cfduid<\/td>\n<td>Informasjonskapselen er satt av CloudFare. Informasjonskapselen brukes til \u00e5 identifisere individuelle klienter bak en delt IP-adresse og bruke sikkerhetsinnstillinger per klient. Den samsvarer ikke med noen bruker-ID i nettapplikasjonen og lagrer ingen personlig identifiserbar informasjon.<\/td>\n<td>4 uker<\/td>\n<td>N\u00f8dvendig<\/td>\n<\/tr>\n<tr>\n<td>_g\u00e5<\/td>\n<td>Denne informasjonskapselen er installert av Google Analytics. Informasjonskapselen brukes til \u00e5 beregne bes\u00f8kende, \u00f8kter, kampanjedata og holde oversikt over bruken av nettstedet for nettstedets analyserapport. Informasjonskapslene lagrer informasjon anonymt og tildeler et tilfeldig generert nummer for \u00e5 identifisere unike bes\u00f8kende.<\/td>\n<td>2 \u00e5r<\/td>\n<td>Analytics<\/td>\n<\/tr>\n<tr>\n<td>_kan<\/td>\n<td>Denne informasjonskapselen er installert av Google Analytics. Informasjonskapselen brukes til \u00e5 lagre informasjon om hvordan bes\u00f8kende bruker et nettsted og hjelper til med \u00e5 lage en analyserapport om hvordan nettstedet har det. Dataene som samles inn, inkludert antall bes\u00f8kende, kilden de kommer fra, og sidene som ble vist i anonym form.<\/td>\n<td>1 dag<\/td>\n<td>Analytics<\/td>\n<\/tr>\n<tr>\n<td>_gat_gtag_UA_168707817_2<\/td>\n<td>Google bruker denne informasjonskapselen for \u00e5 skille brukere.<\/td>\n<td>1 minutt<\/td>\n<td>Analytics<\/td>\n<\/tr>\n<tr>\n<td>_fbp<\/td>\n<td>Denne informasjonskapselen er satt av Facebook for \u00e5 levere reklame n\u00e5r de er p\u00e5 Facebook eller en digital plattform drevet av Facebook-annonsering etter \u00e5 ha bes\u00f8kt denne nettsiden.<\/td>\n<td>2 m\u00e5neder<\/td>\n<td>Annonse<\/td>\n<\/tr>\n<tr>\n<td>fr<\/td>\n<td>Informasjonskapselen er satt av Facebook for \u00e5 vise relevante annonser til brukerne og m\u00e5le og forbedre annonsene. Informasjonskapselen sporer ogs\u00e5 oppf\u00f8rselen til brukeren p\u00e5 nettet p\u00e5 nettsteder som har Facebook-piksel eller Facebook-plugin.<\/td>\n<td>2 m\u00e5neder<\/td>\n<td>Annonse<\/td>\n<\/tr>\n<tr>\n<td>__hstc<\/td>\n<td>Denne informasjonskapselen er satt av Hubspot og brukes til \u00e5 spore bes\u00f8kende. Den inneholder domenet, utk, innledende tidsstempel (f\u00f8rste bes\u00f8k), siste tidsstempel (siste bes\u00f8k), gjeldende tidsstempel (dette bes\u00f8ket) og \u00f8ktnummer (\u00f8kt for hver p\u00e5f\u00f8lgende \u00f8kt).<\/td>\n<td>1 \u00e5r<\/td>\n<td>Analytics<\/td>\n<\/tr>\n<tr>\n<td>hubspotutk<\/td>\n<td>Denne informasjonskapselen brukes av HubSpot for \u00e5 holde oversikt over de bes\u00f8kende p\u00e5 nettstedet. Denne informasjonskapselen sendes til Hubspot ved innsending av skjema og brukes ved deduplisering av kontakter.<\/td>\n<td>1 \u00e5r<\/td>\n<td>Analytics<\/td>\n<\/tr>\n<tr>\n<td>__hssrc<\/td>\n<td>Denne informasjonskapselen er satt av Hubspot. I f\u00f8lge dokumentasjonen deres, n\u00e5r HubSpot endrer \u00f8ktinformasjonskapselen, er denne informasjonskapselen ogs\u00e5 satt til \u00e5 avgj\u00f8re om den bes\u00f8kende har startet nettleseren p\u00e5 nytt. Hvis denne informasjonskapselen ikke eksisterer n\u00e5r HubSpot administrerer informasjonskapsler, regnes det som en ny \u00f8kt.<\/td>\n<td><\/td>\n<td>N\u00f8dvendig<\/td>\n<\/tr>\n<tr>\n<td>__hssc<\/td>\n<td>Denne informasjonskapselen er satt p\u00e5 HubSpot. Form\u00e5let med informasjonskapselen er \u00e5 holde oversikt over \u00f8kter. Dette brukes til \u00e5 bestemme om HubSpot skal \u00f8ke \u00f8ktnummeret og tidsstemplene i __hstc-informasjonskapselen. Den inneholder domenet, viewCount (\u00f8ker hver sidevisning i en \u00f8kt) og sesjonsstarttidsstempel.<\/td>\n<td>30 minutter<\/td>\n<td>Funksjonell<\/td>\n<\/tr>\n<\/tbody>\n<\/table>\n<h2>Personlig informasjon<\/h2>\n<h2>Generelt<\/h2>\n<p class=\"lead\">Personopplysninger er all slags informasjon som til en viss grad kan tilskrives deg. N\u00e5r du bruker nettstedet v\u00e5rt, samler og behandler vi en rekke slik informasjon. Det skjer f.eks. av alm. tilgang til innhold hvis du registrerer deg for v\u00e5rt nyhetsbrev, deltar i konkurranser eller unders\u00f8kelser, registrerer deg som bruker eller abonnent, ellers bruker tjenestene eller foretar kj\u00f8p via nettstedet.<\/p>\n<p>Vi samler inn og behandler vanligvis f\u00f8lgende typer informasjon: En unik ID og teknisk informasjon om din datamaskin, nettbrett eller mobiltelefon, ditt IP-nummer, geografisk plassering og hvilke sider du klikker p\u00e5 (interesser). I den grad du selv gir uttrykkelig samtykke til dette og selv legger inn opplysningene, behandles ogs\u00e5 f\u00f8lgende: Navn, telefonnummer, e-post, adresse og betalingsopplysninger. Dette vil typisk v\u00e6re i forbindelse med opprettelse av innlogging eller kj\u00f8p.<\/p>\n<h2>Sikkerhet<\/h2>\n<p class=\"lead\">Vi har iverksatt tekniske og organisatoriske tiltak mot at dine opplysninger utilsiktet eller ulovlig blir slettet, publisert, tapt, forringet eller kommer til uvedkommendes kjennskap, misbrukes eller p\u00e5 annen m\u00e5te behandles i strid med loven.<\/p>\n<h2>Hensikt<\/h2>\n<p class=\"lead\">Informasjonen brukes til \u00e5 identifisere deg som bruker og vise deg de annonsene som mest sannsynlig vil v\u00e6re relevante for deg, for \u00e5 registrere dine kj\u00f8p og betalinger, samt for \u00e5 kunne yte de tjenestene du har etterspurt, som f.eks. \u00e5 sende inn et nyhetsbrev. I tillegg bruker vi informasjonen til \u00e5 optimere v\u00e5re tjenester og innhold.<\/p>\n<h2>Oppbevaringsperiode<\/h2>\n<p class=\"lead\">Informasjonen lagres i den perioden loven tillater og vi sletter den n\u00e5r den ikke lenger er n\u00f8dvendig. Perioden avhenger av informasjonens art og bakgrunnen for lagring. Det er derfor ikke mulig \u00e5 angi en generell tidsramme for n\u00e5r informasjon slettes.<\/p>\n<h2>Utlevering av informasjon<\/h2>\n<p class=\"lead\">Data om din bruk av nettsiden, hvilke annonser du mottar og ev klikk p\u00e5, geografisk plassering, kj\u00f8nn og alderssegment osv. videreformidles til tredjeparter i den grad denne informasjonen er kjent. Du kan se hvilke tredjeparter som er involvert i avsnittet om &#8220;informasjonskapsler&#8221; ovenfor. Informasjonen brukes til \u00e5 m\u00e5lrette annonsering.<\/p>\n<p>I tillegg bruker vi en rekke tredjeparter for lagring og behandling av data. Disse behandler informasjon utelukkende p\u00e5 v\u00e5re vegne og kan ikke bruke den til egne form\u00e5l.<\/p>\n<p>Utlevering av personopplysninger som navn og e-post etc. vil kun skje dersom du gir ditt samtykke. Vi bruker kun databehandlere i EU eller i land som kan gi din informasjon tilstrekkelig beskyttelse.<\/p>\n<h2>Innsikt og klager<\/h2>\n<p class=\"lead\">Du har rett til \u00e5 bli informert om hvilke personopplysninger vi behandler om deg. Du kan ogs\u00e5 n\u00e5r som helst protestere mot bruk av informasjon. Du kan ogs\u00e5 trekke tilbake samtykket ditt for at opplysninger om deg skal behandles. Dersom opplysningene som behandles om deg er feil, har du rett til \u00e5 f\u00e5 dem rettet eller slettet. Foresp\u00f8rsler om dette kan gj\u00f8res til: <a href=\"mailto:wuf@maetpets.com\">wuf@maetpets.com<\/a> . Hvis du \u00f8nsker \u00e5 klage p\u00e5 v\u00e5r behandling av dine personopplysninger, har du ogs\u00e5 mulighet til \u00e5 kontakte <a href=\"http:\/\/www.datatilsynet.dk\/\" target=\"_blank\" rel=\"noopener\">Datatilsynet<\/a> .<\/p>\n<p class=\"lead\">Vi er et sikkert nettsted, og det er derfor vi er en del av <a href=\"https:\/\/online-tryghed.dk\/sikre-sider\/\" target=\"_blank\" rel=\"noopener\">Online-tryghed.dk sine sikre sider<\/a> <a href=\"https:\/\/online-tryghed.dk\/sikre-sider\/\" target=\"_blank\" rel=\"noopener\"><img loading=\"lazy\" decoding=\"async\" src=\"https:\/\/online-tryghed.dk\/wp-content\/uploads\/2019\/07\/Online-tryghed-logo-1.png\" alt=\"Online Tryghed  \" width=\"35\" height=\"35\" border=\"0\"><\/a><\/p>\n<h2>Forlegger<\/h2>\n<p class=\"lead\">Nettstedet eies og publiseres av:<\/p>\n<p>M\u00c6T Pets ApS<br \/>\n\u00c5rhusgade 60<br \/>\n2100 K\u00f8benhavn \u00d8st<br \/>\nDanmark<br \/>\nE: <a href=\"mailto:wuf@maetpets.com\">wuf@maetpets.com<\/a><br \/>\nT: <a href=\"tel:+4589805155\">+45 8980 5155<\/a><br \/>\nW: <a href=\"https:\/\/maetpets.com\/no\/\">maetpets.com<\/a><\/p>\n<p>CVR-nr: 41314575<\/p>\n","protected":false},"excerpt":{"rendered":"<p>Introduksjon N\u00e5r du bes\u00f8ker nettsiden v\u00e5r samles det inn informasjon om deg, som brukes til \u00e5 tilpasse og forbedre innholdet v\u00e5rt og for \u00e5 \u00f8ke verdien av annonsene som vises&hellip;<\/p>\n","protected":false},"author":1,"featured_media":0,"parent":0,"menu_order":0,"comment_status":"closed","ping_status":"open","template":"","meta":{"inline_featured_image":false,"footnotes":""},"class_list":["post-241636","page","type-page","status-publish","hentry"],"_links":{"self":[{"href":"https:\/\/maetpets.com\/no\/wp-json\/wp\/v2\/pages\/241636","targetHints":{"allow":["GET"]}}],"collection":[{"href":"https:\/\/maetpets.com\/no\/wp-json\/wp\/v2\/pages"}],"about":[{"href":"https:\/\/maetpets.com\/no\/wp-json\/wp\/v2\/types\/page"}],"author":[{"embeddable":true,"href":"https:\/\/maetpets.com\/no\/wp-json\/wp\/v2\/users\/1"}],"replies":[{"embeddable":true,"href":"https:\/\/maetpets.com\/no\/wp-json\/wp\/v2\/comments?post=241636"}],"version-history":[{"count":0,"href":"https:\/\/maetpets.com\/no\/wp-json\/wp\/v2\/pages\/241636\/revisions"}],"wp:attachment":[{"href":"https:\/\/maetpets.com\/no\/wp-json\/wp\/v2\/media?parent=241636"}],"curies":[{"name":"wp","href":"https:\/\/api.w.org\/{rel}","templated":true}]}}