{"id":241488,"date":"2022-05-19T21:03:30","date_gmt":"2022-05-19T19:03:30","guid":{"rendered":"https:\/\/maetpets.com\/hundeutstyr-og-hundetilbehoer\/"},"modified":"2022-05-20T20:33:04","modified_gmt":"2022-05-20T18:33:04","slug":"hundeutstyr-og-hundetilbehoer","status":"publish","type":"page","link":"https:\/\/maetpets.com\/no\/hundeutstyr-og-hundetilbehoer\/","title":{"rendered":"Hundeutstyr og hundetilbeh\u00f8r"},"content":{"rendered":"<div class=\"wpb-content-wrapper\"><p>[vc_row css=&#8221;.vc_custom_1649594625903{padding-top: 60px !important;padding-bottom: 30px !important;}&#8221;][vc_column]<div class=\"konte-product-tabs konte-product-tabs__category konte-tabs  \">\n\t\t\t\t<ul class=\"konte-product-tabs__tabs konte-tabs__nav\"><li data-target=\"1\" data-atts=\"{&quot;type&quot;:&quot;&quot;,&quot;limit&quot;:&quot;&quot;,&quot;columns&quot;:&quot;4&quot;,&quot;category&quot;:&quot;hundeposer-no&quot;,&quot;tag&quot;:&quot;&quot;}\" class=\"active\">Hundeposer<\/li><\/ul>\n\t\t\t\t<div class=\"konte-product-tabs__panels konte-tabs__panels\"><div class=\"konte-products konte-product-grid konte-product-tabs__panel konte-tabs__panel active\" data-panel=\"1\" ><div class=\"woocommerce columns-4 \"><ul class=\"products hover-slider columns-4\"><li class=\"product type-product post-241993 status-publish first instock product_cat-hundeposer-no product_cat-hundeutstyr product_tag-utvalgte has-post-thumbnail sale taxable shipping-taxable purchasable product-type-simple\">\n\t<div class=\"product-inner\"><span class=\"woocommerce-badges woocommerce-badges--round\">\n\t<span class=\"onsale woocommerce-badge\"><span>10%<\/span><\/span>\n\t<\/span><div class=\"product-thumbnail product-thumbnails--slider\"><a href=\"https:\/\/maetpets.com\/no\/produkt\/biologisk-nedbrytbare-hundeposer\/\" class=\"woocommerce-LoopProduct-link woocommerce-loop-product__link\"><img loading=\"lazy\" decoding=\"async\" width=\"680\" height=\"680\" src=\"https:\/\/maetpets.com\/wp-content\/uploads\/bionedbrydelige-hundeposer-sustainable-maet-pets-1-680x680.jpg\" class=\"attachment-woocommerce_thumbnail size-woocommerce_thumbnail\" alt=\"Biologisk nedbrytbare hundeposer\" srcset=\"https:\/\/maetpets.com\/wp-content\/uploads\/bionedbrydelige-hundeposer-sustainable-maet-pets-1-680x680.jpg 680w, https:\/\/maetpets.com\/wp-content\/uploads\/bionedbrydelige-hundeposer-sustainable-maet-pets-1-150x150.jpg 150w, https:\/\/maetpets.com\/wp-content\/uploads\/bionedbrydelige-hundeposer-sustainable-maet-pets-1-660x660.jpg 660w, https:\/\/maetpets.com\/wp-content\/uploads\/bionedbrydelige-hundeposer-sustainable-maet-pets-1-100x100.jpg 100w\" sizes=\"auto, (max-width: 680px) 100vw, 680px\" \/><\/a><a href=\"https:\/\/maetpets.com\/no\/produkt\/biologisk-nedbrytbare-hundeposer\/\" class=\"woocommerce-LoopProduct-link woocommerce-loop-product__link\"><img data-lazy=\"https:\/\/maetpets.com\/wp-content\/uploads\/the-sustainable-people-bionedbrydelige-hundeposer-680x680.webp\" width=\"680\" height=\"680\" alt=\"Biologisk nedbrytbare hundeposer - 112 stk\" class=\"slick-loading\"><\/a><\/div><div class=\"product-summary\"><h2 class=\"woocommerce-loop-product__title\"><a href=\"https:\/\/maetpets.com\/no\/produkt\/biologisk-nedbrytbare-hundeposer\/\" class=\"woocommerce-LoopProduct-link woocommerce-loop-product__link\">Biologisk nedbrytbare hundeposer &#8211; 112 stk<\/a><\/h2>\n\t<span class=\"price\"><ins><span class=\"woocommerce-Price-amount amount\"><bdi>89,00&nbsp;<span class=\"woocommerce-Price-currencySymbol\">kr.<\/span><\/bdi><\/span><\/ins> <del><span class=\"woocommerce-Price-amount amount\"><bdi>99,00&nbsp;<span class=\"woocommerce-Price-currencySymbol\">kr.<\/span><\/bdi><\/span><\/del><\/span>\n<div class=\"buttons clearfix\"><a href=\"\/no\/wp-json\/wp\/v2\/pages\/241488?add-to-cart=241993\" aria-describedby=\"woocommerce_loop_add_to_cart_link_describedby_241993\" data-quantity=\"1\" class=\"button product_type_simple add_to_cart_button ajax_add_to_cart woocommerce-loop-product__button\" data-product_id=\"241993\" data-product_sku=\"TSP2061\" aria-label=\"Legg i handlekurv: \u00abBiologisk nedbrytbare hundeposer - 112 stk\u00bb\" rel=\"nofollow\" data-success_message=\"\u00abBiologisk nedbrytbare hundeposer - 112 stk\u00bb ble lagt til i handlekurven\" role=\"button\">Legg i handlekurv<\/a>\t<span id=\"woocommerce_loop_add_to_cart_link_describedby_241993\" class=\"screen-reader-text\">\n\t\t\t<\/span>\n<\/div><\/div><\/div><\/li>\n<\/ul><\/div><\/div><\/div>\n\t\t\t<\/div>[\/vc_column][\/vc_row][vc_row full_width=&#8221;stretch_row&#8221; css=&#8221;.vc_custom_1652986591106{padding-top: 30px !important;padding-bottom: 30px !important;background-color: #193119 !important;}&#8221;][vc_column width=&#8221;1\/6&#8243;][\/vc_column][vc_column width=&#8221;4\/6&#8243;][vc_custom_heading text=&#8221;Det beste hundetilbeh\u00f8ret&#8221; font_container=&#8221;tag:h2|font_size:50|text_align:center|color:%23ec5f43&#8243; use_theme_fonts=&#8221;yes&#8221;][vc_column_text]<\/p>\n<p><span style=\"color: #fff9f7;\">Vi har n\u00f8ye utvalgt det beste hundetilbeh\u00f8ret og utstyret som vi og v\u00e5re medlemmer synes er det beste. Du finner hundetilbeh\u00f8r av utrolig god kvalitet, til utrolig rimelige priser, hvor alle kan delta.<\/span><\/p>\n<p><span style=\"color: #fff9f7;\">Vi har alt fra hundehalsb\u00e5nd, hundesele, treningsutstyr, valpeutstyr, hundesk\u00e5ler, hundekurver, hundesenger, hundekl\u00e6r og mye mer.<br \/><\/span><\/p>\n<p>[\/vc_column_text][\/vc_column][vc_column width=&#8221;1\/6&#8243;][\/vc_column][\/vc_row][vc_row full_width=&#8221;stretch_row_content_no_spaces&#8221; disable_element=&#8221;yes&#8221; css=&#8221;.vc_custom_1649590516254{padding-top: 60px !important;background-color: #fff9f7 !important;}&#8221;][vc_column offset=&#8221;vc_col-lg-offset-1 vc_col-lg-10&#8243;][vc_custom_heading text=&#8221;En hit blant hundene&#8221; font_container=&#8221;tag:h2|text_align:center&#8221; use_theme_fonts=&#8221;yes&#8221;]<div class=\"konte-carousel konte-carousel--gap-40  konte-carousel--dots-center konte-carousel--arrows-center\" data-slick=\"{&quot;dots&quot;:true,&quot;arrows&quot;:true,&quot;infinite&quot;:true,&quot;slidesToShow&quot;:2,&quot;slidesToScroll&quot;:1}\" ><div class=\"konte-testimonial  \">\n\t\t\t\t<div class=\"konte-testimonial__photo\"><img decoding=\"async\" class=\"\" src=\"https:\/\/maetpets.com\/wp-content\/uploads\/alix-200x200.jpg\" width=\"200\" height=\"200\" alt=\"naturlig hundesnacks\" title=\"Alix\" loading=\"lazy\" \/><\/div>\n\t\t\t\t<div class=\"konte-testimonial__entry\">\n\t\t\t\t\t<div class=\"konte-testimonial__content\">&#8220;Jeg tar Chicken Bites med meg p\u00e5 alle turene mine som en standard snack. Hver eneste hund &#8211; liten, allergisk, stor, kresen &#8211; elsker dem s\u00e5 mye!&#8221;<\/div>\n\t\t\t\t\t<div class=\"konte-testimonial__author\"><span class=\"konte-testimonial__name\">Alexandra<\/span><span class=\"konte-testimonial__author-separator\">-<\/span><span class=\"konte-testimonial__company\">hundetrener i Alix &amp; the Pack<\/span><\/div>\n\t\t\t\t<\/div>\n\t\t\t<\/div><\/div>[\/vc_column][\/vc_row][vc_row full_width=&#8221;stretch_row&#8221; css=&#8221;.vc_custom_1649593276512{padding-top: 60px !important;padding-bottom: 30px !important;background-color: #fff9f7 !important;}&#8221;][vc_column width=&#8221;6\/12&#8243;][vc_single_image image=&#8221;241417&#8243; img_size=&#8221;full&#8221;][\/vc_column][vc_column width=&#8221;6\/12&#8243;][vc_column_text]<\/p>\n<h2>Hundeposer<\/h2>\n<div class=\"category-details category-info page-content-row clearfix \">\n<p>Biologisk nedbrytbare hundeposer er det milj\u00f8vennlige valget. Posene brytes ned p\u00e5 m\u00e5neder og ikke \u00e5r<\/p>\n<p>&nbsp;<\/p>\n<\/div>\n<p>[\/vc_column_text][\/vc_column][vc_column]<div class=\"konte-product-grid konte-products  \"><div class=\"woocommerce columns-4 \"><ul class=\"products hover-slider columns-4\"><li class=\"product type-product post-242004 status-publish first instock product_cat-hundpaasar product_cat-hundutrustning product_tag-utvalda has-post-thumbnail sale taxable shipping-taxable purchasable product-type-simple\">\n\t<div class=\"product-inner\"><span class=\"woocommerce-badges woocommerce-badges--round\">\n\t<span class=\"onsale woocommerce-badge\"><span>10%<\/span><\/span>\n\t<\/span><div class=\"product-thumbnail product-thumbnails--slider\"><a href=\"https:\/\/maetpets.com\/sv\/produkt\/biologiskt-nedbrytbara-hundpaasar\/\" class=\"woocommerce-LoopProduct-link woocommerce-loop-product__link\"><img loading=\"lazy\" decoding=\"async\" width=\"680\" height=\"680\" src=\"https:\/\/maetpets.com\/wp-content\/uploads\/bionedbrydelige-hundeposer-sustainable-maet-pets-1-680x680.jpg\" class=\"attachment-woocommerce_thumbnail size-woocommerce_thumbnail\" alt=\"Biologiskt nedbrytbara hundp\u00e5sar\" srcset=\"https:\/\/maetpets.com\/wp-content\/uploads\/bionedbrydelige-hundeposer-sustainable-maet-pets-1-680x680.jpg 680w, https:\/\/maetpets.com\/wp-content\/uploads\/bionedbrydelige-hundeposer-sustainable-maet-pets-1-150x150.jpg 150w, https:\/\/maetpets.com\/wp-content\/uploads\/bionedbrydelige-hundeposer-sustainable-maet-pets-1-660x660.jpg 660w, https:\/\/maetpets.com\/wp-content\/uploads\/bionedbrydelige-hundeposer-sustainable-maet-pets-1-100x100.jpg 100w\" sizes=\"auto, (max-width: 680px) 100vw, 680px\" \/><\/a><a href=\"https:\/\/maetpets.com\/sv\/produkt\/biologiskt-nedbrytbara-hundpaasar\/\" class=\"woocommerce-LoopProduct-link woocommerce-loop-product__link\"><img data-lazy=\"https:\/\/maetpets.com\/wp-content\/uploads\/the-sustainable-people-bionedbrydelige-hundeposer-680x680.webp\" width=\"680\" height=\"680\" alt=\"Biologiskt nedbrytbara hundp\u00e5sar - 112 st\" class=\"slick-loading\"><\/a><\/div><div class=\"product-summary\"><h2 class=\"woocommerce-loop-product__title\"><a href=\"https:\/\/maetpets.com\/sv\/produkt\/biologiskt-nedbrytbara-hundpaasar\/\" class=\"woocommerce-LoopProduct-link woocommerce-loop-product__link\">Biologiskt nedbrytbara hundp\u00e5sar &#8211; 112 st<\/a><\/h2>\n\t<span class=\"price\"><ins><span class=\"woocommerce-Price-amount amount\"><bdi>89,00&nbsp;<span class=\"woocommerce-Price-currencySymbol\">kr.<\/span><\/bdi><\/span><\/ins> <del><span class=\"woocommerce-Price-amount amount\"><bdi>99,00&nbsp;<span class=\"woocommerce-Price-currencySymbol\">kr.<\/span><\/bdi><\/span><\/del><\/span>\n<div class=\"buttons clearfix\"><a href=\"\/no\/wp-json\/wp\/v2\/pages\/241488?add-to-cart=242004\" aria-describedby=\"woocommerce_loop_add_to_cart_link_describedby_242004\" data-quantity=\"1\" class=\"button product_type_simple add_to_cart_button ajax_add_to_cart woocommerce-loop-product__button\" data-product_id=\"242004\" data-product_sku=\"TSP2061\" aria-label=\"Legg i handlekurv: \u00abBiologiskt nedbrytbara hundp\u00e5sar - 112 st\u00bb\" rel=\"nofollow\" data-success_message=\"\u00abBiologiskt nedbrytbara hundp\u00e5sar - 112 st\u00bb ble lagt til i handlekurven\" role=\"button\">Legg i handlekurv<\/a>\t<span id=\"woocommerce_loop_add_to_cart_link_describedby_242004\" class=\"screen-reader-text\">\n\t\t\t<\/span>\n<\/div><\/div><\/div><\/li>\n<\/ul><\/div><\/div>[\/vc_column][\/vc_row][vc_row full_width=&#8221;stretch_row&#8221; css=&#8221;.vc_custom_1649593276512{padding-top: 60px !important;padding-bottom: 30px !important;background-color: #fff9f7 !important;}&#8221;][vc_column width=&#8221;6\/12&#8243;][vc_column_text]<\/p>\n<h2>hundesk\u00e5ler (kommer snart)<\/h2>\n<div class=\"category-details category-info page-content-row clearfix \">\n<p>Vi er i gang med \u00e5 teste ut mange hundesk\u00e5ler. I mellomtiden b\u00f8r du vurdere en <a href=\"https:\/\/maetpets.com\/no\/produkt\/lickimat-tuff-kompis-lollipop-hund\/\"><span style=\"text-decoration: underline;\">Lickimat slikkematte.<\/span><\/a><\/p>\n<p>&nbsp;<\/p>\n<\/div>\n<p>[\/vc_column_text][\/vc_column][vc_column width=&#8221;6\/12&#8243;][\/vc_column][vc_column][\/vc_column][\/vc_row][vc_row][vc_column width=&#8221;2\/12&#8243;][\/vc_column][vc_column width=&#8221;8\/12&#8243;][vc_column_text]<\/p>\n<\/p>\r\n&#13;\n<h2 class=\"wp-block-heading\">Hundetilbeh\u00f8r til alle typer hunder<\/h2>&#13;\n\r\n<p>Hos os finder du hundeudstyr til alle hunderacer, st\u00f8rrelser og aldre. Lige meget om du har en hvalp, en gammel senior, ung krudt ugle, stor, mellem eller lille hund. Vi har altid et bredt udvalg af hundeudstyr, der passer lige netop din hund. Faktisk har vi noget til hele din hunds liv. Vi har lige udstyr og tilbeh\u00f8r til hvalpe, til unghunde, til voksne hunde og til senior hunde.&#13;\n<p><\/p>\u00a0<\/p>\r\n&#13;\n<h2 class=\"wp-block-heading\">F\u00e5 hundeutstyr og hundetilbeh\u00f8r levert direkte p\u00e5 d\u00f8ren<\/h2>&#13;\n\r\n<p>S\u00e5 bliver det ikke nemmere. Er du ikke hjemme ved leveringen, s\u00e5 kan du v\u00e6lge blot at f\u00e5 pakken stillet p\u00e5 din adresse. Foretr\u00e6kker du selv at hente det i din n\u00e6rmeste postbutik, s\u00e5 er dette ogs\u00e5 en mulighed da den leveres der, hvis du ikke er hjemme p\u00e5 leveringstidspunktet.&#13;\n<p><\/p>[\/vc_column_text][\/vc_column][vc_column width=&#8221;2\/12&#8243;][\/vc_column][\/vc_row]<\/p><\/div>","protected":false},"excerpt":{"rendered":"<p>[vc_row css=&#8221;.vc_custom_1649594625903{padding-top: 60px !important;padding-bottom: 30px !important;}&#8221;][vc_column][\/vc_column][\/vc_row][vc_row full_width=&#8221;stretch_row&#8221; css=&#8221;.vc_custom_1652986591106{padding-top: 30px !important;padding-bottom: 30px !important;background-color: #193119 !important;}&#8221;][vc_column width=&#8221;1\/6&#8243;][\/vc_column][vc_column width=&#8221;4\/6&#8243;][vc_custom_heading text=&#8221;Det beste hundetilbeh\u00f8ret&#8221; font_container=&#8221;tag:h2|font_size:50|text_align:center|color:%23ec5f43&#8243; use_theme_fonts=&#8221;yes&#8221;][vc_column_text] Vi har n\u00f8ye utvalgt det beste hundetilbeh\u00f8ret og utstyret&hellip;<\/p>\n","protected":false},"author":1,"featured_media":239503,"parent":0,"menu_order":0,"comment_status":"closed","ping_status":"closed","template":"","meta":{"inline_featured_image":false,"footnotes":""},"class_list":["post-241488","page","type-page","status-publish","has-post-thumbnail","hentry"],"_links":{"self":[{"href":"https:\/\/maetpets.com\/no\/wp-json\/wp\/v2\/pages\/241488","targetHints":{"allow":["GET"]}}],"collection":[{"href":"https:\/\/maetpets.com\/no\/wp-json\/wp\/v2\/pages"}],"about":[{"href":"https:\/\/maetpets.com\/no\/wp-json\/wp\/v2\/types\/page"}],"author":[{"embeddable":true,"href":"https:\/\/maetpets.com\/no\/wp-json\/wp\/v2\/users\/1"}],"replies":[{"embeddable":true,"href":"https:\/\/maetpets.com\/no\/wp-json\/wp\/v2\/comments?post=241488"}],"version-history":[{"count":0,"href":"https:\/\/maetpets.com\/no\/wp-json\/wp\/v2\/pages\/241488\/revisions"}],"wp:featuredmedia":[{"embeddable":true,"href":"https:\/\/maetpets.com\/no\/wp-json\/wp\/v2\/media\/239503"}],"wp:attachment":[{"href":"https:\/\/maetpets.com\/no\/wp-json\/wp\/v2\/media?parent=241488"}],"curies":[{"name":"wp","href":"https:\/\/api.w.org\/{rel}","templated":true}]}}