{"id":238453,"date":"2018-08-30T09:43:44","date_gmt":"2018-08-30T07:43:44","guid":{"rendered":"https:\/\/maetpets.com\/ofte-stilte-spoersmaal\/"},"modified":"2022-05-20T20:33:11","modified_gmt":"2022-05-20T18:33:11","slug":"ofte-stilte-spoersmaal","status":"publish","type":"page","link":"https:\/\/maetpets.com\/no\/ofte-stilte-spoersmaal\/","title":{"rendered":"Ofte stilte sp\u00f8rsm\u00e5l"},"content":{"rendered":"\n<p><\/p>\n\n<p>Her finner du svar p\u00e5 de oftest stilte sp\u00f8rsm\u00e5lene. Hvis du fortsatt har sp\u00f8rsm\u00e5l, send en e-post til <a href=\"mailto:wuf@maetpets.com\"><span style=\"text-decoration: underline;\">wuf@maetpets.com<\/span><\/a> eller bruk v\u00e5r chat p\u00e5 nettsiden.<\/p>\n\n<div class=\"wp-block-group\"><div class=\"wp-block-group__inner-container is-layout-flow wp-block-group-is-layout-flow\"><div id=\"rank-math-faq\" class=\"rank-math-block\">\n<div class=\"rank-math-list \">\n<div id=\"faq-question-1608823278989\" class=\"rank-math-list-item\">\n<h3 class=\"rank-math-question \">Hva er fersk hundemat?<\/h3>\n<div class=\"rank-math-answer \">\n\n<p>M\u00c6T lager fersk, lett tilberedt hundemat til hunden din fordi det er den beste typen n\u00e6ring du kan gi hunden din. V\u00e5rt ferske hundef\u00f4r er et komplett m\u00e5ltid best\u00e5ende av b\u00e5de kj\u00f8tt, gr\u00f8nnsaker, ris (i risottom\u00e5ltidene), vitaminer, mineraler og fiber, som er lett tilberedt for \u00e5 optimere hundens ford\u00f8yelse av maten.<\/p>\n<p>V\u00e5r ferske hundemat m\u00e5 oppbevares i kj\u00f8leskap for \u00e5 holde den fersk, men den kan ogs\u00e5 fryses ved behov. Fordi M\u00c6Ts ferske hundef\u00f4r ikke inneholder konserveringsmidler, smaks- eller fargestoffer, f\u00e5r hunden din et helt rent m\u00e5ltidsprodukt som er sunt og lett \u00e5 absorbere. <\/p>\n<p>I motsetning til vanlig t\u00f8rrf\u00f4r, som har et opptak p\u00e5 bare 50 %, har fersk hundemat et opptak p\u00e5 hele 86 %, fordi det er nettopp sunne r\u00e5varer som enkelt tilberedes.<\/p>\n<p><a style=\"text-decoration: underline\" class=\"rank-math-link\" href=\"https:\/\/maetpets.com\/no\/hva-er-fersk-hundemat\/\">Les mer om fersk hundemat<\/a><br \/><a class=\"rank-math-link\" href=\"https:\/\/maetpets.com\/no\/vaar-ferske-hundemat\/\"><span style=\"text-decoration: underline\">Pr\u00f8v v\u00e5rt ferske hundemat<\/span><\/a><\/p>\n\n<\/div>\n<\/div>\n<div id=\"faq-question-1608823286277\" class=\"rank-math-list-item\">\n<h3 class=\"rank-math-question \">hva er det i M\u00c6T fersk hundemat?<\/h3>\n<div class=\"rank-math-answer \">\n\n<p>En hundern\u00e6ringsfysiolog har utviklet alle oppskriftene p\u00e5 v\u00e5rt ferske hundemat. Hun har n\u00f8ye tatt hensyn til hundens prim\u00e6re ern\u00e6ringsbehov, de beste ingrediensene og fordelingen av proteiner, vitaminer, mineraler og fiber, slik at hunden din f\u00e5r den beste kombinasjonen av ingredienser.<\/p>\n<p>Alle v\u00e5re r\u00e5varer kommer fra nordiske g\u00e5rder, og er av h\u00f8y kvalitet. Det er ingen konserveringsmidler, smaks- eller fargestoffer i M\u00c6T sine produkter. Vi tilf\u00f8rer kun ekstra vitaminer og mineraler slik at hunden din f\u00e5r i seg riktig mengde n\u00e6ringsstoffer i m\u00e5ltidene sine.<\/p>\n<p><span style=\"text-decoration: underline\"><a class=\"rank-math-link\" href=\"https:\/\/maetpets.com\/hvilke-ingredienser-boer-hundemad-indeholde\/\">Les mer om hvilke ingredienser som er viktige i hundemat<\/a><\/span><\/p>\n\n<\/div>\n<\/div>\n<div id=\"faq-question-1608823480354\" class=\"rank-math-list-item\">\n<h3 class=\"rank-math-question \">Hvordan lager vi fersk hundemat?<\/h3>\n<div class=\"rank-math-answer \">\n\n<p>V\u00e5r sunne hundemat er laget med ferske r\u00e5varer fra nordiske g\u00e5rder. Oppskriftene v\u00e5re er utviklet av hundern\u00e6ringseksperter for \u00e5 inneholde alle proteinene, vitaminene, mineralene og fibrene v\u00e5re hunder trenger.<\/p>\n<p>N\u00e5r alle de ferske ingrediensene kommer til kj\u00f8kkenet v\u00e5rt fra de nordiske g\u00e5rdene, tilberedes de, pakkes i emballasjen og dampes (sous vide) til de n\u00e5r en temperatur p\u00e5 85 \u00b0 grader. Denne enkle tilberedningen av r\u00e5varene gj\u00f8r at opptaket av alle n\u00e6ringsstoffene er hele 86 %.<\/p>\n<p>M\u00c6Ts ferske hundemat inneholder ingen konserveringsmidler. Vi tilsetter kun ekstra vitaminer og mineraler. <\/p>\n<p>M\u00e5ltidene har maks holdbarhet p\u00e5 3 m\u00e5neder i kj\u00f8leskap (+5 grader). N\u00e5r m\u00e5ltidet er \u00e5pnet kan det holde seg i kj\u00f8leskapet i 3-4 dager.<\/p>\n<p><span style=\"text-decoration: underline\"><a href=\"https:\/\/maetpets.com\/saadan-laver-vi-frisk-hundemad\/\" class=\"rank-math-link\">Les mer om hvordan vi lager fersk hundemat<\/a><\/span><\/p>\n\n<\/div>\n<\/div>\n<div id=\"faq-question-1608823507991\" class=\"rank-math-list-item\">\n<h3 class=\"rank-math-question \">hvorfor lager M\u00c6T ferskt hundemat?<\/h3>\n<div class=\"rank-math-answer \">\n\n<p>Vi begynte \u00e5 lage fersk hundemat fordi vi oppdaget at konseptet \u00abfersk hundemat\u00bb ikke fantes i Danmark. Vi manglet til og med sunt og n\u00e6ringsrikt hundemat til v\u00e5r egen hund, Lenni. <\/p>\n<p>Som mange andre hunder t\u00e5ler ikke Lenni bearbeidet t\u00f8rrf\u00f4r som er tappet for vann og fylt med konserveringsmidler. Da vi bodde i utlandet var det ikke noe problem \u00e5 finne fersk hundemat med sunne r\u00e5varer, men da vi kom tilbake til Danmark kunne vi ikke finne fersk hundemat noen steder.<\/p>\n<p>Derfor har vi valgt \u00e5 ta med fersk hundemat til Danmark, slik at flere hunder som Lenni f\u00e5r mulighet til \u00e5 f\u00e5 et sunt og n\u00e6ringsrikt m\u00e5ltid hver eneste dag med alle de n\u00e6ringsstoffene de trenger.<\/p>\n<p><span style=\"text-decoration: underline\"><a class=\"rank-math-link\" href=\"https:\/\/maetpets.com\/no\/om-maet\/\">Les mer om hvorfor vi startet M\u00c6T <\/a><\/span> .<\/p>\n\n<\/div>\n<\/div>\n<div id=\"faq-question-1608823530106\" class=\"rank-math-list-item\">\n<h3 class=\"rank-math-question \">Hvor mye ferskt hundemat b\u00f8r hunden min ha?<\/h3>\n<div class=\"rank-math-answer \">\n\n<p>Det er en tabell p\u00e5 hver produktside hvor du kan se hvor mye ferskt hundemat hunden din b\u00f8r ha daglig avhengig av vekten.<\/p>\n<p>Du kan imidlertid alltid anta at hvis hunden din er fullmatet med v\u00e5re deilige Risotto-m\u00e5ltider, s\u00e5 m\u00e5 den ha tilsvarende 2,5 % av kroppsvekten daglig delt p\u00e5 antall m\u00e5ltider den f\u00e5r per dag.<\/p>\n<p>Hvis den derimot er fullforet med v\u00e5re sunne Deli-m\u00e5ltider, s\u00e5 m\u00e5 den ha 3 % av kroppsvekten daglig fordelt p\u00e5 dagens m\u00e5ltider.<\/p>\n<p>I tilfelle du \u00f8nsker \u00e5 kombinere ferskt hundemat med en annen type hundemat, b\u00f8r du bare mate hunden din med ca. 50-65 % av anbefalt daglig dose avhengig av hundens aktivitet, trening og snacks.<\/p>\n<p><span style=\"text-decoration: underline\"><a href=\"https:\/\/maetpets.com\/no\/hvordan-komme-i-gang-med-fersk-hundemat\/\" class=\"rank-math-link\">Les hvordan du kommer i gang med \u00e5 mate fersk hundemat<\/a><\/span><\/p>\n\n<\/div>\n<\/div>\n<div id=\"faq-question-1612881691881\" class=\"rank-math-list-item\">\n<h3 class=\"rank-math-question \">Kan valpen min spise nok?<\/h3>\n<div class=\"rank-math-answer \">\n\n<p>Ja det kan det. Valper kan spise v\u00e5re Deli-m\u00e5ltider fra de er 4 uker og v\u00e5re Risotto-m\u00e5ltider fra de er 8 uker. Avhengig av rase b\u00f8r en valp ha 5-8 % av kroppsvekten. Du kan lese mer om <a class=\"rank-math-link\" href=\"https:\/\/maetpets.com\/hvor-meget-mad-skal-en-hvalp-have\/\"><span style=\"text-decoration: underline\">valpef\u00f4ring her<\/span><\/a> .<\/p>\n\n<\/div>\n<\/div>\n<div id=\"faq-question-1612881719597\" class=\"rank-math-list-item\">\n<h3 class=\"rank-math-question \">Kan seniorhunden min spise M\u00c6T?<\/h3>\n<div class=\"rank-math-answer \">\n\n<p>Ja, M\u00c6T er et komplett m\u00e5ltid, men du m\u00e5 selvf\u00f8lgelig huske \u00e5 tilsette tilskuddene den aldrende hunden trenger.<\/p>\n\n<\/div>\n<\/div>\n<div id=\"faq-question-1612881732506\" class=\"rank-math-list-item\">\n<h3 class=\"rank-math-question \">Er M\u00c6T r\u00e5 \/ BARF?<\/h3>\n<div class=\"rank-math-answer \">\n\n<p>M\u00c6T er lett tilberedt, da v\u00e5re hunder dermed kan absorbere hele 86 % av maten og alle bakterier blir eliminert under matlagingen. H\u00f8ykvalitets BARF med kj\u00f8tt og gr\u00f8nnsaker er ogs\u00e5 bra &#8211; og mye bedre t\u00f8rrf\u00f4r, men M\u00c6T er et komplett m\u00e5ltid som er klart til \u00e5 serveres med alle n\u00e6ringsstoffene hunden din trenger. Du tar bare p\u00f8lsene ut av kj\u00f8leskapet og mater hunden din.<\/p>\n<p><a class=\"rank-math-link\" href=\"https:\/\/maetpets.com\/no\/hva-er-fersk-hundemat\/\"><span style=\"text-decoration: underline\">Les mer om v\u00e5rt ferske hundef\u00f4r<\/span><\/a><\/p>\n\n<\/div>\n<\/div>\n<div id=\"faq-question-1612887303273\" class=\"rank-math-list-item\">\n<h3 class=\"rank-math-question \">hvor f\u00e5r man kj\u00f8pt M\u00c6T?<\/h3>\n<div class=\"rank-math-answer \">\n\n<p>Du kan kj\u00f8pe M\u00c6T i utvalgte butikker, <a href=\"https:\/\/maetpets.com\/forhandlere\/\" data-type=\"page\" data-id=\"233411\"><span style=\"text-decoration: underline\">se hele forhandlerlisten her<\/span><\/a> . Du kan ogs\u00e5 bestille v\u00e5re hundematbokser her p\u00e5 siden med hjemlevering p\u00e5 d\u00f8ren.<\/p>\n\n<\/div>\n<\/div>\n<div id=\"faq-question-1612887463553\" class=\"rank-math-list-item\">\n<h3 class=\"rank-math-question \">HVORDAN BYTTER DU TIL \u00c5 M\u00c6T Fersk hundemat?<\/h3>\n<div class=\"rank-math-answer \">\n\n<p>Det er ikke noe problem \u00e5 bytte fra annet hundemat til M\u00c6T. Vi anbefaler at du gradvis \u00f8ker mengden M\u00c6T hver dag mens du gradvis reduserer gjeldende feed.<\/p>\n<p><span style=\"text-decoration: underline\"><a class=\"rank-math-link\" href=\"https:\/\/maetpets.com\/no\/hvordan-komme-i-gang-med-fersk-hundemat\/\">Les hvordan du enkelt kan bytte til fersk hundemat her<\/a><\/span><\/p>\n\n<\/div>\n<\/div>\n<div id=\"faq-question-1614594892684\" class=\"rank-math-list-item\">\n<h3 class=\"rank-math-question \">Hvilken type M\u00c6T hundemat passer for hunden min?<\/h3>\n<div class=\"rank-math-answer \">\n\n<p>MEAT mener at fersk hundemat kan gj\u00f8re en stor forskjell for hundens helse. Valget mellom v\u00e5re ulike M\u00c6T-oppskrifter avhenger av de individuelle behovene og preferansene til deg og kj\u00e6ledyret ditt. Alle v\u00e5re produkter passer for alle hunderaser, det avhenger kun av dine personlige preferanser.<\/p>\n<p><a class=\"rank-math-link\" href=\"https:\/\/maetpets.com\/no\/vaar-ferske-hundemat\/\"><span style=\"text-decoration: underline\">Les mer om v\u00e5re produkter<\/span><\/a><\/p>\n\n<\/div>\n<\/div>\n<div id=\"faq-question-1614594967127\" class=\"rank-math-list-item\">\n<h3 class=\"rank-math-question \"><strong>Hvor ofte b\u00f8r jeg mate hunden min?<\/strong><\/h3>\n<div class=\"rank-math-answer \">\n\n<p>En f\u00f4ring\/m\u00e5ltid om dagen kan godt v\u00e6re tilstrekkelig for en voksen hund. Hvis hunden din har en tendens til \u00e5 f\u00e5 halsbrann eller \u00abkaste opp p\u00e5 tom mage\u00bb, er det lurt \u00e5 dele opp maten i flere porsjoner og tilby den st\u00f8rste av dem over natten. S\u00e5 lenge den totale matmengden ikke blir for stor, noe som kan gi fedme, kan det lett bli flere f\u00f4ringstider i l\u00f8pet av dagen.<\/p>\n<p>Ofte f\u00f8ler hundeeiere intuitivt at det b\u00f8r v\u00e6re flere f\u00f4ringstider, og hunder elsker ideen om mer mat, noe som ofte resulterer i at de sitter og tigger ved bordet. <\/p>\n<p>Er du i tvil om riktig mengde mat, s\u00e5 kan hundens livsstil og velv\u00e6re fortelle mer om dette. Du m\u00e5 kunne kjenne ribbeina under huden ved myk ber\u00f8ring, og det m\u00e5 ikke v\u00e6re et tykt lag med fett p\u00e5 toppen av rygg og rumpa.<\/p>\n<p>Noen f\u00e5 tommelfingerregler for inntak av hundemat:<\/p>\n<p>\u2013 N\u00e5r det er kaldt ute, bruker hunder mer energi enn n\u00e5r det er varmt, noe som gj\u00f8r at hunder spiser mer om vinteren.<br \/>\u2013 Hormonaktivitet og graviditet p\u00e5virker ogs\u00e5 forbruk og appetitt. <br \/>\u2013 Hundens aktivitetsniv\u00e5 bruker naturligvis ogs\u00e5 energibehovet. En avslappet sofahund trenger mindre mat enn en aktiv og energisk hund.<\/p>\n\n<\/div>\n<\/div>\n<div id=\"faq-question-1619594656360\" class=\"rank-math-list-item\">\n<h3 class=\"rank-math-question \">Hvor lenge holder p\u00f8lsene n\u00e5r de er u\u00e5pnede?<\/h3>\n<div class=\"rank-math-answer \">\n\n<p>Vi varmer opp det ferske hundeforet slik at det kan st\u00e5 u\u00e5pnet i maksimalt 3 m\u00e5neder fra produksjonsdato. N\u00e5r du mottar produktene vil de typisk kunne vare en ml. noen uker til 1,5 m\u00e5ned.<\/p>\n<p>Produktene holder seg ferske i 3-4 dager ved \u00e5pning og kj\u00f8ling. De skal alltid st\u00e5 i kj\u00f8leskap, da det ikke er tilsatt kunstige konserveringsmidler, fargestoffer eller smaksstoffer. Du kan derfor servere den ferske hundematen med god samvittighet.<\/p>\n\n<\/div>\n<\/div>\n<div id=\"faq-question-1632474414127\" class=\"rank-math-list-item\">\n<h3 class=\"rank-math-question \">Kan du fryse M\u00c6T ?<\/h3>\n<div class=\"rank-math-answer \">\n\n<p> Ja, du kan enkelt fryse ned fersk hundemat. Spesielt Deli er bra for frysing. <\/p>\n<p>Dersom du \u00f8nsker \u00e5 stimulere hunden din ift f\u00f4ring kan du for eksempel fylle en KONG med fersk hundemat og fryse ned til maten er halvhard, og dermed utfordre hunden p\u00e5 alle sanser og kunnskaper. Les mer om <span style=\"text-decoration: underline\"><a href=\"https:\/\/maetpets.com\/sjove-maader-at-fodre-sin-hund\/\" data-type=\"post\" data-id=\"233576\">morsomme m\u00e5ter \u00e5 mate p\u00e5<\/a><\/span> <a href=\"https:\/\/maetpets.com\/sjove-maader-at-fodre-sin-hund\/\" data-type=\"post\" data-id=\"233576\">.<\/a><\/p>\n<p>Forbrukerr\u00e5det TENK skriver at ferdigretter kan holde seg i fryseren i 1-3 m\u00e5neder, s\u00e5 vi anbefaler samme periode for hundematen v\u00e5rt.<\/p>\n\n<\/div>\n<\/div>\n<div id=\"faq-question-1631512159307\" class=\"rank-math-list-item\">\n<h3 class=\"rank-math-question \"><strong>Hvorfor har produktene dine kort holdbarhet?<\/strong><\/h3>\n<div class=\"rank-math-answer \">\n\n<p>Kort holdbarhet er bare ett eksempel p\u00e5 at maten v\u00e5r er fersk og av h\u00f8y kvalitet uten konserveringsmidler, og derfor m\u00e5 spises umiddelbart. Akkurat som den deilige maten du kj\u00f8per selv, b\u00f8r ogs\u00e5 hundematen v\u00e5r v\u00e6re i hundens mage med en gang.<\/p>\n<p>F\u00f4ret v\u00e5rt er komplette m\u00e5ltider og du kan gi hunden din ml 2,5-3 % av kroppsvekten avhengig av oppskriften.<\/p>\n\n<\/div>\n<\/div>\n<div id=\"faq-question-1632063757768\" class=\"rank-math-list-item\">\n<h3 class=\"rank-math-question \">Hvem har tilberedt\/komponert m\u00e5ltidene dine?<\/h3>\n<div class=\"rank-math-answer \">\n\n<p>Vi har samarbeidet med hundern\u00e6ringseksperter fra Universitetet i Helsinki som spesialiserer seg p\u00e5 hundern\u00e6ring (MSc. Animal Science). Les mer om hvordan vi lager fersk hundemat her: <a target=\"_blank\" href=\"https:\/\/maetpets.com\/no\/hva-er-fersk-hundemat\/?fbclid=IwAR1NBEyNRh0_mbaYmg3MeeoFZOEgixlBrdb9pwlMJMmswufDcnHmFE1sU_o\" rel=\"noreferrer noopener\"><span style=\"text-decoration: underline\">https:\/\/maetpets.com\/hvad-er-frisk-hundemad<\/span><\/a><\/p>\n\n<\/div>\n<\/div>\n<\/div>\n<\/div><\/div><\/div>\n","protected":false},"excerpt":{"rendered":"<p>Her finner du svar p\u00e5 de oftest stilte sp\u00f8rsm\u00e5lene. Hvis du fortsatt har sp\u00f8rsm\u00e5l, send en e-post til wuf@maetpets.com eller bruk v\u00e5r chat p\u00e5 nettsiden.<\/p>\n","protected":false},"author":1,"featured_media":237966,"parent":0,"menu_order":0,"comment_status":"closed","ping_status":"closed","template":"","meta":{"inline_featured_image":false,"footnotes":""},"class_list":["post-238453","page","type-page","status-publish","has-post-thumbnail","hentry"],"_links":{"self":[{"href":"https:\/\/maetpets.com\/no\/wp-json\/wp\/v2\/pages\/238453","targetHints":{"allow":["GET"]}}],"collection":[{"href":"https:\/\/maetpets.com\/no\/wp-json\/wp\/v2\/pages"}],"about":[{"href":"https:\/\/maetpets.com\/no\/wp-json\/wp\/v2\/types\/page"}],"author":[{"embeddable":true,"href":"https:\/\/maetpets.com\/no\/wp-json\/wp\/v2\/users\/1"}],"replies":[{"embeddable":true,"href":"https:\/\/maetpets.com\/no\/wp-json\/wp\/v2\/comments?post=238453"}],"version-history":[{"count":0,"href":"https:\/\/maetpets.com\/no\/wp-json\/wp\/v2\/pages\/238453\/revisions"}],"wp:featuredmedia":[{"embeddable":true,"href":"https:\/\/maetpets.com\/no\/wp-json\/wp\/v2\/media\/237966"}],"wp:attachment":[{"href":"https:\/\/maetpets.com\/no\/wp-json\/wp\/v2\/media?parent=238453"}],"curies":[{"name":"wp","href":"https:\/\/api.w.org\/{rel}","templated":true}]}}