{"id":238428,"date":"2018-08-28T09:25:27","date_gmt":"2018-08-28T07:25:27","guid":{"rendered":"https:\/\/maetpets.com\/om-maet\/"},"modified":"2022-05-20T20:32:22","modified_gmt":"2022-05-20T18:32:22","slug":"om-maet","status":"publish","type":"page","link":"https:\/\/maetpets.com\/no\/om-maet\/","title":{"rendered":"Om M\u00c6T"},"content":{"rendered":"<div class=\"wpb-content-wrapper\"><p>[vc_row full_width=&#8221;stretch_row&#8221; css=&#8221;.vc_custom_1607532800986{padding-top: 80px !important;padding-bottom: 80px !important;background-color: #0b2945 !important;}&#8221;][vc_column width=&#8221;1\/6&#8243; offset=&#8221;vc_hidden-sm vc_hidden-xs&#8221;]<span class=\"konte-dash text-default  Lavender vc_custom_1607531055183\"><span class=\"konte-dash__line\"><\/span><\/span>[\/vc_column][vc_column offset=&#8221;vc_col-lg-8 vc_col-md-8&#8243;][vc_custom_heading text=&#8221;Historien bak M\u00c6T&#8221; font_container=&#8221;tag:h2|text_align:left|color:%23d54966&#8243; use_theme_fonts=&#8221;yes&#8221; css=&#8221;.vc_custom_1607532815090{margin-bottom: 35px !important;}&#8221;][vc_column_text]<\/p>\n<p style=\"text-align: center;\"><span style=\"font-weight: 400; color: #fff9f7;\">V\u00e5ren 2020 ble ideen om M\u00c6T plantet, og i l\u00f8pet av sommeren spiret ideen og vokste til en ekte virksomhet. Ideen oppsto da vi var kommet tilbake til Danmark etter en del \u00e5r i Finland. Her fikk v\u00e5r egen hund, Lenni, fersk hundemat fordi vi kunne se og f\u00f8le at det var det beste hundematet for ham. Da vi skulle kj\u00f8pe hundemat i Danmark, fant vi bare t\u00f8rrf\u00f4r eller v\u00e5tf\u00f4r p\u00e5 boks, hvor kvaliteten rett og slett ikke var h\u00f8y nok. Derfor bestemte vi oss for \u00e5 ta saken i egne hender, og bringe ideen om fersk hundemat i Danmark ut i livet. <\/span><\/p>\n<p style=\"text-align: center;\"><span style=\"color: #fff9f7;\"><i><span style=\"font-weight: 400;\">Lenni, Petra og Sebastian<\/span><\/i><\/span><\/p>\n<p>[\/vc_column_text][\/vc_column][vc_column width=&#8221;1\/6&#8243; offset=&#8221;vc_hidden-sm vc_hidden-xs&#8221;][\/vc_column][\/vc_row][vc_row css=&#8221;.vc_custom_1607531821502{padding-top: 60px !important;}&#8221;][vc_column width=&#8221;1\/6&#8243; offset=&#8221;vc_hidden-sm vc_hidden-xs&#8221;]<span class=\"konte-dash text-default   vc_custom_1535361883015\"><span class=\"konte-dash__line\"><\/span><\/span>[\/vc_column][vc_column offset=&#8221;vc_col-lg-8 vc_col-md-8&#8243;][vc_custom_heading text=&#8221;V\u00e5re verdier&#8221; use_theme_fonts=&#8221;yes&#8221; css=&#8221;.vc_custom_1607529299102{margin-bottom: 35px !important;}&#8221;][\/vc_column][vc_column width=&#8221;1\/6&#8243; offset=&#8221;vc_hidden-sm vc_hidden-xs&#8221;][\/vc_column][\/vc_row][vc_row][vc_column width=&#8221;1\/6&#8243; offset=&#8221;vc_hidden-sm vc_hidden-xs&#8221;][\/vc_column][vc_column width=&#8221;1\/3&#8243; offset=&#8221;vc_col-lg-3 vc_col-md-3&#8243;][vc_custom_heading text=&#8221;FERSK&#8221; font_container=&#8221;tag:h4|text_align:left&#8221; use_theme_fonts=&#8221;yes&#8221;][vc_empty_space height=&#8221;30px&#8221;][\/vc_column][vc_column width=&#8221;2\/3&#8243; offset=&#8221;vc_col-lg-5 vc_col-md-5&#8243;][vc_column_text]<span style=\"font-weight: 400;\">V\u00e5rt ferske hundef\u00f4r best\u00e5r av kj\u00f8tt, gr\u00f8nnsaker, vitaminer, mineraler og fiber, som er enkelt tilberedt for \u00e5 optimere hundens ford\u00f8yelse av maten. Det ferske hundematet oppbevares i kj\u00f8leskap for \u00e5 holde det ferskt, da M\u00c6T ferskt hundemat ikke inneholder tilsetningsstoffer eller fargestoffer.<\/span>[\/vc_column_text][\/vc_column][vc_column width=&#8221;1\/6&#8243; offset=&#8221;vc_hidden-sm vc_hidden-xs&#8221;][\/vc_column][\/vc_row][vc_row][vc_column][vc_empty_space height=&#8221;30px&#8221;][\/vc_column][\/vc_row][vc_row][vc_column width=&#8221;1\/6&#8243; offset=&#8221;vc_hidden-sm vc_hidden-xs&#8221;][\/vc_column][vc_column width=&#8221;1\/3&#8243; offset=&#8221;vc_col-lg-3 vc_col-md-3&#8243;][vc_custom_heading text=&#8221;FORSKNINGSBASERT&#8221; font_container=&#8221;tag:h4|text_align:left&#8221; use_theme_fonts=&#8221;yes&#8221;][vc_empty_space height=&#8221;30px&#8221;][\/vc_column][vc_column width=&#8221;2\/3&#8243; offset=&#8221;vc_col-lg-5 vc_col-md-5&#8243;][vc_column_text]<span style=\"font-weight: 400;\">V\u00e5r dyktige hunden\u00e6ringsekspert har utviklet oppskriftene p\u00e5 fersk hundemat. Hun har tatt hensyn til hundens prim\u00e6re ern\u00e6ringsbehov, de beste ingrediensene og fordelingen av proteiner, vitaminer, mineraler og fiber, slik at hunden din f\u00e5r den beste kombinasjonen av ingredienser. <\/span>[\/vc_column_text][\/vc_column][vc_column width=&#8221;1\/6&#8243; offset=&#8221;vc_hidden-sm vc_hidden-xs&#8221;][\/vc_column][\/vc_row][vc_row][vc_column][vc_empty_space height=&#8221;30px&#8221;][\/vc_column][\/vc_row][vc_row][vc_column width=&#8221;1\/6&#8243; offset=&#8221;vc_hidden-sm vc_hidden-xs&#8221;][\/vc_column][vc_column width=&#8221;1\/3&#8243; offset=&#8221;vc_col-lg-3 vc_col-md-3&#8243;][vc_custom_heading text=&#8221;SUNN&#8221; font_container=&#8221;tag:h4|text_align:left&#8221; use_theme_fonts=&#8221;yes&#8221;][vc_empty_space height=&#8221;30px&#8221;][\/vc_column][vc_column width=&#8221;2\/3&#8243; offset=&#8221;vc_col-lg-5 vc_col-md-5&#8243;][vc_column_text]<span style=\"font-weight: 400;\">V\u00e5r ferske hundemat er laget med ferske r\u00e5varer fra nordiske g\u00e5rder. Oppskriftene er elsket, s\u00e5 de inneholder alle proteinene, vitaminene, mineralene og fibrene v\u00e5re hunder trenger for \u00e5 kunne leve et energisk liv med kvalitet, sunn tarm og vakker pels.<\/span>[\/vc_column_text][\/vc_column][vc_column width=&#8221;1\/6&#8243; offset=&#8221;vc_hidden-sm vc_hidden-xs&#8221;][\/vc_column][\/vc_row][vc_row][vc_column][vc_empty_space height=&#8221;30px&#8221;][\/vc_column][\/vc_row][vc_row][vc_column width=&#8221;1\/6&#8243; offset=&#8221;vc_hidden-sm vc_hidden-xs&#8221;][\/vc_column][vc_column width=&#8221;1\/3&#8243; offset=&#8221;vc_col-lg-3 vc_col-md-3&#8243;][vc_custom_heading text=&#8221;NORDISK KVALITET&#8221; font_container=&#8221;tag:h4|text_align:left&#8221; use_theme_fonts=&#8221;yes&#8221;][vc_empty_space height=&#8221;30px&#8221;][\/vc_column][vc_column width=&#8221;2\/3&#8243; offset=&#8221;vc_col-lg-5 vc_col-md-5&#8243;][vc_column_text]<span style=\"font-weight: 400;\">Vi liker \u00e5 vite hvor v\u00e5r egen mat kommer fra, s\u00e5 hvorfor ikke ogs\u00e5 hundenes mat? For oss er kvalitet en prioritet. M\u00c6Ts hundemat er laget med ferske r\u00e5varer fra nordiske g\u00e5rder, s\u00e5 du er garantert hundemat som holder europeisk \u2013 og menneskelig \u2013 standard. I tillegg er lokalprodusert mat ogs\u00e5 bedre for klimaet.<\/span>[\/vc_column_text][\/vc_column][vc_column width=&#8221;1\/6&#8243; offset=&#8221;vc_hidden-sm vc_hidden-xs&#8221;][\/vc_column][\/vc_row][vc_row][vc_column][vc_empty_space height=&#8221;30px&#8221;][\/vc_column][\/vc_row][vc_section full_width=&#8221;stretch_row&#8221; css=&#8221;.vc_custom_1607532911385{padding-top: 260px !important;background-image: url(https:\/\/maetpets.com\/wp-content\/uploads\/MAET_Founders-scaled.jpg?id=230805) !important;background-position: center !important;background-repeat: no-repeat !important;background-size: cover !important;}&#8221;][vc_row][vc_column width=&#8221;3\/4&#8243; offset=&#8221;vc_col-lg-5&#8243;][\/vc_column][vc_column width=&#8221;1\/4&#8243; css=&#8221;.vc_custom_1607532896818{margin-right: -15px !important;padding-top: 80px !important;padding-right: 100px !important;padding-bottom: 100px !important;padding-left: 100px !important;background-color: #193119 !important;}&#8221; el_class=&#8221;the-founder&#8221; offset=&#8221;vc_col-lg-7&#8243;]<span class=\"konte-dash text-default   \"><span class=\"konte-dash__line\"><\/span><\/span>[vc_custom_heading text=&#8221;M\u00c6T FAMILIEN&#8221; font_container=&#8221;tag:h4|text_align:left|color:%232063a5&#8243; use_theme_fonts=&#8221;yes&#8221; css=&#8221;.vc_custom_1607533032482{margin-bottom: 25px !important;}&#8221;][vc_column_text]<span style=\"color: #fff9f7;\">Vi heter Sebastian, Petra og Lenni. Vi er en liten familie som bor og jobber p\u00e5 \u00d8sterbro.<\/span>[\/vc_column_text][vc_custom_heading text=&#8221;PETRA, SEBASTIAN &amp; LENNI&#8221; font_container=&#8221;tag:h6|font_size:12px|text_align:left|color:%23fff9f7&#8243; use_theme_fonts=&#8221;yes&#8221; css=&#8221;.vc_custom_1607532997305{margin-top: 10px !important;}&#8221;][\/vc_column][\/vc_row][\/vc_section][vc_row][vc_column][vc_empty_space height=&#8221;65px&#8221;][\/vc_column][\/vc_row][vc_row css=&#8221;.vc_custom_1610051151097{padding-top: 30px !important;padding-bottom: 30px !important;}&#8221;][vc_column width=&#8221;8\/12&#8243;][vc_custom_heading text=&#8221;Team M\u00d8T&#8221; use_theme_fonts=&#8221;yes&#8221; css=&#8221;.vc_custom_1610051200921{padding-bottom: 30px !important;}&#8221;][vc_column_text]<span style=\"font-weight: 400;\">Familien v\u00e5r har vokst til et team (og vi ser etter flere!). Selv om vi har vokst, har det som driver oss ikke endret seg: Vi \u00f8nsker \u00e5 gj\u00f8re det lettere \u00e5 ha sunne hunder. Vi er ikke sikre p\u00e5 om Lenni skj\u00f8nner hvor mange hunder han har p\u00e5virket, men vi tror han ville v\u00e6rt forn\u00f8yd. <\/span>[\/vc_column_text][\/vc_column][vc_column width=&#8221;4\/12&#8243;][\/vc_column][vc_column]<div class=\"konte-carousel konte-carousel--gap-20 \" data-slick=\"{&quot;dots&quot;:false,&quot;arrows&quot;:false,&quot;infinite&quot;:false,&quot;slidesToShow&quot;:4,&quot;slidesToScroll&quot;:4}\" ><div class=\"konte-team-member  \">\n\t\t\t\t<img loading=\"lazy\" decoding=\"async\" width=\"1440\" height=\"1920\" src=\"https:\/\/maetpets.com\/wp-content\/uploads\/michelle_gjerding_maet.jpg\" class=\"attachment-full\" alt=\"\" title=\"michelle_gjerding_maet\" srcset=\"https:\/\/maetpets.com\/wp-content\/uploads\/michelle_gjerding_maet.jpg 1440w, https:\/\/maetpets.com\/wp-content\/uploads\/michelle_gjerding_maet-840x1120.jpg 840w, https:\/\/maetpets.com\/wp-content\/uploads\/michelle_gjerding_maet-225x300.jpg 225w, https:\/\/maetpets.com\/wp-content\/uploads\/michelle_gjerding_maet-768x1024.jpg 768w, https:\/\/maetpets.com\/wp-content\/uploads\/michelle_gjerding_maet-1152x1536.jpg 1152w\" sizes=\"auto, (max-width: 1440px) 100vw, 1440px\">\n\t\t\t\t<div class=\"konte-team-member__info\">\n\t\t\t\t\t<h5 class=\"konte-team-member__name\">Michelle Gjerding<\/h5>\n\t\t\t\t\t<span class=\"konte-team-member__job\">Kundesuksess<\/span>\n\t\t\t\t\t<span class=\"konte-team-member__socials\"><a href=\"https:\/\/linkedin.com\/in\/michellehesselgjerding\" target=\"_blank\" rel=\"noopener\"><i class=\"fa fa-linkedin\"><\/i><\/a><\/span>\n\t\t\t\t<\/div>\n\t\t\t<\/div><div class=\"konte-team-member  \">\n\t\t\t\t<img loading=\"lazy\" decoding=\"async\" width=\"1440\" height=\"1920\" src=\"https:\/\/maetpets.com\/wp-content\/uploads\/albert_reet_maet.jpg\" class=\"attachment-full\" alt=\"\" title=\"albert_reet_maet\" srcset=\"https:\/\/maetpets.com\/wp-content\/uploads\/albert_reet_maet.jpg 1440w, https:\/\/maetpets.com\/wp-content\/uploads\/albert_reet_maet-840x1120.jpg 840w, https:\/\/maetpets.com\/wp-content\/uploads\/albert_reet_maet-225x300.jpg 225w, https:\/\/maetpets.com\/wp-content\/uploads\/albert_reet_maet-768x1024.jpg 768w, https:\/\/maetpets.com\/wp-content\/uploads\/albert_reet_maet-1152x1536.jpg 1152w\" sizes=\"auto, (max-width: 1440px) 100vw, 1440px\">\n\t\t\t\t<div class=\"konte-team-member__info\">\n\t\t\t\t\t<h5 class=\"konte-team-member__name\">Albert Reet<\/h5>\n\t\t\t\t\t<span class=\"konte-team-member__job\">Verdi f\u00f8re<\/span>\n\t\t\t\t\t<span class=\"konte-team-member__socials\"><\/span>\n\t\t\t\t<\/div>\n\t\t\t<\/div><div class=\"konte-team-member  \">\n\t\t\t\t<img loading=\"lazy\" decoding=\"async\" width=\"1440\" height=\"1919\" src=\"https:\/\/maetpets.com\/wp-content\/uploads\/daniel_de_jesus_maet.jpg\" class=\"attachment-full\" alt=\"\" title=\"daniel_de_jesus_maet\" srcset=\"https:\/\/maetpets.com\/wp-content\/uploads\/daniel_de_jesus_maet.jpg 1440w, https:\/\/maetpets.com\/wp-content\/uploads\/daniel_de_jesus_maet-840x1119.jpg 840w, https:\/\/maetpets.com\/wp-content\/uploads\/daniel_de_jesus_maet-225x300.jpg 225w, https:\/\/maetpets.com\/wp-content\/uploads\/daniel_de_jesus_maet-768x1023.jpg 768w, https:\/\/maetpets.com\/wp-content\/uploads\/daniel_de_jesus_maet-1153x1536.jpg 1153w\" sizes=\"auto, (max-width: 1440px) 100vw, 1440px\">\n\t\t\t\t<div class=\"konte-team-member__info\">\n\t\t\t\t\t<h5 class=\"konte-team-member__name\">Daniel av Jesus<\/h5>\n\t\t\t\t\t<span class=\"konte-team-member__job\">Merkedesigner<\/span>\n\t\t\t\t\t<span class=\"konte-team-member__socials\"><a href=\"https:\/\/linkedin.com\/in\/dajesus\/\" target=\"_blank\" rel=\"noopener\"><i class=\"fa fa-linkedin\"><\/i><\/a><\/span>\n\t\t\t\t<\/div>\n\t\t\t<\/div><div class=\"konte-team-member  \">\n\t\t\t\t<img loading=\"lazy\" decoding=\"async\" width=\"1440\" height=\"1008\" src=\"https:\/\/maetpets.com\/wp-content\/uploads\/sebastian_krumhausen_maet-e1660765711153.jpg\" class=\"attachment-full\" alt=\"\" title=\"sebastian_krumhausen_maet\" srcset=\"https:\/\/maetpets.com\/wp-content\/uploads\/sebastian_krumhausen_maet-e1660765711153.jpg 1440w, https:\/\/maetpets.com\/wp-content\/uploads\/sebastian_krumhausen_maet-e1660765711153-840x588.jpg 840w\" sizes=\"auto, (max-width: 1440px) 100vw, 1440px\">\n\t\t\t\t<div class=\"konte-team-member__info\">\n\t\t\t\t\t<h5 class=\"konte-team-member__name\">Sebastian Krumhausen<\/h5>\n\t\t\t\t\t<span class=\"konte-team-member__job\">sjef<\/span>\n\t\t\t\t\t<span class=\"konte-team-member__socials\"><a href=\"https:\/\/linkedin.com\/in\/krumhausen\/\" target=\"_blank\" rel=\"noopener\"><i class=\"fa fa-linkedin\"><\/i><\/a><\/span>\n\t\t\t\t<\/div>\n\t\t\t<\/div><\/div>[\/vc_column][\/vc_row][vc_row][vc_column][vc_column_text]<\/p>\n<p style=\"text-align: center;\"><span style=\"font-weight: 400;\">Hvis du \u00f8nsker \u00e5 v\u00e6re med \u00e5 endre fremtiden for hundemat, skriv en e-post til oss p\u00e5<\/span><\/p>\n<p style=\"text-align: center;\"><span style=\"text-decoration: underline;\"><a href=\"mailto:wuf@maetpets.com\"><span style=\"font-weight: 400;\">wuf@maetpets.com<\/span><\/a><\/span><\/p>\n<p style=\"text-align: center;\"><span style=\"font-weight: 400;\">Vi er alltid p\u00e5 utkikk etter nye lagkamerater og samarbeidspartnere. <\/span><\/p>\n<p>[\/vc_column_text][\/vc_column][\/vc_row]<\/p>\n<\/div>","protected":false},"excerpt":{"rendered":"<p>[vc_row full_width=&#8221;stretch_row&#8221; css=&#8221;.vc_custom_1607532800986{padding-top: 80px !important;padding-bottom: 80px !important;background-color: #0b2945 !important;}&#8221;][vc_column width=&#8221;1\/6&#8243; offset=&#8221;vc_hidden-sm vc_hidden-xs&#8221;][\/vc_column][vc_column offset=&#8221;vc_col-lg-8 vc_col-md-8&#8243;][vc_custom_heading text=&#8221;Historien bak M\u00c6T&#8221; font_container=&#8221;tag:h2|text_align:left|color:%23d54966&#8243; use_theme_fonts=&#8221;yes&#8221; css=&#8221;.vc_custom_1607532815090{margin-bottom: 35px !important;}&#8221;][vc_column_text] V\u00e5ren 2020 ble ideen om M\u00c6T plantet, og&hellip;<\/p>\n","protected":false},"author":1,"featured_media":267406,"parent":0,"menu_order":0,"comment_status":"closed","ping_status":"closed","template":"","meta":{"inline_featured_image":false,"footnotes":""},"class_list":["post-238428","page","type-page","status-publish","has-post-thumbnail","hentry"],"_links":{"self":[{"href":"https:\/\/maetpets.com\/no\/wp-json\/wp\/v2\/pages\/238428","targetHints":{"allow":["GET"]}}],"collection":[{"href":"https:\/\/maetpets.com\/no\/wp-json\/wp\/v2\/pages"}],"about":[{"href":"https:\/\/maetpets.com\/no\/wp-json\/wp\/v2\/types\/page"}],"author":[{"embeddable":true,"href":"https:\/\/maetpets.com\/no\/wp-json\/wp\/v2\/users\/1"}],"replies":[{"embeddable":true,"href":"https:\/\/maetpets.com\/no\/wp-json\/wp\/v2\/comments?post=238428"}],"version-history":[{"count":0,"href":"https:\/\/maetpets.com\/no\/wp-json\/wp\/v2\/pages\/238428\/revisions"}],"wp:featuredmedia":[{"embeddable":true,"href":"https:\/\/maetpets.com\/no\/wp-json\/wp\/v2\/media\/267406"}],"wp:attachment":[{"href":"https:\/\/maetpets.com\/no\/wp-json\/wp\/v2\/media?parent=238428"}],"curies":[{"name":"wp","href":"https:\/\/api.w.org\/{rel}","templated":true}]}}