{"id":238248,"date":"2021-01-15T14:33:10","date_gmt":"2021-01-15T13:33:10","guid":{"rendered":"https:\/\/maetpets.com\/hvordan-komme-i-gang-med-fersk-hundemat\/"},"modified":"2022-05-20T20:32:22","modified_gmt":"2022-05-20T18:32:22","slug":"hvordan-komme-i-gang-med-fersk-hundemat","status":"publish","type":"page","link":"https:\/\/maetpets.com\/no\/hvordan-komme-i-gang-med-fersk-hundemat\/","title":{"rendered":"Hvordan komme i gang med fersk hundemat"},"content":{"rendered":"<div class=\"wpb-content-wrapper\"><p>[vc_row full_width=&#8221;stretch_row&#8221; css=&#8221;.vc_custom_1610713193456{padding-top: 60px !important;padding-bottom: 60px !important;background-color: #fff9f7 !important;}&#8221;][vc_column width=&#8221;1\/6&#8243;][\/vc_column][vc_column width=&#8221;4\/6&#8243;][vc_column_text]<\/p>\n<p><span style=\"font-weight: 400; color: #2b1910;\">Man kan servere frisk hundemad for sin hund p\u00e5 mange m\u00e5der; som fuldfoder eller som et sundt supplement. Ved fuldfodring skal man give sin hund den daglige anbefalede dosis, og hvis man bruger M\u00c6T som supplement, kan det friske mad gives som en sund snack, en l\u00e6kker treat eller s\u00e5gar en godbid p\u00e5 g\u00e5turen.<\/span><\/p>\n<p>[\/vc_column_text][vc_column_text]<\/p>\n<h2><span style=\"font-weight: 400;\">Opskrifter af en hunde-di\u00e6tist<\/span><\/h2>\n<p><span style=\"font-weight: 400;\">Vores friske hundemad kan nydes af alle hunde. Det er lavet af en dygtig hundeern\u00e6ringsekspert, som har udviklet opskrifterne ud fra, hvad en hunds daglige ern\u00e6ringsbehov er. Det skal v\u00e6re nemt at fodre sin hund med frisk og sund hundemad.\u00a0<\/span><\/p>\n<p>[\/vc_column_text][vc_column_text]<\/p>\n<p>\n<p>[\/vc_column_text][\/vc_column][vc_column width=&#8221;1\/6&#8243;][\/vc_column][\/vc_row][vc_row full_width=&#8221;stretch_row&#8221; css=&#8221;.vc_custom_1610713877855{padding-top: 60px !important;padding-bottom: 60px !important;background-color: #0b2945 !important;}&#8221;][vc_column width=&#8221;1\/6&#8243;][\/vc_column][vc_column width=&#8221;4\/6&#8243;][vc_custom_heading text=&#8221;Frisk mad er bedst &#8211; ogs\u00e5 til hunde&#8221; font_container=&#8221;tag:h2|text_align:left|color:%23d54966&#8243; use_theme_fonts=&#8221;yes&#8221; css=&#8221;.vc_custom_1610714042289{padding-bottom: 30px !important;}&#8221;][vc_column_text]<\/p>\n<ul>\n<li><span style=\"font-weight: 400; color: #fff9f7;\">Alle opskrifter indeholder friskt k\u00f8d og sunde gr\u00f8ntsager fyldt med vitaminer, mineraler og fibre.<\/span><\/li>\n<li><span style=\"font-weight: 400; color: #fff9f7;\">Der er ingen konserverings- eller tils\u00e6tningsstoffer i vores friske hundemad.<\/span><\/li>\n<li><span style=\"font-weight: 400; color: #fff9f7;\">Optageligheden af M\u00c6T\u2019s komplette m\u00e5ltider er p\u00e5 hele 86%<\/span><\/li>\n<li><span style=\"font-weight: 400; color: #fff9f7;\">Vandindholdet ligger p\u00e5 56% og har derfor en naturlig v\u00e6skebalance.<\/span><\/li>\n<li><span style=\"font-weight: 400; color: #fff9f7;\">De friske m\u00e5ltider skal opbevares p\u00e5 k\u00f8l, da maden er frisk.<\/span><\/li>\n<li><span style=\"font-weight: 400; color: #fff9f7;\">Holdbarheden p\u00e5 frisk hundemad er 3 mdr u\u00e5bnet og 3-4 dage \u00e5bnet p\u00e5 k\u00f8l<\/span><\/li>\n<li><span style=\"font-weight: 400; color: #fff9f7;\">M\u00c6T\u2019s Risotto opskrift indeholder ris, som er s\u00e6rligt godt for maven<\/span><\/li>\n<li><span style=\"font-weight: 400; color: #fff9f7;\">M\u00c6T\u2019s Deli opskrift indeholder 80% k\u00f8d og er s\u00e6rligt god til de hunde, der har brug for mange proteiner og skal passe p\u00e5 v\u00e6gten<\/span><\/li>\n<\/ul>\n<p>[\/vc_column_text][\/vc_column][vc_column width=&#8221;1\/6&#8243;][\/vc_column][\/vc_row][vc_row full_width=&#8221;stretch_row&#8221; css=&#8221;.vc_custom_1610716895378{padding-top: 30px !important;background-color: #fff9f7 !important;}&#8221; el_id=&#8221;start&#8221;][vc_column width=&#8221;1\/6&#8243;][\/vc_column][vc_column width=&#8221;4\/6&#8243;][vc_column_text]<\/p>\n<h2><span style=\"font-weight: 400; color: #2b1910;\">Hvordan starter jeg med M\u00c6T?<\/span><\/h2>\n<p><span style=\"font-weight: 400; color: #2b1910;\">Der er ingen grund til bekymring eller forvirring. M\u00c6T\u2019s komplette m\u00e5ltider tager du direkte fra\u00a0 k\u00f8leskabet og serverer for din hund. Det er da nemt! Vores opskrifter indeholder friskt k\u00f8d, gr\u00f8ntsager &#8211; og vores Risotto opskrift har ris tilsat til de hunde, der har brug for hj\u00e6lp til at holde styr p\u00e5 maven eller til den aktive hvalp, der har brug for ekstra energi.<\/span><\/p>\n<h3><span style=\"font-weight: 400; color: #2b1910;\">Start-instrukser for fuldfodring<\/span><\/h3>\n<p><span style=\"font-weight: 400; color: #2b1910;\">N\u00e5r du skal starte din hund med fuldfodring af M\u00c6T\u2019s friske og komplette m\u00e5ltider, s\u00e5 anbefaler vi ofte, at du starter stille og roligt ud med skiftet. Nogle hunde kan reagere voldsomt med d\u00e5rlig mave, hvis man starter brat op, hvorimod andre hunde ikke m\u00e6rker nogen forskel. Hvis man vil starte stille ud, s\u00e5 kan man n\u00f8jes med at give sin hund 10% af den anbefalede daglige dosis og kombinere det med 90% af dens normale foder.<\/span><\/p>\n<p><span style=\"font-weight: 400; color: #2b1910;\">Nogle hunde har brug for en uge eller to til gradvist at g\u00e5 over til fuldfodring med M\u00c6T, hvorimod andre kan g\u00f8re det p\u00e5 et par dage.<\/span><\/p>\n<p>[\/vc_column_text][\/vc_column][vc_column width=&#8221;1\/6&#8243;][\/vc_column][\/vc_row][vc_row full_width=&#8221;stretch_row&#8221; css=&#8221;.vc_custom_1610717354011{padding-top: 30px !important;background-color: #fff9f7 !important;}&#8221; el_id=&#8221;hvor-meget&#8221;][vc_column width=&#8221;1\/6&#8243;][\/vc_column][vc_column width=&#8221;4\/6&#8243;][vc_column_text]<\/p>\n<h2>Hvor meget foder skal en hund have?<\/h2>\n<p>En voksen hund, der bliver fuldfodret med M\u00c6T, skal have ca. 2,5-3% af sin kropsv\u00e6gt i frisk hundemad dagligt. Hvis man giver sin hund vores Risotto opskrift er den anbefalede daglige dosis omkring 2,5%, og ved vores Deli opskrift 3% af hundens kropsv\u00e6gt.<\/p>\n<p>Alle hunde er dog forskellige og kan have forskellige behov afh\u00e6ngig af alder, aktivitetsniveau og stofskifte, s\u00e5 man skal som hundeejer v\u00e6re opm\u00e6rksom p\u00e5 sin hunds helbred.<\/p>\n<p>[\/vc_column_text][vc_column_text]<\/p>\n<h3><span style=\"font-weight: 400;\">Hunderace<\/span><\/h3>\n<p><span style=\"font-weight: 400;\">Hunde kan v\u00e6re meget forskellige og har derfor ogs\u00e5 forskellige behov, n\u00e5r det kommer til mad. En lille hunderace har for eksempel ikke behov for lige s\u00e5 meget mad som en stor hunderace. Man skal ogs\u00e5 huske p\u00e5, at sm\u00e5 hunde har et h\u00f8jere stofskifte end store hunde, s\u00e5 de har brug for flere kalorier pr. kg end st\u00f8rre hunde.<\/span><\/p>\n<h3><span style=\"font-weight: 400;\">Din hunds energiniveau<\/span><\/h3>\n<p><span style=\"font-weight: 400;\">Man kan tage to forskellige hunderacer, som vejer det samme, og de kan have vidt forskellige madbehov p\u00e5 grund af deres energiniveau. Aktive hunde har alts\u00e5 brug for en di\u00e6t, der indeholder mere fedt end andre hunde. Derfor skal du som hundeejer v\u00e6re opm\u00e6rksom p\u00e5, hvilken race hund du har, dens energiniveau og dens livsstil.<\/span><\/p>\n<h3><span style=\"font-weight: 400;\">Fodring af hvalpe og senior hunde<\/span><\/h3>\n<p><span style=\"font-weight: 400;\">Hundehvalpe er meget aktive og forbr\u00e6nder derfor ogs\u00e5 hurtigt de kalorier, de f\u00e5r i l\u00f8bet af en dag. Derudover vokser hvalpe hurtigt og har brug for en afbalanceret kost rig p\u00e5 alt det v\u00e6sentlige, som f.eks. proteiner, fedtstoffer og visse vitaminer og mineraler. <\/span><span style=\"font-weight: 400;\">Hvalpe skal have ekstra calcium og fosfor til deres voksende knogler. Det er derfor godt at supplere med A38 eller ymer. Du kan ogs\u00e5 k\u00f8be decideret hvalpefoder som supplement.<\/span><\/p>\n<p><span style=\"text-decoration: underline;\"><strong><a href=\"https:\/\/maetpets.com\/hvor-meget-mad-skal-en-hvalp-have\/\">Du kan l\u00e6se mere om hvalpefodring her.<\/a><\/strong><\/span><\/p>\n<p><span style=\"font-weight: 400;\">En voksen hund har naturligvis ogs\u00e5 brug for en varieret og afbalanceret di\u00e6t for at opn\u00e5 et sundt og aktivt liv, hvorimod en senior hund, der ikke er lige s\u00e5 aktiv, har brug for mindre mad og et lavere fedtindtag for at holde v\u00e6gten.\u00a0<\/span><\/p>\n<p><span style=\"font-weight: 400;\">N\u00e5r hunde bliver \u00e6ldre, er de mere tilb\u00f8jelige for visse sygdomme, ligesom os mennesker. Disse sygdomme kan f.eks. v\u00e6re nyresygdomme eller urinvejsinfektioner, og man skal som hundeejer v\u00e6re opm\u00e6rksom p\u00e5 \u00e6ndringer i sin hunds adf\u00e6rd og kunnen. <\/span><span style=\"font-weight: 400;\">V\u00e6r opm\u00e6rksom p\u00e5 at give et ekstra tilskud olier, fx omega3 til eventuelle led og pelsproblemer.<\/span><\/p>\n<h2><span style=\"font-weight: 400;\">Skal jeg tilf\u00f8je noget til M\u00c6T-m\u00e5ltider?<\/span><\/h2>\n<p><span style=\"font-weight: 400;\">M\u00c6T er et fuldfoder til alle hunde uanset race, k\u00f8n, alder eller aktivitetsniveau, men hvis du har en voksende hvalp, s\u00e5 husk at tilf\u00f8je lidt ekstra calcium og fosfor i form af A38 eller ymer. Hvis du derimod har en seniorhund, s\u00e5 husk at v\u00e6re opm\u00e6rksom p\u00e5 at give et ekstra tilskud olier til eventuelle led og pelsproblemer.<\/span><\/p>\n<p>[\/vc_column_text][\/vc_column][vc_column width=&#8221;1\/6&#8243;][\/vc_column][\/vc_row][vc_row full_width=&#8221;stretch_row&#8221; css=&#8221;.vc_custom_1610718252190{padding-top: 60px !important;background-color: #0b2945 !important;}&#8221; el_id=&#8221;picky&#8221;][vc_column width=&#8221;7\/12&#8243;][vc_single_image image=&#8221;238043&#8243; img_size=&#8221;full&#8221; style=&#8221;vc_box_circle&#8221;][\/vc_column][vc_column width=&#8221;5\/12&#8243;][vc_custom_heading text=&#8221;Hvad med min super kr\u00e6sne hund?&#8221; font_container=&#8221;tag:h2|text_align:left|color:%23d54966&#8243; use_theme_fonts=&#8221;yes&#8221; css=&#8221;.vc_custom_1644482606285{padding-bottom: 30px !important;}&#8221;][vc_column_text]<\/p>\n<p><span style=\"font-weight: 400; color: #fff9f7;\">Vi har i M\u00c6T stor erfaring med kr\u00e6sne hunde. De er kr\u00e6senpinde, lige indtil de pr\u00f8ver vores friske hundemad. \u00c5rsagen til dette m\u00e5 v\u00e6re, at vi bruger friske ingredienser og sunde r\u00e5varer, der dufter utrolig godt i hundenes n\u00e6ser og smager fantastisk, og madsk\u00e5len bliver derfor t\u00f8mt p\u00e5 rekordtid. <\/span><\/p>\n<p><span style=\"font-weight: 400; color: #fff9f7;\">Du kan evt. udskyde m\u00e5ltidet inden du tilf\u00f8jer M\u00c6T for at sikre, at din hund er ekstra sulten og har god appetit, n\u00e5r den skal pr\u00f8ve frisk hundemad f\u00f8rste gang.<\/span><\/p>\n<p>[\/vc_column_text][\/vc_column][\/vc_row][vc_row full_width=&#8221;stretch_row&#8221; full_height=&#8221;yes&#8221; css=&#8221;.vc_custom_1610717360784{background-color: #fff9f7 !important;}&#8221;][vc_column width=&#8221;5\/12&#8243;][vc_column_text]<\/p>\n<div id=\"rank-math-faq\" class=\"rank-math-block\">\n<div class=\"rank-math-list \">\n<div id=\"faq-question-1610918215418\" class=\"rank-math-list-item\">\n<h2 class=\"rank-math-question \">Hvor mange ganger b\u00f8r en hund ha mat?<\/h2>\n<div class=\"rank-math-answer \">\n\n<p>Det anbefales at du mater den voksne hunden din to ganger daglig, morgen og kveld. Grunnen til dette er at n\u00e6ringen fordeles jevnere og det er best for hundens ford\u00f8yelse \u00e5 f\u00f4res to ganger om dagen enn en gang om dagen. <\/p>\n\n<\/div>\n<\/div>\n<\/div>\n<\/div><p>\u00a0<\/p>\n<p>[\/vc_column_text][vc_column_text]<\/p>\n<div id=\"rank-math-faq\" class=\"rank-math-block\">\n<div class=\"rank-math-list \">\n<div id=\"faq-question-1610918406223\" class=\"rank-math-list-item\">\n<h3 class=\"rank-math-question \">hvor mange m\u00e5ltider b\u00f8r en hund ha?<\/h3>\n<div class=\"rank-math-answer \">\n\n<p>S\u00f8rg i tillegg for at hunden din f\u00e5r mat til omtrent samme tid hver dag, da dette er med p\u00e5 \u00e5 gi hunden en sunn ford\u00f8yelse. <\/p>\n\n<\/div>\n<\/div>\n<\/div>\n<\/div><p>[\/vc_column_text][\/vc_column][vc_column width=&#8221;7\/12&#8243;][vc_single_image image=&#8221;237930&#8243; img_size=&#8221;full&#8221;][\/vc_column][\/vc_row][vc_row full_width=&#8221;stretch_row&#8221; css=&#8221;.vc_custom_1610717175698{padding-top: 60px !important;background-color: #0b2945 !important;}&#8221;][vc_column width=&#8221;5\/12&#8243;][vc_custom_heading text=&#8221;Pr\u00f8v frisk hundemad&#8221; font_container=&#8221;tag:h2|text_align:left|color:%23d54966&#8243; use_theme_fonts=&#8221;yes&#8221; css=&#8221;.vc_custom_1610717163492{padding-bottom: 30px !important;}&#8221;][vc_column_text]<span style=\"font-weight: 400; color: #fff9f7;\">M\u00c6T\u2019s friske hundemad kan gives til alle hunde uanset race, k\u00f8n, alder, aktivitetsniveau, selvom det som udgangspunkt blev lavet til den almindelige voksne hund. M\u00c6T beskrives som et komplet fuldfoder m\u00e5ltid, men vi g\u00f8r opm\u00e6rksom p\u00e5, at nogle hunde &#8211; afh\u00e6ngig af alder og tilstand &#8211; kan have brug for ekstra supplement i form af vitaminer, mineraler eller olier.\u00a0<\/span><\/p>\n<p><span style=\"font-weight: 400; color: #fff9f7;\">Det har aldrig v\u00e6ret nemmere at servere et komplet, friskt m\u00e5ltid til din hund!<\/span>[\/vc_column_text]<a href=\"https:\/\/maetpets.com\/frisk-hundemad\/\" title=\"Frisk hundemad\" class=\"konte-button button-normal text-default align-inline normal   button rounded\">Pr\u00f8v vores friske hundemad<\/a><div class=\"konte-empty-space \" aria-hidden=\"true\"><div class=\"konte-empty-space__xs visible-xs\" style=\"height:0px\"><\/div><div class=\"konte-empty-space__sm visible-sm\" style=\"height:60px\"><\/div><div class=\"konte-empty-space__md visible-md\" style=\"height:60px\"><\/div><div class=\"konte-empty-space__lg visible-lg\" style=\"height:60px\"><\/div><\/div>[\/vc_column][vc_column width=&#8221;7\/12&#8243;][vc_single_image image=&#8221;237995&#8243; img_size=&#8221;full&#8221; alignment=&#8221;right&#8221;][\/vc_column][\/vc_row]<\/p>\n<\/div>","protected":false},"excerpt":{"rendered":"<p>[vc_row full_width=&#8221;stretch_row&#8221; css=&#8221;.vc_custom_1610713193456{padding-top: 60px !important;padding-bottom: 60px !important;background-color: #fff9f7 !important;}&#8221;][vc_column width=&#8221;1\/6&#8243;][\/vc_column][vc_column width=&#8221;4\/6&#8243;][vc_column_text] Man kan servere frisk hundemad for sin hund p\u00e5 mange m\u00e5der; som fuldfoder eller som et sundt supplement. Ved&hellip;<\/p>\n","protected":false},"author":1,"featured_media":251955,"parent":0,"menu_order":0,"comment_status":"closed","ping_status":"closed","template":"","meta":{"inline_featured_image":false,"footnotes":""},"class_list":["post-238248","page","type-page","status-publish","has-post-thumbnail","hentry"],"_links":{"self":[{"href":"https:\/\/maetpets.com\/no\/wp-json\/wp\/v2\/pages\/238248","targetHints":{"allow":["GET"]}}],"collection":[{"href":"https:\/\/maetpets.com\/no\/wp-json\/wp\/v2\/pages"}],"about":[{"href":"https:\/\/maetpets.com\/no\/wp-json\/wp\/v2\/types\/page"}],"author":[{"embeddable":true,"href":"https:\/\/maetpets.com\/no\/wp-json\/wp\/v2\/users\/1"}],"replies":[{"embeddable":true,"href":"https:\/\/maetpets.com\/no\/wp-json\/wp\/v2\/comments?post=238248"}],"version-history":[{"count":0,"href":"https:\/\/maetpets.com\/no\/wp-json\/wp\/v2\/pages\/238248\/revisions"}],"wp:featuredmedia":[{"embeddable":true,"href":"https:\/\/maetpets.com\/no\/wp-json\/wp\/v2\/media\/251955"}],"wp:attachment":[{"href":"https:\/\/maetpets.com\/no\/wp-json\/wp\/v2\/media?parent=238248"}],"curies":[{"name":"wp","href":"https:\/\/api.w.org\/{rel}","templated":true}]}}