{"id":238129,"date":"2018-08-27T08:20:50","date_gmt":"2018-08-27T06:20:50","guid":{"rendered":"https:\/\/maetpets.com\/hjem\/"},"modified":"2022-07-25T21:56:50","modified_gmt":"2022-07-25T19:56:50","slug":"fersk-hundemat-laget-av-deilige-raavarer-fra-nordiske-gaarder","status":"publish","type":"page","link":"https:\/\/maetpets.com\/no\/","title":{"rendered":"Hjem"},"content":{"rendered":"<div class=\"wpb-content-wrapper\"><p>[vc_row full_width=&#8221;stretch_row&#8221; el_id=&#8221;home-slider-row-div-1&#8243; el_class=&#8221;home-slider-row-div&#8221; css=&#8221;.vc_custom_1653509665655{background-color: rgba(255,255,255,0.01) !important;*background-color: rgb(255,255,255) !important;}&#8221;][vc_column]\t\t\t<script src=\"\/\/maetpets.com\/wp-content\/plugins\/revslider\/sr6\/assets\/js\/rbtools.min.js?rev=6.7.40\"><\/script>\n\t\t\t<script src=\"\/\/maetpets.com\/wp-content\/plugins\/revslider\/sr6\/assets\/js\/rs6.min.js?rev=6.7.40\"><\/script>\n\n\t\t\t<!-- START Home_page_slider_2 REVOLUTION SLIDER 6.7.40 --><p class=\"rs-p-wp-fix\"><\/p>\n\t\t\t<rs-module-wrap id=\"rev_slider_10_1_wrapper\" data-source=\"gallery\" style=\"visibility:hidden;background:transparent;padding:0;margin:0px auto;margin-top:0;margin-bottom:0;\">\n\t\t\t\t<rs-module id=\"rev_slider_10_1\" style=\"\" data-version=\"6.7.40\">\n\t\t\t\t\t<rs-slides style=\"overflow: hidden; position: absolute;\">\n\t\t\t\t\t\t<rs-slide style=\"position: absolute;\" data-key=\"rs-32\" data-title=\"Freja NO\" data-anim=\"adpr:false;ms:0ms;\" data-in=\"o:0;\" data-out=\"a:false;\">\n\t\t\t\t\t\t\t<img decoding=\"async\" src=\"\/\/maetpets.com\/wp-content\/plugins\/revslider\/sr6\/assets\/assets\/dummy.png\" alt=\"\" title=\"hundefroder-online-freja-maet-optimized-2\" width=\"1440\" height=\"1206\" class=\"rev-slidebg tp-rs-img rs-lazyload\" data-lazyload=\"\/\/maetpets.com\/wp-content\/uploads\/hundefroder-online-freja-maet-optimized-2.webp\" data-bg=\"p:50% 60%;\" data-no-retina>\n<!--\n\t\t\t\t\t\t\t--><rs-layer\n\t\t\t\t\t\t\t\tid=\"slider-10-slide-32-layer-1\" \n\t\t\t\t\t\t\t\tdata-type=\"text\"\n\t\t\t\t\t\t\t\tdata-xy=\"xo:20px,56px,36px,20px;y:m;yo:-28px,-28px,-28px,-116px;\"\n\t\t\t\t\t\t\t\tdata-text=\"w:normal;s:60,60,60,46;l:70,70,70,50;a:inherit;\"\n\t\t\t\t\t\t\t\tdata-dim=\"w:657px,600px,577px,346px;\"\n\t\t\t\t\t\t\t\tdata-rsp_o=\"off\"\n\t\t\t\t\t\t\t\tdata-rsp_bd=\"off\"\n\t\t\t\t\t\t\t\tdata-frame_0=\"y:50px;\"\n\t\t\t\t\t\t\t\tdata-frame_1=\"e:power4.inOut;sp:2000;\"\n\t\t\t\t\t\t\t\tdata-frame_999=\"o:0;st:w;sR:7000;\"\n\t\t\t\t\t\t\t\tstyle=\"z-index:9;font-family:'Bebas Neue';\"\n\t\t\t\t\t\t\t>Fersk hundemat fra de beste r\u00e5varene \n\t\t\t\t\t\t\t<\/rs-layer><!--\n\n\t\t\t\t\t\t\t--><a\n\t\t\t\t\t\t\t\tid=\"slider-10-slide-32-layer-3\" \n\t\t\t\t\t\t\t\tclass=\"rs-layer rev-btn\"\n\t\t\t\t\t\t\t\thref=\"\/no\/produkt\/hundematboks-fersk-hundemat-abonnement\/\" target=\"_self\"\n\t\t\t\t\t\t\t\tdata-type=\"button\"\n\t\t\t\t\t\t\t\tdata-color=\"#fff9f7\"\n\t\t\t\t\t\t\t\tdata-xy=\"xo:20px,56px,39px,20px;y:m;yo:82px,69px,62px,-15px;\"\n\t\t\t\t\t\t\t\tdata-text=\"s:14,12,9,14;l:50,44,33,50;fw:600;a:center;\"\n\t\t\t\t\t\t\t\tdata-dim=\"w:231px,207px,157px,200px;h:50px,44px,33px,50px;\"\n\t\t\t\t\t\t\t\tdata-rsp_o=\"off\"\n\t\t\t\t\t\t\t\tdata-rsp_bd=\"off\"\n\t\t\t\t\t\t\t\tdata-padding=\"l:10,9,7,4;\"\n\t\t\t\t\t\t\t\tdata-border=\"bos:solid;boc:#ec5f43;bow:1,1,1,1;\"\n\t\t\t\t\t\t\t\tdata-frame_0=\"y:50px,44px,33px,20px;\"\n\t\t\t\t\t\t\t\tdata-frame_1=\"e:power2.inOut;sp:2000;\"\n\t\t\t\t\t\t\t\tdata-frame_999=\"o:0;st:w;sR:7010;\"\n\t\t\t\t\t\t\t\tdata-frame_hover=\"c:#ec5f43;bgc:#fff9f7;boc:#fff9f7;bor:0px,0px,0px,0px;bos:solid;bow:1,1,1,1;oX:50;oY:50;sp:400;e:none;\"\n\t\t\t\t\t\t\t\tstyle=\"z-index:10;background-color:#ec5f43;font-family:'Nunito';cursor:pointer;outline:none;box-shadow:none;box-sizing:border-box;-moz-box-sizing:border-box;-webkit-box-sizing:border-box;\"\n\t\t\t\t\t\t\t>PR\u00d8V M\u00c6T \n\t\t\t\t\t\t\t<\/a><!--\n-->\t\t\t\t\t<\/rs-slide>\n\t\t\t\t\t<\/rs-slides>\n\t\t\t\t\t<rs-static-layers><!--\n\t\t\t\t\t--><\/rs-static-layers>\n\t\t\t\t<\/rs-module>\n\t\t\t\t<script>\n\t\t\t\t\tsetREVStartSize({c: 'rev_slider_10_1',rl:[1240,1024,778,480],el:[620,768,960,720],gw:[1140,1024,778,480],gh:[620,768,960,720],type:'standard',justify:'',layout:'fullwidth',mh:\"0\"});if (window.RS_MODULES!==undefined && window.RS_MODULES.modules!==undefined && window.RS_MODULES.modules[\"revslider101\"]!==undefined) {window.RS_MODULES.modules[\"revslider101\"].once = false;window.revapi10 = undefined;if (window.RS_MODULES.checkMinimal!==undefined) window.RS_MODULES.checkMinimal()}\n\t\t\t\t<\/script>\n\t\t\t<\/rs-module-wrap>\n\t\t\t<!-- END REVOLUTION SLIDER -->\n[\/vc_column][\/vc_row][vc_row css=&#8221;.vc_custom_1614628901349{padding-top: 40px !important;padding-bottom: 30px !important;}&#8221;][vc_column width=&#8221;1\/3&#8243; css=&#8221;.vc_custom_1614628726626{padding-bottom: 20px !important;}&#8221; offset=&#8221;vc_col-xs-4&#8243;]<div class=\"konte-icon-box icon-type-image box-align-center   \">\n\t\t\t\t<div class=\"konte-icon-box__icon\"><img decoding=\"async\" alt=\"Klar til servering\" src=\"https:\/\/maetpets.com\/wp-content\/uploads\/icons-10-1.png\"><\/div>\n\t\t\t\t<h4 class=\"konte-icon-box__title\" >Klar til servering<\/h4>\n\t\t\t\t<div class=\"konte-icon-box__content\"><p>Lett oppvarmet, fersk mat<\/p>\n<\/div>\n\t\t\t<\/div>[\/vc_column][vc_column width=&#8221;1\/3&#8243; offset=&#8221;vc_col-xs-4&#8243;]<div class=\"konte-icon-box icon-type-image box-align-center   vc_custom_1614362414065\">\n\t\t\t\t<div class=\"konte-icon-box__icon\"><img decoding=\"async\" alt=\"R\u00e5varer fra nordiske g\u00e5rder\" src=\"https:\/\/maetpets.com\/wp-content\/uploads\/icons-11-1.png\"><\/div>\n\t\t\t\t<h4 class=\"konte-icon-box__title\" >R\u00e5varer fra nordiske g\u00e5rder<\/h4>\n\t\t\t\t<div class=\"konte-icon-box__content\"><p>Ferske ingredienser uten konserveringsmidler<\/p>\n<\/div>\n\t\t\t<\/div>[\/vc_column][vc_column width=&#8221;1\/3&#8243; css=&#8221;.vc_custom_1614628713057{padding-bottom: 20px !important;}&#8221; offset=&#8221;vc_col-xs-4&#8243;]<div class=\"konte-icon-box icon-type-image box-align-center   \">\n\t\t\t\t<div class=\"konte-icon-box__icon\"><img decoding=\"async\" alt=\"Forskningsbasert\" src=\"https:\/\/maetpets.com\/wp-content\/uploads\/icons-09-1.png\"><\/div>\n\t\t\t\t<h4 class=\"konte-icon-box__title\" >Forskningsbasert<\/h4>\n\t\t\t\t<div class=\"konte-icon-box__content\"><p>Utarbeidet av hundern\u00e6ringsfysiologer<\/p>\n<\/div>\n\t\t\t<\/div>[\/vc_column][\/vc_row][vc_row full_width=&#8221;stretch_row&#8221; full_height=&#8221;yes&#8221; css=&#8221;.vc_custom_1616830694783{padding-top: 60px !important;padding-bottom: 30px !important;background-color: #173b30 !important;background-position: center !important;background-repeat: no-repeat !important;background-size: cover !important;}&#8221;][vc_column width=&#8221;5\/12&#8243;][vc_column_text]<\/p>\n<h2><span style=\"font-size: 54px; line-height: 0.8; color: #ffffff;\">Frisk hundemad af nordiske ingredienser.<br \/>\n<\/span><\/h2>\n<p><span style=\"color: #ffffff;\">M\u00c6T friske hundemad er lavet af rigtigt k\u00f8d og sunde gr\u00f8ntsager, let tilberedt ved sous vide. Vores l\u00e6kre m\u00e5ltider indeholder alt hvad din hund har behov for \u2013 uden konserveringsmidler.<\/span><\/p>\n<p><span style=\"color: #ffffff;\">Vi tils\u00e6tter kun ekstra vitaminer og mineraler for at give din hund et komplet m\u00e5ltid. Frisk hundemad kan spises af hunde i alle aldre og racer.<\/span>[\/vc_column_text]<a href=\"https:\/\/maetpets.com\/no\/hva-er-fersk-hundemat\/\" title=\"Hva er fersk hundemat\" class=\"konte-button button-normal text-default align-inline medium  keppel button square\">Slik lager vi fersk hundemat<\/a><div class=\"konte-empty-space \" style=\"height: 50px\"><\/div>[\/vc_column][vc_column width=&#8221;7\/12&#8243;][vc_single_image image=&#8221;237973&#8243; img_size=&#8221;full&#8221; alignment=&#8221;center&#8221;][\/vc_column][\/vc_row][vc_row full_width=&#8221;stretch_row_content_no_spaces&#8221; css=&#8221;.vc_custom_1605794777584{padding-top: 60px !important;background-color: #fff9f7 !important;}&#8221;][vc_column offset=&#8221;vc_col-lg-offset-1 vc_col-lg-10&#8243;][vc_custom_heading text=&#8221;En M\u00c6T hund er en glad hund&#8221; font_container=&#8221;tag:h2|font_size:40|text_align:center|color:%232b1910&#8243; use_theme_fonts=&#8221;yes&#8221; css=&#8221;.vc_custom_1648471157092{padding-bottom: 30px !important;}&#8221;]<div class=\"konte-carousel konte-carousel--gap-40  konte-carousel--dots-center konte-carousel--arrows-center\" data-slick=\"{&quot;dots&quot;:true,&quot;arrows&quot;:true,&quot;infinite&quot;:true,&quot;slidesToShow&quot;:2,&quot;slidesToScroll&quot;:1}\" ><div class=\"konte-testimonial  \">\n\t\t\t\t<div class=\"konte-testimonial__photo\"><img decoding=\"async\" class=\"\" src=\"https:\/\/maetpets.com\/wp-content\/uploads\/odji-200x200.jpg\" width=\"200\" height=\"200\" alt=\"M\u00c6T\" title=\"Odji\" loading=\"lazy\" \/><\/div>\n\t\t\t\t<div class=\"konte-testimonial__entry\">\n\t\t\t\t\t<div class=\"konte-testimonial__content\">\u2b50\ufe0f\u2b50\ufe0f\u2b50\ufe0f\u2b50\ufe0f\u2b50\ufe0f<\/p>\n<p>&#8220;Leverings oplevelsen var bare suver\u00e6n og b\u00e5de friskhed og duft i p\u00f8lserne, gjorde min hund n\u00e6sten slugte maden i sig og lod sit fuldfoder st\u00e5 tilbage i sk\u00e5len. Doseringskema p\u00e5 hjemmesiden og p\u00f8lserne opdelt efter gram, det kunne ikke v\u00e6re nemmere. Ingen besv\u00e6r ved at sk\u00e6re ud fremfor at h\u00e6lde fuldfoder op i en sk\u00e5l. Samt pris svarer til hvad jeg vil skulle give for alt andet hundemad.<\/p>\n<p>Min hund gl\u00e6der sig til hvert et m\u00e5ltid og det er dejligt at se. Pelsen, energien og m\u00e6theden ses tydeligt. Jeg kan sige uden at lyve at jeg aldrig har set min hund mere veltilpas.&#8221;<\/div>\n\t\t\t\t\t<div class=\"konte-testimonial__author\"><span class=\"konte-testimonial__name\">Stina<\/span><span class=\"konte-testimonial__author-separator\">-<\/span><span class=\"konte-testimonial__company\">Hundemor til Odji<\/span><\/div>\n\t\t\t\t<\/div>\n\t\t\t<\/div><div class=\"konte-testimonial  \">\n\t\t\t\t<div class=\"konte-testimonial__photo\"><img decoding=\"async\" class=\"\" src=\"https:\/\/maetpets.com\/wp-content\/uploads\/sep-200x200.jpg\" width=\"200\" height=\"200\" alt=\"sep\" title=\"sep\" loading=\"lazy\" \/><\/div>\n\t\t\t\t<div class=\"konte-testimonial__entry\">\n\t\t\t\t\t<div class=\"konte-testimonial__content\">\u2b50\ufe0f\u2b50\ufe0f\u2b50\ufe0f\u2b50\ufe0f\u2b50\ufe0f<\/p>\n<p>&#8220;Jeg blev gjort opm\u00e6rksom p\u00e5 M\u00c6T via Instagram, og p\u00e5 det tidspunkt havde jeg aldrig h\u00f8rt om frisk hundemad f\u00f8r. Men efter at have n\u00e6rl\u00e6st ingredienserne n\u00f8je (og konkluderet, at det var lutter gode r\u00e5vare!), gav jeg M\u00c6T et fors\u00f8g. Og det var en stor succes!<\/p>\n<p>Min sch\u00e6ferhund kan godt v\u00e6re skeptisk, n\u00e5r det kommer til nye f\u00f8devare, men M\u00c6T gled ned uden problemer. Derudover har deres Chicken Feast Risotto vist sig at v\u00e6re god, hvis maven nogle gange driller lidt.&#8221;<\/div>\n\t\t\t\t\t<div class=\"konte-testimonial__author\"><span class=\"konte-testimonial__name\">Natascha<\/span><span class=\"konte-testimonial__author-separator\">-<\/span><span class=\"konte-testimonial__company\">Hundemor til sep.<\/span><\/div>\n\t\t\t\t<\/div>\n\t\t\t<\/div><div class=\"konte-testimonial  \">\n\t\t\t\t<div class=\"konte-testimonial__photo\"><img decoding=\"async\" class=\"\" src=\"https:\/\/maetpets.com\/wp-content\/uploads\/milo-melis-sandy-200x200.jpg\" width=\"200\" height=\"200\" alt=\"Milo og Sandy\" title=\"Milo og Sandy\" loading=\"lazy\" \/><\/div>\n\t\t\t\t<div class=\"konte-testimonial__entry\">\n\t\t\t\t\t<div class=\"konte-testimonial__content\">\u2b50\ufe0f\u2b50\ufe0f\u2b50\ufe0f\u2b50\ufe0f\u2b50\ufe0f<\/p>\n<p>&#8220;Da vi fik vores nummer 2 gadehund Milo hjem fra Rum\u00e6nien, k\u00e6mpede vi i lang tid med hans utrolige d\u00e5rlige og sarte mave. \ud83e\udd74\ud83d\udca9 Jeg har l\u00e6nge ledt efter et sundt og ern\u00e6rende m\u00e5ltid der kunne opfylde alle de n\u00f8dvendige ern\u00e6ringsbehov, og til min store overraskelse faldt det friske hundemad i god jord. I dag bruger vi M\u00c6T til alt, ligefra godbidder, fyld til kong, og hundenes daglige m\u00e5ltider\ud83e\udd29<\/p>\n<p>Jeg skriver meget sj\u00e6lden anbefalinger, medmindre jeg virkelig f\u00f8ler at det kan g\u00f8re en k\u00e6mpe forskel for andre frustrerede hundeejere som vi selv engang var. Der er ingen binding eller hokus pokus, det er ren ern\u00e6rings viden og anbefaling herfra\ud83d\ude4f\ud83c\udffc&#8221;<\/div>\n\t\t\t\t\t<div class=\"konte-testimonial__author\"><span class=\"konte-testimonial__name\">Melis<\/span><span class=\"konte-testimonial__author-separator\">-<\/span><span class=\"konte-testimonial__company\">Hundemor til Milo og Sandy<\/span><\/div>\n\t\t\t\t<\/div>\n\t\t\t<\/div><\/div>[\/vc_column][\/vc_row][vc_row full_width=&#8221;stretch_row_content_no_spaces&#8221; gap=&#8221;10&#8243; css=&#8221;.vc_custom_1651342278803{padding-top: 60px !important;padding-bottom: 60px !important;background-color: #fff9f7 !important;}&#8221;][vc_column width=&#8221;6\/12&#8243;]\n\t\t\t<!-- START video Lenni REVOLUTION SLIDER 6.7.40 --><p class=\"rs-p-wp-fix\"><\/p>\n\t\t\t<rs-module-wrap id=\"rev_slider_3_2_wrapper\" data-source=\"gallery\" style=\"visibility:hidden;background:transparent;padding:0;margin:0px auto;margin-top:0;margin-bottom:0;\">\n\t\t\t\t<rs-module id=\"rev_slider_3_2\" style=\"\" data-version=\"6.7.40\">\n\t\t\t\t\t<rs-slides style=\"overflow: hidden; position: absolute;\">\n\t\t\t\t\t\t<rs-slide style=\"position: absolute;\" data-key=\"rs-8\" data-title=\"Slide\" data-anim=\"ms:0ms;r:0;\" data-in=\"o:0;\" data-out=\"a:false;\">\n\t\t\t\t\t\t\t<img decoding=\"async\" src=\"\/\/maetpets.com\/wp-content\/plugins\/revslider\/sr6\/assets\/assets\/dummy.png\" alt=\"\" title=\"Home\" class=\"rev-slidebg tp-rs-img rs-lazyload\" data-lazyload=\"\/\/maetpets.com\/wp-content\/plugins\/revslider\/sr6\/assets\/assets\/transparent.png\" data-no-retina>\n\t\t\t\t\t\t\t<rs-bgvideo \n\t\t\t\t\t\t\t\tdata-video=\"vc:none;w:100%;h:100%;nse:false;l:true;ptimer:false;\"\n\t\t\t\t\t\t\t\tdata-ytid=\"1IAgX4Q7BhQ\"\n\t\t\t\t\t\t\t\tdata-vatr=\"version=3&amp;enablejsapi=1&amp;html5=1&amp;hd=1&amp;wmode=opaque&amp;showinfo=0&amp;rel=0&amp;origin=https:\/\/maetpets.com;\"\n\t\t\t\t\t\t\t><\/rs-bgvideo>\n<!---->\t\t\t\t\t<\/rs-slide>\n\t\t\t\t\t<\/rs-slides>\n\t\t\t\t<\/rs-module>\n\t\t\t\t<script>\n\t\t\t\t\tsetREVStartSize({c: 'rev_slider_3_2',rl:[1240,1024,778,480],el:[740,768,960,720],gw:[1140,1024,778,480],gh:[740,768,960,720],type:'standard',justify:'',layout:'fullwidth',mh:\"0\"});if (window.RS_MODULES!==undefined && window.RS_MODULES.modules!==undefined && window.RS_MODULES.modules[\"revslider32\"]!==undefined) {window.RS_MODULES.modules[\"revslider32\"].once = false;window.revapi3 = undefined;if (window.RS_MODULES.checkMinimal!==undefined) window.RS_MODULES.checkMinimal()}\n\t\t\t\t<\/script>\n\t\t\t\t<script src=\"https:\/\/www.youtube.com\/iframe_api\"><\/script>\n\t\t\t<\/rs-module-wrap>\n\t\t\t<!-- END REVOLUTION SLIDER -->\n<div class=\"konte-empty-space \" style=\"height: 40px\"><\/div>[\/vc_column][vc_column width=&#8221;6\/12&#8243; css=&#8221;.vc_custom_1651342297089{padding-right: 10px !important;padding-left: 10px !important;}&#8221;][vc_custom_heading text=&#8221;Hundematboks&#8221; font_container=&#8221;tag:h2|font_size:50|text_align:left|color:%232b1910&#8243; use_theme_fonts=&#8221;yes&#8221; css=&#8221;.vc_custom_1651316443730{margin-bottom: 30px !important;}&#8221;][vc_column_text]<\/p>\n<p class=\"lead\">F\u00e5 frisk hundemad leveret direkte til din d\u00f8r. Start med en pr\u00f8vepakke<\/p>\n<p>1\ufe0f\u20e3 <strong>Bestil hundemad online \ud83c\udf56<\/strong><br \/>\nPr\u00f8v M\u00c6Ts friske hundemad lavet p\u00e5 sk\u00f8nne, l\u00e6kre og nordiske r\u00e5varer.<br \/>\nStart din hunds rejse mod et sundt liv med h\u00f8j livskvalitet.<\/p>\n<p>2\ufe0f\u20e3 <strong>Modtag regelm\u00e6ssige leverancer \ud83d\udce6<\/strong><br \/>\nEfter pr\u00f8vepakken modtager I regelm\u00e6ssige leveringer og undg\u00e5r ture i sidste \u00f8jeblik til butikken.<\/p>\n<p>3\ufe0f\u20e3 <strong>Slap af og hyg med din hund \ud83d\udc36<\/strong><br \/>\nDu kan til enhver tid \u00e6ndre, uds\u00e6tte eller s\u00e6tte dine leverancer p\u00e5 pause.<br \/>\nDet kunne ikke v\u00e6re nemmere.[\/vc_column_text]<a href=\"https:\/\/maetpets.com\/de\/produkt\/futterbox-fuer-hunde\/\" title=\"Eksempelpakke\" class=\"konte-button button-normal text-default align-inline large  cabaret button square\">Pr\u00f8v M\u00c6T<\/a><div class=\"konte-empty-space \" style=\"height: 20px\"><\/div>[\/vc_column][\/vc_row][vc_row full_width=&#8221;stretch_row&#8221; css=&#8221;.vc_custom_1616831547784{padding-top: 60px !important;padding-bottom: 40px !important;}&#8221;][vc_column width=&#8221;5\/12&#8243;][vc_custom_heading text=&#8221;Fra hundeforeldre til hundeforeldre&#8221; font_container=&#8221;tag:h2|font_size:50|text_align:left|color:%232b1910&#8243; use_theme_fonts=&#8221;yes&#8221; css=&#8221;.vc_custom_1616831855564{margin-bottom: 30px !important;}&#8221;][vc_column_text]Vi er hundefor\u00e6ldre, der \u00f8nsker at give hunde de bedste m\u00e5ltider baseret p\u00e5 friske r\u00e5varer og solid information om hundes daglige ern\u00e6ringsbehov.<\/p>\n<p>Vores vision er at sprede budskabet om frisk hundemad til hele Danmark.[\/vc_column_text]<a href=\"https:\/\/maetpets.com\/no\/om-maet\/\" title=\"Om M\u00c6T\" class=\"konte-button button-normal text-default align-inline medium  cabaret button square\">Om M\u00c6T<\/a><div class=\"konte-empty-space \" style=\"height: 32px\"><\/div>[\/vc_column][vc_column width=&#8221;7\/12&#8243;][vc_single_image image=&#8221;238150&#8243; img_size=&#8221;full&#8221; alignment=&#8221;center&#8221;][\/vc_column][\/vc_row][vc_row full_width=&#8221;stretch_row&#8221; equal_height=&#8221;yes&#8221; content_placement=&#8221;middle&#8221; css=&#8221;.vc_custom_1651316605308{padding-top: 50px !important;padding-bottom: 20px !important;background-color: #f9f2ef !important;}&#8221; el_class=&#8221;partner-logos&#8221;][vc_column][vc_custom_heading text=&#8221;Kj\u00f8p p\u00e5 nett eller i utvalgte butikker&#8221; font_container=&#8221;tag:h2|font_size:50|text_align:center|color:%232b1910&#8243; use_theme_fonts=&#8221;yes&#8221;][vc_custom_heading text=&#8221;Finn n\u00e6rmeste forhandler av ferskt hundemat&#8221; font_container=&#8221;tag:p|text_align:center&#8221; use_theme_fonts=&#8221;yes&#8221; css=&#8221;.vc_custom_1651316560716{padding-right: 50px !important;padding-bottom: 20px !important;padding-left: 50px !important;}&#8221; link=&#8221;url:https%3A%2F%2Fmaetpets.com%2Fforhandlere%2F|title:M%C3%86T%20FORHANDLER|&#8221;]<p class=\"konte-button-wrapper text-center\"><a href=\"https:\/\/maetpets.com\/forhandlere\/\" title=\"M\u00c6T FORHANDLER\" class=\"konte-button button-normal text-default align-center large   button square\">Se forhandlere<\/a><\/p>[\/vc_column][\/vc_row][vc_row full_width=&#8221;stretch_row&#8221; css=&#8221;.vc_custom_1606295919975{padding-top: 30px !important;background-color: #fff9f7 !important;}&#8221;][vc_column width=&#8221;1\/12&#8243; css=&#8221;.vc_custom_1605784949857{background-color: #fff9f7 !important;}&#8221;][\/vc_column][vc_column width=&#8221;10\/12&#8243;][vc_custom_heading text=&#8221;3 rask om M\u00c6T&#8221; font_container=&#8221;tag:h2|text_align:center&#8221; use_theme_fonts=&#8221;yes&#8221;][vc_toggle title=&#8221;Hva er M\u00c6T fersk hundemat?&#8221;]M\u00c6T frisk hundemad best\u00e5r af frisk k\u00f8d og gr\u00f8ntsager af h\u00f8j kvalitet, som kommer fra nordiske g\u00e5rde. Maden indeholder ingen kunstige konserveringsmidler, farve- eller smagsstoffer.<\/p>\n<p>Vi har tilberedt maden mildt (sous vide), s\u00e5 den er nemmere for hunden at optage. Duften er behagelig mild for mennesken\u00e6sen, i mods\u00e6tning til andre slags hundemad. Den friske mad opbevares i k\u00f8leskabet, indtil det er spisetid.[\/vc_toggle][vc_toggle title=&#8221;Hva koster KJ\u00d8TT fersk hundemat?&#8221;]<span style=\"font-weight: 400;\">Hvis du vil i gang med frisk hundemad s\u00e5 anbefaler vi, at du bestiller vores <a href=\"https:\/\/maetpets.com\/no\/produkt\/hundematboks-fersk-hundemat-abonnement\/\"><span style=\"text-decoration: underline;\">hundem\u00e5ltidskasse<\/span><\/a>. Du kan pr\u00f8ve vores de forskellige varianter og en snacks for 149,- Efterf\u00f8lgende kan du f\u00e5 en\u00a0fast levering\u00a0fra 329,- inklusiv transport.<\/span><\/p>\n<p>Du kan ogs\u00e5 v\u00e6lge at bestille produkterne <span style=\"text-decoration: underline;\"><a href=\"https:\/\/maetpets.com\/no\/fersk-hundemat\/\">enkeltvis<\/a><\/span> til 39 kr og fragt p\u00e5 89 kr eller vores <a href=\"https:\/\/maetpets.com\/no\/produkt\/startpakke-hundemat-online\/\"><span style=\"text-decoration: underline;\">Smagspr\u00f8vekasse<\/span><\/a> med 8 produkter og en snack til 329. Da vi leverer med et f\u00f8devaregodkendt transportfirma, koster det mere end normal postomdeling. <span style=\"font-weight: 400;\">Ved at bestille en hundem\u00e5ltidskasse slipper du for fragten.<\/span>[\/vc_toggle][vc_toggle title=&#8221;Hvor kan jeg kj\u00f8pe KJ\u00d8TT?&#8221;]Du kan k\u00f8be M\u00c6T <span style=\"text-decoration: underline;\"><a href=\"https:\/\/maetpets.com\/no\/fersk-hundemat\/\">frisk hundemad online her p\u00e5 siden<\/a><\/span>. Bestil en pr\u00f8vepakke af vores <span style=\"text-decoration: underline;\"><a href=\"https:\/\/maetpets.com\/hundemaaltidskasse-frisk-hundemad-paa-abonnement\/\">hundem\u00e5ltidkasse<\/a><\/span> med levering om onsdagen, en <span style=\"text-decoration: underline;\"><a href=\"https:\/\/maetpets.com\/no\/produkt\/startpakke-hundemat-online\/\">Smagspr\u00f8vekasse<\/a><\/span> eller fysisk hos vores <span style=\"text-decoration: underline;\"><a href=\"https:\/\/maetpets.com\/forhandlere\/\">forhandlere.<\/a><\/span>[\/vc_toggle][\/vc_column][vc_column width=&#8221;1\/12&#8243;][\/vc_column][\/vc_row]<\/p>\n<\/div>","protected":false},"excerpt":{"rendered":"<p>[vc_row full_width=&#8221;stretch_row&#8221; el_id=&#8221;home-slider-row-div-1&#8243; el_class=&#8221;home-slider-row-div&#8221; css=&#8221;.vc_custom_1653509665655{background-color: rgba(255,255,255,0.01) !important;*background-color: rgb(255,255,255) !important;}&#8221;][vc_column][\/vc_column][\/vc_row][vc_row css=&#8221;.vc_custom_1614628901349{padding-top: 40px !important;padding-bottom: 30px !important;}&#8221;][vc_column width=&#8221;1\/3&#8243; css=&#8221;.vc_custom_1614628726626{padding-bottom: 20px !important;}&#8221; offset=&#8221;vc_col-xs-4&#8243;][\/vc_column][vc_column width=&#8221;1\/3&#8243; offset=&#8221;vc_col-xs-4&#8243;][\/vc_column][vc_column width=&#8221;1\/3&#8243; css=&#8221;.vc_custom_1614628713057{padding-bottom: 20px !important;}&#8221; offset=&#8221;vc_col-xs-4&#8243;][\/vc_column][\/vc_row][vc_row full_width=&#8221;stretch_row&#8221; full_height=&#8221;yes&#8221; css=&#8221;.vc_custom_1616830694783{padding-top: 60px&hellip;<\/p>\n","protected":false},"author":1,"featured_media":267522,"parent":0,"menu_order":0,"comment_status":"closed","ping_status":"closed","template":"","meta":{"inline_featured_image":false,"footnotes":""},"class_list":["post-238129","page","type-page","status-publish","has-post-thumbnail","hentry"],"_links":{"self":[{"href":"https:\/\/maetpets.com\/no\/wp-json\/wp\/v2\/pages\/238129","targetHints":{"allow":["GET"]}}],"collection":[{"href":"https:\/\/maetpets.com\/no\/wp-json\/wp\/v2\/pages"}],"about":[{"href":"https:\/\/maetpets.com\/no\/wp-json\/wp\/v2\/types\/page"}],"author":[{"embeddable":true,"href":"https:\/\/maetpets.com\/no\/wp-json\/wp\/v2\/users\/1"}],"replies":[{"embeddable":true,"href":"https:\/\/maetpets.com\/no\/wp-json\/wp\/v2\/comments?post=238129"}],"version-history":[{"count":0,"href":"https:\/\/maetpets.com\/no\/wp-json\/wp\/v2\/pages\/238129\/revisions"}],"wp:featuredmedia":[{"embeddable":true,"href":"https:\/\/maetpets.com\/no\/wp-json\/wp\/v2\/media\/267522"}],"wp:attachment":[{"href":"https:\/\/maetpets.com\/no\/wp-json\/wp\/v2\/media?parent=238129"}],"curies":[{"name":"wp","href":"https:\/\/api.w.org\/{rel}","templated":true}]}}