{"id":239399,"date":"2022-04-05T19:35:33","date_gmt":"2022-04-05T17:35:33","guid":{"rendered":"https:\/\/maetpets.com\/?post_type=product&#038;p=239399"},"modified":"2024-11-17T20:38:16","modified_gmt":"2024-11-17T19:38:16","slug":"kong-snacks-puppy","status":"publish","type":"product","link":"https:\/\/maetpets.com\/en\/produkt\/kong-snacks-puppy\/","title":{"rendered":"KONG Snacks Puppy"},"content":{"rendered":"","protected":false},"excerpt":{"rendered":"<p>KONG Puppy Snacks er l\u00e6kre og specielt designet til hvalpenes behov og gl\u00e6de.<\/p>\n<p>Disse godbidder af h\u00f8j kvalitet er fremstillet i USA og er helt naturlige og indeholder ikke hvede, majs eller soja, hvilket giver dem en uimodst\u00e5elig smag, der er fantastisk til ethvert behandlende \u00f8jeblik. Denne st\u00f8rre st\u00f8rrelse er specielt formet og dimensioneret til at passe til din hvalpes store KONG Puppy gummileget\u00f8j.<\/p>\n","protected":false},"featured_media":239400,"comment_status":"open","ping_status":"closed","template":"","meta":{"inline_featured_image":false},"product_brand":[],"product_cat":[250,498],"product_tag":[1108,504],"class_list":{"0":"post-239399","1":"product","2":"type-product","3":"status-publish","4":"has-post-thumbnail","6":"product_cat-hundelegetoej","7":"product_cat-aktivitetslegetoej","8":"product_tag-aktivering","9":"product_tag-kong","10":"product_shipping_class-dry-goods","12":"first","13":"outofstock","14":"taxable","15":"shipping-taxable","16":"purchasable","17":"product-type-simple"},"composite_virtual":false,"composite_layout":"","composite_add_to_cart_form_location":"","composite_editable_in_cart":false,"composite_sold_individually_context":"","composite_shop_price_calc":"","composite_components":[],"composite_scenarios":[],"bundled_by":[],"bundle_stock_status":"outofstock","bundle_stock_quantity":null,"bundle_virtual":false,"bundle_layout":"","bundle_add_to_cart_form_location":"","bundle_editable_in_cart":false,"bundle_sold_individually_context":"","bundle_item_grouping":"","bundle_min_size":"","bundle_max_size":"","bundle_price":[],"bundled_items":[],"bundle_sell_ids":[],"_links":{"self":[{"href":"https:\/\/maetpets.com\/en\/wp-json\/wp\/v2\/product\/239399","targetHints":{"allow":["GET"]}}],"collection":[{"href":"https:\/\/maetpets.com\/en\/wp-json\/wp\/v2\/product"}],"about":[{"href":"https:\/\/maetpets.com\/en\/wp-json\/wp\/v2\/types\/product"}],"replies":[{"embeddable":true,"href":"https:\/\/maetpets.com\/en\/wp-json\/wp\/v2\/comments?post=239399"}],"wp:featuredmedia":[{"embeddable":true,"href":"https:\/\/maetpets.com\/en\/wp-json\/wp\/v2\/media\/239400"}],"wp:attachment":[{"href":"https:\/\/maetpets.com\/en\/wp-json\/wp\/v2\/media?parent=239399"}],"wp:term":[{"taxonomy":"product_brand","embeddable":true,"href":"https:\/\/maetpets.com\/en\/wp-json\/wp\/v2\/product_brand?post=239399"},{"taxonomy":"product_cat","embeddable":true,"href":"https:\/\/maetpets.com\/en\/wp-json\/wp\/v2\/product_cat?post=239399"},{"taxonomy":"product_tag","embeddable":true,"href":"https:\/\/maetpets.com\/en\/wp-json\/wp\/v2\/product_tag?post=239399"}],"curies":[{"name":"wp","href":"https:\/\/api.w.org\/{rel}","templated":true}]}}