{"id":239246,"date":"2022-01-09T11:26:07","date_gmt":"2022-01-09T10:26:07","guid":{"rendered":"https:\/\/maetpets.com\/product\/kong-dog-toys\/"},"modified":"2023-09-14T15:42:41","modified_gmt":"2023-09-14T13:42:41","slug":"king-dog-toy-active-feeding","status":"publish","type":"product","link":"https:\/\/maetpets.com\/en\/product\/king-dog-toy-active-feeding\/","title":{"rendered":"KONG Dog Toys (Classic)"},"content":{"rendered":"<div class=\"wpb-content-wrapper\"><p>[vc_row full_width=&#8221;stretch_row_content_no_spaces&#8221; disable_element=&#8221;yes&#8221; css=&#8221;.vc_custom_1641723686792{padding-top: 60px !important;background-color: #f9f2ef !important;}&#8221;][vc_column offset=&#8221;vc_col-lg-offset-1 vc_col-lg-10&#8243;][vc_custom_heading text=&#8221;Nutritious exercise treats&#8221; font_container=&#8221;tag:h2|text_align:center&#8221; use_theme_fonts=&#8221;yes&#8221; css=&#8221;.vc_custom_1640685522448{padding-bottom: 30px !important;}&#8221;]<div class=\"konte-carousel konte-carousel--gap-40  konte-carousel--dots-center konte-carousel--arrows-center\" data-slick=\"{&quot;dots&quot;:true,&quot;arrows&quot;:true,&quot;infinite&quot;:true,&quot;slidesToShow&quot;:2,&quot;slidesToScroll&quot;:1}\" ><div class=\"konte-testimonial  \">\n\t\t\t\t<div class=\"konte-testimonial__photo\"><img decoding=\"async\" class=\"\" src=\"https:\/\/maetpets.com\/wp-content\/uploads\/alix-1-200x200.jpg\" width=\"200\" height=\"200\" alt=\"training treats\" title=\"training treats\" loading=\"lazy\" \/><\/div>\n\t\t\t\t<div class=\"konte-testimonial__entry\">\n\t\t\t\t\t<div class=\"konte-testimonial__content\"><a href=\"https:\/\/www.instagram.com\/alixandthepack\/\" target=\"_blank\" rel=\"noopener\">&#8220;I give these Chicken Belly snacks to dogs to make sure they get their regular dose of protein, B12, iron and zinc. Nutritious snacks are a priority for me and when I tell my customers about the benefits of Chicken Belly, they will everyone try these snacks for their dogs! &#8220;<\/a><\/div>\n\t\t\t\t\t<div class=\"konte-testimonial__author\"><span class=\"konte-testimonial__name\">Alexandra Sharp<\/span><span class=\"konte-testimonial__author-separator\">-<\/span><span class=\"konte-testimonial__company\">Dog trainer<\/span><\/div>\n\t\t\t\t<\/div>\n\t\t\t<\/div><\/div>[\/vc_column][\/vc_row][vc_row full_width=&#8221;stretch_row&#8221; css=&#8221;.vc_custom_1640684961874{padding-top: 60px !important;padding-bottom: 30px !important;background-color: #fff9f7 !important;}&#8221;][vc_column width=&#8221;6\/12&#8243;][vc_single_image image=&#8221;236341&#8243; img_size=&#8221;full&#8221;][\/vc_column][vc_column width=&#8221;6\/12&#8243;][vc_column_text]<\/p>\n<h2>King Dog Toys<\/h2>\n<p>The KONG Classic is the gold standard of dog toys and has become the staple for dogs around the world for over forty years. Offering enrichment by helping satisfy dogs\u2019 instinctual needs, the KONG Classic\u2019s unique natural red rubber formula is ultra-durable with an erratic bounce that is ideal for dogs that like to chew while also fulfilling a dog\u2019s need to play.[\/vc_column_text][\/vc_column][\/vc_row][vc_row full_width=&#8221;stretch_row&#8221; css=&#8221;.vc_custom_1640684961874{padding-top: 60px !important;padding-bottom: 30px !important;background-color: #fff9f7 !important;}&#8221;][vc_column width=&#8221;6\/12&#8243;][vc_column_text]<\/p>\n<h2>Dog activation with M\u00c6T and KONG<\/h2>\n<p>You can give your dog M\u00c6T fresh dog food in many different ways. You can use M\u00c6T as a delicious and healthy snack that Freja gets here. A KING filled with M\u00c6T<\/p>\n<p>The red KONG Classic rubber helps to satisfy dogs&#8217; instinctive needs.<\/p>\n<ul>\n<li>Healthy play is important for the dog&#8217;s physical and mental development, emotions and behavior. By promoting healthy play and satisfying instinctive needs, this toy helps solve chewing, separation anxiety, teeth, boredom, weight control, box training, digging, barking and much more!<\/li>\n<li>The unpredictable movement of the KONG Classic allows for exciting retrieval games and other interactive games with your pet.<\/li>\n<li>Recommended by Veterinarians: Veterinarians and trainers worldwide recommend the KONG Classic. Made in the USA<\/li>\n<\/ul>\n<p>[\/vc_column_text][\/vc_column][vc_column width=&#8221;6\/12&#8243;][vc_single_image image=&#8221;236345&#8243; img_size=&#8221;full&#8221;][\/vc_column][\/vc_row][vc_row full_width=&#8221;stretch_row&#8221; css=&#8221;.vc_custom_1640175618733{padding-top: 30px !important;padding-bottom: 30px !important;}&#8221;][vc_column width=&#8221;6\/12&#8243;][vc_column_text]<\/p>\n<h2>KONG dog toy filling<\/h2>\n<p>A KING is even more tempting when filled with M\u00c6T Deli and snacks. Dishwasher safe for easy cleaning.<\/p>\n<p><span style=\"font-weight: 400;\">Bonus: For an extra challenge, you can freeze it down until the food is semi-hard, then challenge your dog on all senses and knowledge.<\/span>[\/vc_column_text][\/vc_column][vc_column width=&#8221;6\/12&#8243;]<div class=\"konte-product-grid konte-products  \"><div class=\"woocommerce columns-3 \"><ul class=\"products hover-slider columns-3\"><li class=\"product type-product post-244549 status-publish first outofstock product_cat-hundemad product_tag-deli product_tag-hundemad-okse has-post-thumbnail taxable shipping-taxable purchasable product-type-simple\">\n\t<div class=\"product-inner\"><span class=\"woocommerce-badges woocommerce-badges--round\"><span class=\"sold-out woocommerce-badge\"><span>Udsolgt<\/span><\/span><\/span><div class=\"product-thumbnail\"><a href=\"https:\/\/maetpets.com\/produkt\/beef-deli-hundefoder-med-okse\/\" class=\"woocommerce-LoopProduct-link woocommerce-loop-product__link\"><img loading=\"lazy\" decoding=\"async\" width=\"555\" height=\"555\" src=\"https:\/\/maetpets.com\/wp-content\/uploads\/hundefoder-med-okse-beef-deli-maet-pets.jpg\" class=\"attachment-woocommerce_thumbnail size-woocommerce_thumbnail\" alt=\"Beef Deli\" srcset=\"https:\/\/maetpets.com\/wp-content\/uploads\/hundefoder-med-okse-beef-deli-maet-pets.jpg 555w, https:\/\/maetpets.com\/wp-content\/uploads\/hundefoder-med-okse-beef-deli-maet-pets-300x300.jpg 300w, https:\/\/maetpets.com\/wp-content\/uploads\/hundefoder-med-okse-beef-deli-maet-pets-150x150.jpg 150w\" sizes=\"auto, (max-width: 555px) 100vw, 555px\" \/><\/a><\/div><div class=\"product-summary\"><h2 class=\"woocommerce-loop-product__title\"><a href=\"https:\/\/maetpets.com\/produkt\/beef-deli-hundefoder-med-okse\/\" class=\"woocommerce-LoopProduct-link woocommerce-loop-product__link\">Beef Deli<\/a><\/h2>\n\t<span class=\"price\"><span class=\"woocommerce-Price-amount amount\"><bdi>45,00&nbsp;<span class=\"woocommerce-Price-currencySymbol\">kr.<\/span><\/bdi><\/span><\/span>\n<div class=\"buttons clearfix\"><a href=\"https:\/\/maetpets.com\/produkt\/beef-deli-hundefoder-med-okse\/\" aria-describedby=\"woocommerce_loop_add_to_cart_link_describedby_244549\" data-quantity=\"1\" class=\"button product_type_simple woocommerce-loop-product__button\" data-product_id=\"244549\" data-product_sku=\"MAET203\" aria-label=\"Read more about &ldquo;Beef Deli&rdquo;\" rel=\"nofollow\" data-success_message=\"\">Read more<\/a>\t<span id=\"woocommerce_loop_add_to_cart_link_describedby_244549\" class=\"screen-reader-text\">\n\t\t\t<\/span>\n<\/div><\/div><\/div><\/li>\n<li class=\"product type-product post-241879 status-publish outofstock product_cat-hundemat product_tag-deli-no product_tag-hundemat-med-gris has-post-thumbnail taxable shipping-taxable purchasable product-type-simple\">\n\t<div class=\"product-inner\"><span class=\"woocommerce-badges woocommerce-badges--round\"><span class=\"sold-out woocommerce-badge\"><span>Udsolgt<\/span><\/span><\/span><div class=\"product-thumbnail product-thumbnails--slider\"><a href=\"https:\/\/maetpets.com\/no\/produkt\/svinekjoett-deli-hundemat-uten-korn\/\" class=\"woocommerce-LoopProduct-link woocommerce-loop-product__link\"><img loading=\"lazy\" decoding=\"async\" width=\"680\" height=\"680\" src=\"https:\/\/maetpets.com\/wp-content\/uploads\/pork_deli_tall_maet-680x680.jpg\" class=\"attachment-woocommerce_thumbnail size-woocommerce_thumbnail\" alt=\"Deli av svin\" srcset=\"https:\/\/maetpets.com\/wp-content\/uploads\/pork_deli_tall_maet-680x680.jpg 680w, https:\/\/maetpets.com\/wp-content\/uploads\/pork_deli_tall_maet-150x150.jpg 150w\" sizes=\"auto, (max-width: 680px) 100vw, 680px\" \/><\/a><a href=\"https:\/\/maetpets.com\/no\/produkt\/svinekjoett-deli-hundemat-uten-korn\/\" class=\"woocommerce-LoopProduct-link woocommerce-loop-product__link\"><img data-lazy=\"https:\/\/maetpets.com\/wp-content\/uploads\/pork-deli-maet-pets.jpg\" width=\"680\" height=\"544\" alt=\"Deli av svin\" class=\"slick-loading\"><\/a><\/div><div class=\"product-summary\"><h2 class=\"woocommerce-loop-product__title\"><a href=\"https:\/\/maetpets.com\/no\/produkt\/svinekjoett-deli-hundemat-uten-korn\/\" class=\"woocommerce-LoopProduct-link woocommerce-loop-product__link\">Deli av svin<\/a><\/h2>\n\t<span class=\"price\"><span class=\"woocommerce-Price-amount amount\"><bdi>45,00&nbsp;<span class=\"woocommerce-Price-currencySymbol\">kr.<\/span><\/bdi><\/span><\/span>\n<div class=\"buttons clearfix\"><a href=\"https:\/\/maetpets.com\/no\/produkt\/svinekjoett-deli-hundemat-uten-korn\/\" aria-describedby=\"woocommerce_loop_add_to_cart_link_describedby_241879\" data-quantity=\"1\" class=\"button product_type_simple woocommerce-loop-product__button\" data-product_id=\"241879\" data-product_sku=\"MAET202\" aria-label=\"Read more about &ldquo;Deli av svin&rdquo;\" rel=\"nofollow\" data-success_message=\"\">Read more<\/a>\t<span id=\"woocommerce_loop_add_to_cart_link_describedby_241879\" class=\"screen-reader-text\">\n\t\t\t<\/span>\n<\/div><\/div><\/div><\/li>\n<li class=\"product type-product post-241830 status-publish last outofstock product_cat-hundemat product_tag-deli-no product_tag-hundemat-med-kylling has-post-thumbnail taxable shipping-taxable purchasable product-type-simple\">\n\t<div class=\"product-inner\"><span class=\"woocommerce-badges woocommerce-badges--round\"><span class=\"sold-out woocommerce-badge\"><span>Udsolgt<\/span><\/span><\/span><div class=\"product-thumbnail\"><a href=\"https:\/\/maetpets.com\/no\/produkt\/kylling-deli-korn-fri-hundemat-med-kylling\/\" class=\"woocommerce-LoopProduct-link woocommerce-loop-product__link\"><img loading=\"lazy\" decoding=\"async\" width=\"680\" height=\"680\" src=\"https:\/\/maetpets.com\/wp-content\/uploads\/chicken_deli_tall_maet-680x680.jpg\" class=\"attachment-woocommerce_thumbnail size-woocommerce_thumbnail\" alt=\"Kylling Deli\" srcset=\"https:\/\/maetpets.com\/wp-content\/uploads\/chicken_deli_tall_maet-680x680.jpg 680w, https:\/\/maetpets.com\/wp-content\/uploads\/chicken_deli_tall_maet-150x150.jpg 150w\" sizes=\"auto, (max-width: 680px) 100vw, 680px\" \/><\/a><\/div><div class=\"product-summary\"><h2 class=\"woocommerce-loop-product__title\"><a href=\"https:\/\/maetpets.com\/no\/produkt\/kylling-deli-korn-fri-hundemat-med-kylling\/\" class=\"woocommerce-LoopProduct-link woocommerce-loop-product__link\">Kylling Deli<\/a><\/h2>\n\t<span class=\"price\"><span class=\"woocommerce-Price-amount amount\"><bdi>45,00&nbsp;<span class=\"woocommerce-Price-currencySymbol\">kr.<\/span><\/bdi><\/span><\/span>\n<div class=\"buttons clearfix\"><a href=\"https:\/\/maetpets.com\/no\/produkt\/kylling-deli-korn-fri-hundemat-med-kylling\/\" aria-describedby=\"woocommerce_loop_add_to_cart_link_describedby_241830\" data-quantity=\"1\" class=\"button product_type_simple woocommerce-loop-product__button\" data-product_id=\"241830\" data-product_sku=\"MAET201\" aria-label=\"Read more about &ldquo;Kylling Deli&rdquo;\" rel=\"nofollow\" data-success_message=\"\">Read more<\/a>\t<span id=\"woocommerce_loop_add_to_cart_link_describedby_241830\" class=\"screen-reader-text\">\n\t\t\t<\/span>\n<\/div><\/div><\/div><\/li>\n<\/ul><\/div><\/div>[\/vc_column][\/vc_row]<\/p>\n<\/div>","protected":false},"excerpt":{"rendered":"<p>With a KONG dog toy you can feed your dog in a fun and more active way. KONG has a fun shape and a hole, so that the dog toys can be filled with, for example, M\u00c6T fresh Deli dog food or natural treats. The KONG toy jumps and jumps unpredictably, making the game more fun and making it perfect for chasing.<\/p>\n","protected":false},"featured_media":239226,"comment_status":"open","ping_status":"closed","template":"","meta":{"inline_featured_image":false},"product_brand":[],"product_cat":[1080,559,385],"product_tag":[1112,560],"class_list":{"0":"post-239246","1":"product","2":"type-product","3":"status-publish","4":"has-post-thumbnail","6":"product_cat-active-feeding","7":"product_cat-activity-play","8":"product_cat-dog-toys","9":"product_tag-featured-en","10":"product_tag-kong-en","11":"product_shipping_class-dry-goods-en","13":"first","14":"instock","15":"taxable","16":"shipping-taxable","17":"purchasable","18":"product-type-variable"},"composite_virtual":false,"composite_layout":"","composite_add_to_cart_form_location":"","composite_editable_in_cart":false,"composite_sold_individually_context":"","composite_shop_price_calc":"","composite_components":[],"composite_scenarios":[],"bundled_by":[],"bundle_stock_status":"instock","bundle_stock_quantity":null,"bundle_virtual":false,"bundle_layout":"","bundle_add_to_cart_form_location":"","bundle_editable_in_cart":false,"bundle_sold_individually_context":"","bundle_item_grouping":"","bundle_min_size":"","bundle_max_size":"","bundle_price":[],"bundled_items":[],"bundle_sell_ids":[],"_links":{"self":[{"href":"https:\/\/maetpets.com\/en\/wp-json\/wp\/v2\/product\/239246","targetHints":{"allow":["GET"]}}],"collection":[{"href":"https:\/\/maetpets.com\/en\/wp-json\/wp\/v2\/product"}],"about":[{"href":"https:\/\/maetpets.com\/en\/wp-json\/wp\/v2\/types\/product"}],"replies":[{"embeddable":true,"href":"https:\/\/maetpets.com\/en\/wp-json\/wp\/v2\/comments?post=239246"}],"wp:featuredmedia":[{"embeddable":true,"href":"https:\/\/maetpets.com\/en\/wp-json\/wp\/v2\/media\/239226"}],"wp:attachment":[{"href":"https:\/\/maetpets.com\/en\/wp-json\/wp\/v2\/media?parent=239246"}],"wp:term":[{"taxonomy":"product_brand","embeddable":true,"href":"https:\/\/maetpets.com\/en\/wp-json\/wp\/v2\/product_brand?post=239246"},{"taxonomy":"product_cat","embeddable":true,"href":"https:\/\/maetpets.com\/en\/wp-json\/wp\/v2\/product_cat?post=239246"},{"taxonomy":"product_tag","embeddable":true,"href":"https:\/\/maetpets.com\/en\/wp-json\/wp\/v2\/product_tag?post=239246"}],"curies":[{"name":"wp","href":"https:\/\/api.w.org\/{rel}","templated":true}]}}