{"id":239976,"date":"2021-01-15T14:33:10","date_gmt":"2021-01-15T13:33:10","guid":{"rendered":"https:\/\/maetpets.com\/how-to-get-started-with-fresh-dog-food\/"},"modified":"2022-05-20T20:32:10","modified_gmt":"2022-05-20T18:32:10","slug":"how-to-get-started-with-fresh-dog-food","status":"publish","type":"page","link":"https:\/\/maetpets.com\/en\/how-to-get-started-with-fresh-dog-food\/","title":{"rendered":"How to get started with fresh dog food"},"content":{"rendered":"<div class=\"wpb-content-wrapper\"><p>[vc_row full_width=&#8221;stretch_row&#8221; css=&#8221;.vc_custom_1610713193456{padding-top: 60px !important;padding-bottom: 60px !important;background-color: #fff9f7 !important;}&#8221;][vc_column width=&#8221;1\/6&#8243;][\/vc_column][vc_column width=&#8221;4\/6&#8243;][vc_column_text]<\/p>\n<p><span style=\"font-weight: 400; color: #2b1910;\">Man kan servere frisk hundemad for sin hund p\u00e5 mange m\u00e5der; som fuldfoder eller som et sundt supplement. Ved fuldfodring skal man give sin hund den daglige anbefalede dosis, og hvis man bruger M\u00c6T som supplement, kan det friske mad gives som en sund snack, en l\u00e6kker treat eller s\u00e5gar en godbid p\u00e5 g\u00e5turen.<\/span><\/p>\n<p>[\/vc_column_text][vc_column_text]<\/p>\n<h2><span style=\"font-weight: 400;\">Opskrifter af en hunde-di\u00e6tist<\/span><\/h2>\n<p><span style=\"font-weight: 400;\">Vores friske hundemad kan nydes af alle hunde. Det er lavet af en dygtig hundeern\u00e6ringsekspert, som har udviklet opskrifterne ud fra, hvad en hunds daglige ern\u00e6ringsbehov er. Det skal v\u00e6re nemt at fodre sin hund med frisk og sund hundemad.\u00a0<\/span><\/p>\n<p>[\/vc_column_text][vc_column_text]<\/p>\n<p>\n<p>[\/vc_column_text][\/vc_column][vc_column width=&#8221;1\/6&#8243;][\/vc_column][\/vc_row][vc_row full_width=&#8221;stretch_row&#8221; css=&#8221;.vc_custom_1610713877855{padding-top: 60px !important;padding-bottom: 60px !important;background-color: #0b2945 !important;}&#8221;][vc_column width=&#8221;1\/6&#8243;][\/vc_column][vc_column width=&#8221;4\/6&#8243;][vc_custom_heading text=&#8221;Fresh food is best &#8211; also for dogs&#8221; font_container=&#8221;tag:h2|text_align:left|color:%23d54966&#8243; use_theme_fonts=&#8221;yes&#8221; css=&#8221;.vc_custom_1610714042289{padding-bottom: 30px !important;}&#8221;][vc_column_text]<\/p>\n<ul>\n<li><span style=\"font-weight: 400; color: #fff9f7;\">All recipes include fresh meat and healthy vegetables filled with vitamins, minerals and fiber.<\/span><\/li>\n<li><span style=\"font-weight: 400; color: #fff9f7;\">There are no preservatives or additives in our fresh dog food.<\/span><\/li>\n<li><span style=\"font-weight: 400; color: #fff9f7;\">The uptake of M\u00c6T &#8216;s complete meals is as high as 86%<\/span><\/li>\n<li><span style=\"font-weight: 400; color: #fff9f7;\">The water content is 56% and therefore has a natural fluid balance.<\/span><\/li>\n<li><span style=\"font-weight: 400; color: #fff9f7;\">The fresh meals should be kept refrigerated as the food is fresh.<\/span><\/li>\n<li><span style=\"font-weight: 400; color: #fff9f7;\">The shelf life of fresh dog food is 3 months unopened and 3-4 days opened in the fridge<\/span><\/li>\n<li><span style=\"font-weight: 400; color: #fff9f7;\">M\u00c6T &#8216;s Risotto recipe contains rice, which is especially good for the stomach<\/span><\/li>\n<li><span style=\"font-weight: 400; color: #fff9f7;\">M\u00c6T &#8216;s Deli recipe contains 80% meat and is especially good for those dogs that need a lot of protein and need to take care of their weight.<\/span><\/li>\n<\/ul>\n<p>[\/vc_column_text][\/vc_column][vc_column width=&#8221;1\/6&#8243;][\/vc_column][\/vc_row][vc_row full_width=&#8221;stretch_row&#8221; css=&#8221;.vc_custom_1610716895378{padding-top: 30px !important;background-color: #fff9f7 !important;}&#8221; el_id=&#8221;start&#8221;][vc_column width=&#8221;1\/6&#8243;][\/vc_column][vc_column width=&#8221;4\/6&#8243;][vc_column_text]<\/p>\n<h2><span style=\"font-weight: 400; color: #2b1910;\">How do I start with M\u00c6T ?<\/span><\/h2>\n<p><span style=\"font-weight: 400; color: #2b1910;\">There is no need to worry or confuse. M\u00c6T &#8216;s complete meals you take directly from the fridge and serve for your dog. It&#8217;s easy! Our recipes include fresh meat, vegetables &#8211; and our Risotto recipe has rice added for those dogs that need help keeping track of their stomachs or for the active puppy who needs extra energy.<\/span><\/p>\n<h3><span style=\"font-weight: 400; color: #2b1910;\">Start instructions for complete feeding<\/span><\/h3>\n<p><span style=\"font-weight: 400; color: #2b1910;\">When you need to start your dog with complete feeding of M\u00c6T &#8216;s fresh and complete meals, we often recommend that you start quietly with the change. Some dogs can react violently with a bad stomach if you start abruptly, whereas other dogs do not notice any difference. If you want to start quietly, then you can just give your dog 10% of the recommended daily dose and combine it with 90% of its normal food.<\/span><\/p>\n<p><span style=\"font-weight: 400; color: #2b1910;\">Some dogs need a week or two to gradually transition to complete feeding with M\u00c6T , whereas others may do so in a few days.<\/span><\/p>\n<p>[\/vc_column_text][\/vc_column][vc_column width=&#8221;1\/6&#8243;][\/vc_column][\/vc_row][vc_row full_width=&#8221;stretch_row&#8221; css=&#8221;.vc_custom_1610717354011{padding-top: 30px !important;background-color: #fff9f7 !important;}&#8221; el_id=&#8221;how much&#8221;][vc_column width=&#8221;1\/6&#8243;][\/vc_column][vc_column width=&#8221;4\/6&#8243;][vc_column_text]<\/p>\n<h2>How much food should a dog have?<\/h2>\n<p>An adult dog that is fully fed with M\u00c6T must have approx. 2.5-3% of its body weight in fresh dog food daily. If you give your dog our Risotto recipe, the recommended daily dose is around 2.5%, and with our Deli recipe 3% of the dog&#8217;s body weight.<\/p>\n<p>However, all dogs are different and may have different needs depending on age, activity level and metabolism, so as a dog owner you must be aware of your dog&#8217;s health.<\/p>\n<p>[\/vc_column_text][vc_column_text]<\/p>\n<h3><span style=\"font-weight: 400;\">Dog breed<\/span><\/h3>\n<p><span style=\"font-weight: 400;\">Dogs can be very different and therefore also have different needs when it comes to food. For example, a small dog breed does not need as much food as a large dog breed. One must also keep in mind that small dogs have a higher metabolism than large dogs, so they need more calories per serving. kg than larger dogs.<\/span><\/p>\n<h3><span style=\"font-weight: 400;\">Your dog&#8217;s energy level<\/span><\/h3>\n<p><span style=\"font-weight: 400;\">One can take two different dog breeds that weigh the same and they may have vastly different food needs due to their energy level. So active dogs need a diet that contains more fat than other dogs. Therefore, as a dog owner, you need to be aware of what breed of dog you have, its energy level and its lifestyle.<\/span><\/p>\n<h3><span style=\"font-weight: 400;\">Feeding puppies and senior dogs<\/span><\/h3>\n<p><span style=\"font-weight: 400;\">Puppies are very active and therefore also quickly burn the calories they get during a day. In addition, puppies grow fast and need a balanced diet rich in all the essentials, such as. proteins, fats and certain vitamins and minerals. <\/span><span style=\"font-weight: 400;\">Puppies need extra calcium and phosphorus for their growing bones. It is therefore good to supplement with A38 or ymer. You can also buy decidedly puppy food as a supplement.<\/span><\/p>\n<p><span style=\"text-decoration: underline;\"><strong><a href=\"https:\/\/maetpets.com\/hvor-meget-mad-skal-en-hvalp-have\/\">You can read more about puppy feeding here.<\/a><\/strong><\/span><\/p>\n<p><span style=\"font-weight: 400;\">Of course, an adult dog also needs a varied and balanced diet to achieve a healthy and active life, whereas a senior dog who is not as active needs less food and a lower fat intake to maintain weight. <\/span><\/p>\n<p><span style=\"font-weight: 400;\">As dogs get older, they are more prone to certain diseases, just like us humans. These diseases can e.g. be kidney diseases or urinary tract infections, and as a dog owner you must be aware of changes in your dog&#8217;s behavior and ability. <\/span><span style=\"font-weight: 400;\">Be sure to give an extra supplement of oils, such as omega3 for any joints and fur problems.<\/span><\/p>\n<h2><span style=\"font-weight: 400;\">Should I add something to M\u00c6T meals?<\/span><\/h2>\n<p><span style=\"font-weight: 400;\">M\u00c6T is a complete food for all dogs regardless of breed, gender, age or activity level, but if you have a growing puppy, remember to add a little extra calcium and phosphorus in the form of A38 or ymer. If, on the other hand, you have a senior dog, remember to pay attention to giving an extra supplement of oils for any joints and fur problems.<\/span><\/p>\n<p>[\/vc_column_text][\/vc_column][vc_column width=&#8221;1\/6&#8243;][\/vc_column][\/vc_row][vc_row full_width=&#8221;stretch_row&#8221; css=&#8221;.vc_custom_1610718252190{padding-top: 60px !important;background-color: #0b2945 !important;}&#8221; el_id=&#8221;picky&#8221;][vc_column width=&#8221;7\/12&#8243;][vc_single_image image=&#8221;231158&#8243; img_size=&#8221;full&#8221; style=&#8221;vc_box_circle&#8221;][\/vc_column][vc_column width=&#8221;5\/12&#8243;][vc_custom_heading text=&#8221;What about my super picky dog?&#8221; font_container=&#8221;tag:h2|text_align:left|color:%23d54966&#8243; use_theme_fonts=&#8221;yes&#8221; css=&#8221;.vc_custom_1644482606285{padding-bottom: 30px !important;}&#8221;][vc_column_text]<\/p>\n<p><span style=\"font-weight: 400; color: #fff9f7;\">We at M\u00c6T extensive experience with picky dogs. They are picky eaters, right up until they try our fresh dog food. The reason for this must be that we use fresh ingredients and healthy ingredients that smell incredibly good in the dogs&#8217; noses and taste great, and the food bowl is therefore emptied in record time. <\/span><\/p>\n<p><span style=\"font-weight: 400; color: #fff9f7;\">You can possibly postpone the meal before adding M\u00c6T to ensure that your dog is extra hungry and has a good appetite when trying fresh dog food for the first time.<\/span><\/p>\n<p>[\/vc_column_text][\/vc_column][\/vc_row][vc_row full_width=&#8221;stretch_row&#8221; full_height=&#8221;yes&#8221; css=&#8221;.vc_custom_1610717360784{background-color: #fff9f7 !important;}&#8221;][vc_column width=&#8221;5\/12&#8243;][vc_column_text]<\/p>\n<div id=\"rank-math-faq\" class=\"rank-math-block\">\n<div class=\"rank-math-list \">\n<div id=\"faq-question-1610918215418\" class=\"rank-math-list-item\">\n<h2 class=\"rank-math-question \">How many times should a dog have food?<\/h2>\n<div class=\"rank-math-answer \">\n\n<p>It is recommended that you feed your adult dog twice daily, morning and evening. The reason for this is that the nutrition is distributed more evenly and it is best for the dog&#8217;s digestion to be fed twice a day than once a day. <\/p>\n\n<\/div>\n<\/div>\n<\/div>\n<\/div>\n<p>[\/vc_column_text][vc_column_text]<\/p>\n<div id=\"rank-math-faq\" class=\"rank-math-block\">\n<div class=\"rank-math-list \">\n<div id=\"faq-question-1610918406223\" class=\"rank-math-list-item\">\n<h3 class=\"rank-math-question \">how many meals should a dog have?<\/h3>\n<div class=\"rank-math-answer \">\n\n<p>In addition, make sure that your dog is fed at about the same time each day as this helps to give your dog a healthy digestion. <\/p>\n\n<\/div>\n<\/div>\n<\/div>\n<\/div><p>[\/vc_column_text][\/vc_column][vc_column width=&#8221;7\/12&#8243;][vc_single_image image=&#8221;230405&#8243; img_size=&#8221;full&#8221;][\/vc_column][\/vc_row][vc_row full_width=&#8221;stretch_row&#8221; css=&#8221;.vc_custom_1610717175698{padding-top: 60px !important;background-color: #0b2945 !important;}&#8221;][vc_column width=&#8221;5\/12&#8243;][vc_custom_heading text=&#8221;Try fresh dog food&#8221; font_container=&#8221;tag:h2|text_align:left|color:%23d54966&#8243; use_theme_fonts=&#8221;yes&#8221; css=&#8221;.vc_custom_1610717163492{padding-bottom: 30px !important;}&#8221;][vc_column_text]<span style=\"font-weight: 400; color: #fff9f7;\">M\u00c6T &#8216;s fresh dog food can be given to all dogs regardless of breed, gender, age, activity level, even though it was originally made for the ordinary adult dog. M\u00c6T is described as a complete complete food meal, but we point out that some dogs &#8211; depending on age and condition &#8211; may need extra supplements in the form of vitamins, minerals or oils. <\/span><\/p>\n<p><span style=\"font-weight: 400; color: #fff9f7;\">Serving a complete, fresh meal for your dog has never been easier!<\/span>[\/vc_column_text]<a href=\"https:\/\/maetpets.com\/en\/maet-fresh-dog-food\/\" title=\"Healthy dog food\" class=\"konte-button button-normal text-default align-inline normal   button rounded\">Try our fresh dog food<\/a><div class=\"konte-empty-space \" aria-hidden=\"true\"><div class=\"konte-empty-space__xs visible-xs\" style=\"height:0px\"><\/div><div class=\"konte-empty-space__sm visible-sm\" style=\"height:60px\"><\/div><div class=\"konte-empty-space__md visible-md\" style=\"height:60px\"><\/div><div class=\"konte-empty-space__lg visible-lg\" style=\"height:60px\"><\/div><\/div>[\/vc_column][vc_column width=&#8221;7\/12&#8243;][vc_single_image image=&#8221;230750&#8243; img_size=&#8221;full&#8221; alignment=&#8221;right&#8221;][\/vc_column][\/vc_row]<\/p>\n<\/div>","protected":false},"excerpt":{"rendered":"<p>[vc_row full_width=&#8221;stretch_row&#8221; css=&#8221;.vc_custom_1610713193456{padding-top: 60px !important;padding-bottom: 60px !important;background-color: #fff9f7 !important;}&#8221;][vc_column width=&#8221;1\/6&#8243;][\/vc_column][vc_column width=&#8221;4\/6&#8243;][vc_column_text] Man kan servere frisk hundemad for sin hund p\u00e5 mange m\u00e5der; som fuldfoder eller som et sundt supplement. Ved&hellip;<\/p>\n","protected":false},"author":1,"featured_media":251953,"parent":0,"menu_order":0,"comment_status":"closed","ping_status":"closed","template":"","meta":{"inline_featured_image":false,"footnotes":""},"class_list":["post-239976","page","type-page","status-publish","has-post-thumbnail","hentry"],"_links":{"self":[{"href":"https:\/\/maetpets.com\/en\/wp-json\/wp\/v2\/pages\/239976","targetHints":{"allow":["GET"]}}],"collection":[{"href":"https:\/\/maetpets.com\/en\/wp-json\/wp\/v2\/pages"}],"about":[{"href":"https:\/\/maetpets.com\/en\/wp-json\/wp\/v2\/types\/page"}],"author":[{"embeddable":true,"href":"https:\/\/maetpets.com\/en\/wp-json\/wp\/v2\/users\/1"}],"replies":[{"embeddable":true,"href":"https:\/\/maetpets.com\/en\/wp-json\/wp\/v2\/comments?post=239976"}],"version-history":[{"count":0,"href":"https:\/\/maetpets.com\/en\/wp-json\/wp\/v2\/pages\/239976\/revisions"}],"wp:featuredmedia":[{"embeddable":true,"href":"https:\/\/maetpets.com\/en\/wp-json\/wp\/v2\/media\/251953"}],"wp:attachment":[{"href":"https:\/\/maetpets.com\/en\/wp-json\/wp\/v2\/media?parent=239976"}],"curies":[{"name":"wp","href":"https:\/\/api.w.org\/{rel}","templated":true}]}}