{"id":255696,"date":"2022-09-10T12:57:51","date_gmt":"2022-09-10T10:57:51","guid":{"rendered":"https:\/\/maetpets.com\/product\/vita-petz-ergaenzungsmittel-fuer-welpen\/"},"modified":"2023-09-14T15:32:34","modified_gmt":"2023-09-14T13:32:34","slug":"vita-petz-ergaenzungsmittel-fuer-welpen","status":"publish","type":"product","link":"https:\/\/maetpets.com\/de\/produkt\/vita-petz-ergaenzungsmittel-fuer-welpen\/","title":{"rendered":"Vita Petz &#8211; Nahrungserg\u00e4nzungsmittel f\u00fcr Welpen"},"content":{"rendered":"<div class=\"wpb-content-wrapper\"><p>[vc_row][vc_column][vc_column_text]<\/p>\n<h2>Empfohlene Tagesdosis<\/h2>\n<p>Gib in den ersten 2 Wochen 5% BARF BALANCE &#8211; PUPPY der Mahlzeitenmenge zu allen Mahlzeiten hinzu. Bsp. 100 g frisches Hundefutter: 1 Messl\u00f6ffel hinzuf\u00fcgen. Du kannst dann die Dosis halbieren. Der mitgelieferte Messl\u00f6ffel enth\u00e4lt 5 Gramm (abgez\u00e4hlt). Empfohlen in der Welpenphase, besonders in den ersten 3 Monaten.<\/p>\n<p>Um das Magen-Darm-System des Welpen in der \u00dcbergangsphase zu BARF zu unterst\u00fctzen, kannst du symbiotische<strong> <\/strong>f\u00fcr einen Zeitraum von 2-4 Wochen oder f\u00fcr 2 Wochen nach der ersten Impfung.[\/vc_column_text][vc_column_text]<\/p>\n<h2><strong>N\u00e4hrstoffgehalt<\/strong><\/h2>\n<p><strong>Inhalt<\/strong>: Samenmischung (Leinsamen, Nigella, Flohsamen, Mariendistel, Fenchel, Bockshornklee, Anis), Blattgem\u00fcse (Spinat, Petersilie, Weizengras, Moringa, Basilikum), Algenmischung (Seetang, Spirulina, Chlorella), Korallenkalk, Kr\u00e4utermischung (Alfalfa, Knoblauch, Goldrute, Kaktusfeige, Petersilie, Brennnessel, L\u00f6wenzahn, Olivenblatt, Schafgarbe, Schachtelhalm, Schachtelhalm, Wegerich, Wegerich, Kamille, Oregano, Thymian, Rosmarin, Ginseng, Paprika), Wurzelgem\u00fcse (Karotte, Kurkuma, Klettenwurzel, Chicor\u00e9ewurzel, Ingwer), Kokosnuss, fermentierte N\u00e4hrhefe, Beerenmischung (Hagebutten, Schisandra, Wei\u00dfdornbeeren, Aroniabeeren), Sonnenblumenlecithin, Gr\u00fcnlippmuschel, Bio MSM, Kolostrum (rohe Kuhmilch), Kiesels\u00e4ure, Montmorillonit, Beta-Glucan, FOS\/MOS und nat\u00fcrliche Verdauungsenzyme.<\/p>\n<p>Alle Zutaten sind von lebensmitteltauglicher Qualit\u00e4t. <strong>Entwickelt und produziert in D\u00e4nemark<\/strong> \ud83c\udde9\ud83c\uddf0 mit einem Fokus auf \u00d6kologie und gute Zutaten.<\/p>\n<p><strong>Analyse<\/strong>: Ballaststoffe 18%, Mineralstoffe 25,5%, Eiwei\u00df 13%, Fett 6,5%, Kalzium 8,5%. Phosphor 0,45%. Ca\/P 19:1<\/p>\n<p><strong>N\u00e4hrstoffe<\/strong>: Vitamine A, B, C, D, E, K, Mineralien, Spurenelemente, Aminos\u00e4uren, Omega-3, Omega-6, Omega-9, EPA\/DHA\/GLA, Chlorophyll, Astaxanthin, Lutein, Beta-Glucan, FOS, MOS und nat\u00fcrliche Verdauungsenzyme.<\/p>\n<p><strong>Zusatzstoffe<\/strong>: Keine k\u00fcnstlichen Vitamine oder Mineralien.<\/p>\n<p><strong>Physikalische Form<\/strong>: Pulver<\/p>\n<p><strong>Verpackung<\/strong>: 400g in lebensmittelechter <strong>Verpackung<\/strong>.<\/p>\n<p><strong>Lagerung<\/strong>: Trocken und bei Raumtemperatur oder darunter in einer geschlossenen Verpackung.<\/p>\n<p><strong>Indikationen<\/strong>: Keine bekannt<\/p>\n<p>Das Produkt ist ein Nahrungserg\u00e4nzungsmittel f\u00fcr Hunde &#8211; kein Medikament. Wenn du Zweifel an der Gesundheit deines Hundes hast, wende dich an deinen Tierarzt oder Gesundheitsdienstleister.[\/vc_column_text][\/vc_column][\/vc_row]<\/p>\n<\/div>","protected":false},"excerpt":{"rendered":"<p>Vita Petz hat BARF BALANCE &#8211; PUPPY als ma\u00dfgeschneiderte Nahrungserg\u00e4nzung entwickelt, die unser frisches Hundefutter mit Ballaststoffen, Vitaminen, Mineralien und Spurenelementen erg\u00e4nzt.<\/p>\n<p>In der ersten und entscheidenden Lebensphase eines Hundes ist es wichtig, ihm N\u00e4hrstoffe zuzuf\u00fchren, die die Entwicklung von Organen, Knochen, Sinnen, Nerven und nicht zuletzt des Immunsystems unterst\u00fctzen.<\/p>\n<p>BARF BALANCE-PUPPY enth\u00e4lt N\u00e4hrstoffe, die dein Welpe braucht. Spiegelt die nat\u00fcrliche Ern\u00e4hrung des Hundes mit Kr\u00e4utern, Beeren, Samen und Gem\u00fcse wider, die er auch auf nat\u00fcrliche Weise bekommen w\u00fcrde.<\/p>\n<ul>\n<li>Nat\u00fcrliche Kr\u00e4uter, Samen, Algen, Wurzelgem\u00fcse und Blattgem\u00fcse.<\/li>\n<li>100% nat\u00fcrlich und mit wild geernteten und biologischen Zutaten.<\/li>\n<\/ul>\n","protected":false},"featured_media":246580,"comment_status":"open","ping_status":"closed","template":"","meta":{"inline_featured_image":false},"product_brand":[],"product_cat":[1079],"product_tag":[],"class_list":{"0":"post-255696","1":"product","2":"type-product","3":"status-publish","4":"has-post-thumbnail","6":"product_cat-nahrungsergaenzungsmittel-fuer-hunde","7":"product_shipping_class-post","9":"first","10":"instock","11":"taxable","12":"shipping-taxable","13":"purchasable","14":"product-type-simple"},"composite_virtual":false,"composite_layout":"","composite_add_to_cart_form_location":"","composite_editable_in_cart":false,"composite_sold_individually_context":"","composite_shop_price_calc":"","composite_components":[],"composite_scenarios":[],"bundled_by":["254861"],"bundle_stock_status":"instock","bundle_stock_quantity":6,"bundle_virtual":false,"bundle_layout":"","bundle_add_to_cart_form_location":"","bundle_editable_in_cart":false,"bundle_sold_individually_context":"","bundle_item_grouping":"","bundle_min_size":"","bundle_max_size":"","bundle_price":[],"bundled_items":[],"bundle_sell_ids":[],"_links":{"self":[{"href":"https:\/\/maetpets.com\/de\/wp-json\/wp\/v2\/product\/255696","targetHints":{"allow":["GET"]}}],"collection":[{"href":"https:\/\/maetpets.com\/de\/wp-json\/wp\/v2\/product"}],"about":[{"href":"https:\/\/maetpets.com\/de\/wp-json\/wp\/v2\/types\/product"}],"replies":[{"embeddable":true,"href":"https:\/\/maetpets.com\/de\/wp-json\/wp\/v2\/comments?post=255696"}],"wp:featuredmedia":[{"embeddable":true,"href":"https:\/\/maetpets.com\/de\/wp-json\/wp\/v2\/media\/246580"}],"wp:attachment":[{"href":"https:\/\/maetpets.com\/de\/wp-json\/wp\/v2\/media?parent=255696"}],"wp:term":[{"taxonomy":"product_brand","embeddable":true,"href":"https:\/\/maetpets.com\/de\/wp-json\/wp\/v2\/product_brand?post=255696"},{"taxonomy":"product_cat","embeddable":true,"href":"https:\/\/maetpets.com\/de\/wp-json\/wp\/v2\/product_cat?post=255696"},{"taxonomy":"product_tag","embeddable":true,"href":"https:\/\/maetpets.com\/de\/wp-json\/wp\/v2\/product_tag?post=255696"}],"curies":[{"name":"wp","href":"https:\/\/api.w.org\/{rel}","templated":true}]}}