{"id":254867,"date":"2022-06-23T17:09:02","date_gmt":"2022-06-23T15:09:02","guid":{"rendered":"https:\/\/maetpets.com\/product\/zweibeinige-ox-lung-fuer-hunde\/"},"modified":"2023-08-30T20:33:12","modified_gmt":"2023-08-30T18:33:12","slug":"zweibeinige-ox-lung-fuer-hunde","status":"publish","type":"product","link":"https:\/\/maetpets.com\/de\/produkt\/zweibeinige-ox-lung-fuer-hunde\/","title":{"rendered":"Rinderlunge (200g)"},"content":{"rendered":"<div class=\"wpb-content-wrapper\"><p>[vc_row][vc_column][vc_column_text]<\/p>\n<h2>M\u00c6T Ochsenzunge f\u00fcr Hunde und Katzen<\/h2>\n<ul>\n<li><strong>100% nat\u00fcrlich:<\/strong> Unsere Rinderzunge wird ohne Zusatzstoffe oder Konservierungsmittel hergestellt, damit dein Hund ein sauberes und nat\u00fcrliches Kauerlebnis hat.<\/li>\n<li><strong>N\u00e4hrstoffreich:<\/strong> Rinderzunge ist eine reichhaltige Quelle f\u00fcr Proteine und wichtige N\u00e4hrstoffe, die das Wohlbefinden und die Energie deines Hundes unterst\u00fctzen.<\/li>\n<li><strong>Zahnreinigung:<\/strong> Der Kauvorgang hilft, Plaque und Zahnstein zu reduzieren und f\u00f6rdert so eine gute Mundgesundheit und einen frischen Atem.<\/li>\n<li><strong>Gesicherte Qualit\u00e4t:<\/strong> Unsere Produkte werden strengen Qualit\u00e4tskontrollen unterzogen, damit du deinem Hund nur das Beste geben kannst.<\/li>\n<\/ul>\n<h2>Warum Premium Rinderlunge f\u00fcr Hunde w\u00e4hlen?<\/h2>\n<ul>\n<li><strong>Nat\u00fcrliche Ern\u00e4hrung:<\/strong> Unsere Ochsenzunge bietet ein gesundes und schmackhaftes Kauerlebnis, das reich an N\u00e4hrstoffen und frei von k\u00fcnstlichen Zutaten ist.<\/li>\n<li><strong>Besch\u00e4ftigung und Training:<\/strong> Der nat\u00fcrliche Kauvorgang hilft deinem Hund, sich zu besch\u00e4ftigen und sorgt f\u00fcr geistige Anregung und Kiefermuskeltraining.<\/li>\n<li><strong>Bessere Mundgesundheit:<\/strong> Regelm\u00e4\u00dfiges Kauen auf der Rinderzunge kann helfen, Zahnprobleme zu verhindern und eine gute Mundhygiene zu f\u00f6rdern.<\/li>\n<li><strong>Vertraue auf Qualit\u00e4t:<\/strong> Unser Engagement f\u00fcr Qualit\u00e4t und Nat\u00fcrlichkeit gibt dir die Gewissheit, dass du deinem Hund das Beste gibst.<\/li>\n<\/ul>\n<h2>So verwenden Sie unsere Premium-Rinderlunge f\u00fcr Hunde<\/h2>\n<ol>\n<li><strong>F\u00fcttere sie als Teil einer ausgewogenen Mahlzeit:<\/strong> Biete Rinderzunge als gesunden und schmackhaften Teil der t\u00e4glichen Ern\u00e4hrung deines Hundes an.<\/li>\n<li><strong>Belohnung und Besch\u00e4ftigung:<\/strong> Verwende die Ochsenzunge als Belohnung w\u00e4hrend des Trainings oder als Besch\u00e4ftigungsm\u00f6glichkeit, um deinen Hund zu unterhalten.<\/li>\n<li><strong>Zahnhygiene:<\/strong> Gib deinem Hund t\u00e4glich Ochsenzunge, um eine gute Mundhygiene zu gew\u00e4hrleisten.<\/li>\n<\/ol>\n<h2><strong>Kundenzufriedenheit und Garantie<\/strong><\/h2>\n<p>Wir sind stolz darauf, die hochwertigste Rinderzunge anzubieten, die deine und die Erwartungen deines Hundes erf\u00fcllt. Wenn du nicht ganz zufrieden bist, wende dich an unseren Kundenservice und wir helfen dir gerne weiter.<\/p>\n<p>&nbsp;<\/p>\n<p>Verw\u00f6hne deinen Hund mit reinem und nat\u00fcrlichem Kauspa\u00df. Kaufe noch heute M\u00c6T Premium Rinderlunge f\u00fcr Hunde und gib deinem besten Freund eine leckere und gesunde Belohnung.[\/vc_column_text][\/vc_column][\/vc_row]<\/p>\n<\/div>","protected":false},"excerpt":{"rendered":"<p><span style=\"font-weight: 400;\">M\u00c6Ts Premium Beef Lung For Dogs &#8211; ein unwiderstehliches, nat\u00fcrliches Kauerlebnis, das die instinktiven Bed\u00fcrfnisse deines Hundes befriedigt und gleichzeitig f\u00fcr nahrhafte Unterhaltung sorgt. Unsere Rinderlunge wird sorgf\u00e4ltig ausgew\u00e4hlt und getrocknet, um die wichtigen N\u00e4hrstoffe und den saftigen Geschmack zu erhalten, den dein Hund lieben wird.<\/span><\/p>\n<p><span style=\"font-weight: 400;\">Die Snacks eignen sich f\u00fcr kleine Hunde als Leckerbissen und zur Zahnpflege, und f\u00fcr gro\u00dfe Hunde als Trainingshaus und Belohnung.<\/span><\/p>\n<p><b>Inhalt: <\/b>200g <span style=\"font-weight: 400;\">Ochsenzunge, getrocknet aus Polen<\/span>.<\/p>\n","protected":false},"featured_media":258098,"comment_status":"open","ping_status":"closed","template":"","meta":{"inline_featured_image":false},"product_brand":[],"product_cat":[978,397],"product_tag":[988],"class_list":{"0":"post-254867","1":"product","2":"type-product","3":"status-publish","4":"has-post-thumbnail","6":"product_cat-natuerliche-hundesnacks","7":"product_cat-snacks-und-leckereien-fuer-hunde","8":"product_tag-hundesnacks-mit-rindfleisch","9":"product_shipping_class-post","11":"first","12":"instock","13":"taxable","14":"shipping-taxable","15":"purchasable","16":"product-type-simple"},"composite_virtual":false,"composite_layout":"","composite_add_to_cart_form_location":"","composite_editable_in_cart":false,"composite_sold_individually_context":"","composite_shop_price_calc":"","composite_components":[],"composite_scenarios":[],"bundled_by":["254848"],"bundle_stock_status":"instock","bundle_stock_quantity":10,"bundle_virtual":false,"bundle_layout":"","bundle_add_to_cart_form_location":"","bundle_editable_in_cart":false,"bundle_sold_individually_context":"","bundle_item_grouping":"","bundle_min_size":"","bundle_max_size":"","bundle_price":[],"bundled_items":[],"bundle_sell_ids":[],"_links":{"self":[{"href":"https:\/\/maetpets.com\/de\/wp-json\/wp\/v2\/product\/254867","targetHints":{"allow":["GET"]}}],"collection":[{"href":"https:\/\/maetpets.com\/de\/wp-json\/wp\/v2\/product"}],"about":[{"href":"https:\/\/maetpets.com\/de\/wp-json\/wp\/v2\/types\/product"}],"replies":[{"embeddable":true,"href":"https:\/\/maetpets.com\/de\/wp-json\/wp\/v2\/comments?post=254867"}],"wp:featuredmedia":[{"embeddable":true,"href":"https:\/\/maetpets.com\/de\/wp-json\/wp\/v2\/media\/258098"}],"wp:attachment":[{"href":"https:\/\/maetpets.com\/de\/wp-json\/wp\/v2\/media?parent=254867"}],"wp:term":[{"taxonomy":"product_brand","embeddable":true,"href":"https:\/\/maetpets.com\/de\/wp-json\/wp\/v2\/product_brand?post=254867"},{"taxonomy":"product_cat","embeddable":true,"href":"https:\/\/maetpets.com\/de\/wp-json\/wp\/v2\/product_cat?post=254867"},{"taxonomy":"product_tag","embeddable":true,"href":"https:\/\/maetpets.com\/de\/wp-json\/wp\/v2\/product_tag?post=254867"}],"curies":[{"name":"wp","href":"https:\/\/api.w.org\/{rel}","templated":true}]}}