{"id":254861,"date":"2022-09-20T22:21:15","date_gmt":"2023-08-30T17:43:52","guid":{"rendered":"https:\/\/maetpets.com\/product\/zubehoerbuendel\/"},"modified":"2023-08-30T19:43:52","modified_gmt":"2023-08-30T17:43:52","slug":"zubehoerbuendel","status":"publish","type":"product","link":"https:\/\/maetpets.com\/de\/produkt\/zubehoerbuendel\/","title":{"rendered":"\u00dcbersicht \u00fcber das ausgew\u00e4hlte Zubeh\u00f6r:"},"content":{"rendered":"","protected":false},"excerpt":{"rendered":"","protected":false},"featured_media":0,"comment_status":"closed","ping_status":"closed","template":"","meta":{"inline_featured_image":false},"product_brand":[],"product_cat":[984],"product_tag":[],"class_list":{"0":"post-254861","1":"product","2":"type-product","3":"status-publish","5":"product_cat-uncategorized-de","7":"first","8":"instock","9":"virtual","10":"taxable","11":"purchasable","12":"product-type-bundle"},"composite_virtual":false,"composite_layout":"","composite_add_to_cart_form_location":"","composite_editable_in_cart":false,"composite_sold_individually_context":"","composite_shop_price_calc":"","composite_components":[],"composite_scenarios":[],"bundled_by":[],"bundle_stock_status":"instock","bundle_stock_quantity":"","bundle_virtual":false,"bundle_layout":"grid","bundle_add_to_cart_form_location":"default","bundle_editable_in_cart":false,"bundle_sold_individually_context":"product","bundle_item_grouping":"parent","bundle_min_size":"","bundle_max_size":"","bundle_price":{"price":{"min":{"incl_tax":"0.00","excl_tax":"0.00"},"max":{"incl_tax":"","excl_tax":""}},"regular_price":{"min":{"incl_tax":"0.00","excl_tax":"0.00"},"max":{"incl_tax":"","excl_tax":""}}},"bundled_items":[{"bundled_item_id":93,"product_id":241986,"menu_order":0,"quantity_min":0,"quantity_max":"","quantity_default":0,"priced_individually":true,"shipped_individually":false,"override_title":false,"title":"Biologisch abbaubare Hundet\u00fcten &#8211; 112 St\u00fcck","override_description":true,"description":"8 Rollen \u00e0 23 x 35 cm - 112 biologisch abbaubare Hundet\u00fcten von dicker und langlebiger Qualit\u00e4t","optional":false,"hide_thumbnail":false,"discount":"","override_variations":false,"allowed_variations":[""],"override_default_variation_attributes":false,"default_variation_attributes":[],"single_product_visibility":"visible","cart_visibility":"visible","order_visibility":"visible","single_product_price_visibility":"visible","cart_price_visibility":"visible","order_price_visibility":"visible","stock_status":"in_stock"},{"bundled_item_id":110,"product_id":255696,"menu_order":1,"quantity_min":0,"quantity_max":"","quantity_default":0,"priced_individually":true,"shipped_individually":false,"override_title":false,"title":"Vita Petz &#8211; Nahrungserg\u00e4nzungsmittel f\u00fcr Welpen","override_description":true,"description":"","optional":false,"hide_thumbnail":false,"discount":"","override_variations":false,"allowed_variations":[""],"override_default_variation_attributes":false,"default_variation_attributes":[],"single_product_visibility":"visible","cart_visibility":"visible","order_visibility":"visible","single_product_price_visibility":"visible","cart_price_visibility":"visible","order_price_visibility":"visible","stock_status":"in_stock"}],"bundle_sell_ids":[],"_links":{"self":[{"href":"https:\/\/maetpets.com\/de\/wp-json\/wp\/v2\/product\/254861","targetHints":{"allow":["GET"]}}],"collection":[{"href":"https:\/\/maetpets.com\/de\/wp-json\/wp\/v2\/product"}],"about":[{"href":"https:\/\/maetpets.com\/de\/wp-json\/wp\/v2\/types\/product"}],"replies":[{"embeddable":true,"href":"https:\/\/maetpets.com\/de\/wp-json\/wp\/v2\/comments?post=254861"}],"wp:attachment":[{"href":"https:\/\/maetpets.com\/de\/wp-json\/wp\/v2\/media?parent=254861"}],"wp:term":[{"taxonomy":"product_brand","embeddable":true,"href":"https:\/\/maetpets.com\/de\/wp-json\/wp\/v2\/product_brand?post=254861"},{"taxonomy":"product_cat","embeddable":true,"href":"https:\/\/maetpets.com\/de\/wp-json\/wp\/v2\/product_cat?post=254861"},{"taxonomy":"product_tag","embeddable":true,"href":"https:\/\/maetpets.com\/de\/wp-json\/wp\/v2\/product_tag?post=254861"}],"curies":[{"name":"wp","href":"https:\/\/api.w.org\/{rel}","templated":true}]}}