{"id":254835,"date":"2022-09-25T21:37:14","date_gmt":"2022-09-25T19:37:14","guid":{"rendered":"https:\/\/maetpets.com\/product\/seilteig-fuer-hunde-baumwollhantel\/"},"modified":"2023-09-18T14:10:08","modified_gmt":"2023-09-18T12:10:08","slug":"seilteig-fuer-hunde-baumwollhantel","status":"publish","type":"product","link":"https:\/\/maetpets.com\/de\/produkt\/seilteig-fuer-hunde-baumwollhantel\/","title":{"rendered":"Kurzhantel &#8211; Seilspielzeug"},"content":{"rendered":"<div class=\"wpb-content-wrapper\"><p>[vc_row][vc_column][vc_column_text]<\/p>\n<h2>Seilspielzeug f\u00fcr Hunde<\/h2>\n<p>Wenn du nach einem Kauspielzeug suchst, das deinem Hund sowohl Bewegung als auch Unterhaltung bietet, solltest du ein Kauspielzeug aus Seil kaufen. Seilspielzeug l\u00e4sst sich leicht aufr\u00e4umen, wenn dein Hund es durchgekaut hat, und es h\u00e4lt in der Regel auch l\u00e4nger als andere Kauspielzeuge.<\/p>\n<h2>Ziehen am Seil mit deinem Hund<\/h2>\n<p class=\"editor-paragraph\" dir=\"ltr\">Du suchst nach einer M\u00f6glichkeit, deinen pelzigen Freund zu unterhalten und gl\u00fccklich zu machen? Dann ist Seilspielzeug f\u00fcr Hunde genau das Richtige! Diese pfoten\u00e4hnlichen Spielkameraden sind nicht nur ein Leckerbissen f\u00fcr deinen Hund, sondern bieten auch viele Vorteile f\u00fcr sein allgemeines Wohlbefinden. Seilspielzeug st\u00e4rkt Z\u00e4hne und Zahnfleisch und regt die Fantasie an.<\/p>\n<p>[\/vc_column_text][\/vc_column][\/vc_row]<\/p>\n<\/div>","protected":false},"excerpt":{"rendered":"<p>Eine lustige Variante des Seilspielzeugs f\u00fcr Hunde in Form von Hanteln. Strapazierf\u00e4higes Seil aus einer Mischung aus Baumwolle und Jute mit geflochtenen Kugeln an beiden Enden. Das perfekte Motivationsspielzeug f\u00fcr mittlere und gro\u00dfe Hunde. L\u00e4nge 60 cm.<\/p>\n","protected":false},"featured_media":256425,"comment_status":"open","ping_status":"closed","template":"","meta":{"inline_featured_image":false},"product_brand":[],"product_cat":[954,629],"product_tag":[],"class_list":{"0":"post-254835","1":"product","2":"type-product","3":"status-publish","4":"has-post-thumbnail","6":"product_cat-seilspielzeug","7":"product_cat-aktivitaetsspiel","8":"product_shipping_class-post","10":"first","11":"instock","12":"taxable","13":"shipping-taxable","14":"purchasable","15":"product-type-simple"},"composite_virtual":false,"composite_layout":"","composite_add_to_cart_form_location":"","composite_editable_in_cart":false,"composite_sold_individually_context":"","composite_shop_price_calc":"","composite_components":[],"composite_scenarios":[],"bundled_by":["254857"],"bundle_stock_status":"instock","bundle_stock_quantity":62,"bundle_virtual":false,"bundle_layout":"","bundle_add_to_cart_form_location":"","bundle_editable_in_cart":false,"bundle_sold_individually_context":"","bundle_item_grouping":"","bundle_min_size":"","bundle_max_size":"","bundle_price":[],"bundled_items":[],"bundle_sell_ids":[],"_links":{"self":[{"href":"https:\/\/maetpets.com\/de\/wp-json\/wp\/v2\/product\/254835","targetHints":{"allow":["GET"]}}],"collection":[{"href":"https:\/\/maetpets.com\/de\/wp-json\/wp\/v2\/product"}],"about":[{"href":"https:\/\/maetpets.com\/de\/wp-json\/wp\/v2\/types\/product"}],"replies":[{"embeddable":true,"href":"https:\/\/maetpets.com\/de\/wp-json\/wp\/v2\/comments?post=254835"}],"wp:featuredmedia":[{"embeddable":true,"href":"https:\/\/maetpets.com\/de\/wp-json\/wp\/v2\/media\/256425"}],"wp:attachment":[{"href":"https:\/\/maetpets.com\/de\/wp-json\/wp\/v2\/media?parent=254835"}],"wp:term":[{"taxonomy":"product_brand","embeddable":true,"href":"https:\/\/maetpets.com\/de\/wp-json\/wp\/v2\/product_brand?post=254835"},{"taxonomy":"product_cat","embeddable":true,"href":"https:\/\/maetpets.com\/de\/wp-json\/wp\/v2\/product_cat?post=254835"},{"taxonomy":"product_tag","embeddable":true,"href":"https:\/\/maetpets.com\/de\/wp-json\/wp\/v2\/product_tag?post=254835"}],"curies":[{"name":"wp","href":"https:\/\/api.w.org\/{rel}","templated":true}]}}