{"id":254816,"date":"2023-08-15T17:08:03","date_gmt":"2023-08-15T15:08:03","guid":{"rendered":"https:\/\/maetpets.com\/product\/enten-wuerfel-hundeleckerlis-mit-ente\/"},"modified":"2023-08-30T19:32:47","modified_gmt":"2023-08-30T17:32:47","slug":"enten-wuerfel-hundeleckerlis-mit-ente","status":"publish","type":"product","link":"https:\/\/maetpets.com\/de\/produkt\/enten-wuerfel-hundeleckerlis-mit-ente\/","title":{"rendered":"Entenw\u00fcrfel (200g)"},"content":{"rendered":"","protected":false},"excerpt":{"rendered":"<p>Ente ist ein unwiderstehliches, nat\u00fcrliches Hundeleckerli, das die Geschmacksnerven deines Hundes befriedigt und eine nahrhafte Belohnung bietet. Unsere Entenw\u00fcrfel werden sorgf\u00e4ltig ausgew\u00e4hlt und getrocknet, damit der saftige Geschmack und die wichtigen N\u00e4hrstoffe erhalten bleiben.<\/p>\n<p><strong>Inhalt<\/strong>: 200g Entenfleisch und -knochen &#8211; ohne Zusatzstoffe, aus Polen.<\/p>\n","protected":false},"featured_media":258083,"comment_status":"open","ping_status":"closed","template":"","meta":{"inline_featured_image":false},"product_brand":[],"product_cat":[957,397],"product_tag":[969,581],"class_list":{"0":"post-254816","1":"product","2":"type-product","3":"status-publish","4":"has-post-thumbnail","6":"product_cat-leckereien","7":"product_cat-snacks-und-leckereien-fuer-hunde","8":"product_tag-hundesnacks-mit-ente","9":"product_tag-trainieren","10":"product_shipping_class-post","12":"first","13":"instock","14":"taxable","15":"shipping-taxable","16":"purchasable","17":"product-type-simple"},"composite_virtual":false,"composite_layout":"","composite_add_to_cart_form_location":"","composite_editable_in_cart":false,"composite_sold_individually_context":"","composite_shop_price_calc":"","composite_components":[],"composite_scenarios":[],"bundled_by":["254848","263695"],"bundle_stock_status":"instock","bundle_stock_quantity":28,"bundle_virtual":false,"bundle_layout":"","bundle_add_to_cart_form_location":"","bundle_editable_in_cart":false,"bundle_sold_individually_context":"","bundle_item_grouping":"","bundle_min_size":"","bundle_max_size":"","bundle_price":[],"bundled_items":[],"bundle_sell_ids":[],"_links":{"self":[{"href":"https:\/\/maetpets.com\/de\/wp-json\/wp\/v2\/product\/254816","targetHints":{"allow":["GET"]}}],"collection":[{"href":"https:\/\/maetpets.com\/de\/wp-json\/wp\/v2\/product"}],"about":[{"href":"https:\/\/maetpets.com\/de\/wp-json\/wp\/v2\/types\/product"}],"replies":[{"embeddable":true,"href":"https:\/\/maetpets.com\/de\/wp-json\/wp\/v2\/comments?post=254816"}],"wp:featuredmedia":[{"embeddable":true,"href":"https:\/\/maetpets.com\/de\/wp-json\/wp\/v2\/media\/258083"}],"wp:attachment":[{"href":"https:\/\/maetpets.com\/de\/wp-json\/wp\/v2\/media?parent=254816"}],"wp:term":[{"taxonomy":"product_brand","embeddable":true,"href":"https:\/\/maetpets.com\/de\/wp-json\/wp\/v2\/product_brand?post=254816"},{"taxonomy":"product_cat","embeddable":true,"href":"https:\/\/maetpets.com\/de\/wp-json\/wp\/v2\/product_cat?post=254816"},{"taxonomy":"product_tag","embeddable":true,"href":"https:\/\/maetpets.com\/de\/wp-json\/wp\/v2\/product_tag?post=254816"}],"curies":[{"name":"wp","href":"https:\/\/api.w.org\/{rel}","templated":true}]}}