{"id":254809,"date":"2023-08-21T12:12:41","date_gmt":"2023-08-21T10:12:41","guid":{"rendered":"https:\/\/maetpets.com\/product\/natuerlich-assist-mit-beinen\/"},"modified":"2023-09-18T16:35:36","modified_gmt":"2023-09-18T14:35:36","slug":"natuerlich-assist-mit-beinen","status":"publish","type":"product","link":"https:\/\/maetpets.com\/de\/produkt\/natuerlich-assist-mit-beinen\/","title":{"rendered":"Nat\u00fcrliches Bei\u00dfspielzeug mit Beinen"},"content":{"rendered":"<div class=\"wpb-content-wrapper\"><p>[vc_row][vc_column][vc_column_text]<\/p>\n<h2>Bei\u00dfspielzeug f\u00fcr Hunde<\/h2>\n<p>Bei\u00dfen ist ein nat\u00fcrlicher Instinkt von Hunden, der ihnen hilft, starke Z\u00e4hne und Zahnfleisch zu erhalten. Au\u00dferdem h\u00e4lt es sie geistig stimuliert und k\u00f6rperlich fit.<br \/>\nDieses Spielzeug ist ideal f\u00fcr Hunde, die gerne apportieren oder Tauziehen spielen. Au\u00dferdem halten sie ihre Z\u00e4hne gesund, indem sie auf ihnen herumkauen.<\/p>\n<h2>Langlebiges Hundespielzeug<\/h2>\n<p>Die Bei\u00dfspielzeuge sind aus langlebigen Materialien hergestellt, die nicht so leicht brechen.<\/p>\n<h3>Das beste Kauspielzeug f\u00fcr kleine Rassen.<\/h3>\n<p>Wenn du eine kleine Hunderasse hast, suche dir ein Kauspielzeug, das die richtige Gr\u00f6\u00dfe f\u00fcr ihn hat. Kleinere Hunde bevorzugen eher Spielzeuge mit kleineren L\u00f6chern, w\u00e4hrend gr\u00f6\u00dfere Hunde Spielzeuge mit gr\u00f6\u00dferen L\u00f6chern bevorzugen. Du solltest auch \u00fcberlegen, wie viel dein Hund mit seinem Spielzeug spielt. Einem verspielten Hund macht es vielleicht nichts aus, nur 5 Minuten mit einem Spielzeug zu spielen, bevor er zu etwas anderem \u00fcbergeht, w\u00e4hrend ein inaktiver Hund vielleicht gerne mehr Zeit mit einem Spielzeug verbringt.<\/p>\n<h3>Die besten Kauspielzeuge f\u00fcr mittelgro\u00dfe Rassen<\/h3>\n<p>Es gibt verschiedene Arten von Kausnacks f\u00fcr Hunde, deshalb ist es wichtig, dass du einen w\u00e4hlst, der deinen Bed\u00fcrfnissen entspricht. Hier sind einige Dinge, die du bei der Auswahl eines Kauspielzeugs f\u00fcr deinen Hund beachten solltest:<\/p>\n<ul>\n<li><strong>Gr\u00f6\u00dfe<\/strong> &#8211; W\u00e4hle eine Gr\u00f6\u00dfe, die in das Maul deines Hundes passt. Zu gro\u00dfes Spielzeug kann eine Erstickungsgefahr darstellen, w\u00e4hrend zu kleines Spielzeug den Z\u00e4hnen deines Hundes nicht gut standh\u00e4lt.<\/li>\n<li><strong>Langlebigkeit<\/strong> &#8211; Achte auf Spielzeug aus langlebigen Materialien wie Plastik, Gummi oder Nylon. Vermeide Spielzeug aus Holz, da es leicht splittern kann.<\/li>\n<li><strong>Form<\/strong> &#8211; Ber\u00fccksichtige die Form des Spielzeugs. Rundes Spielzeug ist f\u00fcr Hunde leichter zu greifen als eckiges.<\/li>\n<\/ul>\n<p>[\/vc_column_text][\/vc_column][\/vc_row][vc_row][vc_column width=&#8221;7\/12&#8243;][vc_single_image image=&#8221;254507&#8243; img_size=&#8221;&#8221;][\/vc_column][vc_column width=&#8221;5\/12&#8243;][vc_column_text]<\/p>\n<h2><span style=\"font-family: 'Bebas Neue'; font-size: 40px;\">Die besten Kauspielzeuge f\u00fcr Hunde sind aus nat\u00fcrlichen Materialien hergestellt<\/span><\/h2>\n<p>Nat\u00fcrliche Kausnacks f\u00fcr Hunde sind in der Regel sicher f\u00fcr dein Tier zu fressen. Es gibt jedoch bestimmte Inhaltsstoffe, die vermieden werden sollten. Rohhautleckerlis enthalten zum Beispiel Chemikalien, die die Haut deines Hundes reizen k\u00f6nnen. Vermeide auch jegliche Art von Lebensmittelfarbe in den Kauspielzeugen deines Hundes. Das kann zu Magen-Darm-St\u00f6rungen f\u00fchren.[\/vc_column_text][\/vc_column][\/vc_row]<\/p>\n<\/div>","protected":false},"excerpt":{"rendered":"<p>Ein nat\u00fcrliches Kauspielzeug, von dem Hunde nicht genug bekommen k\u00f6nnen. Aus Wildleder f\u00fcr mittlere und gro\u00dfe Hunde. 100% nat\u00fcrlich und waschbar.<br \/>\n<strong><br \/>\nMaterialien: <\/strong>Seil: Jute und Baumwolle, Beine: Echtes Wildleder, schwerer Jute-Stoff.<\/p>\n","protected":false},"featured_media":256430,"comment_status":"open","ping_status":"closed","template":"","meta":{"inline_featured_image":false},"product_brand":[],"product_cat":[954,629],"product_tag":[1114],"class_list":{"0":"post-254809","1":"product","2":"type-product","3":"status-publish","4":"has-post-thumbnail","6":"product_cat-seilspielzeug","7":"product_cat-aktivitaetsspiel","8":"product_tag-hervorgehoben","9":"product_shipping_class-post","11":"first","12":"instock","13":"taxable","14":"shipping-taxable","15":"purchasable","16":"product-type-simple"},"composite_virtual":false,"composite_layout":"","composite_add_to_cart_form_location":"","composite_editable_in_cart":false,"composite_sold_individually_context":"","composite_shop_price_calc":"","composite_components":[],"composite_scenarios":[],"bundled_by":["254857"],"bundle_stock_status":"instock","bundle_stock_quantity":48,"bundle_virtual":false,"bundle_layout":"","bundle_add_to_cart_form_location":"","bundle_editable_in_cart":false,"bundle_sold_individually_context":"","bundle_item_grouping":"","bundle_min_size":"","bundle_max_size":"","bundle_price":[],"bundled_items":[],"bundle_sell_ids":[],"_links":{"self":[{"href":"https:\/\/maetpets.com\/de\/wp-json\/wp\/v2\/product\/254809","targetHints":{"allow":["GET"]}}],"collection":[{"href":"https:\/\/maetpets.com\/de\/wp-json\/wp\/v2\/product"}],"about":[{"href":"https:\/\/maetpets.com\/de\/wp-json\/wp\/v2\/types\/product"}],"replies":[{"embeddable":true,"href":"https:\/\/maetpets.com\/de\/wp-json\/wp\/v2\/comments?post=254809"}],"wp:featuredmedia":[{"embeddable":true,"href":"https:\/\/maetpets.com\/de\/wp-json\/wp\/v2\/media\/256430"}],"wp:attachment":[{"href":"https:\/\/maetpets.com\/de\/wp-json\/wp\/v2\/media?parent=254809"}],"wp:term":[{"taxonomy":"product_brand","embeddable":true,"href":"https:\/\/maetpets.com\/de\/wp-json\/wp\/v2\/product_brand?post=254809"},{"taxonomy":"product_cat","embeddable":true,"href":"https:\/\/maetpets.com\/de\/wp-json\/wp\/v2\/product_cat?post=254809"},{"taxonomy":"product_tag","embeddable":true,"href":"https:\/\/maetpets.com\/de\/wp-json\/wp\/v2\/product_tag?post=254809"}],"curies":[{"name":"wp","href":"https:\/\/api.w.org\/{rel}","templated":true}]}}