{"id":254639,"date":"2023-08-29T12:07:31","date_gmt":"2023-08-29T10:07:31","guid":{"rendered":"https:\/\/maetpets.com\/?post_type=product&#038;p=254639"},"modified":"2025-11-24T12:35:42","modified_gmt":"2025-11-24T11:35:42","slug":"hjortebid-bidelegetoej-hjortegevir","status":"publish","type":"product","link":"https:\/\/maetpets.com\/de\/produkt\/hjortebid-bidelegetoej-hjortegevir\/","title":{"rendered":"Hjortebid &#8211; Et naturligt bideleget\u00f8j"},"content":{"rendered":"<div class=\"wpb-content-wrapper\"><p>[vc_row][vc_column][vc_column_text]<\/p>\n<h2>Hvorfor bideleget\u00f8j af Hjortegevir og hampereb?<\/h2>\n<ul>\n<li><strong>Naturligt Hjortegevir:<\/strong> Vores Gevirbid er lavet af \u00e6gte hjortegevir, hvilket giver din hund en autentisk tekstur og smag at bide i.<\/li>\n<li><strong>Holdbart Hampereb:<\/strong> Det tilf\u00f8jede hampereb fungerer som en ekstra dimension af sjov og slidst\u00e6rkhed, der stimulerer din hunds bideinstinkt.<\/li>\n<li><strong>Tandrensning:<\/strong> Tyggeprocessen hj\u00e6lper med at reducere plak og tandsten, hvilket fremmer god mundhygiejne og frisk \u00e5nde.<\/li>\n<li><strong>Naturinspireret Design:<\/strong> Vores Gevirbid har et design, der minder om naturens skatte og appellerer til din hunds naturlige instinkter.<\/li>\n<\/ul>\n<h2>Hvorfor V\u00e6lge Gevirbid som Bideleget\u00f8j<\/h2>\n<ul>\n<li><strong>Tilfredsstiller Bideinstinkt:<\/strong> Gevirbid im\u00f8dekommer din hunds naturlige behov for at bide og tygge.<\/li>\n<li><strong>Slidst\u00e6rk Konstruktion:<\/strong> Kombinationen af hjortegevir og hampereb sikrer, at dette bideleget\u00f8j kan modst\u00e5 intens leg.<\/li>\n<li><strong>Berigende Legeoplevelse:<\/strong> Det unikke design og teksturer af Gevirbid tilbyder din hund en berigende og engagerende legeoplevelse.<\/li>\n<li><strong>Fremmer Tandhygiejne:<\/strong> Den mekaniske handling af at tygge hj\u00e6lper med at opretholde sunde t\u00e6nder og tandk\u00f8d.<\/li>\n<\/ul>\n<h2>S\u00e5dan Bruger du Gevirbid som Bideleget\u00f8j<\/h2>\n<ol>\n<li><strong>Opstart<\/strong>: Hvis din hund er lidt t\u00f8vende n\u00e5r den f\u00e5r geviret, s\u00e5 anbefaler vi, at du dypper geviret i noget vand s\u00e5 bliver geviret mere fugtigt og friskt at tygge p\u00e5 og duften fremh\u00e6ves.<\/li>\n<li><strong>Overv\u00e5get Leg:<\/strong> Lad din hund nyde Gevirbid under opsyn for at sikre, at det bruges p\u00e5 en sikker m\u00e5de.<\/li>\n<li><strong>Bel\u00f8nning og Tandpleje:<\/strong> Brug Gevirbid som en bel\u00f8nning under tr\u00e6ning eller som en naturlig m\u00e5de at fremme tandhygiejne p\u00e5.<\/li>\n<\/ol>\n<h2>M\u00c6T Naturligt bideleget\u00f8j<\/h2>\n<p>Hunde elsker naturligt bideleget\u00f8j og her er 3 grundet til at du ogs\u00e5 vil g\u00f8re det.<\/p>\n<ul>\n<li>Ingen piv, \u00f8rer\/ \u00f8jne eller stof der kan g\u00e5 i stykker og blive slugt.<\/li>\n<li>00% naturligt produkt, som kan t\u00e5le at blive spist.<\/li>\n<li>Det holder l\u00e6nge!<\/li>\n<\/ul>\n<p>[\/vc_column_text][\/vc_column][\/vc_row][vc_row full_width=&#8221;stretch_row&#8221; css=&#8221;.vc_custom_1679780434563{padding-bottom: 30px !important;}&#8221;][vc_column]<p class=\"konte-button-wrapper text-center\"><a href=\"#top\" class=\"konte-button button-normal text-default align-center large   button square\">Bestil nu<\/a><\/p>[\/vc_column][\/vc_row][vc_row full_width=&#8221;stretch_row&#8221; css=&#8221;.vc_custom_1679780606362{padding-top: 30px !important;}&#8221;][vc_column width=&#8221;1\/12&#8243; css=&#8221;.vc_custom_1605784949857{background-color: #fff9f7 !important;}&#8221;][\/vc_column][vc_column width=&#8221;10\/12&#8243;][vc_custom_heading text=&#8221;Sp\u00f8rgsm\u00e5l og svar&#8221; font_container=&#8221;tag:h2|text_align:center&#8221; use_theme_fonts=&#8221;yes&#8221;][vc_toggle title=&#8221;Er det Hjortegevir og hampereb sikkert for min hund?&#8221;]Ja, vores bideleget\u00f8j er lavet af naturlige, ugiftige materialer, der er helt sikre for din hund at tygge p\u00e5.[\/vc_toggle][vc_toggle title=&#8221;Kan jeg vaske bideleget\u00f8jet?&#8221;]Vi anbefaler at undlade vask, da det kan p\u00e5virke leget\u00f8jets holdbarhed. Det kan reng\u00f8res med en fugtig klud ved behov.[\/vc_toggle][\/vc_column][vc_column width=&#8221;1\/12&#8243;][\/vc_column][\/vc_row]<\/p>\n<\/div>","protected":false},"excerpt":{"rendered":"<p>Helt naturligt bideleget\u00f8j til din hund af hjortegevir og hampereb. Vores Gevirbid er skabt med omsorg og kvalitet i tankerne og kombinerer autentisk hjortegevir med holdbart hampereb for at give din hund en fortryllende legeoplevelse.<\/p>\n<p>Et naturligt tyggeben med lang tyggetid. Hjortegevir er et af de h\u00e5rdeste ben du kan give din hund og s\u00f8rger derved for lang tyggetid.<\/p>\n<p><strong>Materiale<\/strong>: Hjortegevir.<br \/>\n<strong>Indhold<\/strong>: 41,5% protein<br \/>\n<strong>St\u00f8rrelse<\/strong>: Leget\u00f8jet m\u00e5ler ca. 35cm<\/p>\n","protected":false},"featured_media":254675,"comment_status":"open","ping_status":"closed","template":"","meta":{"inline_featured_image":false},"product_brand":[],"product_cat":[498,875],"product_tag":[1108,906,905,1120,1105],"class_list":{"0":"post-254639","1":"product","2":"type-product","3":"status-publish","4":"has-post-thumbnail","6":"product_cat-aktivitetslegetoej","7":"product_cat-reblegetoej","8":"product_tag-aktivering","9":"product_tag-hamp","10":"product_tag-laeder","11":"product_tag-raahud","12":"product_tag-smaa-hunde","13":"product_shipping_class-dry-goods","15":"first","16":"instock","17":"sale","18":"taxable","19":"shipping-taxable","20":"purchasable","21":"product-type-simple"},"composite_virtual":false,"composite_layout":"","composite_add_to_cart_form_location":"","composite_editable_in_cart":false,"composite_sold_individually_context":"","composite_shop_price_calc":"","composite_components":[],"composite_scenarios":[],"bundled_by":[],"bundle_stock_status":"instock","bundle_stock_quantity":1,"bundle_virtual":false,"bundle_layout":"","bundle_add_to_cart_form_location":"","bundle_editable_in_cart":false,"bundle_sold_individually_context":"","bundle_item_grouping":"","bundle_min_size":"","bundle_max_size":"","bundle_price":[],"bundled_items":[],"bundle_sell_ids":[],"_links":{"self":[{"href":"https:\/\/maetpets.com\/de\/wp-json\/wp\/v2\/product\/254639","targetHints":{"allow":["GET"]}}],"collection":[{"href":"https:\/\/maetpets.com\/de\/wp-json\/wp\/v2\/product"}],"about":[{"href":"https:\/\/maetpets.com\/de\/wp-json\/wp\/v2\/types\/product"}],"replies":[{"embeddable":true,"href":"https:\/\/maetpets.com\/de\/wp-json\/wp\/v2\/comments?post=254639"}],"wp:featuredmedia":[{"embeddable":true,"href":"https:\/\/maetpets.com\/de\/wp-json\/wp\/v2\/media\/254675"}],"wp:attachment":[{"href":"https:\/\/maetpets.com\/de\/wp-json\/wp\/v2\/media?parent=254639"}],"wp:term":[{"taxonomy":"product_brand","embeddable":true,"href":"https:\/\/maetpets.com\/de\/wp-json\/wp\/v2\/product_brand?post=254639"},{"taxonomy":"product_cat","embeddable":true,"href":"https:\/\/maetpets.com\/de\/wp-json\/wp\/v2\/product_cat?post=254639"},{"taxonomy":"product_tag","embeddable":true,"href":"https:\/\/maetpets.com\/de\/wp-json\/wp\/v2\/product_tag?post=254639"}],"curies":[{"name":"wp","href":"https:\/\/api.w.org\/{rel}","templated":true}]}}