{"id":254453,"date":"2023-08-22T14:37:44","date_gmt":"2023-08-22T12:37:44","guid":{"rendered":"https:\/\/maetpets.com\/?post_type=product&#038;p=254453"},"modified":"2026-03-03T13:48:21","modified_gmt":"2026-03-03T12:48:21","slug":"kosttilskud-til-hunde-med-ledproblemer","status":"publish","type":"product","link":"https:\/\/maetpets.com\/de\/produkt\/kosttilskud-til-hunde-med-ledproblemer\/","title":{"rendered":"Kosttilskud til Seniorhunde \u2013 Styrk Led, Pels og Velv\u00e6re (Vita Petz Superflex Senior)"},"content":{"rendered":"<div class=\"wpb-content-wrapper\"><p>[vc_row][vc_column][vc_column_text]<\/p>\n<h2>Senior kosttilskud til hunde med ledproblemer<\/h2>\n<p>Vores udvalgte kosttilskud til \u00e6ldre hunde. Med \u00e5rene har din hunds behov \u00e6ndret sig, og vores m\u00e5l er at give den optimale pleje. Vores kosttilskud er designet til at st\u00f8tte \u00e6ldre hundes led, pels og generelle velv\u00e6re, s\u00e5 din firbenede ven kan nyde en aktiv og komfortabel alderdom.<\/p>\n<p><strong>Fremh\u00e6vede Funktioner:<\/strong><\/p>\n<ul>\n<li><strong>Ledstyrkelse:<\/strong> Vores kosttilskud indeholder n\u00f8je udvalgte ingredienser, der underst\u00f8tter ledene og hj\u00e6lper med at lindre ubehag forbundet med ledproblemer og gigt.<\/li>\n<li><strong>Glansfuld Pels:<\/strong> Med essentielle n\u00e6ringsstoffer, der fremmer en sund pels, kan du forvente en synligt glansfuld og velplejet pels.<\/li>\n<li><strong>Generel Velv\u00e6re:<\/strong> Vores unikke blanding af vitaminer og mineraler fremmer en sund aldringsproces, hvilket resulterer i \u00f8get vitalitet og livskvalitet for din \u00e6ldre hund.<\/li>\n<\/ul>\n<p>[\/vc_column_text][\/vc_column][\/vc_row][vc_row][vc_column][vc_column_text]<\/p>\n<h2>Anbefalet daglig dosering<\/h2>\n<p>\u00bd m\u00e5leske for hver 10kg kropsv\u00e6gt (evt. delt 2 gange dagligt) Vedlagte m\u00e5leske indeholder ca. 3.5g. str\u00f8get. Gives oveni maden eller andet medie hunden foretr\u00e6kker.[\/vc_column_text][vc_column_text]<\/p>\n<h2><strong>N\u00e6ringsindhold<\/strong><\/h2>\n<p><strong>S\u00e5dan er indholdet sammensat\u00a0til Senior: <\/strong>MSM, Gurkemeje, Gr\u00f8nl\u00e6bet Musling (fryset\u00f8rret), Bioaktiv Kollagen Peptid (marine), Valleprotein, Marietidsel, Poppel, S\u00f8lvbirk, Boswellia Serrata, Galium, Terminalia, Gotu Kola, Ginseng, Verbena, Ginkgo, Bacopa, Tj\u00f8rn, Skjolddrager, Krysantemum, Smilax, Vild Selleri, Silica, Pippali.<\/p>\n<p><strong>Fermenteret Probiotika:\u00a0<\/strong>150mio CFU\/g. (S. Cerevisiae)<\/p>\n<p><strong>Fysiologiske hj\u00e6lpestoffer: <\/strong>C-vitamin (50mg\/g.), Taurin (20mg\/g.)<\/p>\n<p><strong>Naturlige n\u00e6rings- og indholdsstoffer:<\/strong>\u00a0Protein, aminosyrer, vitaminer, mineraler og\u00a0 antioxidanter.<\/p>\n<p><strong>Alle ingredienser er i f\u00f8devarekvalitet. Dansk\u00a0<img loading=\"lazy\" decoding=\"async\" src=\"https:\/\/vitapetz.dk\/\/img\/cms\/DK.jpg\" alt=\"\" width=\"13\" height=\"9\">\u00a0h\u00e5ndv\u00e6rk med fokus p\u00e5 \u00f8kologi og de gode r\u00e5varer.\u00a0<\/strong><\/p>\n<p><strong>Indikationer:<\/strong> Indeholder skaldyr. Frar\u00e5des til dr\u00e6gtige hunde.<\/p>\n<p><strong>Fysisk form: <\/strong>Pulver.<\/p>\n<p><strong>Emballage: <\/strong>150g i f\u00f8devaregodkendt indpakning.<\/p>\n<p><strong>Opbevaring: <\/strong>T\u00f8rt og ved stuetemperatur eller derunder i lukket emballage.<\/p>\n<p><strong>Indikationer: <\/strong>Ingen kendte[\/vc_column_text][\/vc_column][\/vc_row][vc_row][vc_column][vc_column_text]<\/p>\n<h2>Ofte stillede sp\u00f8rgsm\u00e5l om kosttilskud til seniorhunde<\/h2>\n<ol>\n<li><strong>Hvorn\u00e5r er det passende at begynde at give min hund dette kosttilskud?<\/strong>Vores kosttilskud er velegnet til hunde i alderen 7 \u00e5r og \u00e6ldre, eller for hunde, der viser tegn p\u00e5 ledproblemer, gigt eller pelsudfordringer.<\/li>\n<li><strong>Hvorn\u00e5r kan jeg forvente at se resultater p\u00e5 min hunds pels?<\/strong> Resultater kan variere, men mange ejere har bem\u00e6rket en forbedring i pelskvaliteten inden for de f\u00f8rste 4-6 uger af regelm\u00e6ssig brug.<\/li>\n<li><strong>Er dette produkt velegnet til alle racer?<\/strong> Ja, vores kosttilskud er udviklet til at passe til hunde af alle racer og st\u00f8rrelser. V\u00e6r opm\u00e6rksom p\u00e5 doseringsanvisningerne i henhold til din hunds v\u00e6gt.<\/li>\n<\/ol>\n<p>Invester i din \u00e6ldre hunds velv\u00e6re med vores skr\u00e6ddersyede kosttilskud. Giv din hund den pleje, den fortjener, og se den forts\u00e6tte med at str\u00e5le i sine gyldne \u00e5r.[\/vc_column_text][\/vc_column][\/vc_row]<\/p>\n<\/div>","protected":false},"excerpt":{"rendered":"<p>Giv din \u00e6ldre hund den bedste pleje med vores s\u00e6rlig udvalgte kosttilskud. Styrk led, pels og generel velv\u00e6re med vores naturlige l\u00f8sning.<\/p>\n<p>Vita Petz har udviklet Superflex Senior, som et skr\u00e6ddersyet kosttilskud, der supplerer vores friske hundemad med kostfibre, vitaminer, mineraler og sporstoffer. Anbefales til hunde fra 6-7\u00e5rs alderen<\/p>\n<ul>\n<li>Naturlige urter, fr\u00f8, alger, rodfrugter og bladgr\u00f8nt.<\/li>\n<li>100% naturligt og med vildth\u00f8stede og \u00f8kologiske r\u00e5varer.<\/li>\n<\/ul>\n<p><strong>Indhold<\/strong>: 150g<\/p>\n","protected":false},"featured_media":254482,"comment_status":"open","ping_status":"closed","template":"","meta":{"inline_featured_image":false},"product_brand":[],"product_cat":[845],"product_tag":[],"class_list":{"0":"post-254453","1":"product","2":"type-product","3":"status-publish","4":"has-post-thumbnail","6":"product_cat-kosttilskud-til-hunde","7":"product_shipping_class-dry-goods","9":"first","10":"outofstock","11":"sale","12":"taxable","13":"shipping-taxable","14":"purchasable","15":"product-type-simple"},"composite_virtual":false,"composite_layout":"","composite_add_to_cart_form_location":"","composite_editable_in_cart":false,"composite_sold_individually_context":"","composite_shop_price_calc":"","composite_components":[],"composite_scenarios":[],"bundled_by":["246740"],"bundle_stock_status":"outofstock","bundle_stock_quantity":null,"bundle_virtual":false,"bundle_layout":"","bundle_add_to_cart_form_location":"","bundle_editable_in_cart":false,"bundle_sold_individually_context":"","bundle_item_grouping":"","bundle_min_size":"","bundle_max_size":"","bundle_price":[],"bundled_items":[],"bundle_sell_ids":[],"_links":{"self":[{"href":"https:\/\/maetpets.com\/de\/wp-json\/wp\/v2\/product\/254453","targetHints":{"allow":["GET"]}}],"collection":[{"href":"https:\/\/maetpets.com\/de\/wp-json\/wp\/v2\/product"}],"about":[{"href":"https:\/\/maetpets.com\/de\/wp-json\/wp\/v2\/types\/product"}],"replies":[{"embeddable":true,"href":"https:\/\/maetpets.com\/de\/wp-json\/wp\/v2\/comments?post=254453"}],"wp:featuredmedia":[{"embeddable":true,"href":"https:\/\/maetpets.com\/de\/wp-json\/wp\/v2\/media\/254482"}],"wp:attachment":[{"href":"https:\/\/maetpets.com\/de\/wp-json\/wp\/v2\/media?parent=254453"}],"wp:term":[{"taxonomy":"product_brand","embeddable":true,"href":"https:\/\/maetpets.com\/de\/wp-json\/wp\/v2\/product_brand?post=254453"},{"taxonomy":"product_cat","embeddable":true,"href":"https:\/\/maetpets.com\/de\/wp-json\/wp\/v2\/product_cat?post=254453"},{"taxonomy":"product_tag","embeddable":true,"href":"https:\/\/maetpets.com\/de\/wp-json\/wp\/v2\/product_tag?post=254453"}],"curies":[{"name":"wp","href":"https:\/\/api.w.org\/{rel}","templated":true}]}}