{"id":247274,"date":"2022-09-10T09:39:49","date_gmt":"2022-09-10T07:39:49","guid":{"rendered":"https:\/\/maetpets.com\/product\/keramik-hundenapf-paastaender\/"},"modified":"2022-10-16T21:23:28","modified_gmt":"2022-10-16T19:23:28","slug":"keramik-hundenapf-paastaender","status":"publish","type":"product","link":"https:\/\/maetpets.com\/de\/produkt\/keramik-hundenapf-paastaender\/","title":{"rendered":"Keramischer Hundenapf auf St\u00e4nder oder Matte"},"content":{"rendered":"<div class=\"wpb-content-wrapper\"><p>[vc_row][vc_column][vc_custom_heading text=&#8221;Hundenapf&#8221; font_container=&#8221;tag:h2|font_size:50|text_align:center&#8221; use_theme_fonts=&#8221;yes&#8221;][\/vc_column][\/vc_row][vc_row][vc_column][vc_single_image image=&#8221;246550&#8243; img_size=&#8221;full&#8221;][vc_single_image image=&#8221;246540&#8243; img_size=&#8221;full&#8221;][vc_single_image image=&#8221;246545&#8243; img_size=&#8221;full&#8221;][\/vc_column][\/vc_row]<\/p>\n<\/div>","protected":false},"excerpt":{"rendered":"<p>Ein sch\u00f6ner Hundenapf aus Keramik auf einem Holzst\u00e4nder mit rutschfestem Boden besticht durch sein schlichtes Design und seine hohe Qualit\u00e4t. Gut f\u00fcr den Hund und ein Fest f\u00fcr die Augen.<\/p>\n<p>Der Hundenapf hat eine sch\u00f6ne matte Oberfl\u00e4che,. Kaufen Sie zwei und Sie haben das perfekte Set f\u00fcr (frisches) Hundefutter und Wasser.<\/p>\n<ul>\n<li>Leicht zu reinigen<\/li>\n<li>Hohe Qualit\u00e4t<\/li>\n<li>Sch\u00f6nes modernes Design<\/li>\n<\/ul>\n<p><strong>Gr\u00f6\u00dfe: <\/strong>Durchmesser: 15 cm, 700 ml<\/p>\n","protected":false},"featured_media":246535,"comment_status":"open","ping_status":"closed","template":"","meta":{"inline_featured_image":false},"product_brand":[],"product_cat":[863],"product_tag":[],"class_list":{"0":"post-247274","1":"product","2":"type-product","3":"status-publish","4":"has-post-thumbnail","6":"product_cat-hundenapfe","7":"product_shipping_class-post","9":"first","10":"outofstock","11":"taxable","12":"shipping-taxable","13":"purchasable","14":"product-type-simple"},"composite_virtual":false,"composite_layout":"","composite_add_to_cart_form_location":"","composite_editable_in_cart":false,"composite_sold_individually_context":"","composite_shop_price_calc":"","composite_components":[],"composite_scenarios":[],"bundled_by":[],"bundle_stock_status":"outofstock","bundle_stock_quantity":null,"bundle_virtual":false,"bundle_layout":"","bundle_add_to_cart_form_location":"","bundle_editable_in_cart":false,"bundle_sold_individually_context":"","bundle_item_grouping":"","bundle_min_size":"","bundle_max_size":"","bundle_price":[],"bundled_items":[],"bundle_sell_ids":[246447,244550],"_links":{"self":[{"href":"https:\/\/maetpets.com\/de\/wp-json\/wp\/v2\/product\/247274","targetHints":{"allow":["GET"]}}],"collection":[{"href":"https:\/\/maetpets.com\/de\/wp-json\/wp\/v2\/product"}],"about":[{"href":"https:\/\/maetpets.com\/de\/wp-json\/wp\/v2\/types\/product"}],"replies":[{"embeddable":true,"href":"https:\/\/maetpets.com\/de\/wp-json\/wp\/v2\/comments?post=247274"}],"wp:featuredmedia":[{"embeddable":true,"href":"https:\/\/maetpets.com\/de\/wp-json\/wp\/v2\/media\/246535"}],"wp:attachment":[{"href":"https:\/\/maetpets.com\/de\/wp-json\/wp\/v2\/media?parent=247274"}],"wp:term":[{"taxonomy":"product_brand","embeddable":true,"href":"https:\/\/maetpets.com\/de\/wp-json\/wp\/v2\/product_brand?post=247274"},{"taxonomy":"product_cat","embeddable":true,"href":"https:\/\/maetpets.com\/de\/wp-json\/wp\/v2\/product_cat?post=247274"},{"taxonomy":"product_tag","embeddable":true,"href":"https:\/\/maetpets.com\/de\/wp-json\/wp\/v2\/product_tag?post=247274"}],"curies":[{"name":"wp","href":"https:\/\/api.w.org\/{rel}","templated":true}]}}