{"id":247271,"date":"2022-09-05T22:29:56","date_gmt":"2022-09-05T20:29:56","guid":{"rendered":"https:\/\/maetpets.com\/product\/hundebett\/"},"modified":"2022-10-16T21:23:39","modified_gmt":"2022-10-16T19:23:39","slug":"hundebett","status":"publish","type":"product","link":"https:\/\/maetpets.com\/de\/produkt\/hundebett\/","title":{"rendered":"Hundebett"},"content":{"rendered":"<div class=\"wpb-content-wrapper\"><p>[vc_row][vc_column][vc_column_text]Hunde lieben es, an gem\u00fctlichen Pl\u00e4tzen zu schlafen. Warum ihnen also nicht ihren eigenen pers\u00f6nlichen Raum geben?<\/p>\n<h2>Hundebett<\/h2>\n<p>Haben Sie einen Hund, der es liebt, sich auf dem Sofa oder unter der Bettdecke zusammenzurollen? Warum sollte er nicht seinen Lieblingsplatz genie\u00dfen, indem Sie ihm sein eigenes Hundebett schenken?[\/vc_column_text][\/vc_column][\/vc_row]<\/p>\n<\/div>","protected":false},"excerpt":{"rendered":"<p>Hundebett aus 100% gewebtem Polyester, feuchtigkeits- und schmutzabweisend &#8211; das Bett kann im Freien verwendet werden (nicht in direktem Kontakt mit Erde und Regen)<\/p>\n","protected":false},"featured_media":246462,"comment_status":"open","ping_status":"closed","template":"","meta":{"inline_featured_image":false},"product_brand":[],"product_cat":[859,860],"product_tag":[],"class_list":{"0":"post-247271","1":"product","2":"type-product","3":"status-publish","4":"has-post-thumbnail","6":"product_cat-ausruestung-fuer-hunde","7":"product_cat-hundebetten","8":"product_shipping_class-post","10":"first","11":"outofstock","12":"taxable","13":"shipping-taxable","14":"purchasable","15":"product-type-simple"},"composite_virtual":false,"composite_layout":"","composite_add_to_cart_form_location":"","composite_editable_in_cart":false,"composite_sold_individually_context":"","composite_shop_price_calc":"","composite_components":[],"composite_scenarios":[],"bundled_by":[],"bundle_stock_status":"outofstock","bundle_stock_quantity":null,"bundle_virtual":false,"bundle_layout":"","bundle_add_to_cart_form_location":"","bundle_editable_in_cart":false,"bundle_sold_individually_context":"","bundle_item_grouping":"","bundle_min_size":"","bundle_max_size":"","bundle_price":[],"bundled_items":[],"bundle_sell_ids":[],"_links":{"self":[{"href":"https:\/\/maetpets.com\/de\/wp-json\/wp\/v2\/product\/247271","targetHints":{"allow":["GET"]}}],"collection":[{"href":"https:\/\/maetpets.com\/de\/wp-json\/wp\/v2\/product"}],"about":[{"href":"https:\/\/maetpets.com\/de\/wp-json\/wp\/v2\/types\/product"}],"replies":[{"embeddable":true,"href":"https:\/\/maetpets.com\/de\/wp-json\/wp\/v2\/comments?post=247271"}],"wp:featuredmedia":[{"embeddable":true,"href":"https:\/\/maetpets.com\/de\/wp-json\/wp\/v2\/media\/246462"}],"wp:attachment":[{"href":"https:\/\/maetpets.com\/de\/wp-json\/wp\/v2\/media?parent=247271"}],"wp:term":[{"taxonomy":"product_brand","embeddable":true,"href":"https:\/\/maetpets.com\/de\/wp-json\/wp\/v2\/product_brand?post=247271"},{"taxonomy":"product_cat","embeddable":true,"href":"https:\/\/maetpets.com\/de\/wp-json\/wp\/v2\/product_cat?post=247271"},{"taxonomy":"product_tag","embeddable":true,"href":"https:\/\/maetpets.com\/de\/wp-json\/wp\/v2\/product_tag?post=247271"}],"curies":[{"name":"wp","href":"https:\/\/api.w.org\/{rel}","templated":true}]}}