{"id":247270,"date":"2022-09-10T00:01:03","date_gmt":"2022-09-09T22:01:03","guid":{"rendered":"https:\/\/maetpets.com\/product\/schweinefleisch-leckerbissen-schweine-fuer-hunde\/"},"modified":"2023-09-14T15:32:27","modified_gmt":"2023-09-14T13:32:27","slug":"schweineohren-fuer-hunde","status":"publish","type":"product","link":"https:\/\/maetpets.com\/de\/produkt\/schweineohren-fuer-hunde\/","title":{"rendered":"Schweineohren (5 St\u00fcck)"},"content":{"rendered":"<div class=\"wpb-content-wrapper\"><p>[vc_row][vc_column][vc_column_text]<\/p>\n<h2>M\u00c6T Schweineohren f\u00fcr Hunde<\/h2>\n<ul>\n<li><strong>00% Nat\u00fcrlich:<\/strong> Unsere Schweineohren werden ohne Zusatzstoffe oder Konservierungsmittel hergestellt, damit dein Hund ein sauberes und nat\u00fcrliches Kauerlebnis hat.<\/li>\n<li><strong>Delikat und schmackhaft:<\/strong> Schweineohren bieten ein delikates Geschmackserlebnis, das selbst den anspruchsvollsten Hund erfreut.<\/li>\n<li><strong>Zahnreinigung:<\/strong> Der Kauvorgang hilft, Plaque und Zahnstein zu reduzieren und f\u00f6rdert so eine gute Mundgesundheit und einen frischen Atem.<\/li>\n<li><strong>Gesicherte Qualit\u00e4t:<\/strong> Unsere Produkte werden strengen Qualit\u00e4tskontrollen unterzogen, damit du deinem Hund nur das Beste geben kannst.<\/li>\n<\/ul>\n<p>Schweineohren sind eine gute Option f\u00fcr Hundebesitzer, die einen gesunden, lang anhaltenden Kausnack f\u00fcr ihre besten Freunde suchen. Schweineohren sind jedoch nicht f\u00fcr jeden Hund geeignet, daher ist es wichtig, alle Faktoren zu ber\u00fccksichtigen, bevor Sie Ihrem Hund ein Schweineohr zum Kauen geben.<\/p>\n<h2>Die Vorteile der F\u00fctterung von Schweineohren<\/h2>\n<p>Schweineohren sind ein Leckerbissen mit nur einer Zutat, d. h. sie sind ideal f\u00fcr Hunde mit Di\u00e4tbeschr\u00e4nkungen oder Futterempfindlichkeiten. Es ist einfach, genau zu wissen, was Sie Ihrem geliebten Gef\u00e4hrten f\u00fcttern, wenn es nur eine einzige Zutat gibt, \u00fcber die Sie sich Gedanken machen m\u00fcssen.<\/p>\n<p>Solange Sie qualitativ hochwertige Schweineohren aus einer seri\u00f6sen Quelle kaufen, k\u00f6nnen Sie sicher sein, dass sie frei von Chemikalien und Zusatzstoffen sind, die Verdauungsst\u00f6rungen verursachen k\u00f6nnen.<\/p>\n<p>&nbsp;<\/p>\n<h3>Ern\u00e4hrungsphysiologische Vorteile<\/h3>\n<p>Schweineohren bestehen aus Knorpel, was bedeutet, dass sie ein weicheres Kauspielzeug sind, das f\u00fcr die meisten Hunde ideal ist. Ob Sie einen Welpen, einen \u00e4lteren Hund oder einen Hund mit Zahnproblemen haben, Schweineohren sind langlebig, aber leicht zu kauen.<\/p>\n<p>Schweineohren sind auch eine hervorragende Quelle f\u00fcr Glucosamin und Chondroitin, die bei schmerzhaften Gelenkerkrankungen wie Arthrose helfen k\u00f6nnen. Diese Inhaltsstoffe tragen auch zu gesunden Z\u00e4hnen, Zahnfleisch und Haut bei.<\/p>\n<p>Der hohe Proteingehalt von Schweineohren (ca. 69 %) tr\u00e4gt dazu bei, dass Ihr Hund kr\u00e4ftige Muskeln sowie ein gesundes Fell und eine gesunde Haut entwickelt. Sie sind auch eine gute Quelle f\u00fcr essenzielle Aminos\u00e4uren.<\/p>\n<p>&nbsp;<\/p>\n<h3>Verhaltensbezogene Vorteile<\/h3>\n<p>Das Kauen auf einem Produkt wie Schweinsohr bietet Ihrem Hund viele Vorteile. Je nach Gr\u00f6\u00dfe und Kauverm\u00f6gen Ihres Hundes kann ein Schweineohr zwischen einigen Minuten und mehreren Stunden dauern.<\/p>\n<p>Einige Unternehmen bieten auch Schweineohren an, die in kleinere St\u00fccke oder Scheiben geschnitten wurden, um besonders kleinen Hunden, Senioren, Welpen oder anderen Hunden mit eingeschr\u00e4nkter Kaukraft gerecht zu werden.<\/p>\n<p>Kauen ist nicht nur eine gro\u00dfartige Methode, um Ihren Hund aus Schwierigkeiten herauszuhalten, sondern es regt auch geistig an. Geistige Stimulation ist der Schl\u00fcssel zur Verhinderung der Entwicklung schlechter Angewohnheiten, die durch Langeweile entstehen, insbesondere in Kombination mit angemessener k\u00f6rperlicher Bewegung.<\/p>\n<p>Mentale Stimulation ist besonders wichtig f\u00fcr Hunde mit eingeschr\u00e4nkter Mobilit\u00e4t, wie junge Welpen, \u00e4ltere Hunde und solche mit k\u00f6rperlichen Einschr\u00e4nkungen. Ihr K\u00f6rper ist vielleicht nicht in der Lage, anstrengende k\u00f6rperliche Aktivit\u00e4ten zu bew\u00e4ltigen, aber das Kauen hilft ihnen, ihren Geist und K\u00f6rper zu besch\u00e4ftigen, ohne dass sie sich dabei unwohl f\u00fchlen.<\/p>\n<p>&nbsp;<\/p>\n<h3>Gesundheitliche Vorteile<\/h3>\n<p>Neben der Befriedigung durch das Kauen k\u00f6nnen die Schweineohren dazu beitragen, Zahnbelag und Zahnstein abzuschaben. Zusammen mit einer regelm\u00e4\u00dfigen tier\u00e4rztlichen Zahnpflege k\u00f6nnen Schweineohren dazu beitragen, die Z\u00e4hne Ihres Hundes sauber zu halten und Zahnerkrankungen vorzubeugen.<\/p>\n<p>Schlie\u00dflich sind Schweineohren im Vergleich zu anderen hochwertigen Kauartikeln wie Wellhornschnecken oder Kuhohren relativ preiswert, vor allem, wenn man sie in gro\u00dfen Mengen kaufen kann.<\/p>\n<p>&nbsp;<\/p>\n<h2>Nachteile der Verf\u00fctterung von Schweineohren an Hunde<\/h2>\n<h3>H\u00f6herer Fettgehalt als z. B. bei H\u00e4hnchensnacks<\/h3>\n<p>Einer der gr\u00f6\u00dften Nachteile bei der Verf\u00fctterung von Schweineohren an Ihren Hund ist der Kaloriengehalt. Schweineohren sind ziemlich gro\u00dfe Leckerbissen mit einem ziemlich hohen Fettgehalt. Bei dieser Art von Leckerbissen sind gute Manieren gefragt.<\/p>\n<p>Ein durchschnittliches Schweineohr enth\u00e4lt etwa 70 Kalorien. Auch wenn es nicht viel zu sein scheint, kann es einen gro\u00dfen Teil der t\u00e4glichen Kalorienzufuhr eines kleinen Hundes ausmachen. Um eine Gewichtszunahme zu vermeiden, wird empfohlen, Schweineohren nur ein- bis zweimal pro Woche zu f\u00fcttern, je nach Gr\u00f6\u00dfe des Hundes.<\/p>\n<p>Der h\u00f6here Fettgehalt kann auch f\u00fcr Hunde, die eine fettarme Ern\u00e4hrung ben\u00f6tigen, ein Problem darstellen. Schweinefleisch gilt im Allgemeinen nicht als fettarmes Futter. Wenn Ihr Hund also aus irgendeinem Grund nur wenig Fett in seiner Ern\u00e4hrung ben\u00f6tigt, ist es vielleicht besser, einen Kauartikel aus einer anderen Proteinart zu w\u00e4hlen.<\/p>\n<h2>Heute nat\u00fcrliche Schweineohren f\u00fcr Hunde kaufen<\/h2>\n<p>Verw\u00f6hne deinen Hund mit reinem und nat\u00fcrlichem Kauspa\u00df. Kaufe noch heute M\u00c6T&#8217;s Natural Pig Ears for Dogs und schenke deinem besten Freund ein leckeres und gesundes Kauerlebnis.[\/vc_column_text][\/vc_column][\/vc_row]<\/p>\n<\/div>","protected":false},"excerpt":{"rendered":"<p>Nat\u00fcrliche Schweineohren f\u00fcr Hunde &#8211; ein unwiderstehlicher, nat\u00fcrlicher Kausnack, der das Kaubed\u00fcrfnis deines Hundes auf gesunde und leckere Weise befriedigt. Unsere Schweineohren werden sorgf\u00e4ltig ausgew\u00e4hlt und getrocknet, um den saftigen Geschmack und die notwendige Textur zu erhalten, die dein Hund lieben wird.<\/p>\n<ul>\n<li>Sie reinigen die Z\u00e4hne Ihres Hundes und st\u00e4rken sein Zahnfleisch, sein Zahnfleisch und seinen Kiefer.<\/li>\n<li><span style=\"font-weight: 400;\">Hochwertige Schweineohren enthalten viel Energie.<\/span><\/li>\n<li>Geben Sie sie, wenn Sie Ihren Hund lange mit etwas Sch\u00f6nem besch\u00e4ftigen wollen.<\/li>\n<li>M\u00c6T Schweineohren f\u00fcr Hunde sind reine Naturprodukte. Nat\u00fcrlich ohne Zusatzstoffe und ohne Konservierungsmittel.<\/li>\n<li>Alle Produkte werden selbstverst\u00e4ndlich gereinigt, getrocknet und w\u00e4rmebehandelt.<\/li>\n<\/ul>\n<div class=\"short-description\">\n<div class=\"std\">\n<p>Schweineohren bereiten vielen Hunden gro\u00dfe Freude und sind oft der Liebling der Hunde. Lassen Sie Ihren Hund unsere Schweineohren kosten &#8211; er wird sie alle lieben. Garantiert.<\/p>\n<p><b>Inhalt: <\/b>5 Stk. getrocknete Schweineohren aus Polen<\/p>\n<\/div>\n<\/div>\n","protected":false},"featured_media":258093,"comment_status":"open","ping_status":"closed","template":"","meta":{"inline_featured_image":false},"product_brand":[],"product_cat":[978,397],"product_tag":[858],"class_list":{"0":"post-247270","1":"product","2":"type-product","3":"status-publish","4":"has-post-thumbnail","6":"product_cat-natuerliche-hundesnacks","7":"product_cat-snacks-und-leckereien-fuer-hunde","8":"product_tag-hund-knabbert-mit-schwein","9":"product_shipping_class-post","11":"first","12":"outofstock","13":"taxable","14":"shipping-taxable","15":"purchasable","16":"product-type-simple"},"composite_virtual":false,"composite_layout":"","composite_add_to_cart_form_location":"","composite_editable_in_cart":false,"composite_sold_individually_context":"","composite_shop_price_calc":"","composite_components":[],"composite_scenarios":[],"bundled_by":["254848"],"bundle_stock_status":"outofstock","bundle_stock_quantity":-4,"bundle_virtual":false,"bundle_layout":"","bundle_add_to_cart_form_location":"","bundle_editable_in_cart":false,"bundle_sold_individually_context":"","bundle_item_grouping":"","bundle_min_size":"","bundle_max_size":"","bundle_price":[],"bundled_items":[],"bundle_sell_ids":[],"_links":{"self":[{"href":"https:\/\/maetpets.com\/de\/wp-json\/wp\/v2\/product\/247270","targetHints":{"allow":["GET"]}}],"collection":[{"href":"https:\/\/maetpets.com\/de\/wp-json\/wp\/v2\/product"}],"about":[{"href":"https:\/\/maetpets.com\/de\/wp-json\/wp\/v2\/types\/product"}],"replies":[{"embeddable":true,"href":"https:\/\/maetpets.com\/de\/wp-json\/wp\/v2\/comments?post=247270"}],"wp:featuredmedia":[{"embeddable":true,"href":"https:\/\/maetpets.com\/de\/wp-json\/wp\/v2\/media\/258093"}],"wp:attachment":[{"href":"https:\/\/maetpets.com\/de\/wp-json\/wp\/v2\/media?parent=247270"}],"wp:term":[{"taxonomy":"product_brand","embeddable":true,"href":"https:\/\/maetpets.com\/de\/wp-json\/wp\/v2\/product_brand?post=247270"},{"taxonomy":"product_cat","embeddable":true,"href":"https:\/\/maetpets.com\/de\/wp-json\/wp\/v2\/product_cat?post=247270"},{"taxonomy":"product_tag","embeddable":true,"href":"https:\/\/maetpets.com\/de\/wp-json\/wp\/v2\/product_tag?post=247270"}],"curies":[{"name":"wp","href":"https:\/\/api.w.org\/{rel}","templated":true}]}}