{"id":246447,"date":"2021-01-21T16:46:48","date_gmt":"2021-01-21T15:46:48","guid":{"rendered":"https:\/\/maetpets.com\/product\/hundefutter-mit-salami-risotto\/"},"modified":"2023-11-09T16:28:04","modified_gmt":"2023-11-09T15:28:04","slug":"hundefutter-mit-lachs-salmon-risotto","status":"publish","type":"product","link":"https:\/\/maetpets.com\/de\/produkt\/hundefutter-mit-lachs-salmon-risotto\/","title":{"rendered":"Lachs-Risotto &#8211; Hundefutter mit Lachs"},"content":{"rendered":"<div class=\"wpb-content-wrapper\"><p>[vc_row full_width=&#8221;stretch_row&#8221; css=&#8221;.vc_custom_1640684961874{padding-top: 60px !important;padding-bottom: 30px !important;background-color: #fff9f7 !important;}&#8221;][vc_column width=&#8221;6\/12&#8243;][vc_single_image image=&#8221;246997&#8243; img_size=&#8221;full&#8221;][\/vc_column][vc_column width=&#8221;6\/12&#8243;][vc_column_text]<\/p>\n<h2>M\u00c6T Frisches Hundefutter mit Lachs<\/h2>\n<p>Frisches Hundefutter mit Lachs ist eine einfache M\u00f6glichkeit, Ihrem Hund eine nahrhafte Mahlzeit zu geben, die ihn gl\u00fccklich und gesund h\u00e4lt. Das Futter enth\u00e4lt weder Mais, Weizen, Soja noch k\u00fcnstliche Aromen, Farb- oder Konservierungsstoffe.[\/vc_column_text][\/vc_column][\/vc_row][vc_row full_width=&#8221;stretch_row&#8221; content_placement=&#8221;middle&#8221; css=&#8221;.vc_custom_1661444386762{padding-top: 100px !important;padding-bottom: 140px !important;background-color: #2a2412 !important;background-position: center !important;background-repeat: no-repeat !important;background-size: cover !important;}&#8221;][vc_column][vc_custom_heading text=&#8221;FRISCHE NORDISCHE ZUTATEN&#8221; font_container=&#8221;tag:h3|text_align:center|color:%23fff9f7&#8243; use_theme_fonts=&#8221;yes&#8221; css=&#8221;.vc_custom_1606317911272{padding-top: 50px !important;}&#8221;][vc_custom_heading text=&#8221;Lachs (46%), Reis (13%), Erbsen, Bohnen, Seetang, Dill&#8221; font_container=&#8221;tag:h3|font_size:56|text_align:center|color:%2342a98a&#8221; use_theme_fonts=&#8221;yes&#8221;][\/vc_column][\/vc_row][vc_row full_width=&#8221;stretch_row&#8221; css=&#8221;.vc_custom_1658507900364{padding-top: 60px !important;padding-bottom: 60px !important;background-color: #fff9f7 !important;}&#8221;][vc_column width=&#8221;5\/12&#8243;][vc_single_image image=&#8221;234747&#8243; img_size=&#8221;360&#215;360&#8243; alignment=&#8221;center&#8221;][\/vc_column][vc_column width=&#8221;7\/12&#8243;][vc_custom_heading text=&#8221;T\u00e4gliche Dosierung&#8221; use_theme_fonts=&#8221;yes&#8221; css=&#8221;.vc_custom_1605879989446{padding-bottom: 30px !important;}&#8221;][vc_column_text]Ber\u00fccksichtigen Sie bei der Dosierung die Aktivit\u00e4t, Bewegung, andere Ern\u00e4hrung und Snacks des Hundes.<\/p>\n<p><b>Empfohlene Tagesdosis:<\/b> 2,5% des K\u00f6rpergewichts des Hundes.<\/p>\n<p><b>Gewicht \/ Empfohlene Tagesration (ca.)<\/b><br \/>\n5kg: 125-150g<br \/>\n10kg: 250-300g<br \/>\n20 kg: 500 (entspricht ca. 1 Wurst)<br \/>\n30 kg: 750 g<br \/>\n35 kg: 875 g<br \/>\n40 kg: 1.000 g (entspricht ca. 2 W\u00fcrstchen)[\/vc_column_text][\/vc_column][\/vc_row][vc_row full_width=&#8221;stretch_row&#8221; css=&#8221;.vc_custom_1640684961874{padding-top: 60px !important;padding-bottom: 30px !important;background-color: #fff9f7 !important;}&#8221;][vc_column width=&#8221;6\/12&#8243;][vc_single_image image=&#8221;250780&#8243; img_size=&#8221;full&#8221;][\/vc_column][vc_column width=&#8221;6\/12&#8243;][vc_column_text]<\/p>\n<h2>Hundefutter mit Lachs voller Omega 3<\/h2>\n<p>Unser frisches Hundefutter mit Lachs wird aus hochwertigen Zutaten hergestellt und bietet eine vollst\u00e4ndige und ausgewogene Ern\u00e4hrung. Lachs ist mit 46% der Hauptbestandteil.<\/p>\n<p>Lachs ist eine nat\u00fcrliche Quelle f\u00fcr vitaminreiches Fisch\u00f6l, das Omega-3-Fetts\u00e4uren f\u00fcr ein gl\u00e4nzendes Fell und eine gesunde Haut enth\u00e4lt.<\/p>\n<ul>\n<li>Keine k\u00fcnstlichen Zusatzstoffe, Aromen, Farbstoffe oder F\u00fcllstoffe.<\/li>\n<li>Hergestellt mit einer einzigartigen Antioxidantienmischung, die Vitamin E enth\u00e4lt, um das Leben Ihres Hundes zu verl\u00e4ngern.<\/li>\n<li>Enth\u00e4lt nat\u00fcrliche Quellen von Vitaminen, Mineralien und Proteinen.<\/li>\n<li>Ein komplettes Tierfutter f\u00fcr erwachsene Hunde aller Rassen mit einer nat\u00fcrlichen Quelle von Vitaminen, Mineralien und Proteinen.<\/li>\n<\/ul>\n<p>[\/vc_column_text][\/vc_column][\/vc_row][vc_row full_width=&#8221;stretch_row&#8221; css=&#8221;.vc_custom_1666187232652{padding-top: 60px !important;padding-bottom: 60px !important;background-position: center !important;background-repeat: no-repeat !important;background-size: contain !important;}&#8221; el_id=&#8221;Ern\u00e4hrung&#8221;][vc_column][vc_custom_heading text=&#8221;Ern\u00e4hrungsinformation&#8221; use_theme_fonts=&#8221;yes&#8221; css=&#8221;.vc_custom_1606297081281{padding-bottom: 15px !important;}&#8221;][\/vc_column][vc_column width=&#8221;1\/2&#8243;][vc_column_text]<\/p>\n<p class=\"p2\"><strong>N\u00c4HRSTOFFGEHALT <\/strong><\/p>\n<p class=\"p2\">Energie\/Energie 7,7 MJ\/kg 1839 kcal\/kg<br \/>\nEiwei\u00df &#8230;&#8230;&#8230;&#8230;&#8230;&#8230;&#8230;&#8230;&#8230;..9,3%<br \/>\nFett\/Fett &#8230;&#8230;&#8230;&#8230;&#8230;&#8230;&#8230;&#8230;&#8230;.11.9<br \/>\nFaser &#8230;&#8230;&#8230;&#8230;&#8230;&#8230;&#8230;&#8230;&#8230;&#8230;.. 0,7 %<br \/>\nAsche &#8230;&#8230;&#8230;&#8230;&#8230;&#8230;&#8230;&#8230;. 1,6 %<br \/>\nKalzium &#8230;&#8230;&#8230;&#8230;&#8230;&#8230;&#8230;&#8230;&#8230;0.4%<br \/>\nPhosphor &#8230;&#8230;&#8230;.0,3%<\/p>\n<p class=\"p2\">Fl\u00fcssigkeitsgehalt: 64,5%<br \/>\nFleischanteil: 46% Fleischanteil<\/p>\n<p>[\/vc_column_text][\/vc_column][vc_column width=&#8221;1\/2&#8243;][vc_column_text]<b>Nat\u00fcrlich enthaltene N\u00e4hrstoffe:<\/b><\/p>\n<p>Vitamin A 1103 IU\/kg, Vitamin D 1376 IU\/kg, Vitamin E 45 IU\/kg, Vitamin C 31 mg\/kg, Vitamin B1 1,8 mg\/kg, Vitamin B2 0,7 mg\/kg, Vitamin B6 3,1 mg\/kg, Vitamin B12 12,5 \u03bcg\/kg, Biotin 5,4 \u03bcg\/kg, Niacin 39 mg \/ kg, Pantothens\u00e4ure 7,1 mg \/ kg, Fols\u00e4ure 0,06 mg \/ kg, Zink 70 mg \/ kg, Magnesium 520 mg \/ kg, Natrium 2300 mg \/ kg, Eisen 28 mg \/ kg, Kupfer 5 mg \/ kg, Mangan 4 mg \/ kg, Kalium 1,6 g \/ kg, Jod 430 \u03bcg \/ kg.[\/vc_column_text][vc_column_text]<b>Davon zugesetzte ern\u00e4hrungsphysiologische Zusatzstoffe:<\/b><\/p>\n<p>Vitamin D 450 IE\/kg, Vitamin E 40 IE\/kg, Zink 60 mg\/kg, Magnesium 320 mg\/kg, Kupfer 5 mg\/kg, Mangan 1,8 mg\/kg, Jod 430 \u03bcg\/kg.[\/vc_column_text][\/vc_column][\/vc_row][vc_row full_width=&#8221;stretch_row_content_no_spaces&#8221; css=&#8221;.vc_custom_1658507887513{padding-top: 60px !important;padding-right: 20px !important;padding-bottom: 60px !important;padding-left: 20px !important;background-color: #2a2412 !important;background-position: center !important;background-repeat: no-repeat !important;background-size: cover !important;}&#8221;][vc_column width=&#8221;1\/3&#8243; css=&#8221;.vc_custom_1605610677798{padding-right: 30px !important;padding-left: 30px !important;}&#8221;][\/vc_column][vc_column width=&#8221;1\/3&#8243;][vc_custom_heading text=&#8221;\u201eMein kleiner Shih Tzu hat einen ziemlich empfindlichen Magen und vertr\u00e4gt nicht jedes Hundefutter. Aber mit dem Hundefutter von M\u00c6T Pets ist der Magen meines Hundes wirklich in Ordnung.&#8221; font_container=&#8221;tag:p|font_size:30|text_align:center|color:%23fff9f7&#8243; use_theme_fonts=&#8221;yes&#8221; css=&#8221;.vc_custom_1607504642445{padding-bottom: 20px !important;}&#8221;][vc_custom_heading text=&#8221;Das ist das Highlight des Tages f\u00fcr Kenzo, wenn wir M\u00c6T &apos;s frisches Hundefutter mit Chicken Deli finden. \u201d&#8221; font_container=&#8221;tag:p|font_size:30|text_align:center|color:%23fff9f7&#8243; use_theme_fonts=&#8221;yes&#8221; css=&#8221;.vc_custom_1663323963478{padding-bottom: 20px !important;}&#8221;][vc_single_image image=&#8221;234867&#8243; alignment=&#8221;center&#8221;][vc_custom_heading text=&#8221;Heidi und ihr 3-j\u00e4hriger Shih Tzu Kenzo&#8221; font_container=&#8221;tag:h4|text_align:center|color:%23fdda39&#8243; use_theme_fonts=&#8221;yes&#8221; css=&#8221;.vc_custom_1607534625912{padding-bottom: 50px !important;}&#8221; link=&#8221;url:https%3A%2F%2Fwww.instagram.com%2Fkenzo_shih_tzu%2F|target:_blank|&#8221;][\/vc_column][vc_column width=&#8221;1\/3&#8243;][\/vc_column][\/vc_row][vc_row][vc_column css=&#8221;.vc_custom_1658507060885{padding-top: 60px !important;padding-bottom: 30px !important;}&#8221;][vc_column_text]<\/p>\n<h2>Woraus wird das Lachsrisotto gemacht?<\/h2>\n<p>Das Futter wird aus frischem Lachs und anderen nat\u00fcrlichen Zutaten hergestellt. Es enth\u00e4lt keinen Zucker-, Salz- oder Fettzusatz. Wir verwenden das Fleisch des ganzen Lachses und nicht nur Fischmehl, das vielleicht eher auf Gr\u00e4ten basiert, wie es bei vielen Billigmarken der Fall ist.<\/p>\n<h2>Hat Lachs irgendwelche gesundheitlichen Vorteile?<\/h2>\n<p>Frisches Hundefutter mit Lachs ist eine hervorragende Quelle f\u00fcr Proteine, Vitamine, Mineralien, Omega-Fetts\u00e4uren und Antioxidantien. Au\u00dferdem enth\u00e4lt es einen hohen Anteil an Vitamin D3, das das Wachstum und die Entwicklung der Knochen unterst\u00fctzt.<\/p>\n<h2>Warum sollte ich meinem Hund frischen Lachs f\u00fcttern?<\/h2>\n<p>Wenn du nach einer ges\u00fcnderen Alternative als Trockenfutter suchst, solltest du deinem Hund stattdessen Hundefutter mit frischem Lachs f\u00fcttern. Dieser nahrhafte Leckerbissen ist vollgepackt mit N\u00e4hrstoffen und enth\u00e4lt keine Konservierungsstoffe, F\u00fcllstoffe oder k\u00fcnstliche Zutaten.[\/vc_column_text][\/vc_column][\/vc_row]<\/p>\n<\/div>","protected":false},"excerpt":{"rendered":"<p>Lachs-Risotto mit leckerem Lachs, gesundem Gem\u00fcse und Reis. Eine glutenfreie Mahlzeit f\u00fcr deinen Hund.<\/p>\n<p>Hundefutter mit Lachs ist eine nat\u00fcrliche Quelle f\u00fcr Vitamine und die n\u00fctzlichen Omega-3-Fetts\u00e4uren unterst\u00fctzen die Gesundheit von Fell und Gelenken. Lachsrisotto ist sehr energiereich und eignet sich daher f\u00fcr die F\u00fctterung aktiver Hunde oder von Hunden, die mehr Energie ben\u00f6tigen.<\/p>\n<p><strong>NETTOGEWICHT: 500 g<\/strong><\/p>\n<p><strong>INHALT:<\/strong> Lachs (46%), Reis (13%), Wasser, Erbsen, Bohnen, Emulgatoren (E464, Lecithin E322), Salz, Seetang, Dill, Vitamine und Mineralstoffe<\/p>\n<p><span style=\"text-decoration: underline;\"><a href=\"#nutrition\"><strong>Siehe N\u00e4hrwert<\/strong><\/a><\/span><\/p>\n","protected":false},"featured_media":244541,"comment_status":"open","ping_status":"closed","template":"","meta":{"inline_featured_image":false},"product_brand":[],"product_cat":[633],"product_tag":[833,636],"class_list":{"0":"post-246447","1":"product","2":"type-product","3":"status-publish","4":"has-post-thumbnail","6":"product_cat-hundefutter","7":"product_tag-hundefutter-mit-lachs","8":"product_tag-risotto-de","9":"product_shipping_class-frisches-essen","11":"first","12":"outofstock","13":"taxable","14":"shipping-taxable","15":"purchasable","16":"product-type-simple"},"composite_virtual":false,"composite_layout":"","composite_add_to_cart_form_location":"","composite_editable_in_cart":false,"composite_sold_individually_context":"","composite_shop_price_calc":"","composite_components":[],"composite_scenarios":[],"bundled_by":["254841","263695"],"bundle_stock_status":"outofstock","bundle_stock_quantity":null,"bundle_virtual":false,"bundle_layout":"","bundle_add_to_cart_form_location":"","bundle_editable_in_cart":false,"bundle_sold_individually_context":"","bundle_item_grouping":"","bundle_min_size":"","bundle_max_size":"","bundle_price":[],"bundled_items":[],"bundle_sell_ids":[],"_links":{"self":[{"href":"https:\/\/maetpets.com\/de\/wp-json\/wp\/v2\/product\/246447","targetHints":{"allow":["GET"]}}],"collection":[{"href":"https:\/\/maetpets.com\/de\/wp-json\/wp\/v2\/product"}],"about":[{"href":"https:\/\/maetpets.com\/de\/wp-json\/wp\/v2\/types\/product"}],"replies":[{"embeddable":true,"href":"https:\/\/maetpets.com\/de\/wp-json\/wp\/v2\/comments?post=246447"}],"wp:featuredmedia":[{"embeddable":true,"href":"https:\/\/maetpets.com\/de\/wp-json\/wp\/v2\/media\/244541"}],"wp:attachment":[{"href":"https:\/\/maetpets.com\/de\/wp-json\/wp\/v2\/media?parent=246447"}],"wp:term":[{"taxonomy":"product_brand","embeddable":true,"href":"https:\/\/maetpets.com\/de\/wp-json\/wp\/v2\/product_brand?post=246447"},{"taxonomy":"product_cat","embeddable":true,"href":"https:\/\/maetpets.com\/de\/wp-json\/wp\/v2\/product_cat?post=246447"},{"taxonomy":"product_tag","embeddable":true,"href":"https:\/\/maetpets.com\/de\/wp-json\/wp\/v2\/product_tag?post=246447"}],"curies":[{"name":"wp","href":"https:\/\/api.w.org\/{rel}","templated":true}]}}