{"id":242005,"date":"2022-02-22T12:46:46","date_gmt":"2022-02-22T11:46:46","guid":{"rendered":"https:\/\/maetpets.com\/product\/toni-das-pony\/"},"modified":"2022-05-20T20:49:32","modified_gmt":"2022-05-20T18:49:32","slug":"pony-spielzeug-tony-the-pony","status":"publish","type":"product","link":"https:\/\/maetpets.com\/de\/produkt\/pony-spielzeug-tony-the-pony\/","title":{"rendered":"Toni das Pony"},"content":{"rendered":"","protected":false},"excerpt":{"rendered":"<p>S\u00fc\u00dfer Pony-Teddyb\u00e4r von ca. 24 cm aus der Serie Buster &amp; Beau.<\/p>\n<p>Das Pony Kuscheltier ist das perfekte Hundespielzeug speziell f\u00fcr Welpen und Junghunde. Das weiche Kuscheltier gibt dem Hund verschiedene Texturen zum Spielen. Beine und Ohren sind aus k\u00f6stlichem Tweed-Stoff, der sehr weich ist. Das Stofftier hat ein Keuchen im Inneren.<\/p>\n","protected":false},"featured_media":254240,"comment_status":"open","ping_status":"closed","template":"","meta":{"inline_featured_image":false},"product_brand":[],"product_cat":[706,623],"product_tag":[],"class_list":{"0":"post-242005","1":"product","2":"type-product","3":"status-publish","4":"has-post-thumbnail","6":"product_cat-pluesch","7":"product_cat-hundespielzeug","8":"product_shipping_class-post","10":"first","11":"outofstock","12":"taxable","13":"shipping-taxable","14":"purchasable","15":"product-type-simple"},"composite_virtual":false,"composite_layout":"","composite_add_to_cart_form_location":"","composite_editable_in_cart":false,"composite_sold_individually_context":"","composite_shop_price_calc":"","composite_components":[],"composite_scenarios":[],"bundled_by":[],"bundle_stock_status":"outofstock","bundle_stock_quantity":0,"bundle_virtual":false,"bundle_layout":"","bundle_add_to_cart_form_location":"","bundle_editable_in_cart":false,"bundle_sold_individually_context":"","bundle_item_grouping":"","bundle_min_size":"","bundle_max_size":"","bundle_price":[],"bundled_items":[],"bundle_sell_ids":[],"_links":{"self":[{"href":"https:\/\/maetpets.com\/de\/wp-json\/wp\/v2\/product\/242005","targetHints":{"allow":["GET"]}}],"collection":[{"href":"https:\/\/maetpets.com\/de\/wp-json\/wp\/v2\/product"}],"about":[{"href":"https:\/\/maetpets.com\/de\/wp-json\/wp\/v2\/types\/product"}],"replies":[{"embeddable":true,"href":"https:\/\/maetpets.com\/de\/wp-json\/wp\/v2\/comments?post=242005"}],"wp:featuredmedia":[{"embeddable":true,"href":"https:\/\/maetpets.com\/de\/wp-json\/wp\/v2\/media\/254240"}],"wp:attachment":[{"href":"https:\/\/maetpets.com\/de\/wp-json\/wp\/v2\/media?parent=242005"}],"wp:term":[{"taxonomy":"product_brand","embeddable":true,"href":"https:\/\/maetpets.com\/de\/wp-json\/wp\/v2\/product_brand?post=242005"},{"taxonomy":"product_cat","embeddable":true,"href":"https:\/\/maetpets.com\/de\/wp-json\/wp\/v2\/product_cat?post=242005"},{"taxonomy":"product_tag","embeddable":true,"href":"https:\/\/maetpets.com\/de\/wp-json\/wp\/v2\/product_tag?post=242005"}],"curies":[{"name":"wp","href":"https:\/\/api.w.org\/{rel}","templated":true}]}}