{"id":241996,"date":"2022-05-13T17:54:44","date_gmt":"2022-05-13T15:54:44","guid":{"rendered":"https:\/\/maetpets.com\/product\/una-das-urbane-einhorn\/"},"modified":"2023-09-18T14:06:27","modified_gmt":"2023-09-18T12:06:27","slug":"einhorn-hundespielzeug-una","status":"publish","type":"product","link":"https:\/\/maetpets.com\/de\/produkt\/einhorn-hundespielzeug-una\/","title":{"rendered":"Una das urbane Einhorn"},"content":{"rendered":"","protected":false},"excerpt":{"rendered":"<p>M\u00c6T Unicorn Hundespielzeuge bestehen aus strapazierf\u00e4higem Material und sind mit echtem, weichem Wildleder \u00fcberzogen, das f\u00fcr Zahnfleisch und Verdauung unsch\u00e4dlich ist. Der Inhalt besteht aus Kokosfasern.<\/p>\n<p>Der Pl\u00fcschsand ist f\u00fcr mittlere und gro\u00dfe Hunde geeignet. Spielzeug ist hypoallergen.<\/p>\n","protected":false},"featured_media":256098,"comment_status":"open","ping_status":"closed","template":"","meta":{"inline_featured_image":false},"product_brand":[],"product_cat":[706],"product_tag":[],"class_list":{"0":"post-241996","1":"product","2":"type-product","3":"status-publish","4":"has-post-thumbnail","6":"product_cat-pluesch","7":"product_shipping_class-post","9":"first","10":"instock","11":"taxable","12":"shipping-taxable","13":"purchasable","14":"product-type-simple"},"composite_virtual":false,"composite_layout":"","composite_add_to_cart_form_location":"","composite_editable_in_cart":false,"composite_sold_individually_context":"","composite_shop_price_calc":"","composite_components":[],"composite_scenarios":[],"bundled_by":["254857"],"bundle_stock_status":"instock","bundle_stock_quantity":35,"bundle_virtual":false,"bundle_layout":"","bundle_add_to_cart_form_location":"","bundle_editable_in_cart":false,"bundle_sold_individually_context":"","bundle_item_grouping":"","bundle_min_size":"","bundle_max_size":"","bundle_price":[],"bundled_items":[],"bundle_sell_ids":[],"_links":{"self":[{"href":"https:\/\/maetpets.com\/de\/wp-json\/wp\/v2\/product\/241996","targetHints":{"allow":["GET"]}}],"collection":[{"href":"https:\/\/maetpets.com\/de\/wp-json\/wp\/v2\/product"}],"about":[{"href":"https:\/\/maetpets.com\/de\/wp-json\/wp\/v2\/types\/product"}],"replies":[{"embeddable":true,"href":"https:\/\/maetpets.com\/de\/wp-json\/wp\/v2\/comments?post=241996"}],"wp:featuredmedia":[{"embeddable":true,"href":"https:\/\/maetpets.com\/de\/wp-json\/wp\/v2\/media\/256098"}],"wp:attachment":[{"href":"https:\/\/maetpets.com\/de\/wp-json\/wp\/v2\/media?parent=241996"}],"wp:term":[{"taxonomy":"product_brand","embeddable":true,"href":"https:\/\/maetpets.com\/de\/wp-json\/wp\/v2\/product_brand?post=241996"},{"taxonomy":"product_cat","embeddable":true,"href":"https:\/\/maetpets.com\/de\/wp-json\/wp\/v2\/product_cat?post=241996"},{"taxonomy":"product_tag","embeddable":true,"href":"https:\/\/maetpets.com\/de\/wp-json\/wp\/v2\/product_tag?post=241996"}],"curies":[{"name":"wp","href":"https:\/\/api.w.org\/{rel}","templated":true}]}}