{"id":241994,"date":"2022-05-13T17:41:07","date_gmt":"2022-05-13T15:41:07","guid":{"rendered":"https:\/\/maetpets.com\/product\/darth-duck\/"},"modified":"2023-09-18T15:13:38","modified_gmt":"2023-09-18T13:13:38","slug":"hundespielzeug-und-darth-ente","status":"publish","type":"product","link":"https:\/\/maetpets.com\/de\/produkt\/hundespielzeug-und-darth-ente\/","title":{"rendered":"Darth Duck"},"content":{"rendered":"","protected":false},"excerpt":{"rendered":"<p>In einem Paralleluniversum, in dem Star Wars mit Enten spielt, \u00fcbernimmt der b\u00f6se Darth Duck das bekannte Universum. Nur dein Hunni kann den Kampf aufnehmen!<\/p>\n<p>Die zweite besteht aus strapazierf\u00e4higem Material und ist mit echtem, weichem Wildleder \u00fcberzogen, das f\u00fcr Zahnfleisch und Verdauung unsch\u00e4dlich ist. Der Inhalt besteht aus Kokosfasern.<\/p>\n<p>Der Pl\u00fcschsand ist f\u00fcr mittlere und gro\u00dfe Hunde geeignet. Spielzeug ist hypoallergen.<\/p>\n","protected":false},"featured_media":256440,"comment_status":"open","ping_status":"closed","template":"","meta":{"inline_featured_image":false},"product_brand":[],"product_cat":[706,623],"product_tag":[],"class_list":{"0":"post-241994","1":"product","2":"type-product","3":"status-publish","4":"has-post-thumbnail","6":"product_cat-pluesch","7":"product_cat-hundespielzeug","8":"product_shipping_class-post","10":"first","11":"instock","12":"taxable","13":"shipping-taxable","14":"purchasable","15":"product-type-simple"},"composite_virtual":false,"composite_layout":"","composite_add_to_cart_form_location":"","composite_editable_in_cart":false,"composite_sold_individually_context":"","composite_shop_price_calc":"","composite_components":[],"composite_scenarios":[],"bundled_by":["254857"],"bundle_stock_status":"instock","bundle_stock_quantity":13,"bundle_virtual":false,"bundle_layout":"","bundle_add_to_cart_form_location":"","bundle_editable_in_cart":false,"bundle_sold_individually_context":"","bundle_item_grouping":"","bundle_min_size":"","bundle_max_size":"","bundle_price":[],"bundled_items":[],"bundle_sell_ids":[],"_links":{"self":[{"href":"https:\/\/maetpets.com\/de\/wp-json\/wp\/v2\/product\/241994","targetHints":{"allow":["GET"]}}],"collection":[{"href":"https:\/\/maetpets.com\/de\/wp-json\/wp\/v2\/product"}],"about":[{"href":"https:\/\/maetpets.com\/de\/wp-json\/wp\/v2\/types\/product"}],"replies":[{"embeddable":true,"href":"https:\/\/maetpets.com\/de\/wp-json\/wp\/v2\/comments?post=241994"}],"wp:featuredmedia":[{"embeddable":true,"href":"https:\/\/maetpets.com\/de\/wp-json\/wp\/v2\/media\/256440"}],"wp:attachment":[{"href":"https:\/\/maetpets.com\/de\/wp-json\/wp\/v2\/media?parent=241994"}],"wp:term":[{"taxonomy":"product_brand","embeddable":true,"href":"https:\/\/maetpets.com\/de\/wp-json\/wp\/v2\/product_brand?post=241994"},{"taxonomy":"product_cat","embeddable":true,"href":"https:\/\/maetpets.com\/de\/wp-json\/wp\/v2\/product_cat?post=241994"},{"taxonomy":"product_tag","embeddable":true,"href":"https:\/\/maetpets.com\/de\/wp-json\/wp\/v2\/product_tag?post=241994"}],"curies":[{"name":"wp","href":"https:\/\/api.w.org\/{rel}","templated":true}]}}