{"id":241986,"date":"2022-05-19T20:30:31","date_gmt":"2022-05-19T18:30:31","guid":{"rendered":"https:\/\/maetpets.com\/product\/biologisch-abbaubare-hundetaschen\/"},"modified":"2023-08-30T20:33:20","modified_gmt":"2023-08-30T18:33:20","slug":"biologisch-abbaubare-hundetaschen","status":"publish","type":"product","link":"https:\/\/maetpets.com\/de\/produkt\/biologisch-abbaubare-hundetaschen\/","title":{"rendered":"Biologisch abbaubare Hundet\u00fcten &#8211; 112 St\u00fcck"},"content":{"rendered":"<div class=\"wpb-content-wrapper\"><p>[vc_row full_width=&#8221;stretch_row&#8221; css=&#8221;.vc_custom_1652985314434{padding-top: 30px !important;padding-bottom: 60px !important;background-color: #193119 !important;}&#8221;][vc_column width=&#8221;1\/6&#8243;][\/vc_column][vc_column width=&#8221;4\/6&#8243;][vc_custom_heading text=&#8221;100 % biologisch abbaubare Hundetaschen&#8221; font_container=&#8221;tag:h2|font_size:50|text_align:center|color:%23ec5f43&#8243; use_theme_fonts=&#8221;yes&#8221; css=&#8221;.vc_custom_1652985584429{padding-bottom: 20px !important;}&#8221;][vc_column_text]<span style=\"color: #fff9f7;\">100 % biologisch abbaubare Hundetaschen<\/span><br \/>\n<span style=\"color: #fff9f7;\">Wir alle kennen den Anblick einer in die Wildnis geworfenen Hundetasche. Eine normale Plastikt\u00fcte wird in der Natur nach 10-20 Jahren abgebaut, aber bei biologisch abbaubaren Hundetaschen wird die Tasche fast genauso schnell abgebaut wie der Inhalt. Es bedeutet auch, dass Sie die Hundetasche einfach in Ihren gr\u00fcnen M\u00fcll werfen k\u00f6nnen. Wenn Sie Kompost haben, dann gibt es nat\u00fcrlich auch kompostierbare Hundetaschen.<\/span><\/p>\n<p><span style=\"color: #fff9f7;\">Unsere Hundetaschen sind 100 % kostenlos<\/span><br \/>\n<span style=\"color: #fff9f7;\">\u2705 GMO<\/span><br \/>\n<span style=\"color: #fff9f7;\">\u2705 Kunststoff<\/span><br \/>\n<span style=\"color: #fff9f7;\">\u2705 Polyethylen<\/span><\/p>\n<p><span style=\"color: #fff9f7;\">Und die Hundetaschen sind kompostzertifiziert<\/span>[\/vc_column_text][\/vc_column][vc_column width=&#8221;1\/6&#8243;][\/vc_column][\/vc_row][vc_row full_width=&#8221;stretch_row&#8221; css=&#8221;.vc_custom_1640684961874{padding-top: 60px !important;padding-bottom: 30px !important;background-color: #fff9f7 !important;}&#8221;][vc_column width=&#8221;6\/12&#8243;][vc_single_image image=&#8221;241387&#8243; img_size=&#8221;full&#8221;][\/vc_column][vc_column width=&#8221;6\/12&#8243;][vc_column_text]<\/p>\n<h2>Eine umweltfreundliche Hundetasche<\/h2>\n<p>&#8211; Rei\u00dffest, blickdicht und feuchtigkeitsbest\u00e4ndig<br \/>\n&#8211; Angenehmes Tragegef\u00fchl, hervorragende Abrei\u00dfperforation, leicht zu \u00f6ffnen<br \/>\n&#8211; Extra gro\u00dfe Ausf\u00fchrung<br \/>\n&#8211; Modernste Kunststoffmaterialien<br \/>\n&#8211; Einfache und sichere Entsorgung von Hundekot<br \/>\n&#8211; Langj\u00e4hrige Erfahrung und Entwicklungsarbeit<br \/>\nBoxen aus FSC-zertifiziertem Material[\/vc_column_text]<a href=\"#oben\" class=\"konte-button button-normal text-default align-inline large   button square\">Kaufen<\/a>[\/vc_column][\/vc_row][vc_row full_width=&#8221;stretch_row&#8221; css=&#8221;.vc_custom_1640175618733{padding-top: 30px !important;padding-bottom: 30px !important;}&#8221;][vc_column width=&#8221;6\/12&#8243;][vc_column_text]<\/p>\n<h2>Saumtaschen mit gutem Gewissen<\/h2>\n<p>Wie wir durch unsere regelm\u00e4\u00dfigen Aufr\u00e4umaktionen, aber auch durch den Austausch mit vielen St\u00e4dten und Gemeinden wissen, landen immer noch sehr viele Hundekott\u00fcten in der Umwelt. Da diese im Gegensatz zu Hunden selbst nicht biologisch abbaubar sind, k\u00f6nnen sie f\u00fcr Jahrzehnte oder sogar Jahrhunderte ein gro\u00dfes Plastikm\u00fcllproblem darstellen.<\/p>\n<p>Daher ist es f\u00fcr uns entscheidend, dass m\u00f6glichst viele Hundekotbeutel durch abbaubares Material ersetzt werden.Mit unseren biologisch abbaubaren Hundekotbeuteln bieten wir Ihnen die ideale L\u00f6sung:<\/p>\n<p>&#8211; Hergestellt aus Biokunststoffen der modernsten Generation<br \/>\n&#8211; OK compost HOME zertifiziert (getestet bei 20 &#8211; 30\u00b0C) vom T\u00dcV Austria<br \/>\nZersetzt sich unter Hauskompostbedingungen sp\u00e4testens innerhalb von 12 Monaten zu mindestens 90 %<br \/>\n&#8211; Unter guten Abbaubedingungen ist bereits nach 3 Monaten ein nahezu vollst\u00e4ndiger Abbau m\u00f6glich<br \/>\n&#8211; St\u00e4rkemischung aus 30 % nachwachsenden Rohstoffen (Maisst\u00e4rke, Abfall) und biologisch abbaubarem Copolymer<br \/>\n&#8211; Frei von Weichmachern, Polyethylen und gentechnisch ver\u00e4nderten Stoffen<br \/>\n&#8211; Die Rollenkerne aus Pappe[\/vc_column_text][\/vc_column][vc_column width=&#8221;6\/12&#8243;][vc_single_image image=&#8221;241377&#8243; img_size=&#8221;full&#8221;][\/vc_column][\/vc_row][vc_row full_width=&#8221;stretch_row&#8221; css=&#8221;.vc_custom_1640175610054{padding-top: 30px !important;padding-bottom: 30px !important;}&#8221;][vc_column width=&#8221;5\/12&#8243;][vc_single_image image=&#8221;241382&#8243; img_size=&#8221;full&#8221;][\/vc_column][vc_column width=&#8221;7\/12&#8243;][vc_column_text]<\/p>\n<h2>Was bedeutet \u201ebiologisch abbaubarer\u201c Kunststoff?<\/h2>\n<p>Der Begriff \u201eBio\u201c wird bei Kunststoffen verwendet, wenn Materialien entweder biobasiert sind (Anteil nachwachsende Rohstoffe enthalten, unabh\u00e4ngig von der H\u00f6he des Anteils), biologisch abbaubar sind oder beide Kriterien erf\u00fcllen.<\/p>\n<p>Ein biologisch abbaubarer Kunststoff, der zu 100 % auf Erd\u00f6l basiert, wird daher auch als Biokunststoff oder Biokunststoff bezeichnet, ebenso wie ein Kunststoff, der zu 100 % aus pflanzlichen Bestandteilen besteht, aber nicht abbaubar ist. Entscheidend ist die chemische Struktur des Kunststoffs. Anders als bei Lebensmitteln bedeutet der Begriff \u201eBio\u201c bei Kunststoffen nicht die \u00f6kologische Herstellung der verwendeten nachwachsenden Rohstoffe.[\/vc_column_text]<a href=\"#oben\" class=\"konte-button button-normal text-default align-inline large   button square\">Kaufen<\/a>[\/vc_column][\/vc_row][vc_row full_width=&#8221;stretch_row_content_no_spaces&#8221;][vc_column][vc_single_image image=&#8221;241372&#8243; img_size=&#8221;full&#8221;][\/vc_column][\/vc_row][vc_row][vc_column width=&#8221;2\/12&#8243;][\/vc_column][vc_column width=&#8221;8\/12&#8243;][vc_column_text]Wir Hundebesitzer lieben es, im Gr\u00fcnen oder am Wasser spazieren zu gehen \u2013 also dort, wo es besonders schmerzt, wenn Plastik in der Natur verbleibt. Oft werden Hundetaschen jedoch in der Wildnis gelassen. Au\u00dferdem werden viele M\u00fclleimer sogar bewusst entsorgt, um Geld zu sparen.<\/p>\n<h3>Die einfache L\u00f6sung<\/h3>\n<p>Daher ist es f\u00fcr uns entscheidend, dass m\u00f6glichst viele Hundetaschen durch biologisch abbaubares Material ersetzt werden. Um sicherzustellen, dass ein biologischer Abbau grunds\u00e4tzlich auch bei Umgebungstemperaturen m\u00f6glich ist, ist die Heimkompostierbarkeit (OK compost HOME-Zertifizierung) aus unserer Sicht der beste Indikator, da hier bei 20 \u2013 30 \u00b0C gepr\u00fcft wird, allerdings unter definierten Bedingungen. Im Vergleich zur industriellen Kompostierbarkeit, bei Temperaturen teilweise \u00fcber 60\u00b0C sowie Oxo-Kotbeuteln (ca. 98% PE + 2% Zusatzstoffe wie EPI oder d2w), ist die Heimkompostierbarkeit daher f\u00fcr uns ein entscheidender Mehrwert.<\/p>\n<p>Biologisch abbaubare Hundekotbeutel von The Sustainable People bestehen aus Biokunststoff der neuesten Generation und sind OK compost HOME-zertifiziert, d.h. mindestens 90 % unter Hauskompostbedingungen sp\u00e4testens innerhalb von 12 Monaten abgebaut. Unter guten Abbaubedingungen in der Hamburger Natur (ausreichende Pr\u00e4senz von Mikroorganismen, Sonneneinstrahlung, Feuchtigkeit) war bei einem ihrer Versuche im Fr\u00fchjahr nach drei Monaten nur ein Teil der Knollen \u00fcbrig geblieben.[\/vc_column_text]<p class=\"konte-button-wrapper text-center\"><a href=\"#oben\" class=\"konte-button button-normal text-default align-center large   button square\">Kaufen<\/a><\/p>[\/vc_column][vc_column width=&#8221;2\/12&#8243;][\/vc_column][\/vc_row][vc_row][vc_column width=&#8221;2\/12&#8243;][\/vc_column][vc_column width=&#8221;8\/12&#8243;][vc_custom_heading text=&#8221;Fragen und Antworten&#8221; font_container=&#8221;tag:h2|text_align:center&#8221; use_theme_fonts=&#8221;yes&#8221;][vc_toggle title=&#8221;Was bedeutet Bio in Biokunststoff?&#8221;]Der Begriff \u201eBio\u201c wird bei Kunststoffen verwendet, wenn Materialien entweder biobasiert sind (Anteil nachwachsende Rohstoffe enthalten, unabh\u00e4ngig von der H\u00f6he des Anteils), biologisch abbaubar sind oder beide Kriterien erf\u00fcllen.<\/p>\n<p>Ein Kunststoff, der zu 100 % aus Erd\u00f6l besteht, wird daher auch als Biokunststoff oder Biokunststoff bezeichnet, ebenso wie ein Kunststoff, der zu 100 % aus pflanzlichen Bestandteilen besteht, aber nicht abbaubar ist. Anders als bei Lebensmitteln bedeutet der Begriff \u201eBio\u201c bei Kunststoffen nicht die \u00f6kologische Herstellung der verwendeten nachwachsenden Rohstoffe.[\/vc_toggle][\/vc_column][vc_column width=&#8221;2\/12&#8243;][\/vc_column][\/vc_row]<\/p>\n<\/div>","protected":false},"excerpt":{"rendered":"<p>Biologisch abbaubare Hundetaschen sind die nachhaltige Wahl. Die Hundetaschen sind aus einem dicken und strapazierf\u00e4higen Material gefertigt und lassen sich leicht entfernen. Die preisgekr\u00f6nten biologisch abbaubaren Hundet\u00fcten von Sustainable People bestehen zu 90 % aus nachwachsenden Rohstoffen und sind somit ein nat\u00fcrlicher Bestandteil des Alltags eines umweltbewussten Hundes.<\/p>\n<p><strong>Inhalt<\/strong>: 8 Rollen 23 x 35 cm &#8211; 112 St\u00fcck<\/p>\n","protected":false},"featured_media":241397,"comment_status":"open","ping_status":"closed","template":"","meta":{"inline_featured_image":false},"product_brand":[],"product_cat":[859,708],"product_tag":[1114],"class_list":{"0":"post-241986","1":"product","2":"type-product","3":"status-publish","4":"has-post-thumbnail","6":"product_cat-ausruestung-fuer-hunde","7":"product_cat-hundetaschen","8":"product_tag-hervorgehoben","9":"product_shipping_class-post","11":"first","12":"instock","13":"sale","14":"taxable","15":"shipping-taxable","16":"purchasable","17":"product-type-simple"},"composite_virtual":false,"composite_layout":"","composite_add_to_cart_form_location":"","composite_editable_in_cart":false,"composite_sold_individually_context":"","composite_shop_price_calc":"","composite_components":[],"composite_scenarios":[],"bundled_by":["254861"],"bundle_stock_status":"instock","bundle_stock_quantity":37,"bundle_virtual":false,"bundle_layout":"","bundle_add_to_cart_form_location":"","bundle_editable_in_cart":false,"bundle_sold_individually_context":"","bundle_item_grouping":"","bundle_min_size":"","bundle_max_size":"","bundle_price":[],"bundled_items":[],"bundle_sell_ids":[],"_links":{"self":[{"href":"https:\/\/maetpets.com\/de\/wp-json\/wp\/v2\/product\/241986","targetHints":{"allow":["GET"]}}],"collection":[{"href":"https:\/\/maetpets.com\/de\/wp-json\/wp\/v2\/product"}],"about":[{"href":"https:\/\/maetpets.com\/de\/wp-json\/wp\/v2\/types\/product"}],"replies":[{"embeddable":true,"href":"https:\/\/maetpets.com\/de\/wp-json\/wp\/v2\/comments?post=241986"}],"wp:featuredmedia":[{"embeddable":true,"href":"https:\/\/maetpets.com\/de\/wp-json\/wp\/v2\/media\/241397"}],"wp:attachment":[{"href":"https:\/\/maetpets.com\/de\/wp-json\/wp\/v2\/media?parent=241986"}],"wp:term":[{"taxonomy":"product_brand","embeddable":true,"href":"https:\/\/maetpets.com\/de\/wp-json\/wp\/v2\/product_brand?post=241986"},{"taxonomy":"product_cat","embeddable":true,"href":"https:\/\/maetpets.com\/de\/wp-json\/wp\/v2\/product_cat?post=241986"},{"taxonomy":"product_tag","embeddable":true,"href":"https:\/\/maetpets.com\/de\/wp-json\/wp\/v2\/product_tag?post=241986"}],"curies":[{"name":"wp","href":"https:\/\/api.w.org\/{rel}","templated":true}]}}