{"id":241984,"date":"2022-05-13T16:58:02","date_gmt":"2022-05-13T14:58:02","guid":{"rendered":"https:\/\/maetpets.com\/product\/foxy-der-bauer\/"},"modified":"2022-05-20T20:49:35","modified_gmt":"2022-05-20T18:49:35","slug":"foxy-der-bauer","status":"publish","type":"product","link":"https:\/\/maetpets.com\/de\/produkt\/foxy-der-bauer\/","title":{"rendered":"Foxy der Bauer"},"content":{"rendered":"<div class=\"wpb-content-wrapper\"><p>[vc_row][vc_column][vc_single_image image=&#8221;241219&#8243; img_size=&#8221;full&#8221;][vc_single_image image=&#8221;241224&#8243; img_size=&#8221;full&#8221;][vc_single_image image=&#8221;241229&#8243; img_size=&#8221;full&#8221;][\/vc_column][\/vc_row]<\/p>\n<\/div>","protected":false},"excerpt":{"rendered":"<p>Foxy ist ein echter \u00d6ko-Fuchs. Er besteht aus organischen Materialien und hat eine geringe Klimabilanz.<\/p>\n<p>Der Fuchs ist eines der bekanntesten S\u00e4ugetiere D\u00e4nemarks. Der Fuchs ist im ganzen Land verbreitet, wo er sowohl in den St\u00e4dten als auch auf dem Land und in der Natur lebt. Er ist daher ein offensichtlicher Spielkamerad f\u00fcr Ihren Hunni.<\/p>\n<p>Gut f\u00fcr Welpen, da keine harten Elemente enthalten sind und die F\u00fcllung weich ist. Empfohlen f\u00fcr den Innenbereich und kann f\u00fcr das Training verwendet werden, wenn der Hund lernen muss, loszulassen.<\/p>\n","protected":false},"featured_media":241214,"comment_status":"open","ping_status":"closed","template":"","meta":{"inline_featured_image":false},"product_brand":[],"product_cat":[706],"product_tag":[],"class_list":{"0":"post-241984","1":"product","2":"type-product","3":"status-publish","4":"has-post-thumbnail","6":"product_cat-pluesch","7":"product_shipping_class-post","9":"first","10":"outofstock","11":"taxable","12":"shipping-taxable","13":"purchasable","14":"product-type-simple"},"composite_virtual":false,"composite_layout":"","composite_add_to_cart_form_location":"","composite_editable_in_cart":false,"composite_sold_individually_context":"","composite_shop_price_calc":"","composite_components":[],"composite_scenarios":[],"bundled_by":[],"bundle_stock_status":"outofstock","bundle_stock_quantity":0,"bundle_virtual":false,"bundle_layout":"","bundle_add_to_cart_form_location":"","bundle_editable_in_cart":false,"bundle_sold_individually_context":"","bundle_item_grouping":"","bundle_min_size":"","bundle_max_size":"","bundle_price":[],"bundled_items":[],"bundle_sell_ids":[],"_links":{"self":[{"href":"https:\/\/maetpets.com\/de\/wp-json\/wp\/v2\/product\/241984","targetHints":{"allow":["GET"]}}],"collection":[{"href":"https:\/\/maetpets.com\/de\/wp-json\/wp\/v2\/product"}],"about":[{"href":"https:\/\/maetpets.com\/de\/wp-json\/wp\/v2\/types\/product"}],"replies":[{"embeddable":true,"href":"https:\/\/maetpets.com\/de\/wp-json\/wp\/v2\/comments?post=241984"}],"wp:featuredmedia":[{"embeddable":true,"href":"https:\/\/maetpets.com\/de\/wp-json\/wp\/v2\/media\/241214"}],"wp:attachment":[{"href":"https:\/\/maetpets.com\/de\/wp-json\/wp\/v2\/media?parent=241984"}],"wp:term":[{"taxonomy":"product_brand","embeddable":true,"href":"https:\/\/maetpets.com\/de\/wp-json\/wp\/v2\/product_brand?post=241984"},{"taxonomy":"product_cat","embeddable":true,"href":"https:\/\/maetpets.com\/de\/wp-json\/wp\/v2\/product_cat?post=241984"},{"taxonomy":"product_tag","embeddable":true,"href":"https:\/\/maetpets.com\/de\/wp-json\/wp\/v2\/product_tag?post=241984"}],"curies":[{"name":"wp","href":"https:\/\/api.w.org\/{rel}","templated":true}]}}