{"id":241883,"date":"2020-11-10T16:23:53","date_gmt":"2020-11-10T15:23:53","guid":{"rendered":"https:\/\/maetpets.com\/product\/haehnchen-deli\/"},"modified":"2024-03-25T08:26:03","modified_gmt":"2024-03-25T07:26:03","slug":"huehnchen-deli-getreidefreies-hundefutter-mit-huhn","status":"publish","type":"product","link":"https:\/\/maetpets.com\/de\/produkt\/huehnchen-deli-getreidefreies-hundefutter-mit-huhn\/","title":{"rendered":"H\u00e4hnchen-Deli"},"content":{"rendered":"<div class=\"wpb-content-wrapper\"><p>[vc_row full_width=&#8221;stretch_row&#8221; full_height=&#8221;yes&#8221; equal_height=&#8221;yes&#8221; content_placement=&#8221;middle&#8221; css=&#8221;.vc_custom_1606473855858{padding-top: 30px !important;padding-bottom: 30px !important;background-color: #2b1910 !important;background-position: center !important;background-repeat: no-repeat !important;background-size: cover !important;}&#8221;][vc_column][vc_custom_heading text=&#8221;FRISCHE NORDISCHE ZUTATEN&#8221; font_container=&#8221;tag:h3|text_align:center|color:%23fff9f7&#8243; use_theme_fonts=&#8221;yes&#8221; css=&#8221;.vc_custom_1606475029737{padding-top: 50px !important;}&#8221;][vc_custom_heading text=&#8221;H\u00c4HNCHEN, SPINAT, ZANGEN&#8221; font_container=&#8221;tag:h3|font_size:64|text_align:center|color:%235bba47&#8243; use_theme_fonts=&#8221;yes&#8221;][vc_single_image image=&#8221;234789&#8243; img_size=&#8221;full&#8221; alignment=&#8221;center&#8221;][\/vc_column][\/vc_row][vc_row full_width=&#8221;stretch_row&#8221; css=&#8221;.vc_custom_1606474488520{padding-top: 60px !important;padding-bottom: 60px !important;background-color: #fff9f7 !important;}&#8221;][vc_column width=&#8221;5\/12&#8243;][vc_single_image image=&#8221;243187&#8243; img_size=&#8221;350&#215;350&#8243;][\/vc_column][vc_column width=&#8221;7\/12&#8243;][vc_custom_heading text=&#8221;T\u00e4gliche Dosierung&#8221; use_theme_fonts=&#8221;yes&#8221; css=&#8221;.vc_custom_1605879989446{padding-bottom: 30px !important;}&#8221;][vc_column_text]<b>Empfohlene Tagesdosis:<\/b> 3 % des Hundegewichts.<\/p>\n<p><b>Gewicht \/ Empfohlene Tagesration (ca.)<\/b><br \/>\n5kg: 150-170g<br \/>\n10kg: 300-350g<br \/>\n15 kg: 450-500 (entspricht ca. 1 Wurst)<br \/>\n20 kg: 600 g<br \/>\n30 kg: 900 g<br \/>\n35 kg: 1000g (entspricht ca. 2 W\u00fcrstchen)<br \/>\n40 kg: 1.200 g<\/p>\n<p>Ber\u00fccksichtigen Sie bei der Dosierung die Aktivit\u00e4t, Bewegung, andere Ern\u00e4hrung und Snacks des Hundes.[\/vc_column_text][\/vc_column][\/vc_row][vc_row full_width=&#8221;stretch_row_content_no_spaces&#8221; css=&#8221;.vc_custom_1606474433047{padding-top: 100px !important;padding-right: 20px !important;padding-bottom: 100px !important;padding-left: 20px !important;background-color: #193119 !important;background-position: center !important;background-repeat: no-repeat !important;background-size: cover !important;}&#8221;][vc_column width=&#8221;1\/4&#8243; css=&#8221;.vc_custom_1605610677798{padding-right: 30px !important;padding-left: 30px !important;}&#8221;][\/vc_column][vc_column width=&#8221;2\/4&#8243;][vc_custom_heading text=&#8221;\u201eAls wir die Gelegenheit bekamen, ein neues alternatives Hundefutter auszuprobieren, waren wir gl\u00fccklich! Wir sch\u00e4tzen die Auswahl der Rohstoffe, da das Futter nicht verarbeitet wird und dadurch fast nicht frischer wird.<br \/>\nEs ist toll, ihn mit leckerem, nahrhaftem Hundefutter gl\u00fccklich zu machen, wenn wir nach Hause kommen. Wir k\u00f6nnen M\u00c6T nicht genug empfehlen.&#8221; font_container=&#8221;tag:p|font_size:30|text_align:center|color:%23fff9f7&#8243; use_theme_fonts=&#8221;yes&#8221; css=&#8221;.vc_custom_1607505026429{padding-bottom: 20px !important;}&#8221;][vc_custom_heading text=&#8221;Jetzt haben wir 2 Wochen lang M\u00c6T und glauben, dass wir f\u00fchlen k\u00f6nnen, dass seine Stimmung ausgeglichen ist. Er schl\u00e4ft durch und denkt, es liegt daran, dass er auf eine gute Art und Weise satt ist.&#8220;&#8221; font_container=&#8221;tag:p|font_size:30|text_align:center|color:%23fff9f7&#8243; use_theme_fonts=&#8221;yes&#8221; css=&#8221;.vc_custom_1646404104857{padding-bottom: 20px !important;}&#8221;][vc_custom_heading text=&#8221;Gavin und sein cotontzu \/ shiton Pelle mit fast \u00bd Jahren&#8221; font_container=&#8221;tag:h4|text_align:center|color:%23ec5f43&#8243; use_theme_fonts=&#8221;yes&#8221; css=&#8221;.vc_custom_1607505907174{padding-bottom: 50px !important;}&#8221; link=&#8221;url:https%3A%2F%2Fwww.instagram.com%2Fpellenugget%2F|target:_blank|&#8221;][vc_single_image image=&#8221;234876&#8243; alignment=&#8221;center&#8221;][\/vc_column][vc_column width=&#8221;1\/4&#8243;][\/vc_column][\/vc_row][vc_row full_width=&#8221;stretch_row&#8221; css=&#8221;.vc_custom_1663786118638{padding-top: 30px !important;padding-bottom: 30px !important;background-color: #fff9f7 !important;}&#8221;][vc_column width=&#8221;6\/12&#8243;][vc_single_image image=&#8221;246765&#8243; img_size=&#8221;full&#8221;][\/vc_column][vc_column width=&#8221;6\/12&#8243;][vc_custom_heading text=&#8221;Nat\u00fcrliches Schlankheitsfutter f\u00fcr Hunde mit 80% Fleisch und Gem\u00fcse&#8221; use_theme_fonts=&#8221;yes&#8221; css=&#8221;.vc_custom_1663785863683{padding-bottom: 20px !important;}&#8221;][vc_column_text]<span style=\"font-weight: 400;\">Hundefutter mit Huhn ist eine magere Quelle f\u00fcr gesunde Proteine. Spinat enth\u00e4lt Vitamine und Mineralstoffe wie die Vitamine K und E sowie Magnesium, und Seetang ist eine nat\u00fcrliche Jodquelle, die die Schilddr\u00fcse unterst\u00fctzt und die Gesundheit von Fell und Darm f\u00f6rdert.<\/span>[\/vc_column_text][\/vc_column][\/vc_row][vc_row full_width=&#8221;stretch_row&#8221; css=&#8221;.vc_custom_1653897548563{padding-top: 40px !important;padding-bottom: 40px !important;background-position: center !important;background-repeat: no-repeat !important;background-size: contain !important;}&#8221; el_id=&#8221;Ern\u00e4hrung&#8221;][vc_column][vc_custom_heading text=&#8221;Ern\u00e4hrungsinformation&#8221; use_theme_fonts=&#8221;yes&#8221; css=&#8221;.vc_custom_1606297081281{padding-bottom: 15px !important;}&#8221;][vc_column_text css=&#8221;.vc_custom_1646404152325{padding-bottom: 30px !important;}&#8221;]Chicken Deli ist ein k\u00f6stliches getreidefreies Hundefutter, das zu 80 % aus Fleisch und gesundem Gem\u00fcse besteht.<br \/>\nEnth\u00e4lt alle N\u00e4hrstoffe, Vitamine und Mineralstoffe, die Ihr Hund ben\u00f6tigt.[\/vc_column_text][\/vc_column][vc_column width=&#8221;1\/2&#8243;][vc_column_text]<\/p>\n<p class=\"p2\"><strong>N\u00c4HRSTOFFGEHALT <\/strong><\/p>\n<p class=\"p2\">Energie\/Energie 4,2 MJ\/kg 1003 kcal\/kg<br \/>\nEiwei\u00df &#8230;&#8230;&#8230;&#8230;&#8230;&#8230;&#8230;&#8230;. 15,5 %<br \/>\nFett\/Fett &#8230;&#8230;&#8230;&#8230;&#8230;&#8230;&#8230;&#8230;&#8230;..8%<br \/>\nBallaststoffe &#8230;&#8230;&#8230;&#8230;&#8230;&#8230;&#8230;&#8230;. 0,8 %<br \/>\nAsche &#8230;&#8230;&#8230;&#8230;&#8230;&#8230;&#8230;&#8230;. 1,5 %<br \/>\nKalzium &#8230;&#8230;&#8230;&#8230;&#8230;&#8230;&#8230;&#8230;. 0,21 %<br \/>\nPhosphor &#8230;&#8230;&#8230;. 0,11 %<\/p>\n<p class=\"p2\">Feuchtigkeitsgehalt: 78,4%.<br \/>\nFleischanteil: 80<\/p>\n<p>[\/vc_column_text][\/vc_column][vc_column width=&#8221;1\/2&#8243;][vc_column_text]<b>Nat\u00fcrlich enthaltene N\u00e4hrstoffe:<\/b><\/p>\n<p>Vitamin A 3360 IE\/kg, Vitamin D 605 IE\/kg, Vitamin E 45 IE\/kg, Vitamin C 3,4 mg\/kg, Vitamin B1 0,5 mg\/kg, Vitamin B2 1 mg\/kg, Vitamin B6 2,8 mg\/kg, Vitamin B12 0,9 \u03bcg\/kg, Biotin 8,7 \u03bcg\/kg, Niacin 39 mg\/kg, Pantothens\u00e4ure 2,3 mg\/kg, Fols\u00e4ure 0,081 mg\/kg, Zink 70 mg\/kg, Magnesium 520 mg\/kg, Natrium 1200 mg\/kg, Eisen 12 mg\/kg, Kupfer 5 mg\/kg, Mangan 4 mg\/kg, Kalium 1,6 g\/kg, Jod 430 \u03bcg\/kg, Jod 430 \u03bcg\/kg.[\/vc_column_text][vc_column_text]<b>Davon zugesetzte ern\u00e4hrungsphysiologische Zusatzstoffe:<\/b><\/p>\n<p>Vitamin D 450 IE\/kg, Vitamin E 40 IE\/kg, Zink 60 mg\/kg, Magnesium 320 mg\/kg, Kupfer 5 mg\/kg, Mangan 1,8 mg\/kg, Jod 430 \u03bcg\/kg.[\/vc_column_text][\/vc_column][\/vc_row][vc_row full_width=&#8221;stretch_row&#8221; full_height=&#8221;yes&#8221; equal_height=&#8221;yes&#8221; content_placement=&#8221;middle&#8221; css=&#8221;.vc_custom_1606474481423{padding-top: 60px !important;padding-bottom: 60px !important;background-color: #193119 !important;background-position: center !important;background-repeat: no-repeat !important;background-size: cover !important;}&#8221;][vc_column][vc_custom_heading text=&#8221;FRISCH IST AM BESTEN&#8221; font_container=&#8221;tag:h2|font_size:70|text_align:center|color:%23ec5f43&#8243; use_theme_fonts=&#8221;yes&#8221; css=&#8221;.vc_custom_1606319018069{padding-bottom: 20px !important;}&#8221;][\/vc_column][vc_column width=&#8221;1\/4&#8243;][vc_custom_heading text=&#8221;Nordische Rohstoffe&#8221; font_container=&#8221;tag:h3|text_align:center|color:%23fff9f7&#8243; use_theme_fonts=&#8221;yes&#8221; css=&#8221;.vc_custom_1606473785044{padding-bottom: 15px !important;}&#8221;][vc_custom_heading text=&#8221;Frisches Fleisch und Gem\u00fcse&#8221; font_container=&#8221;tag:h3|text_align:center|color:%23fff9f7&#8243; use_theme_fonts=&#8221;yes&#8221; css=&#8221;.vc_custom_1615976110413{padding-bottom: 15px !important;}&#8221;][vc_custom_heading text=&#8221;Gef\u00fcllt mit Vitaminen&#8221; font_container=&#8221;tag:h3|text_align:center|color:%23fff9f7&#8243; use_theme_fonts=&#8221;yes&#8221; css=&#8221;.vc_custom_1606473801253{padding-bottom: 15px !important;}&#8221;][\/vc_column][vc_column width=&#8221;2\/4&#8243;][vc_single_image image=&#8221;234783&#8243; img_size=&#8221;full&#8221; alignment=&#8221;center&#8221;][\/vc_column][vc_column width=&#8221;1\/4&#8243;][vc_custom_heading text=&#8221;Einzelnes Protein&#8221; font_container=&#8221;tag:h3|text_align:center|color:%23fff9f7&#8243; use_theme_fonts=&#8221;yes&#8221; css=&#8221;.vc_custom_1606473808097{padding-bottom: 15px !important;}&#8221;][vc_custom_heading text=&#8221;Hohe Verdaulichkeit&#8221; font_container=&#8221;tag:h3|text_align:center|color:%23fff9f7&#8243; use_theme_fonts=&#8221;yes&#8221; css=&#8221;.vc_custom_1606473815845{padding-bottom: 15px !important;}&#8221;][vc_custom_heading text=&#8221;Keine Konservierungsstoffe&#8221; font_container=&#8221;tag:h3|text_align:center|color:%23fff9f7&#8243; use_theme_fonts=&#8221;yes&#8221; css=&#8221;.vc_custom_1614338366512{padding-bottom: 15px !important;}&#8221;][\/vc_column][\/vc_row][vc_row full_width=&#8221;stretch_row&#8221; css=&#8221;.vc_custom_1606295919975{padding-top: 30px !important;background-color: #fff9f7 !important;}&#8221;][vc_column width=&#8221;1\/12&#8243; css=&#8221;.vc_custom_1605784949857{background-color: #fff9f7 !important;}&#8221;][\/vc_column][vc_column width=&#8221;10\/12&#8243;][vc_custom_heading text=&#8221;Fragen und Antworten&#8221; font_container=&#8221;tag:h2|text_align:center&#8221; use_theme_fonts=&#8221;yes&#8221;][vc_toggle title=&#8221;Was ist im Chicken Deli?&#8221;]<span style=\"font-weight: 400;\">Chicken Deli von M\u00c6T ist Hundefutter mit Huhn (80%), sowie Spinat und Seealgen. Es sind keine Konservierungsstoffe, Farbstoffe oder Aromen enthalten. Die einzigen Zusatzstoffe in Chicken Deli sind zus\u00e4tzliche Vitamine und Mineralstoffe. <\/span>[\/vc_toggle][vc_toggle title=&#8221;Warum sollte ich mich f\u00fcr frisches Hundefutter entscheiden?&#8221;]<span style=\"font-weight: 400;\">Das frische Hundefutter von M\u00c6T wird aus den besten nordischen Zutaten hergestellt. Es gibt keine Konservierungsstoffe oder zugesetzte Farb- und Geschmacksstoffe. Frisches Hundefutter wurde im Sous-Vide-Verfahren leicht gegart, wodurch dein Hund die N\u00e4hrstoffe des Futters besser aufnehmen kann.  <\/span><\/p>\n<p><span style=\"font-weight: 400;\">Frisches Hundefutter hat eine viel h\u00f6here Aufnahme als andere Arten von Hundefutter. Wenn du der Meinung bist, dass dein Hund frisches, gesundes und schmackhaftes Futter verdient, solltest du frisches Hundefutter ausprobieren.<\/span>[\/vc_toggle][vc_toggle title=&#8221;Was ist der Unterschied zwischen Deli- und Risotto-Hundefutter?&#8221;]<span style=\"font-weight: 400;\">In den Rezepten von M\u00c6T s Deli ist kein Getreide oder Gluten enthalten. Sie haben einen geringen Fettanteil und sind besonders f\u00fcr Hunde geeignet, die auf ihr Gewicht achten m\u00fcssen. <\/span><\/p>\n<p><span style=\"font-weight: 400;\">In den Risotto-Rezepten von M\u00c6T ist Reis drin, aber sie sind trotzdem glutenfrei. Reis ist gut, um ein gutes und gesundes Gleichgewicht im Magen-Darm-System von Hunden zu schaffen. <\/span><\/p>\n<p><span style=\"font-weight: 400;\">Sowohl Deli als auch Risotto werden aus frischen nordischen Zutaten hergestellt. Sie sind frei von Konservierungs-, Farb- und Aromastoffen. Es wurden nur zus\u00e4tzliche Vitamine und Mineralstoffe hinzugef\u00fcgt.<\/span>[\/vc_toggle][\/vc_column][vc_column width=&#8221;1\/12&#8243;][\/vc_column][\/vc_row]<\/p>\n<\/div>","protected":false},"excerpt":{"rendered":"<p>Mit 80% frischem H\u00fchnerfleisch, Spinat und Seetang ist Chicken Deli aufgrund seines geringen Fettgehalts ein nat\u00fcrliches und getreidefreies Schlankheitsfutter. Eine leckere Mahlzeit, die besonders f\u00fcr Hunde geeignet ist, die auf ihr Gewicht achten m\u00fcssen. Gluten- und getreidefrei.<\/p>\n<p><strong>NETTOGEWICHT: 500 g <\/strong><\/p>\n<p><strong>INHALT<\/strong>: Huhn (80%) (Fleisch, Haut, Organe), Wasser, Spinat (5%), Schweinegelatine, Erbsenmehl, Kartoffelfaser, Algen (1%), Vitamine und Mineralstoffe.<\/p>\n<p><strong><span style=\"text-decoration: underline;\"><a href=\"#nutrition\">Siehe N\u00e4hrwert<\/a><\/span><\/strong><\/p>\n","protected":false},"featured_media":234801,"comment_status":"open","ping_status":"closed","template":"","meta":{"inline_featured_image":false},"product_brand":[],"product_cat":[633],"product_tag":[696,678],"class_list":{"0":"post-241883","1":"product","2":"type-product","3":"status-publish","4":"has-post-thumbnail","6":"product_cat-hundefutter","7":"product_tag-feinkost","8":"product_tag-hundefutter-mit-huhn","9":"product_shipping_class-frisches-essen","11":"first","12":"outofstock","13":"taxable","14":"shipping-taxable","15":"purchasable","16":"product-type-simple"},"composite_virtual":false,"composite_layout":"","composite_add_to_cart_form_location":"","composite_editable_in_cart":false,"composite_sold_individually_context":"","composite_shop_price_calc":"","composite_components":[],"composite_scenarios":[],"bundled_by":["254841","263695"],"bundle_stock_status":"outofstock","bundle_stock_quantity":null,"bundle_virtual":false,"bundle_layout":"","bundle_add_to_cart_form_location":"","bundle_editable_in_cart":false,"bundle_sold_individually_context":"","bundle_item_grouping":"","bundle_min_size":"","bundle_max_size":"","bundle_price":[],"bundled_items":[],"bundle_sell_ids":[],"_links":{"self":[{"href":"https:\/\/maetpets.com\/de\/wp-json\/wp\/v2\/product\/241883","targetHints":{"allow":["GET"]}}],"collection":[{"href":"https:\/\/maetpets.com\/de\/wp-json\/wp\/v2\/product"}],"about":[{"href":"https:\/\/maetpets.com\/de\/wp-json\/wp\/v2\/types\/product"}],"replies":[{"embeddable":true,"href":"https:\/\/maetpets.com\/de\/wp-json\/wp\/v2\/comments?post=241883"}],"wp:featuredmedia":[{"embeddable":true,"href":"https:\/\/maetpets.com\/de\/wp-json\/wp\/v2\/media\/234801"}],"wp:attachment":[{"href":"https:\/\/maetpets.com\/de\/wp-json\/wp\/v2\/media?parent=241883"}],"wp:term":[{"taxonomy":"product_brand","embeddable":true,"href":"https:\/\/maetpets.com\/de\/wp-json\/wp\/v2\/product_brand?post=241883"},{"taxonomy":"product_cat","embeddable":true,"href":"https:\/\/maetpets.com\/de\/wp-json\/wp\/v2\/product_cat?post=241883"},{"taxonomy":"product_tag","embeddable":true,"href":"https:\/\/maetpets.com\/de\/wp-json\/wp\/v2\/product_tag?post=241883"}],"curies":[{"name":"wp","href":"https:\/\/api.w.org\/{rel}","templated":true}]}}