{"id":241880,"date":"2022-02-13T13:29:53","date_gmt":"2022-05-20T18:42:31","guid":{"rendered":"https:\/\/maetpets.com\/product\/pate-pate-gesundes-katzenfutter\/"},"modified":"2023-08-30T20:37:02","modified_gmt":"2023-08-30T18:37:02","slug":"pastete-pastete-katzenfutter-futter","status":"publish","type":"product","link":"https:\/\/maetpets.com\/de\/produkt\/pastete-pastete-katzenfutter-futter\/","title":{"rendered":"Pate Pate &#8211; Gesundes Katzenfutter"},"content":{"rendered":"<div class=\"wpb-content-wrapper\"><p>[vc_row][vc_column][vc_column_text]<\/p>\n<h2>Unsere Philosophie ist einfach: Frisch ist am besten<\/h2>\n<p>Wir bei M\u00c6T sind der Meinung, dass Katzen und Hunde echtes, frisches Futter verdienen, das einen Unterschied in ihrem Leben macht. Deshalb verwenden wir bei der Herstellung von Katzenfutter nur frische, reine Zutaten von h\u00f6chster Qualit\u00e4t.<\/p>\n<p><strong>Dank der hochwertigen Zutaten k\u00f6nnen wir gesundes, leckeres und frisches Futter herstellen, dem deine Katze nicht widerstehen kann!<\/strong>[\/vc_column_text][\/vc_column][\/vc_row][vc_row full_width=&#8221;stretch_row&#8221; equal_height=&#8221;yes&#8221; content_placement=&#8221;middle&#8221; css=&#8221;.vc_custom_1661444228438{padding-top: 100px !important;padding-bottom: 140px !important;background-color: #0b2945 !important;background-position: center !important;background-repeat: no-repeat !important;background-size: cover !important;}&#8221;][vc_column][vc_custom_heading text=&#8221;FRISCHE NORDISCHE ZUTATEN&#8221; font_container=&#8221;tag:h3|text_align:center|color:%23fff9f7&#8243; use_theme_fonts=&#8221;yes&#8221; css=&#8221;.vc_custom_1606475029737{padding-top: 50px !important;}&#8221;][vc_custom_heading text=&#8221;SCHWEINEFLEISCH, SOJAMEHL, GRAHAM-MEHL, HERING, LIMETTE, SALZ&#8221; font_container=&#8221;tag:h3|font_size:64|text_align:center|color:%23d54966&#8243; use_theme_fonts=&#8221;yes&#8221;][\/vc_column][\/vc_row][vc_row full_width=&#8221;stretch_row&#8221; css=&#8221;.vc_custom_1644854123365{padding-top: 60px !important;padding-bottom: 0px !important;}&#8221;][vc_column width=&#8221;6\/12&#8243;][vc_column_text]<\/p>\n<h2>Unsere Katzen verdienen echtes, frisches Katzenfutter<\/h2>\n<p>Als Gegenleistung f\u00fcr all die Freude, die sie uns bereiten, wollen wir sicherstellen, dass unsere Katzen gl\u00fccklich und gesund sind. Deshalb haben wir frische Mahlzeiten entwickelt, die einfach zu servieren sind.<\/p>\n<p>Unser Katzenfutter enth\u00e4lt echtes, hochwertiges Fleisch und Fisch als Hauptzutat. Das bedeutet bessere Ern\u00e4hrung und nat\u00fcrliche Fl\u00fcssigkeitszufuhr. Wir verwenden Zutaten aus dem Norden und garen unser Katzenfutter schonend im Dampf, damit es servierfertig ist.<\/p>\n<p>\u2705 Toller Geschmack und Duft &#8211; Katzen lieben es!<br \/>\n\u2705 Mit allen notwendigen Vitaminen und Mineralstoffen<br \/>\n\u2705 Keine Konservierungsstoffe, Aromen oder Farbstoffe[\/vc_column_text]<a href=\"#oben\" class=\"konte-button button-normal text-default align-inline medium   button square\">Bestellen<\/a><div class=\"konte-empty-space \" style=\"height: 60px\"><\/div>[\/vc_column][vc_column width=&#8221;6\/12&#8243;][vc_single_image image=&#8221;246115&#8243; img_size=&#8221;full&#8221; add_caption=&#8221;yes&#8221;][\/vc_column][\/vc_row][vc_row full_width=&#8221;stretch_row&#8221; css=&#8221;.vc_custom_1644854123365{padding-top: 60px !important;padding-bottom: 0px !important;}&#8221;][vc_column width=&#8221;6\/12&#8243;][vc_single_image image=&#8221;246120&#8243; img_size=&#8221;full&#8221; add_caption=&#8221;yes&#8221;][\/vc_column][vc_column width=&#8221;6\/12&#8243;][vc_column_text]<\/p>\n<h2>Es ist Zeit f\u00fcr eine neue Art von Katzenfutter, nass und trocken &#8211; unsere Katzen haben etwas Besseres verdient!<\/h2>\n<p>Die Auswahl an Trockenpellets und Katzennassfutter in Dosen ist riesig, aber wir dachten, es w\u00e4re an der Zeit, unseren Katzen besseres Futter anzubieten! Deshalb haben wir Katzenfutter entwickelt, das so frisch ist, dass du es nur im K\u00fchlschrank finden kannst!<\/p>\n<p>Das n\u00e4hrstoffreiche M\u00c6T Katzenfrischfutter gibt deiner Katze alles, was sie will und braucht &#8211; und nichts, was sie nicht braucht. Wir haben keine F\u00fcllstoffe, keine Zusatzstoffe, keine &#8220;Fleischpulver&#8221; oder Konservierungsstoffe. Nur das Allerbeste f\u00fcr deinen kleinen Freund.[\/vc_column_text]<a href=\"#oben\" class=\"konte-button button-normal text-default align-inline medium   button square\">Bestellen<\/a>[\/vc_column][\/vc_row][vc_row full_width=&#8221;stretch_row&#8221; css=&#8221;.vc_custom_1646078561649{padding-top: 60px !important;padding-bottom: 0px !important;}&#8221;][vc_column width=&#8221;6\/12&#8243;][vc_column_text]<\/p>\n<h2>Ein ges\u00fcnderer und einfacherer Alltag<\/h2>\n<p>Das Leben als Katzenbesitzer ist anstrengend &#8211; wir wollen es dir leichter machen. Wir liefern frisches und gesundes Katzenfutter direkt zu dir nach Hause. W\u00e4hrend Sie Spa\u00df haben, k\u00fcmmern wir uns um alle praktischen Dinge.<\/p>\n<p>Wenn du deiner Katze frisches Katzenfutter von M\u00c6T f\u00fctterst, kannst du sicher sein, dass sie die notwendigen Vitamine, Mineralien, Ballaststoffe und Proteine bekommt. Schieb deine Sorgen beiseite und nimm dir mehr Zeit f\u00fcr viele sch\u00f6ne Erlebnisse mit deinem kleinen vierbeinigen Freund \u2764\ufe0f[\/vc_column_text]<a href=\"#oben\" class=\"konte-button button-normal text-default align-inline medium   button square\">Bestellen<\/a><div class=\"konte-empty-space \" style=\"height: 30px\"><\/div>[\/vc_column][vc_column width=&#8221;6\/12&#8243;][vc_single_image image=&#8221;246125&#8243; img_size=&#8221;full&#8221; add_caption=&#8221;yes&#8221;][\/vc_column][\/vc_row][vc_row full_width=&#8221;stretch_row&#8221; css=&#8221;.vc_custom_1606474520510{padding-top: 40px !important;padding-bottom: 40px !important;background-position: center !important;background-repeat: no-repeat !important;background-size: contain !important;}&#8221;][vc_column][vc_custom_heading text=&#8221;Ern\u00e4hrungsinformation&#8221; use_theme_fonts=&#8221;yes&#8221; css=&#8221;.vc_custom_1606297081281{padding-bottom: 15px !important;}&#8221;][\/vc_column][vc_column width=&#8221;1\/2&#8243;][vc_column_text]<\/p>\n<p class=\"p2\"><strong>N\u00c4HRSTOFFGEHALT <\/strong><\/p>\n<p class=\"p2\">Energi\/Energie 5,2 MJ\/kg<br \/>\nProtein &#8230;&#8230;&#8230;&#8230;&#8230;&#8230;&#8230;&#8230;&#8230;. 11,0%<br \/>\nFutter\/Fett &#8230;&#8230;&#8230;&#8230;&#8230;&#8230;&#8230;&#8230;&#8230; 6.5<\/p>\n<p>Kalk &#8230;&#8230;&#8230;&#8230;&#8230;&#8230;&#8230;&#8230;&#8230;&#8230;&#8230; 0,4<br \/>\nPhosphor &#8230;&#8230;&#8230;&#8230;&#8230;&#8230;&#8230;&#8230;&#8230;&#8230; 0,3<\/p>\n<p class=\"p2\">Feuchtigkeitsgehalt: 71,0%.<br \/>\nFleischanteil: 32<\/p>\n<p>[\/vc_column_text][\/vc_column][vc_column width=&#8221;1\/2&#8243;][\/vc_column][\/vc_row][vc_row][vc_column width=&#8221;2\/12&#8243;][\/vc_column][vc_column width=&#8221;8\/12&#8243;][vc_custom_heading text=&#8221;Ern\u00e4hrungsinformation&#8221; use_theme_fonts=&#8221;yes&#8221; css=&#8221;.vc_custom_1606297081281{padding-bottom: 15px !important;}&#8221;][vc_toggle title=&#8221;Vorteile von Hering im Katzenfutter&#8221;]Hering enth\u00e4lt die ber\u00fchmten Omega-3- und Omega-6-Fetts\u00e4uren, die f\u00fcr eine Vielzahl biologischer Funktionen wichtig sind: Hautqualit\u00e4t, Gelenkflexibilit\u00e4t, neuronale Funktion und Herz-Kreislauf-Schutz. Diese Omega-3-Fetts\u00e4uren haben auch eine entz\u00fcndungshemmende Wirkung, die bei der Behandlung von Krankheiten wie Asthma, Arthritis, Schuppenflechte und entz\u00fcndlichen Darmerkrankungen n\u00fctzlich ist.<\/p>\n<p>Hering enth\u00e4lt auch die Vitamine A und D. Vitamin A ist besonders wichtig f\u00fcr die Sehkraft und die Fruchtbarkeit. Vitamin D ist extrem wichtig, ihm werden sogar hormonelle Eigenschaften zugeschrieben. Es ist an vielen physiologischen Funktionen beteiligt (Immunit\u00e4t, Fruchtbarkeit, Verkn\u00f6cherung, etc.).<\/p>\n<p>Hering hat eine hohe Konzentration an Selen, einem Spurenelement, dessen antioxidative Eigenschaften vielfach nachgewiesen wurden. Auf diese Weise hilft es, die vorzeitige Alterung der Zellen durch freie Radikale zu verhindern.[\/vc_toggle][vc_toggle title=&#8221;Was sind die Vorteile von frischem Schweinefleisch?&#8221;]Schweinefleisch versorgt deine Katze mit tierischem Eiwei\u00df und Vitaminen. Es ist eine Quelle von Taurin, das f\u00fcr die Entwicklung der Muskeln, des Gehirns und der Netzhaut deines Tieres wichtig ist. Au\u00dferdem enth\u00e4lt Schweinefleisch Vitamin B, das zur St\u00e4rkung des Immunsystems deiner Katze beitr\u00e4gt. Tats\u00e4chlich spielt Vitamin B1 oder Thiamin eine wichtige Rolle im Mechanismus des Nervensystems der Tiere. Schweinefleisch liefert auch eine hohe Konzentration an Mineralien wie Eisen, Kupfer, Magnesium, Phosphor und Zink.<\/p>\n<p>Auch Organe sind in dieser Di\u00e4t enthalten, die folgende Vorteile hat:<br \/>\n<strong>Leber: <\/strong>Eine gute Quelle f\u00fcr Eiwei\u00df, Kupfer, Fols\u00e4ure und Eisen: Leber verbessert die Ausdauer und Kraft unserer Hunde und Katzen.<\/p>\n<p><strong>Nieren<\/strong>: Eine echte Vitamin B12-Kur, die f\u00fcr das reibungslose Funktionieren des Nervensystems und des Gehirns unserer kleinen Freunde unerl\u00e4sslich ist. Sie sind reich an Riboflavin und Eisen und enthalten au\u00dferdem B6, das f\u00fcr die St\u00e4rkung des Immunsystems sehr wichtig ist!<\/p>\n<p><strong>Herz: <\/strong>Es ist reich an Aminos\u00e4uren und Mineralien wie Selen, Phosphor und Zink. Genug, um die Muskeln zu st\u00e4rken und den Stoffwechsel unserer Champions zu verbessern![\/vc_toggle][vc_toggle title=&#8221;Vorteile von Sojasauce im Katzenfutter&#8221;]Sojaso\u00dfe hat einen hohen Wert an Mineralsalzen und das Vorhandensein von Sucht mit dieser So\u00dfe, so dass eine Ern\u00e4hrung mit Sojaso\u00dfe leichter an deine Katzen zu f\u00fcttern ist. In Ma\u00dfen im Katzenfutter enthalten: Ja, Sojasauce ist gut f\u00fcr die Gesundheit deiner Katze! Es hat mehrere positive Auswirkungen:<\/p>\n<ul>\n<li>Es f\u00f6rdert die Verdauung, indem es die Sekretion der Magens\u00e4fte anregt;<\/li>\n<li>Der darin enthaltene Milchs\u00e4uregehalt st\u00e4rkt die Darmflora und die Aufnahme von N\u00e4hrstoffen;<\/li>\n<li>Sein Meersalzgehalt liefert wichtige Mineralien und Spurenelemente.<\/li>\n<\/ul>\n<p>[\/vc_toggle][vc_toggle title=&#8221;Vorteile von Kalk&#8221;]Limetten versorgen Katzen mit Vitamin C, das auch hilft, Stress abzubauen. Es sch\u00fctzt uns vor viralen und bakteriellen Infektionen, hilft uns bei der Eisenaufnahme und seine antioxidative Wirkung hilft bei der Bek\u00e4mpfung freier Radikale.<\/p>\n<p>Kalk zeichnet sich als Mineralstofflieferant aus, insbesondere Magnesium, Kalzium und Kalium, aber auch Flavonoide und Carotinoide. Diese Antioxidantien neutralisieren nicht nur freie Radikale, sondern wirken auch vorbeugend gegen entz\u00fcndliche Erkrankungen, bestimmte Krebsarten und Herz-Kreislauf-Erkrankungen. Au\u00dferdem liefert er wichtige Ballaststoffe f\u00fcr eine gute Verdauung. Limette hilft, die Leber zu entgiften. Indem es die Magens\u00e4fte anregt, erleichtert es die Verdauung und f\u00f6rdert die Ausscheidung von Giftstoffen, w\u00e4hrend es den S\u00e4ure-Basen-Haushalt des K\u00f6rpers wiederherstellt.[\/vc_toggle][vc_toggle title=&#8221;Die Vorteile eines hohen Fl\u00fcssigkeitsstands&#8221;]Es ist wichtig, dass deine Katze viel Fl\u00fcssigkeit zu sich nimmt, um die Bildung von Nierensteinen zu verhindern. Wasser hilft bei der Ausscheidung von Giftstoffen und beschleunigt die Zellteilung und -erneuerung, indem es die Blutzirkulation und den guten Austausch im K\u00f6rper f\u00f6rdert.[\/vc_toggle][\/vc_column][vc_column width=&#8221;2\/12&#8243;][\/vc_column][\/vc_row]<\/p>\n<\/div>","protected":false},"excerpt":{"rendered":"<p><span style=\"font-weight: 400;\">Ein einzigartiges frisches Katzenfutter, das dank seiner guten Omega-3-Fetts\u00e4uren eine gute Wahl ist, um das Wohlbefinden von Fell und Gelenken zu unterst\u00fctzen. Eine Verbesserung gegen\u00fcber normalem Katzennassfutter. Geeignet f\u00fcr die t\u00e4gliche F\u00fctterung von Katzen aller Rassen.<\/span><\/p>\n<p><span style=\"font-weight: 400;\">Pate Pate ist eine Gourmet-Katzenfutterrezeptur mit Schweinefleisch und Hering, die deine Katze mit guten Proteinen und essentiellen Aminos\u00e4uren versorgt. Hering ist eine ausgezeichnete Quelle f\u00fcr Eiwei\u00df, Vitamin D und Omega-3-Fetts\u00e4uren. <\/span><\/p>\n<p><span style=\"font-weight: 400;\">Im K\u00fchlschrank werden hochwertige frische Lebensmittel gelagert. Das Frischfutter wird schonend im Sous-Vide-Verfahren gegart &#8211; eine Garmethode, die die Verwertung des Rohstoffs im Verdauungssystem der Katze verbessert. Alle M\u00c6T-Produkte sind frei von Konservierungsmitteln und enthalten keine sch\u00e4dlichen Zusatzstoffe.  <\/span><\/p>\n<p><strong>NETTOGEWICHT: 500 g<\/strong><br \/>\n <strong>FLEISCHGEHALT: 32%<\/strong><br \/>\n <strong>FETTANTEIL: 6,5 %<\/strong><\/p>\n<p><span style=\"font-weight: 400;\"><strong>ZUTATEN<\/strong> : Finnisches Schweinefleisch und Innereien, Wasser, Sojaschrot, Grahammehl, Hering, Limette, Salz.<\/span><\/p>\n<div class=\"klaviyo-form-YwZvnx\"><\/div>\n","protected":false},"featured_media":234369,"comment_status":"open","ping_status":"closed","template":"","meta":{"inline_featured_image":false},"product_brand":[],"product_cat":[699],"product_tag":[],"class_list":{"0":"post-241880","1":"product","2":"type-product","3":"status-publish","4":"has-post-thumbnail","6":"product_cat-katzenfutter","7":"product_shipping_class-frisches-essen","9":"first","10":"outofstock","11":"taxable","12":"shipping-taxable","13":"purchasable","14":"product-type-simple"},"composite_virtual":false,"composite_layout":"","composite_add_to_cart_form_location":"","composite_editable_in_cart":false,"composite_sold_individually_context":"","composite_shop_price_calc":"","composite_components":[],"composite_scenarios":[],"bundled_by":[],"bundle_stock_status":"outofstock","bundle_stock_quantity":null,"bundle_virtual":false,"bundle_layout":"","bundle_add_to_cart_form_location":"","bundle_editable_in_cart":false,"bundle_sold_individually_context":"","bundle_item_grouping":"","bundle_min_size":"","bundle_max_size":"","bundle_price":[],"bundled_items":[],"bundle_sell_ids":[],"_links":{"self":[{"href":"https:\/\/maetpets.com\/de\/wp-json\/wp\/v2\/product\/241880","targetHints":{"allow":["GET"]}}],"collection":[{"href":"https:\/\/maetpets.com\/de\/wp-json\/wp\/v2\/product"}],"about":[{"href":"https:\/\/maetpets.com\/de\/wp-json\/wp\/v2\/types\/product"}],"replies":[{"embeddable":true,"href":"https:\/\/maetpets.com\/de\/wp-json\/wp\/v2\/comments?post=241880"}],"wp:featuredmedia":[{"embeddable":true,"href":"https:\/\/maetpets.com\/de\/wp-json\/wp\/v2\/media\/234369"}],"wp:attachment":[{"href":"https:\/\/maetpets.com\/de\/wp-json\/wp\/v2\/media?parent=241880"}],"wp:term":[{"taxonomy":"product_brand","embeddable":true,"href":"https:\/\/maetpets.com\/de\/wp-json\/wp\/v2\/product_brand?post=241880"},{"taxonomy":"product_cat","embeddable":true,"href":"https:\/\/maetpets.com\/de\/wp-json\/wp\/v2\/product_cat?post=241880"},{"taxonomy":"product_tag","embeddable":true,"href":"https:\/\/maetpets.com\/de\/wp-json\/wp\/v2\/product_tag?post=241880"}],"curies":[{"name":"wp","href":"https:\/\/api.w.org\/{rel}","templated":true}]}}