{"id":241867,"date":"2022-01-09T11:26:07","date_gmt":"2022-01-09T10:26:07","guid":{"rendered":"https:\/\/maetpets.com\/product\/kong-hundespielzeug-klassisch\/"},"modified":"2023-09-14T15:32:34","modified_gmt":"2023-09-14T13:32:34","slug":"king-dog-toy-active-feeding","status":"publish","type":"product","link":"https:\/\/maetpets.com\/de\/produkt\/king-dog-toy-active-feeding\/","title":{"rendered":"KONG Hundespielzeug (Klassisch)"},"content":{"rendered":"<div class=\"wpb-content-wrapper\"><p>[vc_row full_width=&#8221;stretch_row_content_no_spaces&#8221; disable_element=&#8221;yes&#8221; css=&#8221;.vc_custom_1641723686792{padding-top: 60px !important;background-color: #f9f2ef !important;}&#8221;][vc_column offset=&#8221;vc_col-lg-offset-1 vc_col-lg-10&#8243;][vc_custom_heading text=&#8221;Nahrhafte Trainingsleckereien&#8221; font_container=&#8221;tag:h2|text_align:center&#8221; use_theme_fonts=&#8221;yes&#8221; css=&#8221;.vc_custom_1640685522448{padding-bottom: 30px !important;}&#8221;]<div class=\"konte-carousel konte-carousel--gap-40  konte-carousel--dots-center konte-carousel--arrows-center\" data-slick=\"{&quot;dots&quot;:true,&quot;arrows&quot;:true,&quot;infinite&quot;:true,&quot;slidesToShow&quot;:2,&quot;slidesToScroll&quot;:1}\" ><div class=\"konte-testimonial  \">\n\t\t\t\t<div class=\"konte-testimonial__photo\"><img decoding=\"async\" class=\"\" src=\"https:\/\/maetpets.com\/wp-content\/uploads\/alix-1-200x200.jpg\" width=\"200\" height=\"200\" alt=\"Trainings-Leckereien\" title=\"Trainings-Leckereien\" loading=\"lazy\" \/><\/div>\n\t\t\t\t<div class=\"konte-testimonial__entry\">\n\t\t\t\t\t<div class=\"konte-testimonial__content\"><a href=\"https:\/\/www.instagram.com\/alixandthepack\/\" target=\"_blank\" rel=\"noopener\">\u201eIch gebe Hunden diese Chicken Belly-Snacks, um sicherzustellen, dass sie ihre regelm\u00e4\u00dfige Dosis an Protein, B12, Eisen und Zink erhalten. Nahrhafte Snacks haben f\u00fcr mich Priorit\u00e4t, und wenn ich meinen Kunden von den Vorteilen von Chicken Belly erz\u00e4hle, werden sie alle versuchen diese Snacks f\u00fcr ihre Hunde!&#8221;<\/a><\/div>\n\t\t\t\t\t<div class=\"konte-testimonial__author\"><span class=\"konte-testimonial__name\">Alexandra Scharf<\/span><span class=\"konte-testimonial__author-separator\">-<\/span><span class=\"konte-testimonial__company\">Hundetrainer<\/span><\/div>\n\t\t\t\t<\/div>\n\t\t\t<\/div><\/div>[\/vc_column][\/vc_row][vc_row full_width=&#8221;stretch_row&#8221; css=&#8221;.vc_custom_1640684961874{padding-top: 60px !important;padding-bottom: 30px !important;background-color: #fff9f7 !important;}&#8221;][vc_column width=&#8221;6\/12&#8243;][vc_single_image image=&#8221;236340&#8243; img_size=&#8221;full&#8221;][\/vc_column][vc_column width=&#8221;6\/12&#8243;][vc_column_text]<\/p>\n<h2>K\u00f6nig Hundespielzeug<\/h2>\n<p>KONG Classic ist der Goldstandard f\u00fcr Hundespielzeug und seit \u00fcber 40 Jahren die Basis f\u00fcr Hunde auf der ganzen Welt. KONG Classics einzigartige Formel aus nat\u00fcrlichem rotem Kautschuk bietet eine Bereicherung, indem sie hilft, die instinktiven Bed\u00fcrfnisse von Hunden zu befriedigen.[\/vc_column_text][\/vc_column][\/vc_row][vc_row full_width=&#8221;stretch_row&#8221; css=&#8221;.vc_custom_1640684961874{padding-top: 60px !important;padding-bottom: 30px !important;background-color: #fff9f7 !important;}&#8221;][vc_column width=&#8221;6\/12&#8243;][vc_column_text]<\/p>\n<h2>Hundeaktivierung mit M\u00c6T und KONG<\/h2>\n<p>Sie k\u00f6nnen Ihrem Hund M\u00c6T frisches Hundefutter auf viele verschiedene Arten geben. Sie k\u00f6nnen M\u00c6T als k\u00f6stlichen und gesunden Snack verwenden, den Freja hier bekommt. Ein K\u00d6NIG voller M\u00c6T<\/p>\n<p>Der rote KONG Classic Gummi hilft, die instinktiven Bed\u00fcrfnisse von Hunden zu befriedigen.<\/p>\n<ul>\n<li>Gesundes Spielen ist wichtig f\u00fcr die k\u00f6rperliche und geistige Entwicklung, die Emotionen und das Verhalten des Hundes. Durch die F\u00f6rderung eines gesunden Spiels und die Befriedigung instinktiver Bed\u00fcrfnisse hilft dieses Spielzeug bei Kauen, Trennungsangst, Z\u00e4hnen, Langeweile, Gewichtskontrolle, Boxtraining, Graben, Bellen und vielem mehr!<\/li>\n<li>Die unvorhersehbare Bewegung des KONG Classic erm\u00f6glicht aufregende Apportierspiele und andere interaktive Spiele mit Ihrem Haustier.<\/li>\n<li>Von Tier\u00e4rzten empfohlen: Tier\u00e4rzte und Trainer weltweit empfehlen den KONG Classic. Hergestellt in den USA<\/li>\n<\/ul>\n<p>[\/vc_column_text][\/vc_column][vc_column width=&#8221;6\/12&#8243;][vc_single_image image=&#8221;236344&#8243; img_size=&#8221;full&#8221;][\/vc_column][\/vc_row][vc_row full_width=&#8221;stretch_row&#8221; css=&#8221;.vc_custom_1640175618733{padding-top: 30px !important;padding-bottom: 30px !important;}&#8221;][vc_column width=&#8221;6\/12&#8243;][vc_column_text]<\/p>\n<h2>KONG Hundespielzeugf\u00fcllung<\/h2>\n<p>Ein KING ist noch verlockender, wenn er mit M\u00c6T Deli und Snacks gef\u00fcllt ist. Sp\u00fclmaschinenfest f\u00fcr eine einfache Reinigung.<\/p>\n<p><span style=\"font-weight: 400;\">Bonus: F\u00fcr eine zus\u00e4tzliche Herausforderung k\u00f6nnen Sie es einfrieren, bis das Futter halbhart ist, und dann Ihren Hund mit allen Sinnen und Kenntnissen herausfordern.<\/span>[\/vc_column_text][\/vc_column][vc_column width=&#8221;6\/12&#8243;]<div class=\"konte-product-grid konte-products  \"><div class=\"woocommerce columns-3 \"><ul class=\"products hover-slider columns-3\"><li class=\"product type-product post-244549 status-publish first outofstock product_cat-hundemad product_tag-deli product_tag-hundemad-okse has-post-thumbnail taxable shipping-taxable purchasable product-type-simple\">\n\t<div class=\"product-inner\"><span class=\"woocommerce-badges woocommerce-badges--round\"><span class=\"sold-out woocommerce-badge\"><span>Udsolgt<\/span><\/span><\/span><div class=\"product-thumbnail\"><a href=\"https:\/\/maetpets.com\/produkt\/beef-deli-hundefoder-med-okse\/\" class=\"woocommerce-LoopProduct-link woocommerce-loop-product__link\"><img loading=\"lazy\" decoding=\"async\" width=\"555\" height=\"555\" src=\"https:\/\/maetpets.com\/wp-content\/uploads\/hundefoder-med-okse-beef-deli-maet-pets.jpg\" class=\"attachment-woocommerce_thumbnail size-woocommerce_thumbnail\" alt=\"Beef Deli\" srcset=\"https:\/\/maetpets.com\/wp-content\/uploads\/hundefoder-med-okse-beef-deli-maet-pets.jpg 555w, https:\/\/maetpets.com\/wp-content\/uploads\/hundefoder-med-okse-beef-deli-maet-pets-300x300.jpg 300w, https:\/\/maetpets.com\/wp-content\/uploads\/hundefoder-med-okse-beef-deli-maet-pets-150x150.jpg 150w\" sizes=\"auto, (max-width: 555px) 100vw, 555px\" \/><\/a><\/div><div class=\"product-summary\"><h2 class=\"woocommerce-loop-product__title\"><a href=\"https:\/\/maetpets.com\/produkt\/beef-deli-hundefoder-med-okse\/\" class=\"woocommerce-LoopProduct-link woocommerce-loop-product__link\">Beef Deli<\/a><\/h2>\n\t<span class=\"price\"><span class=\"woocommerce-Price-amount amount\"><bdi>45,00&nbsp;<span class=\"woocommerce-Price-currencySymbol\">kr.<\/span><\/bdi><\/span><\/span>\n<div class=\"buttons clearfix\"><a href=\"https:\/\/maetpets.com\/produkt\/beef-deli-hundefoder-med-okse\/\" aria-describedby=\"woocommerce_loop_add_to_cart_link_describedby_244549\" data-quantity=\"1\" class=\"button product_type_simple woocommerce-loop-product__button\" data-product_id=\"244549\" data-product_sku=\"MAET203\" aria-label=\"Lese mehr \u00fcber &#8222;Beef Deli&#8220;\" rel=\"nofollow\" data-success_message=\"\">Weiterlesen<\/a>\t<span id=\"woocommerce_loop_add_to_cart_link_describedby_244549\" class=\"screen-reader-text\">\n\t\t\t<\/span>\n<\/div><\/div><\/div><\/li>\n<li class=\"product type-product post-229539 status-publish outofstock product_cat-hundemad product_tag-deli product_tag-hundemad-gris has-post-thumbnail taxable shipping-taxable purchasable product-type-simple\">\n\t<div class=\"product-inner\"><span class=\"woocommerce-badges woocommerce-badges--round\"><span class=\"sold-out woocommerce-badge\"><span>Udsolgt<\/span><\/span><\/span><div class=\"product-thumbnail product-thumbnails--slider\"><a href=\"https:\/\/maetpets.com\/produkt\/pork-deli-hundefoder-uden-korn\/\" class=\"woocommerce-LoopProduct-link woocommerce-loop-product__link\"><img loading=\"lazy\" decoding=\"async\" width=\"680\" height=\"680\" src=\"https:\/\/maetpets.com\/wp-content\/uploads\/pork_deli_tall_maet-680x680.jpg\" class=\"attachment-woocommerce_thumbnail size-woocommerce_thumbnail\" alt=\"Pork Deli\" srcset=\"https:\/\/maetpets.com\/wp-content\/uploads\/pork_deli_tall_maet-680x680.jpg 680w, https:\/\/maetpets.com\/wp-content\/uploads\/pork_deli_tall_maet-150x150.jpg 150w\" sizes=\"auto, (max-width: 680px) 100vw, 680px\" \/><\/a><a href=\"https:\/\/maetpets.com\/produkt\/pork-deli-hundefoder-uden-korn\/\" class=\"woocommerce-LoopProduct-link woocommerce-loop-product__link\"><img data-lazy=\"https:\/\/maetpets.com\/wp-content\/uploads\/pork-deli-maet-pets.jpg\" width=\"680\" height=\"544\" alt=\"Pork Deli\" class=\"slick-loading\"><\/a><\/div><div class=\"product-summary\"><h2 class=\"woocommerce-loop-product__title\"><a href=\"https:\/\/maetpets.com\/produkt\/pork-deli-hundefoder-uden-korn\/\" class=\"woocommerce-LoopProduct-link woocommerce-loop-product__link\">Pork Deli<\/a><\/h2>\n\t<span class=\"price\"><span class=\"woocommerce-Price-amount amount\"><bdi>45,00&nbsp;<span class=\"woocommerce-Price-currencySymbol\">kr.<\/span><\/bdi><\/span><\/span>\n<div class=\"buttons clearfix\"><a href=\"https:\/\/maetpets.com\/produkt\/pork-deli-hundefoder-uden-korn\/\" aria-describedby=\"woocommerce_loop_add_to_cart_link_describedby_229539\" data-quantity=\"1\" class=\"button product_type_simple woocommerce-loop-product__button\" data-product_id=\"229539\" data-product_sku=\"MAET202\" aria-label=\"Lese mehr \u00fcber &#8222;Pork Deli&#8220;\" rel=\"nofollow\" data-success_message=\"\">Weiterlesen<\/a>\t<span id=\"woocommerce_loop_add_to_cart_link_describedby_229539\" class=\"screen-reader-text\">\n\t\t\t<\/span>\n<\/div><\/div><\/div><\/li>\n<li class=\"product type-product post-229536 status-publish last outofstock product_cat-hundemad product_tag-deli product_tag-hundemad-kylling has-post-thumbnail taxable shipping-taxable purchasable product-type-simple\">\n\t<div class=\"product-inner\"><span class=\"woocommerce-badges woocommerce-badges--round\"><span class=\"sold-out woocommerce-badge\"><span>Udsolgt<\/span><\/span><\/span><div class=\"product-thumbnail\"><a href=\"https:\/\/maetpets.com\/produkt\/chicken-deli-kornfrit-hundefoder-med-kylling\/\" class=\"woocommerce-LoopProduct-link woocommerce-loop-product__link\"><img loading=\"lazy\" decoding=\"async\" width=\"680\" height=\"680\" src=\"https:\/\/maetpets.com\/wp-content\/uploads\/chicken_deli_tall_maet-680x680.jpg\" class=\"attachment-woocommerce_thumbnail size-woocommerce_thumbnail\" alt=\"Chicken Deli\" srcset=\"https:\/\/maetpets.com\/wp-content\/uploads\/chicken_deli_tall_maet-680x680.jpg 680w, https:\/\/maetpets.com\/wp-content\/uploads\/chicken_deli_tall_maet-150x150.jpg 150w\" sizes=\"auto, (max-width: 680px) 100vw, 680px\" \/><\/a><\/div><div class=\"product-summary\"><h2 class=\"woocommerce-loop-product__title\"><a href=\"https:\/\/maetpets.com\/produkt\/chicken-deli-kornfrit-hundefoder-med-kylling\/\" class=\"woocommerce-LoopProduct-link woocommerce-loop-product__link\">Chicken Deli<\/a><\/h2>\n\t<span class=\"price\"><span class=\"woocommerce-Price-amount amount\"><bdi>45,00&nbsp;<span class=\"woocommerce-Price-currencySymbol\">kr.<\/span><\/bdi><\/span><\/span>\n<div class=\"buttons clearfix\"><a href=\"https:\/\/maetpets.com\/produkt\/chicken-deli-kornfrit-hundefoder-med-kylling\/\" aria-describedby=\"woocommerce_loop_add_to_cart_link_describedby_229536\" data-quantity=\"1\" class=\"button product_type_simple woocommerce-loop-product__button\" data-product_id=\"229536\" data-product_sku=\"MAET201\" aria-label=\"Lese mehr \u00fcber &#8222;Chicken Deli&#8220;\" rel=\"nofollow\" data-success_message=\"\">Weiterlesen<\/a>\t<span id=\"woocommerce_loop_add_to_cart_link_describedby_229536\" class=\"screen-reader-text\">\n\t\t\t<\/span>\n<\/div><\/div><\/div><\/li>\n<\/ul><\/div><\/div>[\/vc_column][\/vc_row]<\/p>\n<\/div>","protected":false},"excerpt":{"rendered":"<p>Mit einem KONG-Hundespielzeug k\u00f6nnen Sie Ihren Hund auf unterhaltsame und aktivere Weise f\u00fcttern. KONG hat eine lustige Form und ein Loch, sodass das Hundespielzeug zum Beispiel mit M\u00c6T fresh Deli Hundefutter oder nat\u00fcrlichen Leckereien gef\u00fcllt werden kann. Das KONG-Spielzeug springt und springt unvorhersehbar, was das Spiel unterhaltsamer macht und es perfekt zum Jagen macht.<\/p>\n","protected":false},"featured_media":239227,"comment_status":"open","ping_status":"closed","template":"","meta":{"inline_featured_image":false},"product_brand":[],"product_cat":[1067,629,623],"product_tag":[1114,648],"class_list":{"0":"post-241867","1":"product","2":"type-product","3":"status-publish","4":"has-post-thumbnail","6":"product_cat-aktive-fuetterung","7":"product_cat-aktivitaetsspiel","8":"product_cat-hundespielzeug","9":"product_tag-hervorgehoben","10":"product_tag-kong-de","11":"product_shipping_class-post","13":"first","14":"instock","15":"taxable","16":"shipping-taxable","17":"purchasable","18":"product-type-variable"},"composite_virtual":false,"composite_layout":"","composite_add_to_cart_form_location":"","composite_editable_in_cart":false,"composite_sold_individually_context":"","composite_shop_price_calc":"","composite_components":[],"composite_scenarios":[],"bundled_by":[],"bundle_stock_status":"instock","bundle_stock_quantity":null,"bundle_virtual":false,"bundle_layout":"","bundle_add_to_cart_form_location":"","bundle_editable_in_cart":false,"bundle_sold_individually_context":"","bundle_item_grouping":"","bundle_min_size":"","bundle_max_size":"","bundle_price":[],"bundled_items":[],"bundle_sell_ids":[],"_links":{"self":[{"href":"https:\/\/maetpets.com\/de\/wp-json\/wp\/v2\/product\/241867","targetHints":{"allow":["GET"]}}],"collection":[{"href":"https:\/\/maetpets.com\/de\/wp-json\/wp\/v2\/product"}],"about":[{"href":"https:\/\/maetpets.com\/de\/wp-json\/wp\/v2\/types\/product"}],"replies":[{"embeddable":true,"href":"https:\/\/maetpets.com\/de\/wp-json\/wp\/v2\/comments?post=241867"}],"wp:featuredmedia":[{"embeddable":true,"href":"https:\/\/maetpets.com\/de\/wp-json\/wp\/v2\/media\/239227"}],"wp:attachment":[{"href":"https:\/\/maetpets.com\/de\/wp-json\/wp\/v2\/media?parent=241867"}],"wp:term":[{"taxonomy":"product_brand","embeddable":true,"href":"https:\/\/maetpets.com\/de\/wp-json\/wp\/v2\/product_brand?post=241867"},{"taxonomy":"product_cat","embeddable":true,"href":"https:\/\/maetpets.com\/de\/wp-json\/wp\/v2\/product_cat?post=241867"},{"taxonomy":"product_tag","embeddable":true,"href":"https:\/\/maetpets.com\/de\/wp-json\/wp\/v2\/product_tag?post=241867"}],"curies":[{"name":"wp","href":"https:\/\/api.w.org\/{rel}","templated":true}]}}