{"id":241855,"date":"2020-11-10T16:30:04","date_gmt":"2020-11-10T15:30:04","guid":{"rendered":"https:\/\/maetpets.com\/product\/schweinefleisch-deli\/"},"modified":"2024-09-09T07:41:50","modified_gmt":"2024-09-09T05:41:50","slug":"schweinefleisch-feinkost-hundefutter-ohne-getreide","status":"publish","type":"product","link":"https:\/\/maetpets.com\/de\/produkt\/schweinefleisch-feinkost-hundefutter-ohne-getreide\/","title":{"rendered":"Schweinefleisch Deli"},"content":{"rendered":"<div class=\"wpb-content-wrapper\"><p>[vc_row full_width=&#8221;stretch_row&#8221; full_height=&#8221;yes&#8221; equal_height=&#8221;yes&#8221; content_placement=&#8221;middle&#8221; css=&#8221;.vc_custom_1606473802017{padding-top: 30px !important;padding-bottom: 30px !important;background-color: #41121b !important;background-position: center !important;background-repeat: no-repeat !important;background-size: cover !important;}&#8221;][vc_column][vc_custom_heading text=&#8221;FRISCHE NORDISCHE ZUTATEN&#8221; font_container=&#8221;tag:h3|text_align:center|color:%23fff9f7&#8243; use_theme_fonts=&#8221;yes&#8221; css=&#8221;.vc_custom_1606318653647{padding-top: 50px !important;}&#8221;][vc_custom_heading text=&#8221;SCHWEIN, ORGANE, SPINAT, TANG&#8221; font_container=&#8221;tag:h3|font_size:64|text_align:center|color:%232063a5&#8243; use_theme_fonts=&#8221;yes&#8221;][vc_single_image image=&#8221;230733&#8243; img_size=&#8221;full&#8221; alignment=&#8221;center&#8221;][\/vc_column][\/vc_row][vc_row full_width=&#8221;stretch_row&#8221; css=&#8221;.vc_custom_1606474482573{padding-top: 60px !important;padding-bottom: 60px !important;background-color: #fff9f7 !important;}&#8221;][vc_column width=&#8221;5\/12&#8243;][vc_single_image image=&#8221;237616&#8243; img_size=&#8221;360X360&#8243;][\/vc_column][vc_column width=&#8221;7\/12&#8243;][vc_custom_heading text=&#8221;T\u00e4gliche Dosierung&#8221; use_theme_fonts=&#8221;yes&#8221; css=&#8221;.vc_custom_1605879989446{padding-bottom: 30px !important;}&#8221;][vc_column_text]<b>Empfohlene Tagesdosis:<\/b> 3 % des Hundegewichts.<\/p>\n<p><b>Gewicht \/ Empfohlene Tagesration (ca.)<\/b><br \/>\n5kg: 150-170g<br \/>\n10kg: 300-350g<br \/>\n15 kg: 450-500 (entspricht ca. 1 Wurst)<br \/>\n20 kg: 600 g<br \/>\n30 kg: 900 g<br \/>\n35 kg: 1000g (entspricht ca. 2 W\u00fcrstchen)<br \/>\n40 kg: 1.200 g<\/p>\n<p>Ber\u00fccksichtigen Sie bei der Dosierung die Aktivit\u00e4t, Bewegung, andere Ern\u00e4hrung und Snacks des Hundes.[\/vc_column_text][\/vc_column][\/vc_row][vc_row full_width=&#8221;stretch_row_content_no_spaces&#8221; css=&#8221;.vc_custom_1606474400052{padding-top: 100px !important;padding-right: 20px !important;padding-bottom: 100px !important;padding-left: 20px !important;background-color: #0b2945 !important;background-position: center !important;background-repeat: no-repeat !important;background-size: cover !important;}&#8221;][vc_column width=&#8221;1\/3&#8243; css=&#8221;.vc_custom_1605610677798{padding-right: 30px !important;padding-left: 30px !important;}&#8221;][\/vc_column][vc_column width=&#8221;1\/3&#8243;][vc_custom_heading text=&#8221;\u201eZufrieden ist etwas, was jeder ausprobieren sollte, ich habe einen SEHR w\u00e4hlerischen Hund und manchmal kann er bis zu 3 Tage aufh\u00f6ren zu essen, nachdem ich M\u00c6T probiert habe, hat er jeden Tag gefressen \ud83d\ude42 und obendrein ist es super gesund und nahrhaft f\u00fcr den Hund.&#8221; font_container=&#8221;tag:p|font_size:30|text_align:center|color:%23fff9f7&#8243; use_theme_fonts=&#8221;yes&#8221; css=&#8221;.vc_custom_1607535751003{padding-bottom: 20px !important;}&#8221;][vc_custom_heading text=&#8221;Ich m\u00f6chte allen meinen Freunden \/ meiner Familie die w\u00e4rmsten Empfehlungen geben. \u201d&#8221; font_container=&#8221;tag:p|font_size:30|text_align:center|color:%23fff9f7&#8243; use_theme_fonts=&#8221;yes&#8221; css=&#8221;.vc_custom_1606474445930{padding-bottom: 20px !important;}&#8221;][vc_custom_heading text=&#8221;Regitze und Saxo mit 2 Jahren&#8221; font_container=&#8221;tag:h4|text_align:center|color:%23d54966&#8243; use_theme_fonts=&#8221;yes&#8221; css=&#8221;.vc_custom_1606474059924{padding-bottom: 50px !important;}&#8221;][vc_single_image image=&#8221;230911&#8243; alignment=&#8221;center&#8221;][\/vc_column][vc_column width=&#8221;1\/3&#8243;][\/vc_column][\/vc_row][vc_row full_width=&#8221;stretch_row&#8221; css=&#8221;.vc_custom_1663786700684{padding-top: 60px !important;padding-bottom: 30px !important;background-color: #fff9f7 !important;}&#8221;][vc_column width=&#8221;6\/12&#8243;][vc_single_image image=&#8221;239728&#8243; img_size=&#8221;full&#8221;][\/vc_column][vc_column width=&#8221;6\/12&#8243;][vc_column_text]<\/p>\n<h2>Eine nat\u00fcrliche Schlankheitskost mit Schweinefleisch und gesundem Gem\u00fcse<\/h2>\n<p><span style=\"font-weight: 400;\">Schweinefleisch ist vollgepackt mit gesunden Proteinen und essentiellen Fetts\u00e4uren und Spinat enth\u00e4lt sowohl Vitamine wie K und E als auch den Mineralstoff Magnesium. Meeresalgen sind eine nat\u00fcrliche Jodquelle, die die Schilddr\u00fcse unterst\u00fctzt und die Fell- und Darmgesundheit f\u00f6rdert. <\/span><\/p>\n<p><span style=\"font-weight: 400;\">Pork Deli ist ein frisches Hundefutter, das besonders gut f\u00fcr Hunde geeignet ist, die auf ihr Gewicht achten m\u00fcssen, da die Mahlzeit mit gesunden Proteinen und sorgf\u00e4ltig ausgew\u00e4hlten Kohlenhydraten in einer kontrollierten Menge gef\u00fcllt ist. <\/span>[\/vc_column_text][\/vc_column][\/vc_row][vc_row full_width=&#8221;stretch_row&#8221; css=&#8221;.vc_custom_1653896601552{padding-top: 40px !important;padding-bottom: 40px !important;background-position: center !important;background-repeat: no-repeat !important;background-size: contain !important;}&#8221; el_id=&#8221;Ern\u00e4hrung&#8221;][vc_column][vc_custom_heading text=&#8221;Ern\u00e4hrungsinformation&#8221; use_theme_fonts=&#8221;yes&#8221; css=&#8221;.vc_custom_1606297081281{padding-bottom: 15px !important;}&#8221;][vc_column_text css=&#8221;.vc_custom_1615461224761{padding-bottom: 30px !important;}&#8221;]Pork Deli ist Hundefutter ohne Getreide, aber mit frischem Fleisch und Gem\u00fcse.<br \/>\nEnth\u00e4lt alle N\u00e4hrstoffe, Vitamine und Mineralstoffe<br \/>\nwas Ihr Hund braucht.[\/vc_column_text][\/vc_column][vc_column width=&#8221;1\/2&#8243;][vc_column_text]<\/p>\n<p class=\"p2\"><strong>N\u00c4HRSTOFFGEHALT <\/strong><\/p>\n<p class=\"p2\">Energie\/Energie 4,8 MJ\/kg 1146 kcal\/kg<br \/>\nEiwei\u00df &#8230;&#8230;&#8230;&#8230;&#8230;&#8230;&#8230;&#8230;. 14,0 %<br \/>\nFett\/Fett &#8230;&#8230;&#8230;&#8230;&#8230;&#8230;&#8230;&#8230;&#8230;..3%<br \/>\nBallaststoffe &#8230;&#8230;&#8230;&#8230;&#8230;&#8230;&#8230;&#8230;. 0,8 %<br \/>\nAsche &#8230;&#8230;&#8230;&#8230;&#8230;&#8230;&#8230;&#8230;. 1,6 %<br \/>\nKalzium &#8230;&#8230;&#8230;&#8230;&#8230;&#8230;&#8230;&#8230;. 0,2 %<br \/>\nPhosphor\/Phosphor 000,2%.<\/p>\n<p class=\"p2\">Feuchtigkeitsgehalt: 77,4%.<br \/>\nFleischanteil: 80<\/p>\n<p>[\/vc_column_text][\/vc_column][vc_column width=&#8221;1\/2&#8243;][vc_column_text]<b>Nat\u00fcrlich enthaltene N\u00e4hrstoffe:<\/b><\/p>\n<p>Vitamin A 330 IU\/kg, Vitamin D 358 IU\/kg, Vitamin E 42 IU\/kg, Vitamin C 69 mg\/kg, Vitamin B1 0,6 mg\/kg, Vitamin B2 3,4 mg\/kg, Vitamin B6 0,9 mg\/kg, Vitamin B12 19 \u03bcg\/kg, Biotin 801 \u03bcg\/kg, Niacin 12 mg\/kg, Pantothens\u00e4ure 6 mg\/kg, Fols\u00e4ure 0,08 mg\/kg, Zink 68 mg\/kg, Magnesium 0,1 mg\/kg, Natrium 1200 mg\/kg, Eisen 70 mg\/kg, Kupfer 50 mg\/kg, Mangan 2 mg\/kg, Kalium 1,8 g\/kg, Jod 430 \u03bcg\/kg.[\/vc_column_text][vc_column_text]<b>Davon zugesetzte ern\u00e4hrungsphysiologische Zusatzstoffe:<\/b><\/p>\n<p>Vitamin D 450 IE\/kg, Vitamin E 40 IE\/kg, Zink 60 mg\/kg, Magnesium 320 mg\/kg, Kupfer 5 mg\/kg, Mangan 1,8 mg\/kg, Jod 430 \u03bcg\/kg.[\/vc_column_text][\/vc_column][\/vc_row][vc_row full_width=&#8221;stretch_row&#8221; content_placement=&#8221;middle&#8221; css=&#8221;.vc_custom_1663786694020{padding-top: 80px !important;padding-bottom: 80px !important;background-color: #0b2945 !important;background-position: center !important;background-repeat: no-repeat !important;background-size: cover !important;}&#8221;][vc_column][vc_custom_heading text=&#8221;FRISCH IST AM BESTEN&#8221; font_container=&#8221;tag:h2|font_size:70|text_align:center|color:%23d54966&#8243; use_theme_fonts=&#8221;yes&#8221; css=&#8221;.vc_custom_1606473919224{padding-bottom: 20px !important;}&#8221;][\/vc_column][vc_column width=&#8221;1\/4&#8243;][vc_custom_heading text=&#8221;Nordische Rohstoffe&#8221; font_container=&#8221;tag:h3|text_align:center|color:%23fff9f7&#8243; use_theme_fonts=&#8221;yes&#8221; css=&#8221;.vc_custom_1606318546594{padding-bottom: 15px !important;}&#8221;][vc_custom_heading text=&#8221;Frisches Fleisch und Gem\u00fcse&#8221; font_container=&#8221;tag:h3|text_align:center|color:%23fff9f7&#8243; use_theme_fonts=&#8221;yes&#8221; css=&#8221;.vc_custom_1615975915568{padding-bottom: 15px !important;}&#8221;][vc_custom_heading text=&#8221;Gef\u00fcllt mit Vitaminen&#8221; font_container=&#8221;tag:h3|text_align:center|color:%23fff9f7&#8243; use_theme_fonts=&#8221;yes&#8221; css=&#8221;.vc_custom_1606318560001{padding-bottom: 15px !important;}&#8221;][\/vc_column][vc_column width=&#8221;2\/4&#8243;][vc_single_image image=&#8221;230731&#8243; img_size=&#8221;full&#8221; alignment=&#8221;center&#8221;][\/vc_column][vc_column width=&#8221;1\/4&#8243;][vc_custom_heading text=&#8221;Einzelnes Protein&#8221; font_container=&#8221;tag:h3|text_align:center|color:%23fff9f7&#8243; use_theme_fonts=&#8221;yes&#8221; css=&#8221;.vc_custom_1606473729928{padding-bottom: 15px !important;}&#8221;][vc_custom_heading text=&#8221;Hohe Verdaulichkeit&#8221; font_container=&#8221;tag:h3|text_align:center|color:%23fff9f7&#8243; use_theme_fonts=&#8221;yes&#8221; css=&#8221;.vc_custom_1606473737418{padding-bottom: 15px !important;}&#8221;][vc_custom_heading text=&#8221;Keine Konservierungsstoffe&#8221; font_container=&#8221;tag:h3|text_align:center|color:%23fff9f7&#8243; use_theme_fonts=&#8221;yes&#8221; css=&#8221;.vc_custom_1614338316606{padding-bottom: 15px !important;}&#8221;][\/vc_column][\/vc_row][vc_row full_width=&#8221;stretch_row&#8221; css=&#8221;.vc_custom_1606295919975{padding-top: 30px !important;background-color: #fff9f7 !important;}&#8221;][vc_column width=&#8221;1\/12&#8243; css=&#8221;.vc_custom_1605784949857{background-color: #fff9f7 !important;}&#8221;][\/vc_column][vc_column width=&#8221;10\/12&#8243;][vc_custom_heading text=&#8221;Fragen und Antworten&#8221; font_container=&#8221;tag:h2|text_align:center&#8221; use_theme_fonts=&#8221;yes&#8221;][vc_toggle title=&#8221;Was enth\u00e4lt M\u00c6T Pork Deli?&#8221;]<span style=\"font-weight: 400;\">M\u00c6T s Pork Deli besteht aus frischen nordischen Zutaten. Es gibt bis zu 80 % Schweinefleisch in Pork Deli. Au\u00dferdem enth\u00e4lt es vitaminreichen Spinat und Algen.In Pork Deli wurden zus\u00e4tzliche Vitamine und Mineralstoffe hinzugef\u00fcgt, aber keine Konservierungsstoffe, Farb- oder Geschmacksstoffe. <\/span>[\/vc_toggle][vc_toggle title=&#8221;Warum sollte ich mich f\u00fcr frisches Hundefutter entscheiden?&#8221;]<span style=\"font-weight: 400;\">Das frische Hundefutter von M\u00c6T wird aus den besten nordischen Zutaten hergestellt. Es gibt keine Konservierungsstoffe oder zugesetzte Farb- und Geschmacksstoffe. Frisches Hundefutter l\u00e4sst sich ganz einfach im Sous-Vide-Verfahren zubereiten, wodurch die N\u00e4hrstoffaufnahme Ihres Hundes erh\u00f6ht wird. <\/span><\/p>\n<p><span style=\"font-weight: 400;\">Frisches Hundefutter hat eine viel h\u00f6here Aufnahme als andere Arten von Hundefutter. Wenn du der Meinung bist, dass dein Hund frisches, gesundes und schmackhaftes Futter verdient, solltest du frisches Hundefutter ausprobieren.<\/span>[\/vc_toggle][vc_toggle title=&#8221;Was ist der Unterschied zwischen Deli- und Risotto-Hundefutter?&#8221;]<span style=\"font-weight: 400;\">In den Rezepten von M\u00c6T s Deli ist kein Getreide oder Gluten enthalten. Sie haben einen geringen Fettanteil und sind besonders f\u00fcr Hunde geeignet, die auf ihr Gewicht achten m\u00fcssen. <\/span><\/p>\n<p><span style=\"font-weight: 400;\">In den Risotto-Rezepten von M\u00c6T ist Reis drin, aber sie sind trotzdem glutenfrei. Reis ist gut, um ein gutes und gesundes Gleichgewicht im Magen-Darm-System von Hunden zu schaffen. <\/span><\/p>\n<p><span style=\"font-weight: 400;\">Sowohl Deli als auch Risotto werden aus frischen nordischen Zutaten hergestellt. Sie sind frei von Konservierungs-, Farb- und Aromastoffen. Es wurden nur zus\u00e4tzliche Vitamine und Mineralstoffe hinzugef\u00fcgt.<\/span>[\/vc_toggle][\/vc_column][vc_column width=&#8221;1\/12&#8243;][\/vc_column][\/vc_row]<\/p>\n<\/div>","protected":false},"excerpt":{"rendered":"<p>Pork Deli mit 80% Schweinefleisch, erg\u00e4nzt mit nahrhaftem Spinat und gesundem Seetang. Ein Festmahl aus frischem Fleisch, das auch f\u00fcr Hunde geeignet ist, die auf ihr Gewicht achten m\u00fcssen, denn die Mahlzeit ist vollgepackt mit gesunden Proteinen, enth\u00e4lt aber eine moderate Menge an Fett.<\/p>\n<p>Gluten- und getreidefrei.<\/p>\n<p><strong>NETTOGEWICHT: 500 g<\/strong><\/p>\n<p><strong>INHALT<\/strong>: Schweinefleisch (80%) (Fleisch und Organe), Wasser, Spinat (5%), Schweinegelatine, Meeresalgen (1%), Vitamine und Mineralstoffe.<\/p>\n<p><strong><span style=\"text-decoration: underline;\"><a href=\"#nutrition\">Siehe N\u00e4hrwert<\/a><\/span><\/strong><\/p>\n","protected":false},"featured_media":234798,"comment_status":"open","ping_status":"closed","template":"","meta":{"inline_featured_image":false},"product_brand":[],"product_cat":[633],"product_tag":[696,635],"class_list":{"0":"post-241855","1":"product","2":"type-product","3":"status-publish","4":"has-post-thumbnail","6":"product_cat-hundefutter","7":"product_tag-feinkost","8":"product_tag-hundefutter-mit-schwein","9":"product_shipping_class-frisches-essen","11":"first","12":"outofstock","13":"taxable","14":"shipping-taxable","15":"purchasable","16":"product-type-simple"},"composite_virtual":false,"composite_layout":"","composite_add_to_cart_form_location":"","composite_editable_in_cart":false,"composite_sold_individually_context":"","composite_shop_price_calc":"","composite_components":[],"composite_scenarios":[],"bundled_by":["254841","263695"],"bundle_stock_status":"outofstock","bundle_stock_quantity":null,"bundle_virtual":false,"bundle_layout":"","bundle_add_to_cart_form_location":"","bundle_editable_in_cart":false,"bundle_sold_individually_context":"","bundle_item_grouping":"","bundle_min_size":"","bundle_max_size":"","bundle_price":[],"bundled_items":[],"bundle_sell_ids":[],"_links":{"self":[{"href":"https:\/\/maetpets.com\/de\/wp-json\/wp\/v2\/product\/241855","targetHints":{"allow":["GET"]}}],"collection":[{"href":"https:\/\/maetpets.com\/de\/wp-json\/wp\/v2\/product"}],"about":[{"href":"https:\/\/maetpets.com\/de\/wp-json\/wp\/v2\/types\/product"}],"replies":[{"embeddable":true,"href":"https:\/\/maetpets.com\/de\/wp-json\/wp\/v2\/comments?post=241855"}],"wp:featuredmedia":[{"embeddable":true,"href":"https:\/\/maetpets.com\/de\/wp-json\/wp\/v2\/media\/234798"}],"wp:attachment":[{"href":"https:\/\/maetpets.com\/de\/wp-json\/wp\/v2\/media?parent=241855"}],"wp:term":[{"taxonomy":"product_brand","embeddable":true,"href":"https:\/\/maetpets.com\/de\/wp-json\/wp\/v2\/product_brand?post=241855"},{"taxonomy":"product_cat","embeddable":true,"href":"https:\/\/maetpets.com\/de\/wp-json\/wp\/v2\/product_cat?post=241855"},{"taxonomy":"product_tag","embeddable":true,"href":"https:\/\/maetpets.com\/de\/wp-json\/wp\/v2\/product_tag?post=241855"}],"curies":[{"name":"wp","href":"https:\/\/api.w.org\/{rel}","templated":true}]}}