{"id":241841,"date":"2022-01-09T13:47:24","date_gmt":"2022-01-09T12:47:24","guid":{"rendered":"https:\/\/maetpets.com\/product\/lickimat-tuff-buddy-lutscher\/"},"modified":"2023-10-08T21:05:32","modified_gmt":"2023-10-08T19:05:32","slug":"lickimat-tuff-buddy-lollipop-dog","status":"publish","type":"product","link":"https:\/\/maetpets.com\/de\/produkt\/lickimat-tuff-buddy-lollipop-dog\/","title":{"rendered":"LickiMat Tuff Buddy Lutscher"},"content":{"rendered":"<div class=\"wpb-content-wrapper\"><p>[vc_row full_width=&#8221;stretch_row&#8221; css=&#8221;.vc_custom_1648041732067{padding-top: 0px !important;padding-bottom: 0px !important;background-color: #fff9f7 !important;}&#8221;][vc_column width=&#8221;6\/12&#8243;][vc_single_image image=&#8221;237606&#8243; img_size=&#8221;full&#8221;][\/vc_column][vc_column width=&#8221;6\/12&#8243;][vc_column_text]<\/p>\n<h2>LickiMat &#8211; ein lustiger und anderer Futternapf<\/h2>\n<p>Mit einer LeckiMat k\u00f6nnen Sie Ihren Hund (oder Ihre Katze) auf gesunde und unterhaltsame Weise f\u00fcttern. Das Futter wird auf der Leckmatte verteilt und in den karierten L\u00f6chern verteilt, sodass der Hund wirklich seine Zunge benutzen muss, wodurch die Fresszeit verl\u00e4ngert wird. LeckiMats eignen sich daher besonders gut f\u00fcr Hunde, die zu schnell fressen. Gleichzeitig st\u00e4rkt das Lecken den Geschmackssinn des Hundes, sodass das Futter noch besser schmeckt.<\/p>\n<p>M\u00c6T Frisches Hundefutter auf der Leckmatte einfetten und servieren. Ihr Hund wird es lieben. Sie k\u00f6nnen das Essen auch auf der Matte verteilen, f\u00fcr 15-20 Minuten ins Gefrierfach stellen und als kalte Erfrischung servieren &#8211; z.B. an einem hei\u00dfen Sommertag.[\/vc_column_text][\/vc_column][\/vc_row][vc_row full_width=&#8221;stretch_row&#8221; css=&#8221;.vc_custom_1681469836061{padding-top: 40px !important;padding-bottom: 30px !important;background-color: #f9f2ef !important;}&#8221;][vc_column][vc_column_text]<\/p>\n<p style=\"text-align: center;\"><strong>F\u00fcge deiner Bestellung ein M\u00c6T hinzu, damit du LickiMat zusammen mit M\u00c6T Fresh Hundefutter ausprobieren kannst.<\/strong><\/p>\n<p>[\/vc_column_text]<p class=\"konte-button-wrapper text-center\"><a href=\"https:\/\/maetpets.com\/en\/produkt\/starter-pack-dog-food-online\/\" class=\"konte-button button-normal text-default align-center large   button square\">Musterpaket bestellen<\/a><\/p>[\/vc_column][\/vc_row][vc_row full_width=&#8221;stretch_row&#8221; css=&#8221;.vc_custom_1681469865512{padding-top: 40px !important;padding-bottom: 30px !important;background-color: #fff9f7 !important;}&#8221;][vc_column width=&#8221;6\/12&#8243;][vc_single_image image=&#8221;237618&#8243; img_size=&#8221;full&#8221;][\/vc_column][vc_column width=&#8221;6\/12&#8243;][vc_column_text]<\/p>\n<h2>Die Lollipop-Matte, die Langeweile, Unruhe und Angst reduziert<\/h2>\n<p>LickiMat wurde entwickelt, um Langeweile, Angst und Unruhe bei Hunden zu reduzieren. Das Lecken wirkt beruhigend auf den Hund, da die Zunge stimuliert wird, wodurch beruhigende Hormone (Endorphine) im K\u00f6rper ausgesch\u00fcttet werden. Es ist daher ein wirksames Mittel, um ruhiges Verhalten zu f\u00f6rdern, wenn Ihr Hund alleine zu Hause sein muss oder in Stresssituationen wie Gewitter, Feuerwerk, Krallenschneiden oder Tierarztbesuchen.<\/p>\n<p>Wenn Sie LickiMat zum ersten Mal ausprobieren, ist es eine gute Idee, Ihren Hund im Auge zu behalten, damit Sie sicher sein k\u00f6nnen, dass er die Matte nicht in St\u00fccke bei\u00dft.[\/vc_column_text][\/vc_column][\/vc_row][vc_row full_width=&#8221;stretch_row&#8221; css=&#8221;.vc_custom_1648046352800{padding-top: 0px !important;padding-bottom: 30px !important;background-color: #fff9f7 !important;}&#8221;][vc_column width=&#8221;6\/12&#8243;][vc_single_image image=&#8221;237622&#8243; img_size=&#8221;full&#8221;][\/vc_column][vc_column width=&#8221;6\/12&#8243;][vc_column_text]<\/p>\n<h2>Leckimatten sind gut f\u00fcr die Verdauung und Mundhygiene<\/h2>\n<p>Wenn der Hund auf der Leckmatte leckt, wird die Speichelproduktion erh\u00f6ht, was hilft, Zunge, Z\u00e4hne und Zahnfleisch des Hundes zu reinigen. Die erh\u00f6hte Speichelproduktion sorgt auch f\u00fcr eine bessere Verdauung, da Speichel Enzyme wie Amylase enth\u00e4lt. Gleichzeitig hilft das Lecken, Bakterien und Futter von der Zunge zu kratzen, wodurch der Hund besser atmen kann.[\/vc_column_text][\/vc_column][\/vc_row][vc_row css=&#8221;.vc_custom_1648053680298{padding-bottom: 30px !important;}&#8221;][vc_column][vc_column_text]<\/p>\n<h2>Eine von Tier\u00e4rzten entwickelte Aktivit\u00e4tsmatte<\/h2>\n<p><a href=\"https:\/\/lickimat.com\/\" target=\"_blank\" rel=\"noopener\">LickiMat<\/a> ist ein australisches Produkt, das von Tier\u00e4rzten entwickelt wurde. Das Produkt ist f\u00fcr Hunde und Katzen bestimmt und soll die geistige Gesundheit, die Verdauung und die Mundgesundheit der Tiere verbessern. \u00dcber 8 Millionen LickiMats wurden weltweit verkauft, und die beliebte Aktivit\u00e4tsmatte wird von Hundebesitzern, Hundetrainern, Hundefriseuren und Tier\u00e4rzten verwendet. Leckimatten sind in einer Vielzahl von Gr\u00f6\u00dfen, Formen und Farben erh\u00e4ltlich. Die Matte ist strapazierf\u00e4hig und strapazierf\u00e4hig, sodass Ihr Hund viele Jahre Freude daran haben wird.[\/vc_column_text][\/vc_column][\/vc_row][vc_row full_width=&#8221;stretch_row&#8221; css=&#8221;.vc_custom_1648046352800{padding-top: 0px !important;padding-bottom: 30px !important;background-color: #fff9f7 !important;}&#8221;][vc_column width=&#8221;6\/12&#8243;][vc_single_image image=&#8221;237647&#8243; img_size=&#8221;full&#8221;][\/vc_column][vc_column width=&#8221;6\/12&#8243;][vc_column_text]<\/p>\n<h2>Probieren Sie LickiMat und frisches Hundefutter<\/h2>\n<p>M\u00c6T Frisches Hundefutter hat eine k\u00f6stliche, weiche Textur, die sich perfekt zum Verteilen auf einer Lutschermatte eignet. Besonders unsere Deli-Varianten (<span style=\"text-decoration: underline;\"><br \/>\n  <a href=\"https:\/\/maetpets.com\/de\/produkt\/huehnchen-deli-getreidefreies-hundefutter-mit-huhn\/\">Chicken Deli<\/a><br \/>\n<\/span>, <a href=\"https:\/\/maetpets.com\/de\/produkt\/schweinefleisch-feinkost-hundefutter-ohne-getreide\/\"><br \/>\n  <span style=\"text-decoration: underline;\">Schweinefleisch Deli<\/span><br \/>\n<\/a> und <span style=\"text-decoration: underline;\"><br \/>\n  <a href=\"https:\/\/maetpets.com\/produkt\/beef-deli\/\">Rindfleisch Deli<\/a><br \/>\n<\/span>) sind f\u00fcr diesen Zweck hervorragend geeignet.<\/p>\n<p>Wenn du sowohl eine LickiMat als auch eine Probepackung frisches Hundefutter bestellst, kann dein Hund beides probieren.[\/vc_column_text]<p class=\"konte-button-wrapper text-center\"><a href=\"https:\/\/maetpets.com\/en\/produkt\/starter-pack-dog-food-online\/\" class=\"konte-button button-normal text-default align-center large   button square\">Musterpaket bestellen<\/a><\/p>[\/vc_column][\/vc_row]<\/p>\n<\/div>","protected":false},"excerpt":{"rendered":"<p>LickiMat Tuff Buddy ist eine intelligente Lutschermatte aus Silikon, mit der Sie Ihren Hund mit M\u00c6T Fresh Hundefutter f\u00fcttern k\u00f6nnen. Das Essen auf der Matte verteilen und sofort servieren &#8211; oder ins Gefrierfach stellen und als kalte Erfrischung servieren, wo das Essen extra fest sitzt.<\/p>\n<p>Anstatt die Mahlzeit in einem Bissen zu schlucken, kann Ihr Hund sein frisches Hundefutter jetzt l\u00e4nger genie\u00dfen. Das Lecken sorgt f\u00fcr ein besseres Geschmackserlebnis und hilft gleichzeitig, Langeweile, Unruhe und Angst zu reduzieren.<\/p>\n<p>LickiMat hilft bei der Reinigung von Z\u00e4hnen, Zahnfleisch und Zunge, da die Speichelproduktion erh\u00f6ht wird, wenn der Hund an der Matte leckt. Auch das tr\u00e4gt zu einer guten Verdauung bei.<\/p>\n<p>Der Lutscher kann in der Sp\u00fclmaschine oder von Hand gewaschen werden. Es kann sowohl Gefrierschrank als auch K\u00fchlschrank standhalten.<\/p>\n<p>ABMESSUNGEN <strong>:<\/strong> 20 x 20 cm<br \/>\n<strong>FARBE:<\/strong> Grau und Gr\u00fcn<\/p>\n","protected":false},"featured_media":236376,"comment_status":"open","ping_status":"closed","template":"","meta":{"inline_featured_image":false},"product_brand":[],"product_cat":[1067,863,683,623,681],"product_tag":[1114,684],"class_list":{"0":"post-241841","1":"product","2":"type-product","3":"status-publish","4":"has-post-thumbnail","6":"product_cat-aktive-fuetterung","7":"product_cat-hundenapfe","8":"product_cat-katzenspielzeug","9":"product_cat-hundespielzeug","10":"product_cat-matte-lecken","11":"product_tag-hervorgehoben","12":"product_tag-leckimat","13":"product_shipping_class-post","15":"first","16":"instock","17":"sale","18":"taxable","19":"shipping-taxable","20":"purchasable","21":"product-type-simple"},"composite_virtual":false,"composite_layout":"","composite_add_to_cart_form_location":"","composite_editable_in_cart":false,"composite_sold_individually_context":"","composite_shop_price_calc":"","composite_components":[],"composite_scenarios":[],"bundled_by":["254857","263695"],"bundle_stock_status":"instock","bundle_stock_quantity":32,"bundle_virtual":false,"bundle_layout":"","bundle_add_to_cart_form_location":"","bundle_editable_in_cart":false,"bundle_sold_individually_context":"","bundle_item_grouping":"","bundle_min_size":"","bundle_max_size":"","bundle_price":[],"bundled_items":[],"bundle_sell_ids":[],"_links":{"self":[{"href":"https:\/\/maetpets.com\/de\/wp-json\/wp\/v2\/product\/241841","targetHints":{"allow":["GET"]}}],"collection":[{"href":"https:\/\/maetpets.com\/de\/wp-json\/wp\/v2\/product"}],"about":[{"href":"https:\/\/maetpets.com\/de\/wp-json\/wp\/v2\/types\/product"}],"replies":[{"embeddable":true,"href":"https:\/\/maetpets.com\/de\/wp-json\/wp\/v2\/comments?post=241841"}],"wp:featuredmedia":[{"embeddable":true,"href":"https:\/\/maetpets.com\/de\/wp-json\/wp\/v2\/media\/236376"}],"wp:attachment":[{"href":"https:\/\/maetpets.com\/de\/wp-json\/wp\/v2\/media?parent=241841"}],"wp:term":[{"taxonomy":"product_brand","embeddable":true,"href":"https:\/\/maetpets.com\/de\/wp-json\/wp\/v2\/product_brand?post=241841"},{"taxonomy":"product_cat","embeddable":true,"href":"https:\/\/maetpets.com\/de\/wp-json\/wp\/v2\/product_cat?post=241841"},{"taxonomy":"product_tag","embeddable":true,"href":"https:\/\/maetpets.com\/de\/wp-json\/wp\/v2\/product_tag?post=241841"}],"curies":[{"name":"wp","href":"https:\/\/api.w.org\/{rel}","templated":true}]}}