{"id":241839,"date":"2021-11-29T17:12:18","date_gmt":"2022-05-20T18:41:48","guid":{"rendered":"https:\/\/maetpets.com\/product\/maet-geschenkgutscheine\/"},"modified":"2022-05-20T20:42:43","modified_gmt":"2022-05-20T18:42:43","slug":"maet-geschenkgutscheine","status":"publish","type":"product","link":"https:\/\/maetpets.com\/de\/produkt\/maet-geschenkgutscheine\/","title":{"rendered":"M\u00c6T Geschenkgutscheine"},"content":{"rendered":"<div class=\"wpb-content-wrapper\"><p>[vc_row][vc_column][vc_column_text]<\/p>\n<h2><span style=\"font-weight: 400;\">So funktioniert unser Hundegeschenk <\/span><\/h2>\n<p><span style=\"font-weight: 400;\">Mit einer M\u00c6T -Geschenkkarte k\u00f6nnte es nicht einfacher sein. Sie w\u00e4hlen den Betrag und wir senden die Geschenkkarte sofort an die E-Mail-Adresse des Empf\u00e4ngers. Sie k\u00f6nnen statt der des Empf\u00e4ngers auch Ihre eigene E-Mail-Adresse eingeben, sodass die E-Mail mit dem Geschenkgutschein an Sie statt an den Empf\u00e4nger gesendet wird. So k\u00f6nnen Sie z.B. Drucken Sie die E-Mail aus und verschenken Sie sie als physisches Geschenk.<\/span><\/p>\n<p><span style=\"font-weight: 400;\">Der gl\u00fcckliche Empf\u00e4nger der Geschenkkarte muss einfach bei maetpets.com bestellen und den Code der Geschenkkarte eingeben, und er bekommt sein k\u00f6stliches Hundegeschenk direkt zu Ihnen nach Hause geliefert. <\/span><\/p>\n<p><span style=\"font-weight: 400;\">Schenken Sie einem s\u00fc\u00dfen Hund vor allem das: Ein gesundes und gl\u00fcckliches Hundeleben. <\/span>[\/vc_column_text][\/vc_column][\/vc_row]<\/p>\n<\/div>","protected":false},"excerpt":{"rendered":"<p><span style=\"font-weight: 400;\">Vermissen Sie ein Hundegeschenk? Schenken Sie einem vierbeinigen (oder zweibeinigen) Freund eine M\u00c6T -Geschenkkarte, damit er das gesunde Hundeleben ausprobieren kann. <\/span><span style=\"font-weight: 400;\">Denn das beste Geschenk, das wir unseren Hunden machen k\u00f6nnen, ist ein gesundes und gl\u00fcckliches Leben. Und hier bedeutet das Essen viel. <\/span><span style=\"font-weight: 400;\"><br \/>\n<\/span><span style=\"font-weight: 400;\"><br \/>\n<\/span><span style=\"font-weight: 400;\">Eine digitale M\u00c6T -Geschenkkarte passt perfekt zu einem gl\u00fccklichen Weihnachtshund an Heiligabend. Mit unserem frischen Hundefutter und nat\u00fcrlichen Snacks k\u00f6nnen Sie Ihren Lieben ein gutes, gesundes und leckeres Geschenk machen \u2764\ufe0f<\/span><\/p>\n<ul>\n<li style=\"font-weight: 400;\"><span style=\"font-weight: 400;\">Nat\u00fcrliches und getreidefreies Hundefutter aus nordischen Zutaten<\/span><\/li>\n<li style=\"font-weight: 400;\"><span style=\"font-weight: 400;\">Ein frisches und k\u00f6stliches Geschmackserlebnis <\/span><\/li>\n<li style=\"font-weight: 400;\"><span style=\"font-weight: 400;\">Holen Sie sich einen ges\u00fcnderen und gl\u00fccklicheren Hund mit besserer Verdauung<\/span><\/li>\n<\/ul>\n","protected":false},"featured_media":235680,"comment_status":"open","ping_status":"closed","template":"","meta":{"inline_featured_image":false},"product_brand":[],"product_cat":[521],"product_tag":[],"class_list":{"0":"post-241839","1":"product","2":"type-product","3":"status-publish","4":"has-post-thumbnail","6":"product_cat-futterbox-fuer-hunde","8":"first","9":"instock","10":"virtual","11":"taxable","12":"purchasable","13":"product-type-simple"},"composite_virtual":false,"composite_layout":"","composite_add_to_cart_form_location":"","composite_editable_in_cart":false,"composite_sold_individually_context":"","composite_shop_price_calc":"","composite_components":[],"composite_scenarios":[],"bundled_by":[],"bundle_stock_status":"instock","bundle_stock_quantity":null,"bundle_virtual":false,"bundle_layout":"","bundle_add_to_cart_form_location":"","bundle_editable_in_cart":false,"bundle_sold_individually_context":"","bundle_item_grouping":"","bundle_min_size":"","bundle_max_size":"","bundle_price":[],"bundled_items":[],"bundle_sell_ids":[],"_links":{"self":[{"href":"https:\/\/maetpets.com\/de\/wp-json\/wp\/v2\/product\/241839","targetHints":{"allow":["GET"]}}],"collection":[{"href":"https:\/\/maetpets.com\/de\/wp-json\/wp\/v2\/product"}],"about":[{"href":"https:\/\/maetpets.com\/de\/wp-json\/wp\/v2\/types\/product"}],"replies":[{"embeddable":true,"href":"https:\/\/maetpets.com\/de\/wp-json\/wp\/v2\/comments?post=241839"}],"wp:featuredmedia":[{"embeddable":true,"href":"https:\/\/maetpets.com\/de\/wp-json\/wp\/v2\/media\/235680"}],"wp:attachment":[{"href":"https:\/\/maetpets.com\/de\/wp-json\/wp\/v2\/media?parent=241839"}],"wp:term":[{"taxonomy":"product_brand","embeddable":true,"href":"https:\/\/maetpets.com\/de\/wp-json\/wp\/v2\/product_brand?post=241839"},{"taxonomy":"product_cat","embeddable":true,"href":"https:\/\/maetpets.com\/de\/wp-json\/wp\/v2\/product_cat?post=241839"},{"taxonomy":"product_tag","embeddable":true,"href":"https:\/\/maetpets.com\/de\/wp-json\/wp\/v2\/product_tag?post=241839"}],"curies":[{"name":"wp","href":"https:\/\/api.w.org\/{rel}","templated":true}]}}