{"id":241832,"date":"2020-11-13T15:05:17","date_gmt":"2020-11-13T14:05:17","guid":{"rendered":"https:\/\/maetpets.com\/product\/haehnchenfest-risotto\/"},"modified":"2023-11-09T12:50:15","modified_gmt":"2023-11-09T11:50:15","slug":"haehnchenschmaus-risotto-frisches-hundefutter","status":"publish","type":"product","link":"https:\/\/maetpets.com\/de\/produkt\/haehnchenschmaus-risotto-frisches-hundefutter\/","title":{"rendered":"H\u00fchnerrisotto"},"content":{"rendered":"<div class=\"wpb-content-wrapper\"><p>[vc_row full_width=&#8221;stretch_row&#8221; equal_height=&#8221;yes&#8221; content_placement=&#8221;middle&#8221; css=&#8221;.vc_custom_1658507998377{padding-top: 60px !important;padding-bottom: 60px !important;background-color: #2a2412 !important;background-position: center !important;background-repeat: no-repeat !important;background-size: cover !important;}&#8221;][vc_column][vc_custom_heading text=&#8221;FRISCHE NORDISCHE ZUTATEN&#8221; font_container=&#8221;tag:h3|text_align:center|color:%23fff9f7&#8243; use_theme_fonts=&#8221;yes&#8221; css=&#8221;.vc_custom_1606317911272{padding-top: 50px !important;}&#8221;][vc_custom_heading text=&#8221;HUHN, ORGANE, EIER, ERBSEN, KAROTTEN, REIS&#8221; font_container=&#8221;tag:h3|font_size:56|text_align:center|color:%2342a98a&#8221; use_theme_fonts=&#8221;yes&#8221;][vc_single_image image=&#8221;230729&#8243; img_size=&#8221;full&#8221;][\/vc_column][\/vc_row][vc_row full_width=&#8221;stretch_row&#8221; css=&#8221;.vc_custom_1658508007583{padding-top: 60px !important;padding-bottom: 60px !important;background-color: #fff9f7 !important;}&#8221;][vc_column width=&#8221;5\/12&#8243;][vc_single_image image=&#8221;243071&#8243; img_size=&#8221;360&#215;360&#8243; alignment=&#8221;center&#8221;][\/vc_column][vc_column width=&#8221;7\/12&#8243;][vc_custom_heading text=&#8221;T\u00e4gliche Dosierung&#8221; use_theme_fonts=&#8221;yes&#8221; css=&#8221;.vc_custom_1605879989446{padding-bottom: 30px !important;}&#8221;][vc_column_text]Ber\u00fccksichtigen Sie bei der Dosierung die Aktivit\u00e4t, Bewegung, andere Ern\u00e4hrung und Snacks des Hundes.<\/p>\n<p><b>Empfohlene Tagesdosis:<\/b> 2,5% des K\u00f6rpergewichts des Hundes.<\/p>\n<p><b>Gewicht \/ Empfohlene Tagesration (ca.)<\/b><br \/>\n5kg: 125-150g<br \/>\n10kg: 250-300g<br \/>\n20 kg: 500 (entspricht ca. 1 Wurst)<br \/>\n30 kg: 750 g<br \/>\n35 kg: 875 g<br \/>\n40 kg: 1.000 g (entspricht ca. 2 W\u00fcrstchen)[\/vc_column_text][\/vc_column][\/vc_row][vc_row full_width=&#8221;stretch_row_content_no_spaces&#8221; css=&#8221;.vc_custom_1658508014362{padding-top: 100px !important;padding-right: 20px !important;padding-bottom: 100px !important;padding-left: 20px !important;background-color: #2a2412 !important;background-position: center !important;background-repeat: no-repeat !important;background-size: cover !important;}&#8221;][vc_column width=&#8221;1\/3&#8243; css=&#8221;.vc_custom_1605610677798{padding-right: 30px !important;padding-left: 30px !important;}&#8221;][\/vc_column][vc_column width=&#8221;1\/3&#8243;][vc_custom_heading text=&#8221;\u201eMein kleiner Shih Tzu hat einen ziemlich empfindlichen Magen und vertr\u00e4gt nicht jedes Hundefutter. Aber mit dem Hundefutter von M\u00c6T Pets ist der Magen meines Hundes wirklich in Ordnung.&#8221; font_container=&#8221;tag:p|font_size:30|text_align:center|color:%23fff9f7&#8243; use_theme_fonts=&#8221;yes&#8221; css=&#8221;.vc_custom_1607504642445{padding-bottom: 20px !important;}&#8221;][vc_custom_heading text=&#8221;Das ist das Highlight des Tages f\u00fcr Kenzo, wenn wir M\u00c6T &apos;s frisches Hundefutter mit Chicken Deli finden. \u201d&#8221; font_container=&#8221;tag:p|font_size:30|text_align:center|color:%23fff9f7&#8243; use_theme_fonts=&#8221;yes&#8221; css=&#8221;.vc_custom_1684529099019{padding-bottom: 20px !important;}&#8221;][vc_single_image image=&#8221;230910&#8243; alignment=&#8221;center&#8221;][vc_custom_heading text=&#8221;Heidi und ihr 3-j\u00e4hriger Shih Tzu Kenzo&#8221; font_container=&#8221;tag:h4|text_align:center|color:%23fdda39&#8243; use_theme_fonts=&#8221;yes&#8221; css=&#8221;.vc_custom_1607534625912{padding-bottom: 50px !important;}&#8221; link=&#8221;url:https%3A%2F%2Fwww.instagram.com%2Fkenzo_shih_tzu%2F|target:_blank|&#8221;][\/vc_column][vc_column width=&#8221;1\/3&#8243;][\/vc_column][\/vc_row][vc_row full_width=&#8221;stretch_row&#8221; css=&#8221;.vc_custom_1640684961874{padding-top: 60px !important;padding-bottom: 30px !important;background-color: #fff9f7 !important;}&#8221;][vc_column width=&#8221;6\/12&#8243;][vc_single_image image=&#8221;236679&#8243; img_size=&#8221;full&#8221;][\/vc_column][vc_column width=&#8221;6\/12&#8243;][vc_column_text]<\/p>\n<h2>Hundefutter mit Huhn und Reis &#8211; Ein kalorienarmer Klassiker f\u00fcr alle Hunde<\/h2>\n<p><span style=\"font-weight: 400;\">Frisches Hundefutter mit Huhn, Reis, Karotten, Erbsen und Eiern.  <\/span><\/p>\n<p><span style=\"font-weight: 400;\">Chicken Risotto ist eine komplette, ausgewogene und glutenfreie Hundemahlzeit, die dein Hund lieben wird. Risotto ist besonders gut f\u00fcr Hunde mit einem empfindlichen Magen und\/oder Allergien geeignet, denn Hundefutter mit Huhn und Reis schafft ein nat\u00fcrliches Gleichgewicht im Magen deines Hundes.<\/span><\/p>\n<p><span style=\"font-weight: 400;\">H\u00e4hnchen ist eine magere Quelle f\u00fcr gesundes Eiwei\u00df, Karotten und enth\u00e4lt Vitamin A und Ballaststoffe, die zur Senkung des Cholesterinspiegels beitragen k\u00f6nnen. Erbsen sind eine ausgezeichnete Protein- und Ballaststoffquelle, enthalten die Vitamine A, B, C und K und sind reich an N\u00e4hrstoffen.<\/span>[\/vc_column_text][\/vc_column][\/vc_row][vc_row full_width=&#8221;stretch_row&#8221; css=&#8221;.vc_custom_1658508024740{padding-top: 60px !important;padding-bottom: 60px !important;background-position: center !important;background-repeat: no-repeat !important;background-size: contain !important;}&#8221; el_id=&#8221;Ern\u00e4hrung&#8221;][vc_column][vc_custom_heading text=&#8221;Ern\u00e4hrungsinformation&#8221; use_theme_fonts=&#8221;yes&#8221; css=&#8221;.vc_custom_1663860011762{padding-bottom: 15px !important;}&#8221;][\/vc_column][vc_column width=&#8221;1\/2&#8243;][vc_column_text]<\/p>\n<p class=\"p2\"><strong>N\u00c4HRSTOFFGEHALT <\/strong><\/p>\n<p class=\"p2\">Energie\/Energie 6,4 MJ\/kg 1528 kcal\/kg<br \/>\nEiwei\u00df &#8230;&#8230;&#8230;&#8230;&#8230;&#8230;&#8230;&#8230;. 10,2 %<br \/>\nFett\/Fett 007,7% Fett\/Fett<br \/>\nFaser &#8230;&#8230;&#8230;&#8230;&#8230;&#8230;&#8230;&#8230;&#8230;&#8230;.. 0,3 %<br \/>\nAsche \/ Asche &#8230;&#8230;&#8230;&#8230;&#8230;&#8230;&#8230;&#8230;.. 0,9 %<br \/>\nKalzium &#8230;&#8230;&#8230;&#8230;&#8230;&#8230;&#8230;&#8230;. 0,25 %<br \/>\nPhosphor &#8230;&#8230;&#8230;. 0,17 %<\/p>\n<p class=\"p2\">Fl\u00fcssigkeitsgehalt: 68,5 Prozent<br \/>\nFleischanteil: 59%.<\/p>\n<p>[\/vc_column_text][\/vc_column][vc_column width=&#8221;1\/2&#8243;][vc_column_text]<b>Nat\u00fcrlich enthaltene N\u00e4hrstoffe:<\/b><\/p>\n<p>Vitamin A 3360 IE\/kg, Vitamin D 605 IE\/kg, Vitamin E 45 IE\/kg, Vitamin C 3,4 mg\/kg, Vitamin B1 0,5 mg\/kg, Vitamin B2 1 mg\/kg, Vitamin B6 2,8 mg\/kg, Vitamin B12 0,9 \u03bcg\/kg, Biotin 8,7 \u03bcg\/kg, Niacin 39 mg\/kg, Pantothens\u00e4ure 2,3 mg\/kg, Fols\u00e4ure 0,081 mg\/kg, Zink 70 mg\/kg, Magnesium 520 mg\/kg, Natrium 1200 mg\/kg, Eisen 12 mg\/kg, Kupfer 5 mg\/kg, Mangan 4 mg\/kg, Kalium 1,6 g\/kg, Jod 430 \u03bcg\/kg, Jod 430 \u03bcg\/kg.[\/vc_column_text][vc_column_text]<b>Davon zugesetzte ern\u00e4hrungsphysiologische Zusatzstoffe:<\/b><\/p>\n<p>Vitamin D 450 IE\/kg, Vitamin E 40 IE\/kg, Zink 60 mg\/kg, Magnesium 320 mg\/kg, Kupfer 5 mg\/kg, Mangan 1,8 mg\/kg, Jod 430 \u03bcg\/kg.[\/vc_column_text][\/vc_column][\/vc_row][vc_row full_width=&#8221;stretch_row&#8221; equal_height=&#8221;yes&#8221; content_placement=&#8221;middle&#8221; css=&#8221;.vc_custom_1658508035016{padding-top: 60px !important;padding-bottom: 30px !important;background: #173b30 url(https:\/\/shop.maetpets.com\/wp-content\/uploads\/test-3-scaled.jpg?id=230640) !important;background-position: center !important;background-repeat: no-repeat !important;background-size: cover !important;}&#8221;][vc_column][vc_custom_heading text=&#8221;FRISCH IST AM BESTEN&#8221; font_container=&#8221;tag:h2|font_size:70|text_align:center|color:%23fdda39&#8243; use_theme_fonts=&#8221;yes&#8221; css=&#8221;.vc_custom_1608807627321{padding-bottom: 80px !important;}&#8221;][\/vc_column][vc_column width=&#8221;1\/4&#8243;][vc_custom_heading text=&#8221;Nordische Rohstoffe&#8221; font_container=&#8221;tag:h3|text_align:center|color:%23fff9f7&#8243; use_theme_fonts=&#8221;yes&#8221; css=&#8221;.vc_custom_1606317789090{padding-bottom: 15px !important;}&#8221;][vc_custom_heading text=&#8221;Frisches Fleisch und Gem\u00fcse&#8221; font_container=&#8221;tag:h3|text_align:center|color:%23fff9f7&#8243; use_theme_fonts=&#8221;yes&#8221; css=&#8221;.vc_custom_1615975309524{padding-bottom: 15px !important;}&#8221;][vc_custom_heading text=&#8221;Gef\u00fcllt mit Vitaminen&#8221; font_container=&#8221;tag:h3|text_align:center|color:%23fff9f7&#8243; use_theme_fonts=&#8221;yes&#8221; css=&#8221;.vc_custom_1606317813265{padding-bottom: 15px !important;}&#8221;][\/vc_column][vc_column width=&#8221;2\/4&#8243;][vc_single_image image=&#8221;230686&#8243; img_size=&#8221;full&#8221; alignment=&#8221;center&#8221;][\/vc_column][vc_column width=&#8221;1\/4&#8243;][vc_custom_heading text=&#8221;Einzelnes Protein&#8221; font_container=&#8221;tag:h3|text_align:center|color:%23fff9f7&#8243; use_theme_fonts=&#8221;yes&#8221; css=&#8221;.vc_custom_1606317825946{padding-bottom: 15px !important;}&#8221;][vc_custom_heading text=&#8221;Hohe Verdaulichkeit&#8221; font_container=&#8221;tag:h3|text_align:center|color:%23fff9f7&#8243; use_theme_fonts=&#8221;yes&#8221; css=&#8221;.vc_custom_1606317833751{padding-bottom: 15px !important;}&#8221;][vc_custom_heading text=&#8221;Keine Konservierungsstoffe&#8221; font_container=&#8221;tag:h3|text_align:center|color:%23fff9f7&#8243; use_theme_fonts=&#8221;yes&#8221; css=&#8221;.vc_custom_1614337846851{padding-bottom: 15px !important;}&#8221;][\/vc_column][\/vc_row][vc_row full_width=&#8221;stretch_row&#8221; css=&#8221;.vc_custom_1658508042015{padding-top: 30px !important;background-color: #fff9f7 !important;}&#8221;][vc_column width=&#8221;1\/12&#8243; css=&#8221;.vc_custom_1605784949857{background-color: #fff9f7 !important;}&#8221;][\/vc_column][vc_column width=&#8221;10\/12&#8243;][vc_custom_heading text=&#8221;Fragen und Antworten&#8221; font_container=&#8221;tag:h2|text_align:center&#8221; use_theme_fonts=&#8221;yes&#8221;][vc_toggle title=&#8221;Woraus besteht Chicken Feast Risotto von M\u00c6T ?&#8221;]<span style=\"font-weight: 400;\">M\u00c6T Chicken Risotto ist ein Hundefutter mit Huhn (59%), Reis, Eiern und Gem\u00fcse. Dar\u00fcber hinaus ist es mit zus\u00e4tzlichen Vitaminen und Mineralstoffen angereichert. Es sind keine zugesetzten Konservierungs-, Farb- oder Geschmacksstoffe enthalten. <\/span>[\/vc_toggle][vc_toggle title=&#8221;Warum sollte ich mich f\u00fcr frisches Hundefutter entscheiden?&#8221;]<span style=\"font-weight: 400;\">Das frische Hundefutter von M\u00c6T wird aus den besten nordischen Zutaten hergestellt. Es gibt keine Konservierungsstoffe oder zugesetzte Farb- und Geschmacksstoffe. Frisches Hundefutter l\u00e4sst sich leicht mit Sous-Vide zubereiten, wodurch dein Hund die N\u00e4hrstoffe des Futters besser aufnehmen kann.  <\/span><\/p>\n<p><span style=\"font-weight: 400;\">Frisches Hundefutter hat eine viel h\u00f6here Aufnahme als andere Arten von Hundefutter. Wenn du der Meinung bist, dass dein Hund frisches, gesundes und schmackhaftes Futter verdient, solltest du frisches Hundefutter ausprobieren.<\/span>[\/vc_toggle][vc_toggle title=&#8221;Was ist der Unterschied zwischen Deli- und Risotto-Hundefutter?&#8221;]<span style=\"font-weight: 400;\">In den Rezepten von M\u00c6T s Deli ist kein Getreide oder Gluten enthalten. Sie haben einen geringen Fettanteil und sind besonders f\u00fcr Hunde geeignet, die auf ihr Gewicht achten m\u00fcssen. <\/span><\/p>\n<p><span style=\"font-weight: 400;\">In den Risotto-Rezepten von M\u00c6T ist Reis drin, aber sie sind trotzdem glutenfrei. Reis ist gut, um ein gutes und gesundes Gleichgewicht im Magen-Darm-System von Hunden zu schaffen. <\/span><\/p>\n<p><span style=\"font-weight: 400;\">Sowohl Deli als auch Risotto werden aus frischen nordischen Zutaten hergestellt. Sie sind frei von Konservierungs-, Farb- und Aromastoffen. Es wurden nur zus\u00e4tzliche Vitamine und Mineralstoffe hinzugef\u00fcgt.<\/span>[\/vc_toggle][\/vc_column][vc_column width=&#8221;1\/12&#8243;][\/vc_column][\/vc_row]<\/p>\n<\/div>","protected":false},"excerpt":{"rendered":"<p><span style=\"font-weight: 400;\">Chicken Risotto ist ein leckeres frisches Hundefutter mit Huhn, knackigen Karotten, s\u00fc\u00dfen Erbsen, Eiern und Reis. Reis und Huhn ist ein klassisches Rezept und eignet sich besonders gut f\u00fcr Hunde, die zu empfindlichen M\u00e4gen und\/oder Allergien neigen, da es ein nat\u00fcrliches Gleichgewicht im Magen deines Hundes schafft.<\/span><\/p>\n<p><span style=\"font-weight: 400;\">Das Essen ist glutenfrei.  <\/span><\/p>\n<p><strong>NETTOGEWICHT: 500 g<\/strong><\/p>\n<p><strong>INHALT<\/strong>: Huhn (59%) (Fleisch, Haut, Organe), Reis, Wasser, Karotten, Ei, Erbsen, Vitamine und Mineralstoffe.<\/p>\n<p><strong><span style=\"text-decoration: underline;\"><a href=\"#nutrition\">Siehe N\u00e4hrwert<\/a><\/span><\/strong><\/p>\n","protected":false},"featured_media":234702,"comment_status":"open","ping_status":"closed","template":"","meta":{"inline_featured_image":false},"product_brand":[],"product_cat":[633],"product_tag":[675,678,636],"class_list":{"0":"post-241832","1":"product","2":"type-product","3":"status-publish","4":"has-post-thumbnail","6":"product_cat-hundefutter","7":"product_tag-ei","8":"product_tag-hundefutter-mit-huhn","9":"product_tag-risotto-de","10":"product_shipping_class-frisches-essen","12":"first","13":"outofstock","14":"taxable","15":"shipping-taxable","16":"purchasable","17":"product-type-simple"},"composite_virtual":false,"composite_layout":"","composite_add_to_cart_form_location":"","composite_editable_in_cart":false,"composite_sold_individually_context":"","composite_shop_price_calc":"","composite_components":[],"composite_scenarios":[],"bundled_by":["254841","263695"],"bundle_stock_status":"outofstock","bundle_stock_quantity":null,"bundle_virtual":false,"bundle_layout":"","bundle_add_to_cart_form_location":"","bundle_editable_in_cart":false,"bundle_sold_individually_context":"","bundle_item_grouping":"","bundle_min_size":"","bundle_max_size":"","bundle_price":[],"bundled_items":[],"bundle_sell_ids":[],"_links":{"self":[{"href":"https:\/\/maetpets.com\/de\/wp-json\/wp\/v2\/product\/241832","targetHints":{"allow":["GET"]}}],"collection":[{"href":"https:\/\/maetpets.com\/de\/wp-json\/wp\/v2\/product"}],"about":[{"href":"https:\/\/maetpets.com\/de\/wp-json\/wp\/v2\/types\/product"}],"replies":[{"embeddable":true,"href":"https:\/\/maetpets.com\/de\/wp-json\/wp\/v2\/comments?post=241832"}],"wp:featuredmedia":[{"embeddable":true,"href":"https:\/\/maetpets.com\/de\/wp-json\/wp\/v2\/media\/234702"}],"wp:attachment":[{"href":"https:\/\/maetpets.com\/de\/wp-json\/wp\/v2\/media?parent=241832"}],"wp:term":[{"taxonomy":"product_brand","embeddable":true,"href":"https:\/\/maetpets.com\/de\/wp-json\/wp\/v2\/product_brand?post=241832"},{"taxonomy":"product_cat","embeddable":true,"href":"https:\/\/maetpets.com\/de\/wp-json\/wp\/v2\/product_cat?post=241832"},{"taxonomy":"product_tag","embeddable":true,"href":"https:\/\/maetpets.com\/de\/wp-json\/wp\/v2\/product_tag?post=241832"}],"curies":[{"name":"wp","href":"https:\/\/api.w.org\/{rel}","templated":true}]}}